{"id":9480,"date":"2024-08-28T15:01:20","date_gmt":"2024-08-28T08:01:20","guid":{"rendered":"https:\/\/pcecatlam.vn\/?post_type=product&#038;p=9480"},"modified":"2024-08-28T15:07:18","modified_gmt":"2024-08-28T08:07:18","slug":"bot-tret","status":"publish","type":"product","link":"https:\/\/pcecatlam.vn\/km\/product\/bot-tret\/","title":{"rendered":"B\u1ed8T TR\u00c9T"},"content":{"rendered":"<h2><span style=\"color: #000000;\">GI\u1edaI THI\u1ec6U:<\/span><\/h2>\n<p><span style=\"color: #000000;\">B\u1ed9t tr\u00e9t t\u01b0\u1eddng l\u00e0 m\u1ed9t lo\u1ea1i v\u1eadt li\u1ec7u x\u00e2y d\u1ef1ng c\u00f3 m\u00e0u tr\u1eafng, d\u1ea1ng b\u1ed9t ho\u1eb7c s\u1ec7t \u0111\u01b0\u1ee3c s\u1eed d\u1ee5ng trong qu\u00e1 tr\u00ecnh thi c\u00f4ng s\u01a1n cho b\u1ec1 m\u1eb7t t\u01b0\u1eddng nh\u1eb5n m\u1ecbn, t\u0103ng t\u00ednh th\u1ea9m m\u1ef9 khi ho\u00e0n thi\u1ec7n.<\/span><\/p>\n<p><span style=\"color: #000000;\"><strong>C\u00e1c d\u00f2ng s\u1ea3n ph\u1ea9m c\u00f3 th\u1ec3 k\u1ec3 \u0111\u1ebfn nh\u01b0<\/strong>: b\u1ed9t tr\u00e9t n\u1ed9i th\u1ea5t, b\u1ed9t tr\u00e9t ngo\u1ea1i th\u1ea5t, b\u1ed9t tr\u00e9t ngo\u1ea1i th\u1ea5t x\u00e1m<\/span><\/p>\n<h2><span style=\"color: #000000;\">\u0110\u1eb6C T\u00cdNH:<\/span><\/h2>\n<p><span style=\"color: #000000;\">&#8211; Che ph\u1ee7 khe n\u1ee9t nh\u1ecf.<\/span><\/p>\n<p><span style=\"color: #000000;\">&#8211; T\u1ea1o b\u1ec1 m\u1eb7t nh\u1eb5n m\u1ecbn.<\/span><\/p>\n<p><span style=\"color: #000000;\">&#8211; \u0110\u1ed9 b\u00e1m d\u00ednh cao.<\/span><\/p>\n<p><span style=\"color: #000000;\">&#8211; \u0110\u1ed9 b\u1ec1n cao.<\/span><\/p>\n<p><span style=\"color: #000000;\">&#8211; D\u1ec5 thi c\u00f4ng.<\/span><\/p>\n<h2><span style=\"color: #000000;\">C\u00d4NG D\u1ee4NG:<\/span><\/h2>\n<p><span style=\"color: #000000;\">&#8211; Ng\u0103n ng\u1ee9a \u0111\u01b0\u1ee3c s\u1ef1 t\u00e1c \u0111\u1ed9ng c\u1ee7a tia c\u1ef1c t\u00edm.<\/span><\/p>\n<p><span style=\"color: #000000;\">&#8211; T\u0103ng t\u00ednh th\u1ea9m m\u1ef9<\/span><\/p>\n<p><span style=\"color: #000000;\">&#8211; T\u0103ng \u0111\u1ed9 b\u00e1m d\u00ednh k\u1ebft c\u1ea5u.<\/span><\/p>\n<p><span style=\"color: #000000;\">&#8211; T\u0103ng t\u00ednh b\u1ec1n m\u00e0u c\u1ee7a m\u00e0ng s\u01a1n sau khi ho\u00e0n thi\u1ec7n.<\/span><\/p>\n<p><span style=\"color: #000000;\">&#8211; B\u1ea3o v\u1ec7 t\u01b0\u1eddng kh\u1ecfi nhi\u1ec1u t\u00e1c nh\u00e2n b\u00ean ngo\u00e0i nh\u01b0 \u0111\u1ed9 \u1ea9m, th\u1ea5m n\u01b0\u1edbc,\u2026<\/span><\/p>\n<p><span style=\"color: #000000;\">&#8211; Ng\u0103n ch\u1eb7n n\u1ea5m m\u1ed1c, r\u00eau hi\u1ec7u qu\u1ea3.<\/span><\/p>\n<p><span style=\"color: #000000;\">&#8211; Gi\u00fap l\u00e0m gi\u1ea3m m\u1ee9c \u0111\u1ed9 ti\u00eau hao s\u01a1n ph\u1ee7.<\/span><\/p>\n<h2><span style=\"color: #000000;\">TH\u00c0NH PH\u1ea6N:<\/span><\/h2>\n<p><span style=\"color: #000000;\">&#8211; Ch\u1ea5t k\u1ebft d\u00ednh: Xi m\u0103ng tr\u1eafng &#8211; Th\u00e0nh ph\u1ea7n n\u00e0y s\u1ebd \u0111\u1ea3m b\u1ea3o y\u1ebfu t\u1ed1 k\u1ebft d\u00ednh c\u1ee7a c\u00e1c ph\u1ea7n t\u1eed ch\u1ea5t \u0111\u1ed9n, gi\u00fap t\u1ea1o l\u1edbp m\u00e0ng li\u00ean k\u1ebft v\u00e0 quy\u1ebft \u0111\u1ecbnh ch\u1ea5t l\u01b0\u1ee3ng sau khi l\u1edbp b\u1ed9t tr\u00e9t kh\u00f4 h\u1eb3n.<\/span><\/p>\n<p><span style=\"color: #000000;\">&#8211; Ch\u1ea5t \u0111\u1ed9n: B\u1ed9t \u0111\u00e1, c\u00e1t nghi\u1ec1n &#8211; Ch\u1ea5t \u0111\u1ed9n c\u00f3 t\u00e1c d\u1ee5ng t\u0103ng c\u01b0\u1eddng m\u1ed9t s\u1ed1 ho\u1ea1t t\u00ednh, gi\u00fap l\u00e0m d\u00e0y, t\u0103ng \u0111\u1ed9 v\u1eefng ch\u1eafc cho k\u1ebft c\u1ea5u c\u1ee7a b\u1ed9t b\u1ea3, t\u0103ng kh\u1ea3 n\u0103ng thi c\u00f4ng, ch\u1ed1ng ch\u1ea3y.<\/span><\/p>\n<p><span style=\"color: #000000;\">&#8211; Ph\u1ee5 gia: polymer t\u0103ng b\u00e1m d\u00ednh, gi\u1eef n\u01b0\u1edbc, ch\u1ed1ng tr\u01b0\u1ee3t, t\u0103ng duy tr\u00ec, \u0111\u00f3ng r\u1eafn nhanh &#8211; C\u00e1c ch\u1ea5t ph\u1ee5 gia tuy ch\u1ec9 chi\u1ebfm m\u1ed9t ph\u1ea7n nh\u1ecf trong t\u1ed5ng th\u00e0nh ph\u1ea7n c\u1ea5u t\u1ea1o c\u1ee7a b\u1ed9t tr\u00e9t t\u01b0\u1eddng nh\u01b0ng l\u1ea1i c\u00f3 vai tr\u00f2 quan tr\u1ecdng gi\u00fap b\u1ed9t tr\u00e9t gi\u1eef \u0111\u1ee7 n\u01b0\u1edbc cho th\u1eddi gian ninh k\u1ebft (th\u1eddi gian m\u00e0 b\u1ed9t tr\u00e9t \u0111\u00f4ng \u0111\u1eb7c ho\u00e0n to\u00e0n v\u00e0 \u0111\u1ee7 kh\u1ea3 n\u0103ng k\u1ebft d\u00ednh v\u1eefng ch\u1eafc), t\u0103ng th\u1eddi gian s\u1eed d\u1ee5ng v\u00e0 thi c\u00f4ng, th\u00fac \u0111\u1ea9y qu\u00e1 tr\u00ecnh \u0111\u00f3ng r\u1eafn.<\/span><\/p>\n<h2><span style=\"color: #000000;\">CH\u1ec8 TI\u00caU \u0110\u00c1NH GI\u00c1<\/span><\/h2>\n<table>\n<tbody>\n<tr>\n<td style=\"text-align: center;\" colspan=\"2\" rowspan=\"2\" width=\"372\"><span style=\"color: #000000;\">T\u00ean ti\u00eau ch\u00ed<\/span><\/td>\n<td style=\"text-align: center;\" colspan=\"2\" width=\"234\"><span style=\"color: #000000;\">M\u1ee9c<\/span><\/td>\n<\/tr>\n<tr>\n<td style=\"text-align: center;\" width=\"120\"><span style=\"color: #000000;\">Trong nh\u00e0<\/span><\/td>\n<td style=\"text-align: center;\" width=\"114\"><span style=\"color: #000000;\">Ngo\u00e0i tr\u1eddi<\/span><\/td>\n<\/tr>\n<tr>\n<td style=\"text-align: left;\" colspan=\"2\" width=\"372\"><span style=\"color: #000000;\">1. \u0110\u1ed9 m\u1ecbn (ph\u1ea7n c\u00f2n l\u1ea1i tr\u00ean s\u00e0n 0.09mm), %, kh\u00f4ng qu\u00e1 l\u1edbn<\/span><\/td>\n<td style=\"text-align: center;\" colspan=\"2\" width=\"234\"><span style=\"color: #000000;\">3<\/span><\/td>\n<\/tr>\n<tr>\n<td colspan=\"2\" width=\"372\">\n<p style=\"text-align: left;\"><span style=\"color: #000000;\">2. Th\u1eddi gian \u0111\u00f4ng k\u1ebft, min<\/span><\/p>\n<p style=\"text-align: left;\"><span style=\"color: #000000;\">&#8211; B\u1eaft \u0111\u1ea7u, kh\u00f4ng qu\u00e1 s\u1edbm<\/span><\/p>\n<p style=\"text-align: left;\"><span style=\"color: #000000;\">&#8211; K\u1ebft th\u00fac, kh\u00f4ng mu\u1ed9n h\u01a1n<\/span><\/p>\n<\/td>\n<td style=\"text-align: center;\" colspan=\"2\" width=\"234\">&nbsp;<\/p>\n<p><span style=\"color: #000000;\">110<\/span><\/p>\n<p><span style=\"color: #000000;\">450<\/span><\/td>\n<\/tr>\n<tr>\n<td style=\"text-align: left;\" colspan=\"2\" width=\"372\"><span style=\"color: #000000;\">3. \u0110\u1ed9 gi\u1eef n\u01b0\u1edbc, %, kh\u00f4ng nh\u1ecf h\u01a1n<\/span><\/td>\n<td style=\"text-align: center;\" colspan=\"2\" width=\"234\"><span style=\"color: #000000;\">98<\/span><\/td>\n<\/tr>\n<tr>\n<td style=\"text-align: left;\" colspan=\"2\" width=\"372\"><span style=\"color: #000000;\">4. \u0110\u1ed9 c\u1ee9ng b\u1ec1 m\u1eb7t, kh\u00f4ng nh\u1ecf h\u01a1n<\/span><\/td>\n<td style=\"text-align: center;\" colspan=\"2\" width=\"234\"><span style=\"color: #000000;\">0.12<\/span><\/td>\n<\/tr>\n<tr>\n<td style=\"text-align: left;\" rowspan=\"3\" width=\"200\"><span style=\"color: #000000;\">5. C\u01b0\u1eddng \u0111\u1ed9 b\u00e1m d\u00ednh, Mpa, kh\u00f4ng nh\u1ecf h\u01a1n<\/span><\/td>\n<td style=\"text-align: center;\" width=\"172\"><span style=\"color: #000000;\">&#8211; \u1ede \u0111i\u1ec1u ki\u1ec7n chu\u1ea9n<\/span><\/td>\n<td style=\"text-align: center;\" width=\"120\"><span style=\"color: #000000;\">0.35<\/span><\/td>\n<td style=\"text-align: center;\" width=\"114\"><span style=\"color: #000000;\">0.45<\/span><\/td>\n<\/tr>\n<tr>\n<td style=\"text-align: center;\" width=\"172\"><span style=\"color: #000000;\">&#8211; Sau khi ng\u00e2m n\u01b0\u1edbc 72h<\/span><\/td>\n<td style=\"text-align: center;\" width=\"120\"><span style=\"color: #000000;\">\u00a00.25<\/span><\/td>\n<td style=\"text-align: center;\" width=\"114\"><span style=\"color: #000000;\">0.30<\/span><\/td>\n<\/tr>\n<tr>\n<td style=\"text-align: center;\" width=\"172\"><span style=\"color: #000000;\">&#8211; Sau khi th\u1eed chu k\u1ef3 s\u1ed1c nhi\u1ec7t<\/span><\/td>\n<td style=\"text-align: center;\" width=\"120\"><span style=\"color: #000000;\">&#8211;<\/span><\/td>\n<td style=\"text-align: center;\" width=\"114\"><span style=\"color: #000000;\">0.30<\/span><\/td>\n<\/tr>\n<\/tbody>\n<\/table>\n<h2><span style=\"color: #000000;\">B\u1ea2NG DANH S\u00c1CH TH\u00c0NH PH\u1ea6N S\u1ea2N PH\u1ea8M<\/span><\/h2>\n<table>\n<tbody>\n<tr>\n<td style=\"text-align: center;\" width=\"156\"><span style=\"color: #000000;\"><strong>T\u00ean s\u1ea3n ph\u1ea9m<\/strong><\/span><\/td>\n<td style=\"text-align: center;\" width=\"132\"><span style=\"color: #000000;\"><strong>Th\u00e0nh ph\u1ea7n<\/strong><\/span><\/td>\n<td style=\"text-align: center;\" width=\"180\"><span style=\"color: #000000;\"><strong>M\u00e3 s\u1ea3n ph\u1ea9m<\/strong><\/span><\/td>\n<td style=\"text-align: center;\" width=\"156\"><span style=\"color: #000000;\"><strong>C\u00f4ng d\u1ee5ng<\/strong><\/span><\/td>\n<\/tr>\n<tr>\n<td style=\"text-align: center;\" rowspan=\"11\" width=\"156\"><span style=\"color: #000000;\">B\u1ed9t tr\u00e9t<\/span><\/td>\n<td style=\"text-align: center;\" width=\"132\"><span style=\"color: #000000;\">Ch\u1ea5t k\u1ebft d\u00ednh<\/span><\/td>\n<td style=\"text-align: center;\" width=\"180\"><span style=\"color: #000000;\">OPC &#8211; Type I<\/span><\/td>\n<td style=\"text-align: center;\" width=\"156\"><span style=\"color: #000000;\">K\u1ebft d\u00ednh<\/span><\/td>\n<\/tr>\n<tr>\n<td style=\"text-align: center;\" width=\"132\"><span style=\"color: #000000;\">B\u1ed9t \u0111\u00e1<\/span><\/td>\n<td style=\"text-align: center;\" width=\"180\"><span style=\"color: #000000;\">B\u1ed9t \u0111\u00e1<\/span><\/td>\n<td style=\"text-align: center;\" width=\"156\"><span style=\"color: #000000;\">T\u1ea1o khung, t\u0103ng c\u01b0\u1eddng \u0111\u1ed9<\/span><\/td>\n<\/tr>\n<tr>\n<td style=\"text-align: center;\" rowspan=\"9\" width=\"132\"><span style=\"color: #000000;\">Ph\u1ee5 gia<\/span><\/td>\n<td style=\"text-align: center;\" width=\"180\"><span style=\"color: #000000;\">Vinnapas 4115N<\/span><\/td>\n<td style=\"text-align: center;\" width=\"156\"><span style=\"color: #000000;\">Polymer b\u00e1m d\u00ednh<\/span><\/td>\n<\/tr>\n<tr>\n<td style=\"text-align: center;\" width=\"180\"><span style=\"color: #000000;\">Vinnapas 5010N<\/span><\/td>\n<td style=\"text-align: center;\" width=\"156\"><span style=\"color: #000000;\">Polymer b\u00e1m d\u00ednh<\/span><\/td>\n<\/tr>\n<tr>\n<td style=\"text-align: center;\" width=\"180\"><span style=\"color: #000000;\">Vinnapas 8620E<\/span><\/td>\n<td style=\"text-align: center;\" width=\"156\"><span style=\"color: #000000;\">Polymer b\u00e1m d\u00ednh<\/span><\/td>\n<\/tr>\n<tr>\n<td style=\"text-align: center;\" width=\"180\"><span style=\"color: #000000;\">Vinnapas 8034H<\/span><\/td>\n<td style=\"text-align: center;\" width=\"156\"><span style=\"color: #000000;\">Polymer b\u00e1m d\u00ednh<\/span><\/td>\n<\/tr>\n<tr>\n<td style=\"text-align: center;\" width=\"180\"><span style=\"color: #000000;\">HPMC-SC200<\/span><\/td>\n<td style=\"text-align: center;\" width=\"156\"><span style=\"color: #000000;\">Gi\u1eef n\u01b0\u1edbc<\/span><\/td>\n<\/tr>\n<tr>\n<td style=\"text-align: center;\" width=\"180\"><span style=\"color: #000000;\">HPMC-PL70D<\/span><\/td>\n<td style=\"text-align: center;\" width=\"156\"><span style=\"color: #000000;\">Gi\u1eef n\u01b0\u1edbc<\/span><\/td>\n<\/tr>\n<tr>\n<td style=\"text-align: center;\" width=\"180\"><span style=\"color: #000000;\">Opagel FP6<\/span><\/td>\n<td style=\"text-align: center;\" width=\"156\"><span style=\"color: #000000;\">Ch\u1ed1ng tr\u01b0\u1ee3t<\/span><\/td>\n<\/tr>\n<tr>\n<td style=\"text-align: center;\" width=\"180\"><span style=\"color: #000000;\">Calcium Formate<\/span><\/td>\n<td style=\"text-align: center;\" width=\"156\"><span style=\"color: #000000;\">\u0110\u00f3ng r\u1eafn nhanh<\/span><\/td>\n<\/tr>\n<tr>\n<td style=\"text-align: center;\" width=\"180\"><span style=\"color: #000000;\">Sodium Gluconate<\/span><\/td>\n<td style=\"text-align: center;\" width=\"156\"><span style=\"color: #000000;\">T\u0103ng duy tr\u00ec<\/span><\/td>\n<\/tr>\n<\/tbody>\n<\/table>\n<p>&nbsp;<\/p>","protected":false},"excerpt":{"rendered":"<p><strong>Th\u00e0nh ph\u1ea7n:<\/strong> Ch\u1ea5t k\u1ebft d\u00ednh + Ch\u1ea5t \u0111\u1ed9n + Ph\u1ee5 gia<\/p>\n<p><strong>C\u00e1c d\u00f2ng s\u1ea3n ph\u1ea9m c\u00f3 th\u1ec3 k\u1ec3 \u0111\u1ebfn nh\u01b0<\/strong>: b\u1ed9t tr\u00e9t n\u1ed9i th\u1ea5t, b\u1ed9t tr\u00e9t ngo\u1ea1i th\u1ea5t, b\u1ed9t tr\u00e9t ngo\u1ea1i th\u1ea5t x\u00e1m<\/p>","protected":false},"featured_media":9481,"comment_status":"closed","ping_status":"closed","template":"","meta":[],"yst_prominent_words":[],"acf":[],"_links":{"self":[{"href":"https:\/\/pcecatlam.vn\/km\/wp-json\/wp\/v2\/product\/9480"}],"collection":[{"href":"https:\/\/pcecatlam.vn\/km\/wp-json\/wp\/v2\/product"}],"about":[{"href":"https:\/\/pcecatlam.vn\/km\/wp-json\/wp\/v2\/types\/product"}],"replies":[{"embeddable":true,"href":"https:\/\/pcecatlam.vn\/km\/wp-json\/wp\/v2\/comments?post=9480"}],"wp:featuredmedia":[{"embeddable":true,"href":"https:\/\/pcecatlam.vn\/km\/wp-json\/wp\/v2\/media\/9481"}],"wp:attachment":[{"href":"https:\/\/pcecatlam.vn\/km\/wp-json\/wp\/v2\/media?parent=9480"}],"wp:term":[{"taxonomy":"yst_prominent_words","embeddable":true,"href":"https:\/\/pcecatlam.vn\/km\/wp-json\/wp\/v2\/yst_prominent_words?post=9480"}],"curies":[{"name":"wp","href":"https:\/\/api.w.org\/{rel}","templated":true}]}}