{"id":9476,"date":"2024-08-28T14:35:18","date_gmt":"2024-08-28T07:35:18","guid":{"rendered":"https:\/\/pcecatlam.vn\/?post_type=product&#038;p=9476"},"modified":"2024-08-28T14:48:53","modified_gmt":"2024-08-28T07:48:53","slug":"cancium-fomate-98-cf-phu-gia-dong-ran-nhanh","status":"publish","type":"product","link":"https:\/\/pcecatlam.vn\/km\/product\/cancium-fomate-98-cf-phu-gia-dong-ran-nhanh\/","title":{"rendered":"CANCIUM FOMATE 98% (CF) Ph\u1ee5 Gia \u0110\u00f3ng R\u1eafn Nhanh"},"content":{"rendered":"<h2><span style=\"color: #000000;\"><strong>CANCIUM FOMATE 98% (CF) <\/strong><\/span><\/h2>\n<h2><span style=\"color: #000000;\"><strong>Ph\u1ee5 Gia \u0110\u00f3ng R\u1eafn Nhanh<\/strong><\/span><\/h2>\n<h2><span style=\"color: #000000;\"><strong>1. GI\u1edaI THI\u1ec6U S\u1ea2N PH\u1ea8M<\/strong><\/span><\/h2>\n<p style=\"padding-left: 40px;\"><span style=\"color: #000000;\">&#8211; C\u00f3 CTHH: Ca(HCOO)2<\/span><\/p>\n<p style=\"padding-left: 40px;\"><span style=\"color: #000000;\">&#8211; D\u1ea1ng b\u1ed9t m\u00e0u tr\u1eafng ho\u1eb7c v\u00e0ng nh\u1ea1t, c\u00f3 m\u00f9i nh\u1eb9.<\/span><\/p>\n<p style=\"padding-left: 40px;\"><span style=\"color: #000000;\">&#8211; \u0110\u1ed9 pH \u1ed5n \u0111\u1ecbnh: 6.5-7.5 v\u00e0 tan t\u1ed1t trong n\u01b0\u1edbc v\u1edbi l\u01b0\u1ee3ng d\u00f9ng v\u1eeba \u0111\u1ee7 \u1edf nhi\u1ec7t \u0111\u1ed9 ph\u00f2ng.<\/span><\/p>\n<p style=\"padding-left: 40px;\"><span style=\"color: #000000;\">&#8211; L\u00e0 m\u1ed9t lo\u1ea1i ph\u1ee5 gia \u1ee9ng d\u1ee5ng r\u1ed9ng r\u00e3i trong ng\u00e0nh x\u00e2y d\u1ef1ng, c\u00f4ng nghi\u1ec7p th\u1ef1c ph\u1ea9m,\u2026<\/span><\/p>\n<h2><span style=\"color: #000000;\"><strong>2. \u1ee8NG D\u1ee4NG<\/strong><\/span><\/h2>\n<p style=\"padding-left: 40px;\"><span style=\"color: #000000;\">&#8211; Keo d\u00e1n g\u1ea1ch<\/span><\/p>\n<p style=\"padding-left: 40px;\"><span style=\"color: #000000;\">&#8211; V\u1eefa s\u1eeda ch\u1eefa<\/span><\/p>\n<p style=\"padding-left: 40px;\"><span style=\"color: #000000;\">&#8211; V\u1eefa kh\u00f4ng co ng\u00f3t<\/span><\/p>\n<p style=\"padding-left: 40px;\"><span style=\"color: #000000;\">&#8211; V\u1eefa t\u1ef1 san<\/span><\/p>\n<p style=\"padding-left: 40px;\"><span style=\"color: #000000;\">&#8211; V\u1eefa l\u00e1t s\u00e0n nhanh<\/span><\/p>\n<p style=\"padding-left: 40px;\"><span style=\"color: #000000;\">&#8211; V\u1eefa ch\u1ed1ng th\u1ea5m<\/span><\/p>\n<p style=\"padding-left: 40px;\"><span style=\"color: #000000;\">&#8211; B\u00ea t\u00f4ng tr\u1ed9n kh\u00f4<\/span><\/p>\n<p style=\"padding-left: 40px;\"><span style=\"color: #000000;\">&#8211; EIFS\/ETICS<\/span><\/p>\n<p style=\"padding-left: 40px;\"><span style=\"color: #000000;\">&#8211; Ph\u1ee5 gia\/ ch\u1ea5t b\u1ea3o qu\u1ea3n trong th\u1ee9c \u0103n ch\u0103n nu\u00f4i<\/span><\/p>\n<p style=\"padding-left: 40px;\"><span style=\"color: #000000;\">&#8211; C\u00f4ng nghi\u1ec7p in, m\u00e0u nhu\u1ed9m.<\/span><\/p>\n<h2><span style=\"color: #000000;\"><strong>3. TH\u00d4NG S\u1ed0 K\u1ef8 THU\u1eacT<\/strong><\/span><\/h2>\n<table>\n<tbody>\n<tr>\n<td style=\"text-align: center;\" width=\"163\"><span style=\"color: #000000;\">Ch\u1ec9 s\u1ed1<\/span><\/td>\n<td style=\"text-align: center;\" width=\"234\"><span style=\"color: #000000;\">Ti\u00eau chu\u1ea9n k\u1ef9 thu\u1eadt<\/span><\/td>\n<td style=\"text-align: center;\" width=\"91\"><span style=\"color: #000000;\">\u0110\u01a1n v\u1ecb<\/span><\/td>\n<\/tr>\n<tr>\n<td style=\"text-align: center;\" width=\"163\"><span style=\"color: #000000;\">Nh\u1eadn bi\u1ebft<\/span><\/td>\n<td style=\"text-align: center;\" width=\"234\"><span style=\"color: #000000;\">B\u1ed9t m\u00e0u tr\u1eafng ho\u1eb7c v\u00e0ng nh\u1ea1t<\/span><\/td>\n<td style=\"text-align: center;\" width=\"91\"><span style=\"color: #000000;\">_<\/span><\/td>\n<\/tr>\n<tr>\n<td style=\"text-align: center;\" width=\"163\"><span style=\"color: #000000;\">N\u1ed3ng \u0111\u1ed9<\/span><\/td>\n<td style=\"text-align: center;\" width=\"234\"><span style=\"color: #000000;\">\u2265 98<\/span><\/td>\n<td style=\"text-align: center;\" width=\"91\"><span style=\"color: #000000;\">%<\/span><\/td>\n<\/tr>\n<tr>\n<td style=\"text-align: center;\" width=\"163\"><span style=\"color: #000000;\">Th\u00e0nh ph\u1ea7n Ca<\/span><\/td>\n<td style=\"text-align: center;\" width=\"234\"><span style=\"color: #000000;\">\u2265 30<\/span><\/td>\n<td style=\"text-align: center;\" width=\"91\"><span style=\"color: #000000;\">%<\/span><\/td>\n<\/tr>\n<tr>\n<td style=\"text-align: center;\" width=\"163\"><span style=\"color: #000000;\">\u0110\u1ed9 \u1ea9m<\/span><\/td>\n<td style=\"text-align: center;\" width=\"234\"><span style=\"color: #000000;\">\u2264 0.5<\/span><\/td>\n<td style=\"text-align: center;\" width=\"91\"><span style=\"color: #000000;\">%<\/span><\/td>\n<\/tr>\n<tr>\n<td style=\"text-align: center;\" width=\"163\"><span style=\"color: #000000;\">\u0110\u1ed9 tan<\/span><\/td>\n<td style=\"text-align: center;\" width=\"234\"><span style=\"color: #000000;\">\u2264 1.0<\/span><\/td>\n<td style=\"text-align: center;\" width=\"91\"><span style=\"color: #000000;\">%<\/span><\/td>\n<\/tr>\n<tr>\n<td style=\"text-align: center;\" width=\"163\"><span style=\"color: #000000;\">M\u1ea5t khi s\u1ea5y<\/span><\/td>\n<td style=\"text-align: center;\" width=\"234\"><span style=\"color: #000000;\">\u2264 1.0<\/span><\/td>\n<td style=\"text-align: center;\" width=\"91\"><span style=\"color: #000000;\">%<\/span><\/td>\n<\/tr>\n<\/tbody>\n<\/table>\n<p>&nbsp;<\/p>\n<h2><span style=\"color: #000000;\"><strong>4. T\u00cdNH CH\u1ea4T S\u1ea2N PH\u1ea8M<\/strong><\/span><\/h2>\n<p style=\"padding-left: 40px;\"><span style=\"color: #000000;\">&#8211; Gi\u1ea3m th\u1eddi gian \u0111\u00f3ng r\u1eafn c\u1ee7a b\u00ea t\u00f4ng.<\/span><\/p>\n<p style=\"padding-left: 40px;\"><span style=\"color: #000000;\">&#8211; Th\u1eddi gian \u0111\u00f3ng r\u1eafn c\u1ee7a b\u00ea t\u00f4ng b\u00ecnh th\u01b0\u1eddng ho\u00e1 \u1edf nhi\u1ec7t \u0111\u1ed9 th\u1ea5p.<\/span><\/p>\n<p style=\"padding-left: 40px;\"><span style=\"color: #000000;\">&#8211; T\u0103ng c\u01b0\u1eddng \u0111\u1ed9 s\u1edbm cho b\u00ea t\u00f4ng ho\u1eb7c h\u1ed7n h\u1ee3p v\u1eefa.<\/span><\/p>\n<p style=\"padding-left: 40px;\"><span style=\"color: #000000;\">&#8211; \u1ee8c ch\u1ebf s\u1ef1 \u0103n m\u00f2n c\u1ee7a c\u00e1c ch\u1ea5t n\u1ec1n kim lo\u1ea1i trong xi m\u0103ng\/v\u1eefa.<\/span><\/p>\n<p style=\"padding-left: 40px;\"><span style=\"color: #000000;\">&#8211; C\u00f4ng nghi\u1ec7p in, m\u00e0u nhu\u1ed9m.<\/span><\/p>\n<h2><span style=\"color: #000000;\"><strong>5. \u0110\u00d3NG G\u00d3I S\u1ea2N PH\u1ea8M<\/strong><\/span><\/h2>\n<p style=\"padding-left: 40px;\"><span style=\"color: #000000;\">&#8211; Bao ti\u00eau chu\u1ea9n 25kg<\/span><\/p>","protected":false},"excerpt":{"rendered":"<p><strong>Nh\u00e0 ph\u00e2n ph\u1ed1i:<\/strong> PCE CAT LAM CO., LTD<\/p>\n<p><strong>Lo\u1ea1i s\u1ea3n ph\u1ea9m: <\/strong>D\u1ea1ng b\u1ed9t m\u00e0u tr\u1eafng ho\u1eb7c v\u00e0ng nh\u1ea1t<\/p>\n<p><strong>\u0110\u00f3ng g\u00f3i:\u00a0 \u00a0 \u00a0 \u00a0 \u00a0 \u00a0<\/strong>Bao 25kg<\/p>","protected":false},"featured_media":9477,"comment_status":"closed","ping_status":"closed","template":"","meta":[],"yst_prominent_words":[],"acf":[],"_links":{"self":[{"href":"https:\/\/pcecatlam.vn\/km\/wp-json\/wp\/v2\/product\/9476"}],"collection":[{"href":"https:\/\/pcecatlam.vn\/km\/wp-json\/wp\/v2\/product"}],"about":[{"href":"https:\/\/pcecatlam.vn\/km\/wp-json\/wp\/v2\/types\/product"}],"replies":[{"embeddable":true,"href":"https:\/\/pcecatlam.vn\/km\/wp-json\/wp\/v2\/comments?post=9476"}],"wp:featuredmedia":[{"embeddable":true,"href":"https:\/\/pcecatlam.vn\/km\/wp-json\/wp\/v2\/media\/9477"}],"wp:attachment":[{"href":"https:\/\/pcecatlam.vn\/km\/wp-json\/wp\/v2\/media?parent=9476"}],"wp:term":[{"taxonomy":"yst_prominent_words","embeddable":true,"href":"https:\/\/pcecatlam.vn\/km\/wp-json\/wp\/v2\/yst_prominent_words?post=9476"}],"curies":[{"name":"wp","href":"https:\/\/api.w.org\/{rel}","templated":true}]}}