{"id":8758,"date":"2023-08-17T15:52:49","date_gmt":"2023-08-17T08:52:49","guid":{"rendered":"https:\/\/pcecatlam.vn\/?post_type=product&#038;p=8758"},"modified":"2023-12-07T16:54:15","modified_gmt":"2023-12-07T09:54:15","slug":"phu-gia-giam-nuoc-naphthalene-snf-cc","status":"publish","type":"product","link":"https:\/\/pcecatlam.vn\/km\/product\/phu-gia-giam-nuoc-naphthalene-snf-cc\/","title":{"rendered":"\u179f\u17b6\u179a\u1792\u17b6\u178f\u17bb\u1794\u1793\u17d2\u1790\u17c2\u1798\u1780\u17b6\u178f\u17cb\u1794\u1793\u17d2\u1790\u1799\u1791\u17b9\u1780 Naphthalene SNF-CC"},"content":{"rendered":"<h2><strong>Naphthalene SNF-CC<\/strong><\/h2>\n<table>\n<tbody>\n<tr>\n<td><b>T\u00ean s\u1ea3n ph\u1ea9m<\/b><\/td>\n<td><span style=\"font-weight: 400;\">Sodium Naphthalene Formaldehyde (SNF-CC)<\/span><\/td>\n<\/tr>\n<tr>\n<td><b>T\u00ean g\u1ecdi kh\u00e1c<\/b><\/td>\n<td><span style=\"font-weight: 400;\">SNF-CC, Naphthalene sulfonate formaldehyde, Sodium naphthalene sulfonic, Acid formaldehyde<\/span><\/td>\n<\/tr>\n<tr>\n<td><b>C\u00f4ng th\u1ee9c h\u00f3a h\u1ecdc<\/b><\/td>\n<td><span style=\"font-weight: 400;\">2(C<\/span><span style=\"font-weight: 400;\">10<\/span><span style=\"font-weight: 400;\">H<\/span><span style=\"font-weight: 400;\">6<\/span><span style=\"font-weight: 400;\">SO<\/span><span style=\"font-weight: 400;\">3<\/span><span style=\"font-weight: 400;\">Na)(n-1) CH2 (n-2)(C<\/span><span style=\"font-weight: 400;\">10<\/span><span style=\"font-weight: 400;\">H<\/span><span style=\"font-weight: 400;\">5<\/span><span style=\"font-weight: 400;\">SO<\/span><span style=\"font-weight: 400;\">3<\/span><span style=\"font-weight: 400;\">Na\uff09<\/span><\/td>\n<\/tr>\n<tr>\n<td><b>Xu\u1ea5t x\u1ee9<\/b><\/td>\n<td><span style=\"font-weight: 400;\">Trung Qu\u1ed1c<\/span><\/td>\n<\/tr>\n<tr>\n<td><b>T\u00ednh ch\u1ea5t<\/b><\/td>\n<td><span style=\"font-weight: 400;\">&#8211; SNF-CC c\u00f3 ngo\u1ea1i quan d\u1ea1ng b\u1ed9t m\u00e0u v\u00e0ng n\u00e2u.<\/span><\/p>\n<p><span style=\"font-weight: 400;\">&#8211; SNF-CC l\u00e0 m\u1ed9t ch\u1ea5t ho\u1ea1t \u0111\u1ed9ng b\u1ec1 m\u1eb7t anion. N\u00f3 \u0111\u01b0\u1ee3c s\u1eed d\u1ee5ng r\u1ed9ng r\u00e3i \u0111\u1ec3 chu\u1ea9n b\u1ecb h\u1ed7n h\u1ee3p b\u00ea t\u00f4ng ch\u1ea3y t\u1ef1 do v\u00e0 c\u00f3 th\u1ec3 b\u01a1m \u0111\u01b0\u1ee3c trong ng\u00e0nh x\u00e2y d\u1ef1ng.<\/span><\/p>\n<p><span style=\"font-weight: 400;\">&#8211; SNF-CC d\u1ec5 d\u00e0ng h\u00f2a tan trong ethylene glycol, diethylene glycol, glycerol v\u00e0 n\u01b0\u1edbc, \u00edt h\u00f2a tan trong r\u01b0\u1ee3u, nh\u01b0ng n\u00f3 kh\u00f4ng h\u00f2a tan trong dung m\u00f4i h\u1eefu c\u01a1.<\/span><\/td>\n<\/tr>\n<tr>\n<td><b>Quy c\u00e1ch<\/b><\/td>\n<td><span style=\"font-weight: 400;\">25 kg\/bao<\/span><\/td>\n<\/tr>\n<tr>\n<td><b>B\u1ea3o qu\u1ea3n<\/b><\/td>\n<td><span style=\"font-weight: 400;\">N\u01a1i kh\u00f4 r\u00e1o, tho\u00e1ng m\u00e1t, tr\u00e1nh \u00e1nh n\u1eafng tr\u1ef1c ti\u1ebfp<\/span><\/td>\n<\/tr>\n<\/tbody>\n<\/table>\n<h2><strong>T\u00e1c d\u1ee5ng c\u1ee7a Naphthalene SNF-CC<\/strong><\/h2>\n<p><span style=\"font-weight: 400;\">&#8211; SNF-CC thu\u1ed9c lo\u1ea1i C n\u00ean ch\u00fang c\u00f3 t\u00e1c d\u1ee5ng cao trong \u0111\u1ea9y m\u1ea1nh v\u00e0 l\u00e0m ph\u1ee5 gia s\u1ea3n xu\u1ea5t c\u00e1c lo\u1ea1i b\u00ea t\u00f4ng hi\u1ec7n nay.<\/span><\/p>\n<p><span style=\"font-weight: 400;\">&#8211; SNF-CC l\u00e0 h\u00f3a ch\u1ea5t c\u00f3 ngo\u1ea1i quan ch\u1ea5t b\u1ed9t m\u00e0u v\u00e0ng n\u00e2u, l\u00e0 m\u1ed9t ch\u1ea5t ho\u1ea1t \u0111\u1ed9ng b\u1ec1 m\u1eb7t anion.<\/span><\/p>\n<p><span style=\"font-weight: 400;\">&#8211; D\u1ec5 d\u00e0ng h\u00f2a tan trong c\u00e1c dung m\u00f4i h\u1eefu c\u01a1 nh\u01b0 ethylene glycol, diethylene glycol, glycerol nh\u01b0ng l\u1ea1i \u00edt h\u00f2a tan trong r\u01b0\u1ee3u.<\/span><\/p>\n<p><span style=\"font-weight: 400;\">&#8211; T\u1ef7 l\u1ec7 gi\u1ea3m n\u01b0\u1edbc cao. T\u1ed1c \u0111\u1ed9 gi\u1ea3m n\u01b0\u1edbc c\u1ee7a ch\u1ea5t si\u00eau d\u1ebbo naphthalene c\u00f3 th\u1ec3 cao t\u1edbi 25% ho\u1eb7c h\u01a1n. N\u00f3 c\u00f3 hi\u1ec7u qu\u1ea3 c\u00f3 th\u1ec3 l\u00e0m t\u0103ng t\u00ednh l\u01b0u \u0111\u1ed9ng c\u1ee7a b\u00ea t\u00f4ng, gi\u1ea3m t\u00ednh n\u0103ng tr\u00f4i ch\u1ea3y v\u00e0 ph\u00e2n t\u00e1ch. Do \u0111\u00f3 c\u1ea3i thi\u1ec7n kh\u1ea3 n\u0103ng l\u00e0m vi\u1ec7c c\u1ee7a b\u00ea t\u00f4ng, t\u1ea1o \u0111i\u1ec1u ki\u1ec7n cho vi\u1ec7c x\u00e2y d\u1ef1ng v\u00e0 d\u1ec5 d\u00e0ng \u0111\u1ea7m.<\/span><\/p>\n<p><span style=\"font-weight: 400;\">&#8211; SNF-CC c\u00f3 \u0111\u1ed9 b\u1ec1n t\u1ed1t, ch\u00fang c\u00f3 th\u1ec3 c\u1ea3i thi\u1ec7n hi\u1ec7u qu\u1ea3 c\u1ea5u tr\u00fac l\u1ed7 r\u1ed7ng c\u1ee7a b\u00ea t\u00f4ng. T\u1eeb \u0111\u00f3 c\u1ea3i thi\u1ec7n \u0111\u00e1ng k\u1ec3 c\u00e1c ch\u1ec9 s\u1ed1 \u0111\u1ed9 b\u1ec1n c\u1ee7a b\u00ea t\u00f4ng nh\u01b0 kh\u00f4ng th\u1ea5m n\u01b0\u1edbc, kh\u00e1ng cacbonat v\u00e0 ch\u1ed1ng \u0111\u00f3ng b\u0103ng.<\/span><\/p>\n<h2><b>\u1ee8ng d\u1ee5ng:<\/b><\/h2>\n<p><span style=\"font-weight: 400;\">&#8211; S\u1ea3n xu\u1ea5t ph\u1ee5 gia b\u00ea t\u00f4ng, h\u00f3a ch\u1ea5t x\u00e2y d\u1ef1ng:<\/span><\/p>\n<p><span style=\"font-weight: 400;\">SNF c\u00f3 c\u00e1c \u01b0u \u0111i\u1ec3m nh\u01b0: T\u1ef7 l\u1ec7 gi\u1ea3m n\u01b0\u1edbc cao, hi\u1ec7u qu\u1ea3 t\u0103ng c\u01b0\u1eddng t\u1ed1t, kh\u1ea3 n\u0103ng th\u00edch t\u1ed1t, \u0111\u1ed9 b\u1ec1n cao. V\u00e0 \u0111\u1ea1t \u0111\u01b0\u1ee3c hi\u1ec7u su\u1ea5t an to\u00e0n t\u1ed1t m\u00e0 ch\u00fang \u0111\u01b0\u1ee3c d\u00f9ng ph\u1ed5 bi\u1ebfn trong b\u00ea t\u00f4ng \u0111\u00fac s\u1eb5n m\u1eb7t c\u1ea7u b\u00ea t\u00f4ng. Ho\u1eb7c b\u1ea5t k\u1ef3 n\u01a1i n\u00e0o c\u1ea7n thi\u1ebft \u0111\u1ec3 gi\u1eef t\u1ef7 l\u1ec7 n\u01b0\u1edbc \/ xi m\u0103ng \u0111\u1ebfn m\u1ee9c t\u1ed1i thi\u1ec3u v\u00e0 v\u1eabn \u0111\u1ea1t \u0111\u01b0\u1ee3c hi\u1ec7u qu\u1ea3 cao nh\u1ea5t.<\/span><\/p>\n<p><span style=\"font-weight: 400;\">&#8211; S\u1ea3n xu\u1ea5t gi\u1ea5y v\u00e0 b\u1ed9t gi\u1ea5y: Trong ng\u00e0nh c\u00f4ng nghi\u1ec7p gi\u1ea5y SNF \u0111\u01b0\u1ee3c d\u00f9ng nh\u1eb1m m\u1ee5c \u0111\u00edch ki\u1ec3m so\u00e1t c\u00e1c ch\u1ea5t nh\u1eddn c\u00f3 trong b\u1ed9t gi\u1ea5y. Gi\u1ea3m m\u1eb7t v\u00e0 c\u1ea3i thi\u1ec7n c\u00e1c ch\u1ea5t \u0111\u1ed9n trong su\u1ed1t qu\u00e1 tr\u00ecnh t\u1ea9y tr\u1eafng v\u00e0 \u00e9p gi\u1ea5y.<\/span><\/p>\n<p><span style=\"font-weight: 400;\">&#8211; Ngo\u00e0i ra SNF c\u00f2n \u0111\u01b0\u1ee3c d\u00f9ng nh\u01b0 l\u00e0 m\u1ed9t th\u00e0nh ph\u1ea7n c\u00f3 t\u00e1c d\u1ee5ng l\u00e0m ch\u1ea5t \u0111\u1ed9n, ph\u00e2n t\u00e1n trong s\u1ea3n xu\u1ea5t thu\u1ed1c nhu\u1ed9m, thu\u1ed1c tr\u1eeb s\u00e2u. D\u00f9ng trong s\u1ea3n xu\u1ea5t s\u01a1n, b\u0103ng d\u00ednh, t\u0103ng cao kh\u1ea3 n\u0103ng ch\u1ed1ng \u1ea9m m\u1ed1c v\u00e0 ch\u1ed1ng th\u1ea5m cho b\u1ec1 m\u1eb7t\u2026<\/span><\/p>","protected":false},"excerpt":{"rendered":"<p>Naphthalene SNF-CC T\u00ean s\u1ea3n ph\u1ea9m Sodium Naphthalene Formaldehyde (SNF-CC) T\u00ean g\u1ecdi kh\u00e1c SNF-CC, Naphthalene sulfonate formaldehyde, Sodium naphthalene sulfonic, Acid formaldehyde C\u00f4ng th\u1ee9c h\u00f3a h\u1ecdc 2(C10H6SO3Na)(n-1) CH2 (n-2)(C10H5SO3Na\uff09 Xu\u1ea5t x\u1ee9 Trung Qu\u1ed1c T\u00ednh ch\u1ea5t &#8211; SNF-CC c\u00f3 ngo\u1ea1i quan d\u1ea1ng b\u1ed9t m\u00e0u v\u00e0ng n\u00e2u. &#8211; SNF-CC l\u00e0 m\u1ed9t ch\u1ea5t ho\u1ea1t \u0111\u1ed9ng b\u1ec1 m\u1eb7t anion. N\u00f3 [&hellip;]<\/p>","protected":false},"featured_media":9241,"comment_status":"closed","ping_status":"closed","template":"","meta":[],"yst_prominent_words":[],"acf":[],"_links":{"self":[{"href":"https:\/\/pcecatlam.vn\/km\/wp-json\/wp\/v2\/product\/8758"}],"collection":[{"href":"https:\/\/pcecatlam.vn\/km\/wp-json\/wp\/v2\/product"}],"about":[{"href":"https:\/\/pcecatlam.vn\/km\/wp-json\/wp\/v2\/types\/product"}],"replies":[{"embeddable":true,"href":"https:\/\/pcecatlam.vn\/km\/wp-json\/wp\/v2\/comments?post=8758"}],"wp:featuredmedia":[{"embeddable":true,"href":"https:\/\/pcecatlam.vn\/km\/wp-json\/wp\/v2\/media\/9241"}],"wp:attachment":[{"href":"https:\/\/pcecatlam.vn\/km\/wp-json\/wp\/v2\/media?parent=8758"}],"wp:term":[{"taxonomy":"yst_prominent_words","embeddable":true,"href":"https:\/\/pcecatlam.vn\/km\/wp-json\/wp\/v2\/yst_prominent_words?post=8758"}],"curies":[{"name":"wp","href":"https:\/\/api.w.org\/{rel}","templated":true}]}}