{"id":8750,"date":"2023-08-17T14:40:25","date_gmt":"2023-08-17T07:40:25","guid":{"rendered":"https:\/\/pcecatlam.vn\/?post_type=product&#038;p=8750"},"modified":"2024-07-01T15:15:35","modified_gmt":"2024-07-01T08:15:35","slug":"phu-gia-tao-bot-aebassoc","status":"publish","type":"product","link":"https:\/\/pcecatlam.vn\/km\/product\/phu-gia-tao-bot-aebassoc\/","title":{"rendered":"AEBASSOC \u179f\u17b6\u179a\u1792\u17b6\u178f\u17bb\u1794\u1793\u17d2\u1790\u17c2\u1798\u1796\u1796\u17bb\u17c7"},"content":{"rendered":"<p><span style=\"font-weight: 400;\"><a href=\"https:\/\/pcecatlam.vn\/product\/phu-gia-tao-bot-aebassoc\/\"><strong>EABASSOC<\/strong><\/a> ch\u1ea5t t\u1ea1o b\u1ecdt b\u00ea t\u00f4ng nh\u1eb9 c\u1ee7a H\u00e3ng c\u00f3 <\/span><b>t\u00ednh \u1ed5n \u0111\u1ecbnh r\u1ea5t cao<\/b><span style=\"font-weight: 400;\">. Dung d\u1ecbch ch\u1ea5t t\u1ea1o b\u1ecdt sau khi qua <\/span><a href=\"http:\/\/www.thtvietnam.com\/san-pham\/be-tong-nhe\/thiet-bi\/may-tao-bot-be-tong-nhe\/\"><span style=\"font-weight: 400;\">m\u00e1y t\u1ea1o b\u1ecdt<\/span><\/a><span style=\"font-weight: 400;\"> s\u1ebd t\u1ea1o ra b\u1ecdt kh\u00ed v\u1eefng ch\u1eafc, m\u00e0u tr\u1eafng, r\u1ea5t m\u1ecbn, kh\u00e1c v\u1edbi ch\u1ea5t t\u1ea1o b\u1ecdt Protein m\u00e0u n\u00e2u kh\u00e1c c\u00f3 c\u1ee1 b\u1ecdt r\u1ea5t to. Khi tr\u1ed9n v\u00e0o v\u1eefa xi m\u0103ng c\u00e1t b\u1ecdt kh\u00f4ng b\u1ecb v\u1ee1. Eabassoc l\u00e0 ph\u1ee5 gia t\u1ea1o b\u1ecdt d\u00f9ng \u0111\u1ec3 s\u1ea3n xu\u1ea5t b\u00ea t\u00f4ng nh\u1eb9 ph\u1ed5 bi\u1ebfn nh\u1ea5t t\u1ea1i Ch\u00e2u \u00c2u hi\u1ec7n nay.<\/span><\/p>\n<p><span style=\"font-weight: 400;\">&#8211; V\u1eefa b\u00ea t\u00f4ng nh\u1eb9 d\u00f9ng ch\u1ea5t t\u1ea1o b\u1ecdt EABASSOC c\u00f3 t\u1ef7 <\/span><b>tr\u1ecdng th\u1ea5p, d\u1ec5 ch\u1ea3y<\/b><span style=\"font-weight: 400;\">. C\u00f3 th\u1ec3 \u0111\u1ed5 hay b\u01a1m b\u00ea t\u00f4ng v\u00e0o khu\u00f4n d\u1ec5 d\u00e0ng, kh\u00f4ng c\u1ea7n thi\u1ebft b\u1ecb \u0111\u1ea7m rung \u0111\u1ec3 n\u00e9n ch\u1eb7t hay thi\u1ebft b\u1ecb san ph\u1eb3ng b\u1ec3 m\u1eb7t. C\u00f3 t\u00ednh c\u00e1ch \u00e2m v\u00e0 c\u00e1ch nhi\u1ec7t r\u1ea5t cao.<\/span><\/p>\n<p><span style=\"font-weight: 400;\">&#8211; G\u1ea1ch B\u00ea t\u00f4ng nh\u1eb9 s\u1ea3n xu\u1ea5t v\u1edbi ph\u1ee5 gia t\u1ea1o b\u1ecdt EABASSOC c\u00f3 h\u1ec7 s\u1ed1 d\u1eabn nhi\u1ec7t b\u1eb1ng 5-20% b\u00ea t\u00f4ng th\u01b0\u1eddng, <\/span><b>b\u1ec7 m\u1eb7t m\u1ecbn, c\u01b0\u1eddng l\u1ef1c cao<\/b><span style=\"font-weight: 400;\"> h\u01a1n nhi\u1ec1u so v\u1edbi g\u1ea1ch s\u1ea3n xu\u1ea5t b\u1eb1ng ch\u1ea5t t\u1ea1o b\u1ecdt kh\u00e1c.\u00a0<\/span><\/p>\n<p><span style=\"font-weight: 400;\">&#8211; B\u00ea t\u00f4ng nh\u1eb9 s\u1ea3n xu\u1ea5t v\u1edbi ch\u1ea5t t\u1ea1o b\u1ecdt EABASSOC c\u00f3 kh\u1ea3 n\u0103ng <\/span><b>ch\u1ed1ng n\u00f3ng v\u00e0 ch\u1ed1ng th\u1ea5m<\/b><span style=\"font-weight: 400;\"> hi\u1ec7u qu\u1ea3, \u0111ang \u0111\u01b0\u1ee3c \u1ee9ng d\u1ee5ng r\u1ea5t nhi\u1ec1u \u0111\u1ec3 \u0111\u1ed5 tr\u1ea7n ch\u1ed1ng n\u00f3ng, l\u00e0m t\u01b0\u1eddng ch\u1ed1ng n\u00f3ng, ch\u1ed1ng th\u1ea5m b\u1ec3 b\u01a1i &#8230;<\/span><\/p>\n<h2><b>Th\u00f4ng s\u1ed1 k\u1ef9 thu\u1eadt<\/b><\/h2>\n<table>\n<tbody>\n<tr>\n<td><span style=\"font-weight: 400;\">Xu\u1ea5t x\u1ee9<\/span><\/td>\n<td><span style=\"font-weight: 400;\">Anh Qu\u1ed1c<\/span><\/td>\n<\/tr>\n<tr>\n<td><span style=\"font-weight: 400;\">Th\u00e0nh ph\u1ea7n ch\u00ednh<\/span><\/td>\n<td><span style=\"font-weight: 400;\">H\u00f3a ch\u1ea5t t\u1ed5ng h\u1ee3p<\/span><\/td>\n<\/tr>\n<tr>\n<td><span style=\"font-weight: 400;\">T\u1ef7 tr\u1ecdng<\/span><\/td>\n<td><span style=\"font-weight: 400;\">1.02g\/cm<\/span><span style=\"font-weight: 400;\">3<\/span><\/td>\n<\/tr>\n<tr>\n<td><span style=\"font-weight: 400;\">\u0110\u1ed9 h\u00f2a tan trong n\u01b0\u1edbc<\/span><\/td>\n<td><span style=\"font-weight: 400;\">V\u00f4 c\u1ea5p<\/span><\/td>\n<\/tr>\n<tr>\n<td><span style=\"font-weight: 400;\">M\u00e0u<\/span><\/td>\n<td><span style=\"font-weight: 400;\">V\u00e0ng n\u00e2u trong<\/span><\/td>\n<\/tr>\n<tr>\n<td><span style=\"font-weight: 400;\">M\u00f9i<\/span><\/td>\n<td><span style=\"font-weight: 400;\">Kh\u00f4ng m\u00f9i<\/span><\/td>\n<\/tr>\n<tr>\n<td><span style=\"font-weight: 400;\">T\u1ef7 l\u1ec7 s\u1eed d\u1ee5ng<\/span><\/td>\n<td><span style=\"font-weight: 400;\">0,5 \u2013 0,6 l\u00edt\/1m<\/span><span style=\"font-weight: 400;\">3<\/span><span style=\"font-weight: 400;\"> b\u00ea t\u00f4ng nh\u1eb9 *<\/span><\/td>\n<\/tr>\n<tr>\n<td><span style=\"font-weight: 400;\">\u0110\u1ed9 pH<\/span><\/td>\n<td><span style=\"font-weight: 400;\">6,7 trong n\u01b0\u1edbc<\/span><\/td>\n<\/tr>\n<tr>\n<td><span style=\"font-weight: 400;\">\u0110i\u1ec3m \u0111\u00f4ng c\u1ee9ng<\/span><\/td>\n<td><span style=\"font-weight: 400;\">-5\u00b0C, khi tan ra v\u1eabn gi\u1eef nguy\u00ean \u0111\u1eb7c t\u00ednh nh\u01b0 c\u0169<\/span><\/td>\n<\/tr>\n<tr>\n<td><span style=\"font-weight: 400;\">\u0110\u00f3ng g\u00f3i<\/span><\/td>\n<td><span style=\"font-weight: 400;\">Th\u00f9ng 20kg, 200kg hay 1000kg<\/span><\/td>\n<\/tr>\n<tr>\n<td><span style=\"font-weight: 400;\">Th\u1eddi h\u1ea1n s\u1eed d\u1ee5ng<\/span><\/td>\n<td><span style=\"font-weight: 400;\">2 n\u0103m (n\u1ebfu kh\u00f4ng m\u1edf th\u00f9ng ra)<\/span><\/td>\n<\/tr>\n<tr>\n<td><span style=\"font-weight: 400;\">\u0110\u1eb7c t\u00ednh th\u00e2n thi\u1ec7n m\u00f4i tr\u01b0\u1eddng<\/span><\/td>\n<td><span style=\"font-weight: 400;\">C\u00f3 kh\u1ea3 n\u0103ng t\u1ef1 ph\u00e2n h\u1ee7y, kh\u00f4ng g\u00e2y \u00f4 nhi\u1ec5m, kh\u00f4ng \u0111\u1ed9c h\u1ea1i, c\u00f3 th\u1ec3 r\u1eeda d\u1ec5 d\u00e0ng b\u1eb1ng n\u01b0\u1edbc<\/span><\/td>\n<\/tr>\n<tr>\n<td><span style=\"font-weight: 400;\">Th\u00e0nh ph\u1ea9m sau s\u1ea3n xu\u1ea5t<\/span><\/td>\n<td><span style=\"font-weight: 400;\">C\u00f3 th\u1ec3 d\u00f9ng \u0111\u1ec3 s\u1ea3n xu\u1ea5t b\u00ea t\u00f4ng nh\u1eb9 c\u00f3 t\u1ef7 tr\u1ecdng 400-1600kg\/m<\/span><span style=\"font-weight: 400;\">3<\/span><span style=\"font-weight: 400;\">, c\u01b0\u1eddng l\u1ef1c kho\u1ea3ng 10-150kg\/m<\/span><span style=\"font-weight: 400;\">3<\/span><\/td>\n<\/tr>\n<\/tbody>\n<\/table>\n<h2><strong>* T\u1ef7 l\u1ec7 s\u1eed d\u1ee5ng: <\/strong><\/h2>\n<p><span style=\"font-weight: 400;\">\u0110\u00e2y l\u00e0 t\u1ef7 l\u1ec7 s\u1eed d\u1ee5ng r\u1ea5t th\u1ea5p. Pha ch\u1ea5t t\u1ea1o b\u1ecdt b\u00ea t\u00f4ng nh\u1eb9 trong n\u01b0\u1edbc \u1edf t\u1ef7 l\u1ec7 2.5 &#8211; 3%. Khi \u0111\u00e3 c\u00f3 kinh nghi\u1ec7m, c\u00f3 th\u1ec3 gi\u1ea3m t\u1ef7 l\u1ec7 xu\u1ed1ng 2%.<\/span><\/p>","protected":false},"excerpt":{"rendered":"<p>EABASSOC ch\u1ea5t t\u1ea1o b\u1ecdt b\u00ea t\u00f4ng nh\u1eb9 c\u1ee7a H\u00e3ng c\u00f3 t\u00ednh \u1ed5n \u0111\u1ecbnh r\u1ea5t cao. Dung d\u1ecbch ch\u1ea5t t\u1ea1o b\u1ecdt sau khi qua m\u00e1y t\u1ea1o b\u1ecdt s\u1ebd t\u1ea1o ra b\u1ecdt kh\u00ed v\u1eefng ch\u1eafc, m\u00e0u tr\u1eafng, r\u1ea5t m\u1ecbn, kh\u00e1c v\u1edbi ch\u1ea5t t\u1ea1o b\u1ecdt Protein m\u00e0u n\u00e2u kh\u00e1c c\u00f3 c\u1ee1 b\u1ecdt r\u1ea5t to. Khi tr\u1ed9n v\u00e0o v\u1eefa [&hellip;]<\/p>","protected":false},"featured_media":9433,"comment_status":"closed","ping_status":"closed","template":"","meta":[],"yst_prominent_words":[],"acf":[],"_links":{"self":[{"href":"https:\/\/pcecatlam.vn\/km\/wp-json\/wp\/v2\/product\/8750"}],"collection":[{"href":"https:\/\/pcecatlam.vn\/km\/wp-json\/wp\/v2\/product"}],"about":[{"href":"https:\/\/pcecatlam.vn\/km\/wp-json\/wp\/v2\/types\/product"}],"replies":[{"embeddable":true,"href":"https:\/\/pcecatlam.vn\/km\/wp-json\/wp\/v2\/comments?post=8750"}],"wp:featuredmedia":[{"embeddable":true,"href":"https:\/\/pcecatlam.vn\/km\/wp-json\/wp\/v2\/media\/9433"}],"wp:attachment":[{"href":"https:\/\/pcecatlam.vn\/km\/wp-json\/wp\/v2\/media?parent=8750"}],"wp:term":[{"taxonomy":"yst_prominent_words","embeddable":true,"href":"https:\/\/pcecatlam.vn\/km\/wp-json\/wp\/v2\/yst_prominent_words?post=8750"}],"curies":[{"name":"wp","href":"https:\/\/api.w.org\/{rel}","templated":true}]}}