{"id":8740,"date":"2023-08-17T11:05:29","date_gmt":"2023-08-17T04:05:29","guid":{"rendered":"https:\/\/pcecatlam.vn\/?post_type=product&#038;p=8740"},"modified":"2024-07-01T15:16:54","modified_gmt":"2024-07-01T08:16:54","slug":"phu-gia-tao-bot-beropore-30","status":"publish","type":"product","link":"https:\/\/pcecatlam.vn\/km\/product\/phu-gia-tao-bot-beropore-30\/","title":{"rendered":"AEBASSOC \u179f\u17b6\u179a\u1792\u17b6\u178f\u17bb\u1794\u1793\u17d2\u1790\u17c2\u1798\u1796\u1796\u17bb\u17c7"},"content":{"rendered":"<p><span style=\"font-weight: 400;\"><strong>BeroPore 30<\/strong> l\u00e0 ph\u1ee5 gia t\u1ea1o b\u1ecdt, h\u1ed7n h\u1ee3p ch\u1ea5t ho\u1ea1t \u0111\u1ed9ng b\u1ec1 m\u1eb7t \u0111a pha ch\u1ea5t l\u01b0\u1ee3ng cao.<\/span><\/p>\n<p><span style=\"font-weight: 400;\">C\u00e1c l\u1ed7 kh\u00ed h\u00ecnh th\u00e0nh r\u1ea5t m\u1ecbn, \u0111\u1ec1u v\u00e0 r\u1ea5t \u1ed5n \u0111\u1ecbnh. T\u1ef7 l\u1ec7 l\u1ed7 b\u1ecdt kh\u00ed th\u00f4 gi\u1ea3m \u0111\u00e1ng k\u1ec3.<\/span><\/p>\n<p><span style=\"font-weight: 400;\">BeroPore 30 s\u1eed d\u1ee5ng t\u1ed1t cho h\u1ec7 v\u1eefa g\u1ed1c th\u1ea1ch cao, th\u1ea1ch cao\/v\u00f4i v\u00e0 v\u1eefa g\u1ed1c xi m\u0103ng.<\/span><\/p>\n<p><span style=\"font-weight: 400;\">Trong h\u1ec7 ch\u1ea5t k\u1ebft d\u00ednh th\u1ea1ch cao v\u00e0 th\u1ea1ch cao\/v\u00f4i, BeroPore 30 l\u00e0m ch\u1eadm qu\u00e1 tr\u00ecnh ninh k\u1ebft. Hi\u1ec7u \u1ee9ng n\u00e0y ph\u1ea3i \u0111\u01b0\u1ee3c c\u00e2n ch\u1ec9nh l\u1ea1i t\u1ec9 l\u1ec7 c\u00e1c ph\u1ee5 gia l\u00e0m ch\u1eadm ninh k\u1ebft. Khuy\u1ebfn c\u00e1o khi d\u00f9ng BeroPore 30 n\u00ean gi\u1ea3m li\u1ec1u l\u01b0\u1ee3ng c\u00e1c lo\u1ea1i ph\u1ee5 gia l\u00e0m ch\u1eadm ninh k\u1ebft (v\u00ed d\u1ee5: axit tartaric, axit xitric, v.v.).<\/span><\/p>\n<p><span style=\"font-weight: 400;\">Gi\u00fap thi c\u00f4ng b\u1ed9t tr\u00e9t t\u01b0\u1eddng d\u1ec5 d\u00e0ng h\u01a1n \u1edf giai \u0111o\u1ea1n ho\u00e0n thi\u1ec7n (trong qu\u00e1 tr\u00ecnh x\u1ea3 nh\u00e1m v\u00e0 l\u00e0m ph\u1eb3ng). Ngo\u00e0i ra BeroPore 30 c\u00f2n gi\u00fap b\u1ecdt kh\u00ed tr\u00ean b\u1ec1 m\u1eb7t gi\u1ea3m.<\/span><\/p>\n<p><span style=\"font-weight: 400;\">C\u1ea3i thi\u1ec7n kh\u1ea3 n\u0103ng ch\u1ed1ng ch\u00e1y c\u1ee7a th\u1ea1ch cao v\u00e0 hi\u1ec7u su\u1ea5t l\u00e0m vi\u1ec7c. Vi\u1ec7c phun b\u1ed9t tr\u00e9t v\u00e0 n\u1ea1o b\u1ed9t tr\u00e9t b\u1eb1ng d\u1ee5ng c\u1ee5 d\u1ec5 d\u00e0ng h\u01a1n nhi\u1ec1u.<\/span><\/p>\n<p><span style=\"font-weight: 400;\">BeroPore 30 t\u1ea1o ra \u0111\u1ed9 \u0111\u1eb7c m\u1ecbn h\u01a1n \u0111\u00e1ng k\u1ec3 \u1edf c\u00f9ng \u0111\u1ed9 s\u1ee5t.<\/span><\/p>\n<p><span style=\"font-weight: 400;\">Th\u00f4ng qua vi\u1ec7c cu\u1ed1n kh\u00ed c\u00f3 ch\u1ee7 \u0111\u00edch, n\u0103ng su\u1ea5t \u0111\u01b0\u1ee3c c\u1ea3i thi\u1ec7n \u0111\u00e1ng k\u1ec3.<\/span><\/p>\n<h2><b>Th\u00f4ng s\u1ed1 k\u1ef9 thu\u1eadt<\/b><\/h2>\n<p><span style=\"font-weight: 400;\">Ngo\u1ea1i quan: b\u1ed9t tr\u1eafng m\u1ecbn<\/span><\/p>\n<p><span style=\"font-weight: 400;\">Kh\u1ed1i l\u01b0\u1ee3ng ri\u00eang: 400-600g\/l<\/span><\/p>\n<p><span style=\"font-weight: 400;\">\u0110\u1ed9 \u1ea9m: t\u1ed1i \u0111a. 1,0 %<\/span><\/p>\n<p><span style=\"font-weight: 400;\">Ho\u1ea1t ch\u1ea5t: h\u1ed7n h\u1ee3p ch\u1ea5t ho\u1ea1t \u0111\u1ed9ng b\u1ec1 m\u1eb7t, h\u00e0m l\u01b0\u1ee3ng ho\u1ea1t ch\u1ea5t: 30%<\/span><\/p>\n<p><span style=\"font-weight: 400;\">kh\u1ea3 n\u0103ng t\u01b0\u01a1ng th\u00edch<\/span><\/p>\n<p><span style=\"font-weight: 400;\">BeroPore 30 t\u01b0\u01a1ng th\u00edch v\u1edbi t\u1ea5t c\u1ea3 c\u00e1c ph\u1ee5 gia v\u1eefa ti\u00eau chu\u1ea9n nh\u01b0 ete cellulose, ch\u1ea5t x\u00fac t\u00e1c, ch\u1ea5t l\u00e0m ch\u1eadm ninh k\u1ebft, b\u1ed9t polyme t\u00e1i ph\u00e2n t\u00e1n, v.v.<\/span><\/p>\n<p><b>H\u1ea1n s\u1eed d\u1ee5ng:<\/b><span style=\"font-weight: 400;\"> 24 th\u00e1ng n\u1ebfu \u0111\u01b0\u1ee3c b\u1ea3o qu\u1ea3n \u0111\u00fang c\u00e1ch trong \u0111i\u1ec1u ki\u1ec7n kh\u00f4 r\u00e1o (\u0111\u1ed9 \u1ea9m t\u01b0\u01a1ng \u0111\u1ed1i t\u1ed1i \u0111a 70 %) v\u00e0 tr\u00e1nh \u00e1nh n\u1eafng m\u1eb7t tr\u1eddi tr\u1ef1c ti\u1ebfp ho\u1eb7c ngu\u1ed3n nhi\u1ec7t cao<\/span><\/p>\n<p><b>Quy c\u00e1ch \u0111\u00f3ng g\u00f3i:<\/b><span style=\"font-weight: 400;\"> Theo y\u00eau c\u1ea7u<\/span><\/p>\n<h2><strong>\u01afu \u0111i\u1ec3m c\u1ee7a BeroPore 30<\/strong><b>:<\/b><\/h2>\n<p><span style=\"font-weight: 400;\">V\u1eefa kh\u00f4 g\u1ed1c xi m\u0103ng:<\/span><\/p>\n<p><span style=\"font-weight: 400;\">&#8211; C\u1ea3i thi\u1ec7n kh\u1ea3 n\u0103ng l\u00e0m vi\u1ec7c<\/span><\/p>\n<p><span style=\"font-weight: 400;\">&#8211; Gi\u1ea3m \u0111\u1ed9 d\u00ednh c\u1ee7a v\u1eefa<\/span><\/p>\n<p><span style=\"font-weight: 400;\">&#8211; Ti\u1ebft ki\u1ec7m ch\u1ea5t l\u00e0m ch\u1eadm th\u1ea1ch cao v\u00e0 v\u00f4i \/<\/span><\/p>\n<p><span style=\"font-weight: 400;\">&#8211; Ch\u1ea5t k\u1ebft d\u00ednh g\u1ed1c th\u1ea1ch cao<\/span><\/p>\n<p><span style=\"font-weight: 400;\">&#8211; Kh\u1ea3 n\u0103ng ch\u1ed1ng ch\u1ea3y x\u1ec7 tuy\u1ec7t v\u1eddi<\/span><\/p>\n<p><span style=\"font-weight: 400;\">&#8211; N\u1ea1p kh\u00ed an to\u00e0n<\/span><\/p>\n<p><span style=\"font-weight: 400;\">&#8211; \u1ed4n \u0111\u1ecbnh h\u1ec7 th\u1ed1ng l\u1ed7 kh\u00ed\u00a0<\/span><\/p>\n<p><span style=\"font-weight: 400;\">&#8211; H\u1ec7 th\u1ed1ng kh\u00f4ng kh\u00ed r\u1ea5t m\u1ecbn<\/span><\/p>\n<p><span style=\"font-weight: 400;\">&#8211; \u00cdt d\u00ednh v\u00e0o d\u1ee5ng c\u1ee5 l\u00e0m vi\u1ec7c<\/span><\/p>\n<p><span style=\"font-weight: 400;\">&#8211; Gi\u1ea3m n\u1ee9t<\/span><\/p>\n<p><span style=\"font-weight: 400;\">&#8211; T\u1ea1o s\u1ef1 \u0111\u1ed3ng nh\u1ea5t<\/span><\/p>\n<p><span style=\"font-weight: 400;\">&#8211; N\u0103ng su\u1ea5t cao h\u01a1n<\/span><\/p>\n<p><span style=\"font-weight: 400;\">&#8211; Kh\u1ea3 n\u0103ng b\u01a1m c\u1ee7a th\u1ea1ch cao d\u1ec5 d\u00e0ng h\u01a1n<\/span><\/p>\n<p><span style=\"font-weight: 400;\">&#8211; Gi\u1ea3m s\u1ef1 h\u00ecnh th\u00e0nh bong b\u00f3ng tr\u00ean b\u1ec1 m\u1eb7t th\u1ea1ch cao<\/span><\/p>\n<h2><strong>C\u00e1c \u1ee9ng d\u1ee5ng c\u1ee7a BeroPore 30<\/strong><\/h2>\n<p><span style=\"font-weight: 400;\">&#8211; B\u1ed9t tr\u00e9t c\u00e1c lo\u1ea1i (thi c\u00f4ng tay, phun)<\/span><\/p>\n<p><span style=\"font-weight: 400;\">&#8211; V\u1eefa x\u00e2y t\u00f4<\/span><\/p>\n<p><span style=\"font-weight: 400;\">&#8211; S\u1eeda ch\u1eefa v\u1eefa<\/span><\/p>\n<p><span style=\"font-weight: 400;\">&#8211; B\u1ed9t tr\u00e9t c\u1ea3i ti\u1ebfn<\/span><\/p>\n<p><span style=\"font-weight: 400;\">&#8211; B\u1ed9t tr\u00e9t nh\u1eb9<\/span><\/p>\n<p><span style=\"font-weight: 400;\">&#8211; Th\u1ea1ch cao c\u00e1ch nhi\u1ec7t<\/span><\/p>","protected":false},"excerpt":{"rendered":"<p>BeroPore 30 l\u00e0 ph\u1ee5 gia t\u1ea1o b\u1ecdt, h\u1ed7n h\u1ee3p ch\u1ea5t ho\u1ea1t \u0111\u1ed9ng b\u1ec1 m\u1eb7t \u0111a pha ch\u1ea5t l\u01b0\u1ee3ng cao. C\u00e1c l\u1ed7 kh\u00ed h\u00ecnh th\u00e0nh r\u1ea5t m\u1ecbn, \u0111\u1ec1u v\u00e0 r\u1ea5t \u1ed5n \u0111\u1ecbnh. T\u1ef7 l\u1ec7 l\u1ed7 b\u1ecdt kh\u00ed th\u00f4 gi\u1ea3m \u0111\u00e1ng k\u1ec3. BeroPore 30 s\u1eed d\u1ee5ng t\u1ed1t cho h\u1ec7 v\u1eefa g\u1ed1c th\u1ea1ch cao, th\u1ea1ch cao\/v\u00f4i v\u00e0 v\u1eefa [&hellip;]<\/p>","protected":false},"featured_media":9435,"comment_status":"closed","ping_status":"closed","template":"","meta":[],"yst_prominent_words":[],"acf":[],"_links":{"self":[{"href":"https:\/\/pcecatlam.vn\/km\/wp-json\/wp\/v2\/product\/8740"}],"collection":[{"href":"https:\/\/pcecatlam.vn\/km\/wp-json\/wp\/v2\/product"}],"about":[{"href":"https:\/\/pcecatlam.vn\/km\/wp-json\/wp\/v2\/types\/product"}],"replies":[{"embeddable":true,"href":"https:\/\/pcecatlam.vn\/km\/wp-json\/wp\/v2\/comments?post=8740"}],"wp:featuredmedia":[{"embeddable":true,"href":"https:\/\/pcecatlam.vn\/km\/wp-json\/wp\/v2\/media\/9435"}],"wp:attachment":[{"href":"https:\/\/pcecatlam.vn\/km\/wp-json\/wp\/v2\/media?parent=8740"}],"wp:term":[{"taxonomy":"yst_prominent_words","embeddable":true,"href":"https:\/\/pcecatlam.vn\/km\/wp-json\/wp\/v2\/yst_prominent_words?post=8740"}],"curies":[{"name":"wp","href":"https:\/\/api.w.org\/{rel}","templated":true}]}}