{"id":8687,"date":"2023-08-15T16:04:37","date_gmt":"2023-08-15T09:04:37","guid":{"rendered":"https:\/\/pcecatlam.vn\/?post_type=product&#038;p=8687"},"modified":"2023-11-24T15:52:27","modified_gmt":"2023-11-24T08:52:27","slug":"phu-gia-diet-khuan-anti-b-1612","status":"publish","type":"product","link":"https:\/\/pcecatlam.vn\/km\/product\/phu-gia-diet-khuan-anti-b-1612\/","title":{"rendered":"\u179f\u17b6\u179a\u1792\u17b6\u178f\u17bb\u1794\u1793\u17d2\u1790\u17c2\u1798\u1794\u17d2\u179a\u1786\u17b6\u17c6\u1784\u1794\u17b6\u1780\u17cb\u178f\u17c1\u179a\u17b8 ANTI B-1612"},"content":{"rendered":"<p><span style=\"font-weight: 400;\">Ph\u1ee5 gia di\u1ec7t khu\u1ea9n <a href=\"https:\/\/pcecatlam.vn\/product\/anti-b1612-phu-gia-diet-khuan\/\"><strong>ANTI B-1612<\/strong><\/a> l\u00e0\u00a0 s\u1ef1 k\u1ebft h\u1ee3p d\u1ea1ng l\u1ecfng c\u1ee7a c\u00e1c ho\u1ea1t ch\u1ea5t \u0111\u1ec3 b\u1ea3o qu\u1ea3n s\u1ea3n ph\u1ea9m d\u1ea1ng l\u1ecfng ho\u1eb7c nh\u0169 t\u01b0\u01a1ng nh\u01b0 s\u01a1n ph\u00e2n t\u00e1n, keo d\u00e1n, b\u1ed9t nh\u00e3o \u0111\u1eb7c ho\u1eb7c ph\u1ee5 gia l\u1ecfng ng\u00e0nh x\u00e2y d\u1ef1ng. ANTI-B1612 cho ph\u00e9p ki\u1ec3m so\u00e1t vi khu\u1ea9n v\u00e0 n\u1ea5m v\u1edbi hi\u1ec7u qu\u1ea3 kinh t\u1ebf vao trong c\u00e1c h\u1ec7 th\u1ed1ng s\u1ea3n xu\u1ea5t kh\u00e9p.<\/span><\/p>\n<h2><b>\u1ee8NG D\u1ee4NG C\u1ee6A ANTI B-1612<\/b><\/h2>\n<ul>\n<li style=\"font-weight: 400;\" aria-level=\"1\"><span style=\"font-weight: 400;\">Ph\u1ee5 gia b\u00ea t\u00f4ng<\/span><\/li>\n<li style=\"font-weight: 400;\" aria-level=\"1\"><span style=\"font-weight: 400;\">X\u1eed l\u00fd n\u01b0\u1edbc<\/span><\/li>\n<li style=\"font-weight: 400;\" aria-level=\"1\"><span style=\"font-weight: 400;\">S\u01a1n ph\u00e2n t\u00e1n<\/span><\/li>\n<li style=\"font-weight: 400;\" aria-level=\"1\"><span style=\"font-weight: 400;\">Keo d\u00e1n<\/span><\/li>\n<li style=\"font-weight: 400;\" aria-level=\"1\"><span style=\"font-weight: 400;\">C\u00e1c lo\u1ea1i s\u1ea3n ph\u1ea9m ng\u00e0nh x\u00e2y d\u1ef1ng d\u1ea1ng l\u1ecfng<\/span><\/li>\n<\/ul>\n<h2><b>T\u00cdNH T\u01af\u01a0NG TH\u00cdCH C\u1ee6A ANTI B-1612<\/b><\/h2>\n<p><span style=\"font-weight: 400;\">Kh\u1ea3 n\u0103ng h\u00f2a tan: c\u00f3 th\u1ec3 t\u1ea1o c\u00e1c lo\u1ea1i dung d\u1ecbch trong su\u1ed1t nh\u01b0 n\u01b0\u1edbc, r\u01b0\u1ee3u, glycol, ether glycol theo m\u1ecdi t\u1ec9 l\u1ec7<\/span><\/p>\n<p><span style=\"font-weight: 400;\">Ph\u1ee5 gia ANTI B-1612 kh\u00f4ng t\u1ea1o ph\u1ee9c m\u00e0u v\u1edbi mu\u1ed1i c\u1ee7a kim lo\u1ea1i n\u1eb7ng, kh\u00f4ng t\u01b0\u01a1ng th\u00edch v\u1edbi c\u00e1c c\u00e1c h\u00f3a ch\u1ea5t c\u00f3 ho\u1ea1t t\u00ednh cao nh\u01b0 andehyde<\/span><\/p>\n<h2><b>\u01afU \u0110I\u1ec2M C\u1ee6A ANTI B-1612<\/b><\/h2>\n<ul>\n<li style=\"font-weight: 400;\" aria-level=\"1\"><span style=\"font-weight: 400;\">Ch\u1ed1ng nhi\u1ec1u lo\u1ea1i vi khu\u1ea9n (gram \u00e2m v\u00e0 gram d\u01b0\u01a1ng) trong c\u1ea3 \u0111i\u1ec1u ki\u1ec7n hi\u1ebfu kh\u00ed ho\u1eb7c k\u1ef5 kh\u00ed<\/span><\/li>\n<li style=\"font-weight: 400;\" aria-level=\"1\"><span style=\"font-weight: 400;\">Ch\u1ed1ng l\u1ea1i c\u00e1c lo\u1ea1i n\u1ea5m men v\u00e0 n\u1ea5m m\u1ed1c trong ng\u00e0nh x\u00e2y d\u1ef1ng<\/span><\/li>\n<li style=\"font-weight: 400;\" aria-level=\"1\"><span style=\"font-weight: 400;\">Gi\u00fap b\u1ea3o qu\u1ea3n ph\u1ee5 gia \u0111\u01b0\u1ee3c l\u00e2u h\u01a1n, kh\u00f4ng b\u1ecb \u1ea3nh h\u01b0\u1edfng b\u1edfi<\/span><\/li>\n<li style=\"font-weight: 400;\" aria-level=\"1\"><span style=\"font-weight: 400;\">C\u00f3 th\u1ec3 th\u00eam v\u00e0o b\u1ea5t k\u00ec l\u00fac n\u00e0o, tuy nhi\u00ean n\u00ean th\u00eam v\u00e0o ngay t\u1eeb \u0111\u1ea7u qu\u00e1 tr\u00ecnh s\u1ea3n xu\u1ea5t<\/span><\/li>\n<li style=\"font-weight: 400;\" aria-level=\"1\"><span style=\"font-weight: 400;\">T\u01b0\u01a1ng th\u00edch v\u1edbi h\u1ea7u h\u1ebft c\u00e1c lo\u1ea1i ph\u1ee5 gia b\u00ea t\u00f4ng.<\/span><\/li>\n<\/ul>\n<h2><b>TH\u00d4NG S\u1ed0 K\u1ef8 THU\u1eacT<\/b><\/h2>\n<table>\n<tbody>\n<tr>\n<td><span style=\"font-weight: 400;\">Ngo\u1ea1i quan \/ m\u00e0u s\u1eafc<\/span><\/td>\n<td><span style=\"font-weight: 400;\">Ch\u1ea5t l\u1ecfng kh\u00f4ng m\u00e0u, trong su\u1ed1t<\/span><\/td>\n<\/tr>\n<tr>\n<td><span style=\"font-weight: 400;\">H\u00e0m l\u01b0\u1ee3ng ch\u1ea5t r\u1eafn, %<\/span><\/td>\n<td><span style=\"font-weight: 400;\">50,0 \u00b1 1,0<\/span><\/td>\n<\/tr>\n<tr>\n<td><span style=\"font-weight: 400;\">T\u1ec9 tr\u1ecdng 20<\/span><span style=\"font-weight: 400;\">0<\/span><span style=\"font-weight: 400;\">C, g\/cm<\/span><span style=\"font-weight: 400;\">3<\/span><\/td>\n<td><span style=\"font-weight: 400;\">1.029\u00b1 0,01<\/span><\/td>\n<\/tr>\n<tr>\n<td><span style=\"font-weight: 400;\">\u0110i\u1ec3m b\u1eaft l\u1eeda<\/span><\/td>\n<td><span style=\"font-weight: 400;\">&gt;100\u00b0C<\/span><\/td>\n<\/tr>\n<tr>\n<td><span style=\"font-weight: 400;\">\u0110\u1ed9 pH<\/span><\/td>\n<td><span style=\"font-weight: 400;\">3 \u00f7 6<\/span><\/td>\n<\/tr>\n<\/tbody>\n<\/table>\n<h2><b>\u0110\u00d3NG G\u00d3I V\u00c0 L\u01afU TR\u1eee<\/b><\/h2>\n<p><span style=\"font-weight: 400;\">ANTI B-1612 \u0111\u01b0\u1ee3c \u0111\u00f3ng g\u00f3i trong phi nh\u1ef1a 230 Kg, b\u1ed3n 1100 Kg\/ IBC ho\u1eb7c theo y\u00eau c\u1ea7u c\u1ee7a kh\u00e1ch h\u00e0ng;<\/span><\/p>\n<p><span style=\"font-weight: 400;\">B\u1ea3o qu\u1ea3n \u1edf nhi\u1ec7t \u0111\u1ed9 0-32<\/span><span style=\"font-weight: 400;\">o<\/span><span style=\"font-weight: 400;\">C, \u0111\u1ec3 tr\u00e1nh \u00e1nh s\u00e1ng m\u1eb7t tr\u1eddi tr\u1ef1c ti\u1ebfp;<\/span><\/p>\n<p><span style=\"font-weight: 400;\">Vi\u1ec7c b\u1ea3o qu\u1ea3n ph\u1ee5 gia \u1edf d\u01b0\u1edbi 0<\/span><span style=\"font-weight: 400;\"> o<\/span><span style=\"font-weight: 400;\">C s\u1ebd l\u00e0m h\u00f3a r\u1eafn ph\u1ee5 gia. Sau khi \u0111\u1ec3 ph\u1ee5 gia \u1edf nhi\u1ec7t \u0111\u1ed9 ph\u00f2ng, s\u1ea3n ph\u1ea9m s\u1ebd h\u00f3a l\u1ecfng, sau khi khu\u1ea5y \u0111\u1ec1u th\u00ec hi\u1ec7u qu\u1ea3 s\u1eed d\u1ee5ng s\u1ebd \u0111\u01b0\u1ee3c kh\u00f4i ph\u1ee5c l\u1ea1i nh\u01b0 b\u00ecnh th\u01b0\u1eddng.<\/span><\/p>\n<p><span style=\"font-weight: 400;\">12 th\u00e1ng k\u1ec3 t\u1eeb ng\u00e0y s\u1ea3n xu\u1ea5t (ch\u01b0a m\u1edf bao b\u00ec).<\/span><\/p>\n<h2><b>C\u00c1CH S\u1eec D\u1ee4NG<\/b><\/h2>\n<p><span style=\"font-weight: 400;\">T\u1ef7 l\u1ec7 s\u1eed d\u1ef1ng c\u1ee7a ANTI B-1612 ph\u1ee5 thu\u1ed9c v\u00e0o m\u1ee9c \u0111\u1ed9 nhi\u1ec5m b\u1ea9n c\u1ee7a nguy\u00ean li\u1ec7u th\u00f4 v\u00e0 t\u00f9y thu\u1ed9c v\u00e0o t\u00ednh d\u1ec5 nhi\u1ec5m khu\u1ea9n c\u1ee7a nguy\u00ean li\u1ec7u th\u00f4 v\u00e0 \u0111\u1ed9 \u1ed5n \u0111\u1ecbnh v\u00e0 ho\u1ea1t t\u00ednh c\u1ee7a s\u1ea3n ph\u1ea9m \u0111\u01b0\u1ee3c b\u1ea3o qu\u1ea3n<\/span><\/p>\n<p><span style=\"font-weight: 400;\">M\u1ee9c \u0111\u1ed9 \u00f4 nhi\u1ec5m v\u00e0 ho\u1ea1t t\u00ednh c\u1ee7a c\u1ee7a s\u1ea3n ph\u1ea9m c\u00f3 th\u1ec3 b\u1ecb \u1ea3nh h\u01b0\u1edfng theo m\u00f9a do \u0111\u1ed9 ch\u00eanh l\u1ec7ch nhi\u1ec7t \u0111\u1ed9 v\u00e0 \u0111\u1ed9 \u1ea9m. C\u1ea7n l\u01b0u \u00fd \u0111\u1ed1i v\u1edbi c\u00e1c lo\u1ea1i v\u1eadt li\u1ec7u d\u1ec5 b\u1ecb nhi\u1ec5m khu\u1ea9n v\u00e0 c\u00e1c d\u00f2ng s\u1ea3n ph\u1ea9m c\u00f3 ho\u1ea1t t\u00ednh m\u1ea1nh.<\/span><\/p>\n<p><span style=\"font-weight: 400;\">T\u1ec9 l\u1ec7 s\u1eed d\u1ee5ng \u0111\u01b0\u1ee3c \u0111\u1ec1 xu\u1ea5t:\u00a0 \u00a0 <\/span> <span style=\"font-weight: 400;\">0.05-0.15% \u0111\u1ed1i v\u1edbi ch\u1ea5t k\u1ebft d\u00ednh<\/span><\/p>\n<p><span style=\"font-weight: 400;\">0.1-0.5% \u0111\u1ed1i v\u1edbi dung d\u1ecbch s\u01a1n, keo ph\u00e2n t\u00e1n<\/span><\/p>\n<p><span style=\"font-weight: 400;\">\u0110\u1ed1i v\u1edbi m\u1ed9t s\u1ed1 \u1ee9ng d\u1ee5ng \u0111\u1eb7c bi\u1ec7t, vui l\u00f2ng li\u00ean h\u1ec7 v\u1edbi b\u1ed9 ph\u1eadn k\u1ef9 thu\u1eadt c\u1ee7a ch\u00fang t\u00f4i \u0111\u1ec3 \u0111\u01b0\u1ee3c h\u1ed7 tr\u1ee3<\/span><\/p>","protected":false},"excerpt":{"rendered":"<p>Ph\u1ee5 gia di\u1ec7t khu\u1ea9n ANTI B-1612 l\u00e0\u00a0 s\u1ef1 k\u1ebft h\u1ee3p d\u1ea1ng l\u1ecfng c\u1ee7a c\u00e1c ho\u1ea1t ch\u1ea5t \u0111\u1ec3 b\u1ea3o qu\u1ea3n s\u1ea3n ph\u1ea9m d\u1ea1ng l\u1ecfng ho\u1eb7c nh\u0169 t\u01b0\u01a1ng nh\u01b0 s\u01a1n ph\u00e2n t\u00e1n, keo d\u00e1n, b\u1ed9t nh\u00e3o \u0111\u1eb7c ho\u1eb7c ph\u1ee5 gia l\u1ecfng ng\u00e0nh x\u00e2y d\u1ef1ng. ANTI-B1612 cho ph\u00e9p ki\u1ec3m so\u00e1t vi khu\u1ea9n v\u00e0 n\u1ea5m v\u1edbi hi\u1ec7u qu\u1ea3 kinh [&hellip;]<\/p>","protected":false},"featured_media":9190,"comment_status":"closed","ping_status":"closed","template":"","meta":[],"yst_prominent_words":[],"acf":[],"_links":{"self":[{"href":"https:\/\/pcecatlam.vn\/km\/wp-json\/wp\/v2\/product\/8687"}],"collection":[{"href":"https:\/\/pcecatlam.vn\/km\/wp-json\/wp\/v2\/product"}],"about":[{"href":"https:\/\/pcecatlam.vn\/km\/wp-json\/wp\/v2\/types\/product"}],"replies":[{"embeddable":true,"href":"https:\/\/pcecatlam.vn\/km\/wp-json\/wp\/v2\/comments?post=8687"}],"wp:featuredmedia":[{"embeddable":true,"href":"https:\/\/pcecatlam.vn\/km\/wp-json\/wp\/v2\/media\/9190"}],"wp:attachment":[{"href":"https:\/\/pcecatlam.vn\/km\/wp-json\/wp\/v2\/media?parent=8687"}],"wp:term":[{"taxonomy":"yst_prominent_words","embeddable":true,"href":"https:\/\/pcecatlam.vn\/km\/wp-json\/wp\/v2\/yst_prominent_words?post=8687"}],"curies":[{"name":"wp","href":"https:\/\/api.w.org\/{rel}","templated":true}]}}