{"id":8642,"date":"2023-08-11T18:07:51","date_gmt":"2023-08-11T11:07:51","guid":{"rendered":"https:\/\/pcecatlam.vn\/?post_type=product&#038;p=8642"},"modified":"2023-12-07T16:54:58","modified_gmt":"2023-12-07T09:54:58","slug":"phu-gia-dong-ran-nhanh-lithium-carbonate-li2co3","status":"publish","type":"product","link":"https:\/\/pcecatlam.vn\/km\/product\/phu-gia-dong-ran-nhanh-lithium-carbonate-li2co3\/","title":{"rendered":"\u179f\u17b6\u179a\u1792\u17b6\u178f\u17bb\u1794\u1793\u17d2\u1790\u17c2\u1798\u179b\u17b8\u1785\u17bc\u1798\u1780\u17b6\u1794\u17bc\u178e\u17b6\u178f Li2CO3 \u178a\u17c2\u179b\u17a2\u17b6\u1785\u1796\u17d2\u1799\u17b6\u1794\u17b6\u179b\u1794\u17b6\u1793\u179b\u17bf\u1793"},"content":{"rendered":"<p><span style=\"font-weight: 400;\"><strong>Lithium carbonate<\/strong> l\u00e0 m\u1ed9t h\u00f3a ch\u1ea5t c\u00f4ng nghi\u1ec7p quan tr\u1ecdng. N\u00f3 t\u1ea1o th\u00e0nh c\u00e1c d\u00f2ng n\u00f3ng ch\u1ea3y th\u1ea5p v\u1edbi silica v\u00e0 c\u00e1c v\u1eadt li\u1ec7u kh\u00e1c.<\/span><\/p>\n<p><span style=\"font-weight: 400;\">Th\u00f4ng tin s\u1ea3n ph\u1ea9m:<\/span><span style=\"font-weight: 400;\"><br \/>\n<\/span><span style=\"font-weight: 400;\"> \u2013 Ngo\u1ea1i quan: D\u1ea1ng b\u1ed9t, m\u00e0u tr\u1eafng<\/span><span style=\"font-weight: 400;\"><br \/>\n<\/span><span style=\"font-weight: 400;\"> \u2013 Quy c\u00e1ch: 25kg\/bao<\/span><span style=\"font-weight: 400;\"><br \/>\n<\/span><span style=\"font-weight: 400;\"> \u2013 Xu\u1ea5t x\u1ee9: China<\/span><\/p>\n<h2><strong>C\u00f4ng d\u1ee5ng\/\u1ee8ng d\u1ee5ng:<\/strong><\/h2>\n<p><span style=\"font-weight: 400;\">\u2013 Trong s\u1ea3n xu\u1ea5t th\u1ee7y tinh: \u0110\u1ed3 d\u00f9ng b\u1eb1ng th\u1ee7y tinh c\u00f3 ngu\u1ed3n g\u1ed1c t\u1eeb lithium carbonate c\u00f3 kh\u1ea3 n\u0103ng ch\u1ecbu nhi\u1ec7t r\u1ea5t t\u1ed1t.<\/span><span style=\"font-weight: 400;\"><br \/>\n<\/span><span style=\"font-weight: 400;\"> \u2013 Trong s\u1ea3n xu\u1ea5t g\u1ed1m s\u1ee9: Lithium carbonate l\u00e0 th\u00e0nh ph\u1ea7n ph\u1ed5 bi\u1ebfn trong c\u1ea3 l\u1eeda hi\u1ec7u su\u1ea5t cao v\u00e0 th\u1ea5p trong g\u1ed1m tr\u00e1ng men.<\/span><span style=\"font-weight: 400;\"><br \/>\n<\/span><span style=\"font-weight: 400;\"> \u2013 Trong s\u1ea3n xu\u1ea5t xi m\u0103ng: Lithium\u00a0 c\u00f3 t\u00e1c d\u1ee5ng l\u00e0m t\u0103ng \u0111\u1ed9 k\u1ebft d\u00ednh c\u1ee7a xi m\u0103ng cho g\u1ea1ch trong x\u00e2y d\u1ef1ng, t\u0103ng th\u1eddi gian ninh k\u1ebft v\u1edbi c\u00e1c nguy\u00ean v\u1eadt li\u1ec7u kh\u00e1c.<\/span><\/p>\n<p><span style=\"font-weight: 400;\">\u2013 Li2CO3 c\u00f2n \u0111\u01b0\u1ee3c d\u00f9ng trong s\u1ea3n xu\u1ea5t nh\u00f4m, trong s\u1ea3n xu\u1ea5t c\u1ee7a h\u1ea7u h\u1ebft c\u00e1c cathodes pin lithium-ion, \u0111\u01b0\u1ee3c l\u00e0m b\u1eb1ng lithium cobalt oxide.<\/span><\/p>","protected":false},"excerpt":{"rendered":"<p>Lithium carbonate l\u00e0 m\u1ed9t h\u00f3a ch\u1ea5t c\u00f4ng nghi\u1ec7p quan tr\u1ecdng. N\u00f3 t\u1ea1o th\u00e0nh c\u00e1c d\u00f2ng n\u00f3ng ch\u1ea3y th\u1ea5p v\u1edbi silica v\u00e0 c\u00e1c v\u1eadt li\u1ec7u kh\u00e1c. Th\u00f4ng tin s\u1ea3n ph\u1ea9m: \u2013 Ngo\u1ea1i quan: D\u1ea1ng b\u1ed9t, m\u00e0u tr\u1eafng \u2013 Quy c\u00e1ch: 25kg\/bao \u2013 Xu\u1ea5t x\u1ee9: China C\u00f4ng d\u1ee5ng\/\u1ee8ng d\u1ee5ng: \u2013 Trong s\u1ea3n xu\u1ea5t th\u1ee7y tinh: \u0110\u1ed3 d\u00f9ng [&hellip;]<\/p>","protected":false},"featured_media":9243,"comment_status":"closed","ping_status":"closed","template":"","meta":[],"yst_prominent_words":[],"acf":[],"_links":{"self":[{"href":"https:\/\/pcecatlam.vn\/km\/wp-json\/wp\/v2\/product\/8642"}],"collection":[{"href":"https:\/\/pcecatlam.vn\/km\/wp-json\/wp\/v2\/product"}],"about":[{"href":"https:\/\/pcecatlam.vn\/km\/wp-json\/wp\/v2\/types\/product"}],"replies":[{"embeddable":true,"href":"https:\/\/pcecatlam.vn\/km\/wp-json\/wp\/v2\/comments?post=8642"}],"wp:featuredmedia":[{"embeddable":true,"href":"https:\/\/pcecatlam.vn\/km\/wp-json\/wp\/v2\/media\/9243"}],"wp:attachment":[{"href":"https:\/\/pcecatlam.vn\/km\/wp-json\/wp\/v2\/media?parent=8642"}],"wp:term":[{"taxonomy":"yst_prominent_words","embeddable":true,"href":"https:\/\/pcecatlam.vn\/km\/wp-json\/wp\/v2\/yst_prominent_words?post=8642"}],"curies":[{"name":"wp","href":"https:\/\/api.w.org\/{rel}","templated":true}]}}