{"id":8611,"date":"2023-08-08T16:13:54","date_gmt":"2023-08-08T09:13:54","guid":{"rendered":"https:\/\/pcecatlam.vn\/?post_type=product&#038;p=8611"},"modified":"2023-11-29T13:42:39","modified_gmt":"2023-11-29T06:42:39","slug":"phu-gia-giam-nuoc-ligno-clf","status":"publish","type":"product","link":"https:\/\/pcecatlam.vn\/km\/product\/phu-gia-giam-nuoc-ligno-clf\/","title":{"rendered":"\u179f\u17b6\u179a\u1792\u17b6\u178f\u17bb\u1794\u1793\u17d2\u1790\u17c2\u1798\u1780\u17b6\u178f\u17cb\u1794\u1793\u17d2\u1790\u1799\u1791\u17b9\u1780 Ligno CLF"},"content":{"rendered":"<p><strong>\u179f\u17b6\u179a\u1792\u17b6\u178f\u17bb\u1794\u1793\u17d2\u1790\u17c2\u1798\u1780\u17b6\u178f\u17cb\u1794\u1793\u17d2\u1790\u1799\u1791\u17b9\u1780 Ligno CLF<\/strong> l\u00e0 m\u1ed9t lo\u1ea1i ch\u1ea5t ph\u1ee5 gia \u0111\u01b0\u1ee3c s\u1eed d\u1ee5ng r\u1ed9ng r\u00e3i trong ng\u00e0nh x\u00e2y d\u1ef1ng v\u00e0 c\u00f4ng nghi\u1ec7p v\u1eadt li\u1ec7u x\u00e2y d\u1ef1ng. \u0110\u01b0\u1ee3c s\u1ea3n xu\u1ea5t t\u1eeb lignosulfonate, m\u1ed9t h\u1ee3p ch\u1ea5t t\u1ef1 nhi\u00ean t\u1ea1o th\u00e0nh t\u1eeb vi\u1ec7c ch\u1ebf bi\u1ebfn g\u1ed7. S\u1ea3n ph\u1ea9m n\u00e0y c\u00f3 kh\u1ea3 n\u0103ng c\u1ea3i thi\u1ec7n t\u00ednh ch\u1ea5t gi\u1ea3m n\u01b0\u1edbc c\u1ee7a b\u00ea t\u00f4ng v\u00e0 v\u1eefa m\u00e0 kh\u00f4ng \u1ea3nh h\u01b0\u1edfng \u0111\u1ebfn \u0111\u1ed9 b\u1ec1n c\u01a1 h\u1ecdc v\u00e0 hi\u1ec7u su\u1ea5t c\u1ee7a ch\u00fang.<\/p>\n<h2><strong>\u0110\u1eb7c t\u00ednh c\u1ee7a Ph\u1ee5 gia gi\u1ea3m n\u01b0\u1edbc Ligno CLF<\/strong><\/h2>\n<p>&#8211; Ligno CLF c\u00f3 kh\u1ea3 n\u0103ng gi\u1ea3m l\u01b0\u1ee3ng n\u01b0\u1edbc c\u1ea7n thi\u1ebft trong qu\u00e1 tr\u00ecnh tr\u1ed9n b\u00ea t\u00f4ng ho\u1eb7c v\u1eefa m\u00e0 v\u1eabn duy tr\u00ec \u0111\u1ed9 nh\u1edbt mong mu\u1ed1n. \u0110i\u1ec1u n\u00e0y c\u1ea3i thi\u1ec7n t\u00ednh ch\u1ea5t x\u1eed l\u00fd v\u00e0 tr\u1ea3i b\u00ea t\u00f4ng. Gi\u00fap t\u0103ng c\u01b0\u1eddng kh\u1ea3 n\u0103ng ch\u1ed1ng th\u1ea5m n\u01b0\u1edbc v\u00e0 t\u1ea1o s\u1ef1 \u0111\u1ed3ng nh\u1ea5t trong h\u1ed7n h\u1ee3p.<\/p>\n<p>&#8211; Ligno CLF gi\u00fap c\u1ea3i thi\u1ec7n t\u00ednh ch\u1ea5t co gi\u00e3n v\u00e0 linh ho\u1ea1t c\u1ee7a b\u00ea t\u00f4ng. V\u00e0 v\u1eefa, gi\u00fap t\u0103ng c\u01b0\u1eddng kh\u1ea3 n\u0103ng ch\u1ecbu l\u1ef1c v\u00e0 ch\u1ed1ng n\u1ee9t.<\/p>\n<p>&#8211; Ph\u1ee5 gia n\u00e0y gi\u00fap ki\u1ec3m so\u00e1t qu\u00e1 tr\u00ecnh tr\u1ed9n v\u00e0 x\u1eed l\u00fd b\u00ea t\u00f4ng, gi\u00fap h\u1ed7n h\u1ee3p \u0111\u01b0\u1ee3c ph\u00e2n t\u00e1n \u0111\u1ec1u v\u00e0 \u1ed5n \u0111\u1ecbnh. \u0110i\u1ec1u n\u00e0y c\u1ea3i thi\u1ec7n t\u00ednh ch\u1ea5t c\u1ee7a v\u1eadt li\u1ec7u x\u00e2y d\u1ef1ng v\u00e0 gi\u1ea3m thi\u1ec3u bi\u1ebfn \u0111\u1ed5i kh\u00f4ng mong mu\u1ed1n.<\/p>\n<p>&#8211; Ligno CLF c\u1ea3i thi\u1ec7n kh\u1ea3 n\u0103ng b\u01a1m c\u1ee7a b\u00ea t\u00f4ng. Gi\u00fap d\u1ec5 d\u00e0ng tr\u1ea3i b\u00ea t\u00f4ng v\u00e0o c\u00e1c k\u1ebft c\u1ea5u ph\u1ee9c t\u1ea1p v\u00e0 xa x\u00f4i.<\/p>\n<p>&#8211; Ph\u1ee5 gia gi\u1ea3m n\u01b0\u1edbc n\u00e0y gi\u00fap c\u1ea3i thi\u1ec7n t\u00ednh ch\u1ea5t \u1ed5n \u0111\u1ecbnh th\u1eddi gian c\u1ee7a b\u00ea t\u00f4ng v\u00e0 v\u1eefa. Gi\u00fap ki\u1ec3m so\u00e1t th\u1eddi gian \u0111\u00f4ng k\u1ebft v\u00e0 \u0111\u1ea1t \u0111\u01b0\u1ee3c k\u1ebft qu\u1ea3 mong mu\u1ed1n.<\/p>\n<p>&#8211; Ligno CLF c\u00f3 kh\u1ea3 n\u0103ng c\u1ea3i thi\u1ec7n kh\u1ea3 n\u0103ng ch\u1ed1ng th\u1ea5m n\u01b0\u1edbc c\u1ee7a b\u00ea t\u00f4ng v\u00e0 v\u1eefa. Gi\u00fap t\u0103ng c\u01b0\u1eddng kh\u1ea3 n\u0103ng ch\u1ecbu n\u01b0\u1edbc v\u00e0 t\u1ea1o l\u1edbp b\u1ec1 m\u1eb7t kh\u00e1ng n\u01b0\u1edbc.<\/p>\n<p>&#8211; S\u1ea3n ph\u1ea9m n\u00e0y c\u00f3 ngu\u1ed3n g\u1ed1c t\u1eeb lignin. M\u1ed9t h\u1ee3p ch\u1ea5t t\u1ef1 nhi\u00ean, kh\u00f4ng g\u00e2y h\u1ea1i cho m\u00f4i tr\u01b0\u1eddng v\u00e0 an to\u00e0n cho ng\u01b0\u1eddi s\u1eed d\u1ee5ng.<\/p>\n<h2><strong>\u1ee8ng d\u1ee5ng c\u1ee7a Ph\u1ee5 gia gi\u1ea3m n\u01b0\u1edbc Ligno CLF<\/strong><\/h2>\n<p>&#8211; Ligno CLF \u0111\u01b0\u1ee3c s\u1eed d\u1ee5ng trong s\u1ea3n xu\u1ea5t b\u00ea t\u00f4ng v\u00e0 v\u1eefa nh\u01b0 m\u1ed9t ph\u1ee5 gia gi\u1ea3m n\u01b0\u1edbc. S\u1ef1 hi\u1ec7n di\u1ec7n c\u1ee7a ph\u1ee5 gia n\u00e0y gi\u00fap gi\u1ea3m l\u01b0\u1ee3ng n\u01b0\u1edbc c\u1ea7n thi\u1ebft \u0111\u1ec3 \u0111\u1ea1t \u0111\u01b0\u1ee3c \u0111\u1ed9 nh\u1edbt mong mu\u1ed1n. C\u1ea3i thi\u1ec7n t\u00ednh ch\u1ea5t x\u1eed l\u00fd v\u00e0 tr\u1ea3i b\u00ea t\u00f4ng, v\u00e0 t\u0103ng c\u01b0\u1eddng kh\u1ea3 n\u0103ng ch\u1ed1ng th\u1ea5m n\u01b0\u1edbc v\u00e0 ch\u1ecbu l\u1ef1c.<\/p>\n<p>&#8211; Ligno CLF gi\u00fap c\u1ea3i thi\u1ec7n kh\u1ea3 n\u0103ng b\u01a1m c\u1ee7a b\u00ea t\u00f4ng. L\u00e0m cho qu\u00e1 tr\u00ecnh b\u01a1m b\u00ea t\u00f4ng v\u00e0o c\u00e1c k\u1ebft c\u1ea5u kh\u00f3 ti\u1ebfp c\u1eadn tr\u1edf n\u00ean d\u1ec5 d\u00e0ng h\u01a1n.<\/p>\n<p>&#8211; S\u1ea3n ph\u1ea9m n\u00e0y c\u00f3 th\u1ec3 \u0111\u01b0\u1ee3c s\u1eed d\u1ee5ng \u0111\u1ec3 s\u1ea3n xu\u1ea5t b\u00ea t\u00f4ng t\u1ef1 tr\u00f4i. \u0110\u01b0\u1ee3c s\u1eed d\u1ee5ng trong c\u00e1c c\u00f4ng tr\u00ecnh x\u00e2y d\u1ef1ng l\u1edbn ho\u1eb7c ph\u1ee9c t\u1ea1p. N\u01a1i c\u1ea7n \u0111\u1ea3m b\u1ea3o t\u00ednh ch\u00ednh x\u00e1c v\u00e0 \u0111\u1ed3ng nh\u1ea5t trong vi\u1ec7c tr\u1ea3i b\u00ea t\u00f4ng l\u00ean c\u00e1c k\u1ebft c\u1ea5u kh\u00f3 ti\u1ebfp c\u1eadn.<\/p>\n<p>&#8211; Ligno CLF c\u1ea3i thi\u1ec7n t\u00ednh ch\u1ea5t co gi\u00e3n v\u00e0 linh ho\u1ea1t c\u1ee7a v\u1eefa. Gi\u00fap t\u0103ng c\u01b0\u1eddng kh\u1ea3 n\u0103ng ch\u1ecbu l\u1ef1c v\u00e0 ch\u1ed1ng n\u1ee9t. \u0110i\u1ec1u n\u00e0y l\u00e0m cho n\u00f3 tr\u1edf th\u00e0nh m\u1ed9t l\u1ef1a ch\u1ecdn ph\u1ed5 bi\u1ebfn cho c\u00e1c \u1ee9ng d\u1ee5ng y\u00eau c\u1ea7u \u0111\u1ed9 b\u1ec1n cao.<\/p>\n<p>&#8211; Ligno CLF c\u00f3 th\u1ec3 \u0111\u01b0\u1ee3c s\u1eed d\u1ee5ng \u0111\u1ec3 c\u1ea3i thi\u1ec7n t\u00ednh ch\u1ea5t b\u00ea t\u00f4ng \u0111\u1ec3 t\u1ea1o ra c\u00e1c c\u1ea5u tr\u00fac ch\u1ed1ng th\u1ea5m n\u01b0\u1edbc v\u00e0 ch\u1ecbu t\u1ea3i tr\u1ecdng.<\/p>\n<p>&#8211; S\u1ea3n ph\u1ea9m n\u00e0y c\u0169ng c\u00f3 th\u1ec3 \u0111\u01b0\u1ee3c s\u1eed d\u1ee5ng trong s\u1ea3n xu\u1ea5t g\u1ea1ch kh\u00f4ng nung v\u00e0 g\u1ea1ch b\u00ea t\u00f4ng \u0111\u1ec3 c\u1ea3i thi\u1ec7n t\u00ednh ch\u1ea5t x\u1eed l\u00fd v\u00e0 t\u1ea1o \u0111\u1ed9 nh\u1edbt.<\/p>\n<p>&#8211; <a href=\"https:\/\/pcecatlam.vn\/product\/phu-gia-giam-nuoc-ligno-clf\/\">Ligno CLF<\/a> c\u00f2n \u0111\u01b0\u1ee3c s\u1eed d\u1ee5ng trong c\u00e1c \u1ee9ng d\u1ee5ng c\u00f4ng nghi\u1ec7p h\u00f3a ch\u1ea5t, nh\u01b0 l\u00e0 ch\u1ea5t t\u1ea1o \u0111\u1ed9 nh\u1edbt v\u00e0 \u1ed5n \u0111\u1ecbnh trong qu\u00e1 tr\u00ecnh s\u1ea3n xu\u1ea5t h\u00f3a ch\u1ea5t.<\/p>","protected":false},"excerpt":{"rendered":"<p>Ph\u1ee5 gia gi\u1ea3m n\u01b0\u1edbc Ligno CLF l\u00e0 m\u1ed9t lo\u1ea1i ch\u1ea5t ph\u1ee5 gia \u0111\u01b0\u1ee3c s\u1eed d\u1ee5ng r\u1ed9ng r\u00e3i trong ng\u00e0nh x\u00e2y d\u1ef1ng v\u00e0 c\u00f4ng nghi\u1ec7p v\u1eadt li\u1ec7u x\u00e2y d\u1ef1ng. \u0110\u01b0\u1ee3c s\u1ea3n xu\u1ea5t t\u1eeb lignosulfonate, m\u1ed9t h\u1ee3p ch\u1ea5t t\u1ef1 nhi\u00ean t\u1ea1o th\u00e0nh t\u1eeb vi\u1ec7c ch\u1ebf bi\u1ebfn g\u1ed7. S\u1ea3n ph\u1ea9m n\u00e0y c\u00f3 kh\u1ea3 n\u0103ng c\u1ea3i thi\u1ec7n t\u00ednh ch\u1ea5t [&hellip;]<\/p>","protected":false},"featured_media":9216,"comment_status":"closed","ping_status":"closed","template":"","meta":[],"yst_prominent_words":[],"acf":[],"_links":{"self":[{"href":"https:\/\/pcecatlam.vn\/km\/wp-json\/wp\/v2\/product\/8611"}],"collection":[{"href":"https:\/\/pcecatlam.vn\/km\/wp-json\/wp\/v2\/product"}],"about":[{"href":"https:\/\/pcecatlam.vn\/km\/wp-json\/wp\/v2\/types\/product"}],"replies":[{"embeddable":true,"href":"https:\/\/pcecatlam.vn\/km\/wp-json\/wp\/v2\/comments?post=8611"}],"wp:featuredmedia":[{"embeddable":true,"href":"https:\/\/pcecatlam.vn\/km\/wp-json\/wp\/v2\/media\/9216"}],"wp:attachment":[{"href":"https:\/\/pcecatlam.vn\/km\/wp-json\/wp\/v2\/media?parent=8611"}],"wp:term":[{"taxonomy":"yst_prominent_words","embeddable":true,"href":"https:\/\/pcecatlam.vn\/km\/wp-json\/wp\/v2\/yst_prominent_words?post=8611"}],"curies":[{"name":"wp","href":"https:\/\/api.w.org\/{rel}","templated":true}]}}