{"id":8603,"date":"2023-08-07T17:57:55","date_gmt":"2023-08-07T10:57:55","guid":{"rendered":"https:\/\/pcecatlam.vn\/?post_type=product&#038;p=8603"},"modified":"2024-07-01T14:49:17","modified_gmt":"2024-07-01T07:49:17","slug":"phu-gia-chong-phan-tach-tylose-h300-p2","status":"publish","type":"product","link":"https:\/\/pcecatlam.vn\/km\/product\/phu-gia-chong-phan-tach-tylose-h300-p2\/","title":{"rendered":"\u179f\u17b6\u179a\u1792\u17b6\u178f\u17bb\u1794\u1793\u17d2\u1790\u17c2\u1798\u1794\u17d2\u179a\u1786\u17b6\u17c6\u1784\u1793\u17b9\u1784\u1780\u17b6\u179a\u1794\u17c6\u1794\u17c2\u1780 Tylose H300 P2"},"content":{"rendered":"<p><strong>\u179f\u17b6\u179a\u1792\u17b6\u178f\u17bb\u1794\u1793\u17d2\u1790\u17c2\u1798\u1794\u17d2\u179a\u1786\u17b6\u17c6\u1784\u1793\u17b9\u1784\u1780\u17b6\u179a\u1794\u17c6\u1794\u17c2\u1780 Tylose H300 P2<\/strong> l\u00e0 m\u1ed9t lo\u1ea1i ph\u1ee5 gia methyl hydroxyethyl cellulose ether (MHEC), s\u1ea3n ph\u1ea9m c\u1ee7a c\u00f4ng ty Shin-Etsu Chemical Co., Ltd. \u0110\u00e2y l\u00e0 m\u1ed9t lo\u1ea1i ch\u1ea5t t\u1ea1o \u0111\u1ed9 nh\u1edbt v\u00e0 ch\u1ed1ng ph\u00e2n t\u00e1ch, \u0111\u01b0\u1ee3c s\u1eed d\u1ee5ng r\u1ed9ng r\u00e3i trong ng\u00e0nh x\u00e2y d\u1ef1ng, c\u00f4ng nghi\u1ec7p s\u01a1n, d\u01b0\u1ee3c ph\u1ea9m v\u00e0 nhi\u1ec1u ng\u00e0nh c\u00f4ng nghi\u1ec7p kh\u00e1c.<\/p>\n<h2><strong>\u0110\u1eb7c t\u00ednh<\/strong><\/h2>\n<p>&#8211; Tylose H300 P2 c\u00f3 kh\u1ea3 n\u0103ng ng\u0103n ch\u1eb7n hi\u1ec7n t\u01b0\u1ee3ng ph\u00e2n t\u00e1ch gi\u1eefa c\u00e1c th\u00e0nh ph\u1ea7n trong dung d\u1ecbch. \u0110i\u1ec1u n\u00e0y gi\u00fap duy tr\u00ec t\u00ednh \u0111\u1ed3ng nh\u1ea5t v\u00e0 \u1ed5n \u0111\u1ecbnh c\u1ee7a s\u1ea3n ph\u1ea9m, ng\u0103n kh\u00f4ng cho c\u00e1c h\u1ea1t ho\u1eb7c th\u00e0nh ph\u1ea7n kh\u00e1c t\u00e1ch ra kh\u1ecfi dung d\u1ecbch.<\/p>\n<p>&#8211; Ph\u1ee5 gia n\u00e0y c\u00f3 kh\u1ea3 n\u0103ng l\u00e0m t\u0103ng \u0111\u1ed9 nh\u1edbt c\u1ee7a dung d\u1ecbch, l\u00e0m cho n\u00f3 d\u00e0y h\u01a1n v\u00e0 d\u1ec5 d\u00e0ng h\u00f2a tr\u1ed9n. T\u0103ng \u0111\u1ed9 nh\u1edbt gi\u00fap c\u1ea3i thi\u1ec7n t\u00ednh ch\u1ea5t t\u1ea1o h\u00ecnh c\u1ee7a s\u1ea3n ph\u1ea9m v\u00e0 \u1ed5n \u0111\u1ecbnh trong qu\u00e1 tr\u00ecnh s\u1ea3n xu\u1ea5t.<\/p>\n<p>&#8211; Tylose H300 P2 c\u1ea3i thi\u1ec7n t\u00ednh ch\u1ea5t b\u00e1m d\u00ednh c\u1ee7a c\u00e1c v\u1eadt li\u1ec7u x\u00e2y d\u1ef1ng nh\u01b0 v\u1eefa, s\u01a1n v\u00e0 keo d\u00e1n g\u1ea1ch. \u0110i\u1ec1u n\u00e0y gi\u00fap t\u0103ng c\u01b0\u1eddng kh\u1ea3 n\u0103ng k\u1ebft n\u1ed1i v\u00e0 b\u00e1m d\u00ednh c\u1ee7a c\u00e1c s\u1ea3n ph\u1ea9m x\u00e2y d\u1ef1ng v\u1edbi c\u00e1c b\u1ec1 m\u1eb7t kh\u00e1c nhau.<\/p>\n<p>&#8211; Lo\u1ea1i MHEC n\u00e0y c\u1ea3i thi\u1ec7n t\u00ednh ch\u1ea5t ch\u1ed1ng th\u1ea5m v\u00e0 ch\u1ecbu n\u01b0\u1edbc c\u1ee7a c\u00e1c s\u1ea3n ph\u1ea9m x\u00e2y d\u1ef1ng. \u0110\u1ea3m b\u1ea3o s\u1ef1 b\u1ec1n v\u1eefng v\u00e0 \u0111\u00e1ng tin c\u1eady trong m\u00f4i tr\u01b0\u1eddng \u1ea9m \u01b0\u1edbt ho\u1eb7c \u0111i\u1ec1u ki\u1ec7n th\u1eddi ti\u1ebft kh\u1eafc nghi\u1ec7t.<\/p>\n<p>&#8211; Tylose H300 P2 gi\u00fap c\u1ea3i thi\u1ec7n t\u00ednh ch\u1ea5t \u1ed5n \u0111\u1ecbnh c\u1ee7a c\u00e1c s\u1ea3n ph\u1ea9m, \u0111\u1ea3m b\u1ea3o r\u1eb1ng ch\u00fang kh\u00f4ng b\u1ecb ph\u00e2n t\u00e1ch hay bi\u1ebfn \u0111\u1ed5i trong qu\u00e1 tr\u00ecnh l\u01b0u tr\u1eef v\u00e0 s\u1eed d\u1ee5ng.<\/p>\n<p>&#8211; Ph\u1ee5 gia n\u00e0y kh\u00f4ng \u0111\u1ed9c h\u1ea1i v\u00e0 kh\u00f4ng g\u00e2y d\u1ecb \u1ee9ng, n\u00ean \u0111\u01b0\u1ee3c coi l\u00e0 m\u1ed9t nguy\u00ean li\u1ec7u an to\u00e0n v\u00e0 th\u00e2n thi\u1ec7n v\u1edbi m\u00f4i tr\u01b0\u1eddng.<\/p>\n<p>&#8211; Tylose H300 P2 c\u00f3 t\u00ednh \u0111a d\u1ea1ng trong \u1ee9ng d\u1ee5ng. N\u00f3 c\u00f3 th\u1ec3 \u0111\u01b0\u1ee3c s\u1eed d\u1ee5ng trong s\u1ea3n xu\u1ea5t v\u1eefa, keo d\u00e1n g\u1ea1ch, s\u01a1n, ch\u1ea5t tr\u00e1m, ch\u1ea5t ch\u1ed1ng th\u1ea5m, v\u00e0 nhi\u1ec1u lo\u1ea1i s\u1ea3n ph\u1ea9m x\u00e2y d\u1ef1ng kh\u00e1c. \u0110i\u1ec1u n\u00e0y l\u00e0m cho n\u00f3 tr\u1edf th\u00e0nh m\u1ed9t l\u1ef1a ch\u1ecdn linh ho\u1ea1t cho nhi\u1ec1u ng\u00e0nh c\u00f4ng nghi\u1ec7p.<\/p>\n<p>&#8211; V\u1edbi t\u00ednh ch\u1ea5t ch\u1ed1ng ph\u00e2n t\u00e1ch v\u00e0 t\u0103ng c\u01b0\u1eddng \u0111\u1ed9 nh\u1edbt, Tylose H300 P2 gi\u00fap n\u00e2ng cao hi\u1ec7u su\u1ea5t s\u1ea3n xu\u1ea5t trong c\u00e1c quy tr\u00ecnh c\u00f4ng nghi\u1ec7p. S\u1ea3n ph\u1ea9m c\u00f3 th\u1ec3 \u0111\u01b0\u1ee3c h\u00f2a tr\u1ed9n d\u1ec5 d\u00e0ng v\u00e0 duy tr\u00ec t\u00ednh \u1ed5n \u0111\u1ecbnh trong qu\u00e1 tr\u00ecnh l\u01b0u tr\u1eef v\u00e0 s\u1eed d\u1ee5ng.<\/p>\n<p>&#8211; Ph\u1ee5 gia n\u00e0y c\u00f3 t\u00ednh \u1ed5n \u0111\u1ecbnh nhi\u1ec7t v\u00e0 h\u00f3a h\u1ecdc t\u1ed1t, gi\u00fap cho c\u00e1c s\u1ea3n ph\u1ea9m s\u1eed d\u1ee5ng n\u00f3 c\u00f3 kh\u1ea3 n\u0103ng ch\u1ecbu \u0111\u01b0\u1ee3c c\u00e1c \u0111i\u1ec1u ki\u1ec7n m\u00f4i tr\u01b0\u1eddng kh\u1eafc nghi\u1ec7t. V\u00e0 kh\u00f4ng b\u1ecb ph\u00e2n h\u1ee7y d\u01b0\u1edbi t\u00e1c \u0111\u1ed9ng c\u1ee7a nhi\u1ec7t \u0111\u1ed9 v\u00e0 h\u00f3a ch\u1ea5t.<\/p>\n<p>&#8211; N\u00f3 c\u00f3 th\u1ec3 d\u1ec5 d\u00e0ng thay th\u1ebf c\u00e1c ph\u1ee5 gia kh\u00e1c trong c\u00f4ng th\u1ee9c s\u1ea3n ph\u1ea9m, cung c\u1ea5p s\u1ef1 linh ho\u1ea1t trong vi\u1ec7c tinh ch\u1ec9nh t\u00ednh ch\u1ea5t c\u1ee7a s\u1ea3n ph\u1ea9m.<\/p>\n<h2><strong>\u1ee8ng d\u1ee5ng<\/strong><\/h2>\n<p>&#8211; Tylose H300 P2 \u0111\u01b0\u1ee3c s\u1eed d\u1ee5ng trong s\u1ea3n xu\u1ea5t v\u1eefa v\u00e0 keo d\u00e1n g\u1ea1ch \u0111\u1ec3 ng\u0103n ch\u1eb7n hi\u1ec7n t\u01b0\u1ee3ng ph\u00e2n t\u00e1ch v\u00e0 t\u0103ng c\u01b0\u1eddng \u0111\u1ed9 nh\u1edbt c\u1ee7a dung d\u1ecbch. \u0110i\u1ec1u n\u00e0y gi\u00fap t\u0103ng c\u01b0\u1eddng kh\u1ea3 n\u0103ng k\u1ebft n\u1ed1i v\u00e0 b\u00e1m d\u00ednh c\u1ee7a v\u1eefa v\u00e0 keo d\u00e1n g\u1ea1ch v\u1edbi c\u00e1c b\u1ec1 m\u1eb7t kh\u00e1c nhau trong qu\u00e1 tr\u00ecnh x\u00e2y d\u1ef1ng.<\/p>\n<p>&#8211; Tylose H300 P2 \u0111\u01b0\u1ee3c s\u1eed d\u1ee5ng trong s\u1ea3n xu\u1ea5t s\u01a1n n\u01b0\u1edbc v\u00e0 s\u01a1n l\u00f3t nh\u01b0 m\u1ed9t ch\u1ea5t t\u1ea1o \u0111\u1ed9 nh\u1edbt v\u00e0 ch\u1ed1ng ph\u00e2n t\u00e1ch. Ph\u1ee5 gia n\u00e0y gi\u00fap c\u1ea3i thi\u1ec7n t\u00ednh ch\u1ea5t b\u00e1m d\u00ednh, \u0111\u1ed9 ph\u00e2n t\u00e1n m\u00e0u s\u1eafc v\u00e0 kh\u1ea3 n\u0103ng ch\u1ed1ng th\u1ea5m n\u01b0\u1edbc c\u1ee7a s\u01a1n, l\u00e0m cho c\u00e1c s\u1ea3n ph\u1ea9m s\u01a1n c\u00f3 \u0111\u1ed9 b\u1ec1n cao v\u00e0 \u0111\u00e1ng tin c\u1eady.<\/p>\n<p>&#8211; Trong ng\u00e0nh c\u00f4ng nghi\u1ec7p d\u1ea7u m\u1ecf v\u00e0 khai th\u00e1c d\u1ea7u kh\u00ed, Tylose H300 P2 \u0111\u01b0\u1ee3c s\u1eed d\u1ee5ng trong s\u1ea3n xu\u1ea5t c\u00e1c s\u1ea3n ph\u1ea9m ch\u1ed1ng ph\u00e2n t\u00e1ch, ch\u1ea5t tr\u00e1m v\u00e0 v\u1eadt li\u1ec7u ch\u1ed1ng th\u1eddi gian tan.<\/p>\n<p>&#8211; Tylose H300 P2 c\u00f3 th\u1ec3 \u0111\u01b0\u1ee3c s\u1eed d\u1ee5ng nh\u01b0 m\u1ed9t th\u00e0nh ph\u1ea7n t\u1ea1o \u0111\u1ed9 d\u00ednh v\u00e0 ch\u1ed1ng th\u1ea5m trong c\u00e1c s\u1ea3n ph\u1ea9m s\u1eeda ch\u1eefa v\u00e0 b\u1ea3o tr\u00ec, gi\u00fap c\u1ea3i thi\u1ec7n hi\u1ec7u su\u1ea5t v\u00e0 \u0111\u1ed9 b\u1ec1n c\u1ee7a c\u00e1c c\u00f4ng tr\u00ecnh v\u00e0 k\u1ebft c\u1ea5u s\u1eeda ch\u1eefa.<\/p>\n<p>&#8211; C\u00f4ng ngh\u1ec7 h\u00f3a h\u1ecdc v\u00e0 d\u01b0\u1ee3c ph\u1ea9m: Trong c\u00f4ng nghi\u1ec7p h\u00f3a ch\u1ea5t v\u00e0 d\u01b0\u1ee3c ph\u1ea9m, Tylose H300 P2 \u0111\u01b0\u1ee3c s\u1eed d\u1ee5ng nh\u01b0 m\u1ed9t ch\u1ea5t t\u1ea1o \u0111\u1ed9 nh\u1edbt, ch\u1ea5t ch\u1ed1ng ph\u00e2n t\u00e1ch v\u00e0 ch\u1ea5t \u1ed5n \u0111\u1ecbnh trong s\u1ea3n xu\u1ea5t c\u00e1c s\u1ea3n ph\u1ea9m h\u00f3a ch\u1ea5t v\u00e0 d\u01b0\u1ee3c ph\u1ea9m \u1ed5n \u0111\u1ecbnh v\u00e0 hi\u1ec7u qu\u1ea3.<\/p>","protected":false},"excerpt":{"rendered":"<p>Ph\u1ee5 gia ch\u1ed1ng ph\u00e2n t\u00e1ch Tylose H300 P2 l\u00e0 m\u1ed9t lo\u1ea1i ph\u1ee5 gia methyl hydroxyethyl cellulose ether (MHEC), s\u1ea3n ph\u1ea9m c\u1ee7a c\u00f4ng ty Shin-Etsu Chemical Co., Ltd. \u0110\u00e2y l\u00e0 m\u1ed9t lo\u1ea1i ch\u1ea5t t\u1ea1o \u0111\u1ed9 nh\u1edbt v\u00e0 ch\u1ed1ng ph\u00e2n t\u00e1ch, \u0111\u01b0\u1ee3c s\u1eed d\u1ee5ng r\u1ed9ng r\u00e3i trong ng\u00e0nh x\u00e2y d\u1ef1ng, c\u00f4ng nghi\u1ec7p s\u01a1n, d\u01b0\u1ee3c ph\u1ea9m v\u00e0 nhi\u1ec1u [&hellip;]<\/p>","protected":false},"featured_media":9430,"comment_status":"closed","ping_status":"closed","template":"","meta":[],"yst_prominent_words":[],"acf":[],"_links":{"self":[{"href":"https:\/\/pcecatlam.vn\/km\/wp-json\/wp\/v2\/product\/8603"}],"collection":[{"href":"https:\/\/pcecatlam.vn\/km\/wp-json\/wp\/v2\/product"}],"about":[{"href":"https:\/\/pcecatlam.vn\/km\/wp-json\/wp\/v2\/types\/product"}],"replies":[{"embeddable":true,"href":"https:\/\/pcecatlam.vn\/km\/wp-json\/wp\/v2\/comments?post=8603"}],"wp:featuredmedia":[{"embeddable":true,"href":"https:\/\/pcecatlam.vn\/km\/wp-json\/wp\/v2\/media\/9430"}],"wp:attachment":[{"href":"https:\/\/pcecatlam.vn\/km\/wp-json\/wp\/v2\/media?parent=8603"}],"wp:term":[{"taxonomy":"yst_prominent_words","embeddable":true,"href":"https:\/\/pcecatlam.vn\/km\/wp-json\/wp\/v2\/yst_prominent_words?post=8603"}],"curies":[{"name":"wp","href":"https:\/\/api.w.org\/{rel}","templated":true}]}}