{"id":8504,"date":"2023-07-21T15:57:38","date_gmt":"2023-07-21T08:57:38","guid":{"rendered":"https:\/\/pcecatlam.vn\/?post_type=product&#038;p=8504"},"modified":"2024-10-16T09:44:46","modified_gmt":"2024-10-16T02:44:46","slug":"vinnapas-5111l","status":"publish","type":"product","link":"https:\/\/pcecatlam.vn\/km\/product\/vinnapas-5111l\/","title":{"rendered":"\u179c\u178f\u17d2\u1790\u17bb\u1792\u17b6\u178f\u17bb polymer Vinnapas 5111L"},"content":{"rendered":"<p><em>Polymer ch\u1ed1ng m\u00e0i m\u00f2n, gi\u1ea3m b\u1ecdt kh\u00ed <strong><a href=\"https:\/\/pcecatlam.vn\/product\/polymer-chong-mai-mon-giam-bot-khi-vinnapas-5111l\/\" target=\"_blank\" rel=\"noopener\">Vinnapas 5111L<\/a><\/strong> v\u1edbi kh\u1ea3 n\u0103ng ch\u1ed1ng m\u00e0i m\u00f2n v\u00e0 gi\u1ea3m thi\u1ec3u b\u1ecdt kh\u00ed, Vinnapas 5111L gi\u00fap c\u1ea3i thi\u1ec7n \u0111\u00e1ng k\u1ec3 \u0111\u1ed9 b\u1ec1n v\u00e0 ch\u1ea5t l\u01b0\u1ee3ng s\u1ea3n ph\u1ea9m. H\u00e3y c\u00f9ng <a href=\"https:\/\/pcecatlam.vn\/\">PCE C\u00e1t L\u00e2m<\/a> kh\u00e1m ph\u00e1 nh\u1eefng \u01b0u \u0111i\u1ec3m n\u1ed5i b\u1eadt v\u00e0 \u1ee9ng d\u1ee5ng \u0111a d\u1ea1ng c\u1ee7a Vinnapas 5111L trong b\u00e0i vi\u1ebft d\u01b0\u1edbi \u0111\u00e2y nh\u00e9.<\/em><\/p>\n<h2><strong>Vinnapas 5111L l\u00e0 g\u00ec? \u0110\u1eb7c t\u00ednh n\u1ed5i b\u1eadt c\u1ee7a polymer Vinnapas 5111L<\/strong><\/h2>\n<p>Vinnapas 5111L l\u00e0 m\u1ed9t lo\u1ea1i b\u1ed9t polymer c\u00f3 \u0111\u1ed9 c\u1ee9ng cao, d\u1ec5 d\u00e0ng ph\u00e2n t\u00e1n \u0111em l\u1ea1i kh\u1ea3 n\u0103ng ch\u1ed1ng m\u00e0i m\u00f2n r\u1ea5t t\u1ed1t. V\u00ec v\u1eady, \u0111\u00e2y l\u00e0 l\u1ea1i s\u1ea3n ph\u1ea9m \u0111\u01b0\u1ee3c s\u1eed d\u1ee5ng r\u1ed9ng r\u00e3i trong c\u00e1c lo\u1ea1i s\u1ea3n ph\u1ea9m v\u1eefa x\u00e2y d\u1ef1ng.<\/p>\n<div id=\"attachment_9596\" style=\"width: 810px\" class=\"wp-caption aligncenter\"><img aria-describedby=\"caption-attachment-9596\" decoding=\"async\" loading=\"lazy\" class=\"wp-image-9596 size-full\" src=\"https:\/\/pcecatlam.vn\/wp-content\/uploads\/2023\/07\/vinnapas5111l.4.jpg\" alt=\"Vinnapas 5111L\" width=\"800\" height=\"533\" srcset=\"https:\/\/pcecatlam.vn\/wp-content\/uploads\/2023\/07\/vinnapas5111l.4.jpg 800w, https:\/\/pcecatlam.vn\/wp-content\/uploads\/2023\/07\/vinnapas5111l.4-300x200.jpg 300w, https:\/\/pcecatlam.vn\/wp-content\/uploads\/2023\/07\/vinnapas5111l.4-768x512.jpg 768w, https:\/\/pcecatlam.vn\/wp-content\/uploads\/2023\/07\/vinnapas5111l.4-18x12.jpg 18w, https:\/\/pcecatlam.vn\/wp-content\/uploads\/2023\/07\/vinnapas5111l.4-600x400.jpg 600w\" sizes=\"(max-width: 800px) 100vw, 800px\" \/><p id=\"caption-attachment-9596\" class=\"wp-caption-text\">Vinnapas 5111L l\u00e0 m\u1ed9t lo\u1ea1i b\u1ed9t polymer c\u00f3 \u0111\u1ed9 c\u1ee9ng cao, d\u1ec5 d\u00e0ng ph\u00e2n t\u00e1n<\/p><\/div>\n<p>\u0110\u1eb7c \u0111i\u1ec3m n\u1ed5i b\u1eadt c\u1ee7a s\u1ea3n ph\u1ea9m n\u00e0y l\u00e0 t\u00ednh c\u1ea3i thi\u1ec7n \u0111\u1ed9 b\u00e1m d\u00ednh, trong qu\u00e1 tr\u00ecnh thi c\u00f4ng, gi\u00fap gia t\u0103ng \u0111\u1ed9 b\u00e1m d\u00ednh t\u01b0\u01a1ng th\u00edch v\u1edbi nhi\u1ec1u lo\u1ea1i b\u1ec1 m\u1eb7t.<\/p>\n<p>Vinnaps 5111L ch\u1ee9a ch\u1ea5t c\u00e1c \u0111\u1ed9n kho\u00e1ng m\u1ecbn gi\u00fap ch\u1ed1ng v\u00f3n c\u1ee5c, c\u00f9ng kh\u1ea3 n\u0103ng t\u01b0\u01a1ng th\u00edch c\u00e1c ph\u1ee5 gia si\u00eau d\u1ebbo t\u1ed5ng h\u1ee3p, v\u1eefa t\u1ef1 san ph\u1eb3ng.<\/p>\n<p>M\u1ed9t \u0111\u1eb7c t\u00ednh n\u1ed5i b\u1eadt kh\u00e1c n\u1eefa c\u1ee7a lo\u1ea1i b\u1ed9t polymer n\u00e0y l\u00e0 kh\u1ea3 n\u0103ng kh\u1eed b\u1ecdt r\u1ea5t t\u1ed1t ngay c\u1ea3 khi kh\u00f4ng c\u00f3 th\u00eam ph\u1ee5 gia ph\u00e1 b\u1ecdt trong c\u1ea5p ph\u1ed1i, \u0111em l\u1ea1i b\u1ec1 m\u1eb7t nh\u1eb5n m\u1ecbn c\u00f9ng c\u01b0\u1eddng \u0111\u1ed9 ch\u1ecbu n\u00e9n cao.<\/p>\n<p>V\u1edbi c\u1ea5u tr\u00fac ph\u00e2n t\u1eed \u0111\u1eb7c bi\u1ec7t, Vinnapas 5111L kh\u00f4ng ch\u1ec9 ng\u0103n ch\u1eb7n s\u1ef1 xu\u1ea5t hi\u1ec7n c\u1ee7a b\u1ecdt kh\u00ed m\u00e0 c\u00f2n ch\u1ed1ng l\u1ea1i c\u00e1c t\u00e1c nh\u00e2n g\u00e2y m\u00e0i m\u00f2n t\u1eeb th\u1eddi ti\u1ebft kh\u1eafc nghi\u1ec7t v\u00e0 m\u00f4i tr\u01b0\u1eddng h\u00f3a h\u1ecdc, k\u00e9o d\u00e0i tu\u1ed5i th\u1ecd c\u00f4ng tr\u00ecnh x\u00e2y d\u1ef1ng.<\/p>\n<h2><strong>C\u00e1c \u1ee9ng d\u1ee5ng \u0111a n\u0103ng c\u1ee7a b\u1ed9t Polymer Vinnapas 5111L<\/strong><\/h2>\n<p>Vinnapas 5111L l\u00e0 lo\u1ea1i polymer v\u1edbi kh\u1ea3 n\u0103ng \u1ee9ng d\u1ee5ng \u0111a d\u1ea1ng trong nhi\u1ec1u l\u0129nh v\u1ef1c, \u0111\u1eb7c bi\u1ec7t l\u00e0 trong ng\u00e0nh x\u00e2y d\u1ef1ng v\u00e0 v\u1eadt li\u1ec7u ho\u00e0n thi\u1ec7n.<\/p>\n<h3>\u1ee8ng d\u1ee5ng t\u0103ng \u0111\u1ed9 b\u1ec1n cho c\u00e1c v\u1eadt li\u1ec7u x\u00e2y d\u1ef1ng<\/h3>\n<p>B\u1ed9t polymer Vinnapas 5111L th\u01b0\u1eddng \u0111\u01b0\u1ee3c s\u1eed d\u1ee5ng trong s\u1ea3n xu\u1ea5t v\u1eadt li\u1ec7u x\u00e2y d\u1ef1ng nh\u01b0 g\u1ea1ch, ng\u00f3i, v\u1eefa v\u00e0 b\u00ea t\u00f4ng.<\/p>\n<p>Vinnapas 5111L v\u1edbi \u0111\u1eb7c t\u00ednh kh\u1eed b\u1ecdt t\u1ed1t v\u00e0 kh\u1ea3 n\u0103ng ch\u1ecbu \u0111\u1ef1ng r\u1ea5t t\u1ed1t \u0111\u1ed1i v\u1edbi vi\u1ec7c s\u1eed d\u1ee5ng n\u01b0\u1edbc qu\u00e1 li\u1ec1u l\u01b0\u1ee3ng l\u00e0 ch\u1ea5t li\u1ec7u tuy\u1ec7t v\u1eddi cho c\u00f4ng th\u1ee9c v\u1eefa tr\u1ed9n kh\u00f4 b\u1ec1n v\u1eefng.<\/p>\n<p>&nbsp;<\/p>\n<div id=\"attachment_9600\" style=\"width: 810px\" class=\"wp-caption aligncenter\"><img aria-describedby=\"caption-attachment-9600\" decoding=\"async\" loading=\"lazy\" class=\"wp-image-9600 size-full\" src=\"https:\/\/pcecatlam.vn\/wp-content\/uploads\/2023\/07\/vinnapas5111l.1.jpg\" alt=\"Vinnapas 5111L\" width=\"800\" height=\"533\" srcset=\"https:\/\/pcecatlam.vn\/wp-content\/uploads\/2023\/07\/vinnapas5111l.1.jpg 800w, https:\/\/pcecatlam.vn\/wp-content\/uploads\/2023\/07\/vinnapas5111l.1-300x200.jpg 300w, https:\/\/pcecatlam.vn\/wp-content\/uploads\/2023\/07\/vinnapas5111l.1-768x512.jpg 768w, https:\/\/pcecatlam.vn\/wp-content\/uploads\/2023\/07\/vinnapas5111l.1-18x12.jpg 18w, https:\/\/pcecatlam.vn\/wp-content\/uploads\/2023\/07\/vinnapas5111l.1-600x400.jpg 600w\" sizes=\"(max-width: 800px) 100vw, 800px\" \/><p id=\"caption-attachment-9600\" class=\"wp-caption-text\">Vinnapas 5111L l\u00e0 ch\u1ea5t li\u1ec7u tuy\u1ec7t v\u1eddi cho c\u00f4ng th\u1ee9c v\u1eefa tr\u1ed9n kh\u00f4 x\u00e2y d\u1ef1ng<\/p><\/div>\n<p>Nh\u1edd kh\u1ea3 n\u0103ng t\u0103ng c\u01b0\u1eddng \u0111\u1ed9 k\u1ebft d\u00ednh, ch\u1ed1ng m\u00e0i m\u00f2n v\u00e0 ch\u1ed1ng th\u1ea5m, Vinnapas 5111L gi\u00fap duy tr\u00ec h\u00ecnh d\u00e1ng v\u00e0 c\u1ea5u tr\u00fac l\u00e2u d\u00e0i c\u1ee7a v\u1eadt li\u1ec7u.<\/p>\n<h3>\u1ee8ng d\u1ee5ng trong ng\u00e0nh s\u1ea3n xu\u1ea5t keo v\u00e0 s\u01a1n<\/h3>\n<p>Nh\u1edd kh\u1ea3 n\u0103ng c\u1ea3i thi\u1ec7n \u0111\u1ed9 k\u1ebft d\u00ednh v\u00e0 ch\u1ed1ng th\u1ea5m, Vinnapas 5111L \u0111\u01b0\u1ee3c s\u1eed d\u1ee5ng nhi\u1ec1u trong c\u00e1c lo\u1ea1i keo d\u00e1n v\u00e0 s\u01a1n.<\/p>\n<p>\u0110\u1eb7c bi\u1ec7t trong c\u00e1c lo\u1ea1i keo d\u00e1n g\u1ea1ch, d\u00e1n t\u01b0\u1eddng ho\u1eb7c s\u01a1n ch\u1ed1ng th\u1ea5m, b\u1ed9t polymer Vinnapas 5111L gi\u00fap t\u0103ng c\u01b0\u1eddng \u0111\u1ed9 b\u00e1m d\u00ednh c\u1ee7a keo ho\u1eb7c s\u01a1n v\u1edbi b\u1ec1 m\u1eb7t, b\u1ea3o v\u1ec7 b\u1ec1 m\u1eb7t kh\u1ecfi s\u1ef1 h\u01b0 h\u1ea1i.<\/p>\n<blockquote><p>Xem th\u00eam: <a href=\"https:\/\/pcecatlam.vn\/phu-gia-keo-dan-gach-la-gi\/\" target=\"_blank\" rel=\"noopener\">Ph\u1ee5 gia d\u00e1n keo g\u1ea1ch l\u00e0 g\u00ec? C\u00e1ch d\u00f9ng nh\u01b0 th\u1ebf n\u00e0o? Mua \u1edf \u0111\u00e2u uy t\u00edn<\/a><\/p><\/blockquote>\n<h3>\u1ee8ng d\u1ee5ng trong c\u00e1c s\u1ea3n ph\u1ea9m ph\u1ee7 b\u1ea3o v\u1ec7<\/h3>\n<p>Vinnapas 5111L c\u00f2n \u0111\u01b0\u1ee3c s\u1eed d\u1ee5ng trong c\u00e1c s\u1ea3n ph\u1ea9m ph\u1ee7 b\u1ea3o v\u1ec7, gi\u00fap t\u1ea1o l\u1edbp b\u1ea3o v\u1ec7 cho b\u1ec1 m\u1eb7t v\u1eadt li\u1ec7u kh\u1ecfi c\u00e1c t\u00e1c \u0111\u1ed9ng c\u1ee7a m\u00f4i tr\u01b0\u1eddng nh\u01b0 n\u01b0\u1edbc, nhi\u1ec7t \u0111\u1ed9, v\u00e0 c\u00e1c ch\u1ea5t h\u00f3a h\u1ecdc.<\/p>\n<p>C\u00e1c l\u1edbp ph\u1ee7 n\u00e0y th\u01b0\u1eddng \u0111\u01b0\u1ee3c \u1ee9ng d\u1ee5ng trong x\u00e2y d\u1ef1ng, trang tr\u00ed n\u1ed9i th\u1ea5t v\u00e0 c\u00e1c ng\u00e0nh c\u00f4ng nghi\u1ec7p kh\u00e1c \u0111\u1ec3 b\u1ea3o v\u1ec7 v\u00e0 t\u0103ng t\u00ednh th\u1ea9m m\u1ef9 cho s\u1ea3n ph\u1ea9m.<\/p>\n<h3>\u1ee8ng d\u1ee5ng trong s\u1ea3n xu\u1ea5t g\u1ea1ch men v\u00e0 v\u1eadt li\u1ec7u g\u1ed1m<\/h3>\n<p>Trong s\u1ea3n xu\u1ea5t g\u1ea1ch men, b\u1ed9t polymer Vinnapas 5111L gi\u00fap t\u0103ng c\u01b0\u1eddng t\u00ednh ch\u1ea5t c\u01a1 h\u1ecdc c\u1ee7a s\u1ea3n ph\u1ea9m, \u0111\u1ed3ng th\u1eddi gi\u1ea3m thi\u1ec3u hi\u1ec7n t\u01b0\u1ee3ng n\u1ee9t v\u1ee1 trong qu\u00e1 tr\u00ecnh s\u1ea3n xu\u1ea5t.<\/p>\n<div id=\"attachment_9598\" style=\"width: 810px\" class=\"wp-caption aligncenter\"><img aria-describedby=\"caption-attachment-9598\" decoding=\"async\" loading=\"lazy\" class=\"wp-image-9598 size-full\" src=\"https:\/\/pcecatlam.vn\/wp-content\/uploads\/2023\/07\/vinnapas5111l.2.jpg\" alt=\"Vinnapas 5111L\" width=\"800\" height=\"400\" srcset=\"https:\/\/pcecatlam.vn\/wp-content\/uploads\/2023\/07\/vinnapas5111l.2.jpg 800w, https:\/\/pcecatlam.vn\/wp-content\/uploads\/2023\/07\/vinnapas5111l.2-300x150.jpg 300w, https:\/\/pcecatlam.vn\/wp-content\/uploads\/2023\/07\/vinnapas5111l.2-768x384.jpg 768w, https:\/\/pcecatlam.vn\/wp-content\/uploads\/2023\/07\/vinnapas5111l.2-18x9.jpg 18w, https:\/\/pcecatlam.vn\/wp-content\/uploads\/2023\/07\/vinnapas5111l.2-600x300.jpg 600w\" sizes=\"(max-width: 800px) 100vw, 800px\" \/><p id=\"caption-attachment-9598\" class=\"wp-caption-text\">Vinnapas 5111L \u0111\u01b0\u1ee3c \u1ee9ng d\u1ee5ng r\u1ed9ng r\u00e3i trong s\u1ea3n xu\u1ea5t g\u1ea1ch men<\/p><\/div>\n<p>Nh\u1edd kh\u1ea3 n\u0103ng t\u0103ng \u0111\u1ed9 k\u1ebft d\u00ednh v\u00e0 gi\u1ea3m t\u1ef7 l\u1ec7 h\u00fat n\u01b0\u1edbc gi\u1eefa c\u00e1c l\u1edbp g\u1ea1ch men, lo\u1ea1i polymer n\u00e0y gi\u00fap s\u1ea3n ph\u1ea9m cu\u1ed1i c\u00f9ng c\u00f3 \u0111\u1ed9 b\u1ec1n cao, m\u00e0u s\u1eafc t\u01b0\u01a1i s\u00e1ng v\u00e0 b\u1ec1 m\u1eb7t m\u1ecbn m\u00e0ng.<\/p>\n<h2>C\u00f3 n\u00ean s\u1eed d\u1ee5ng Vinnapas 5111L trong thi c\u00f4ng x\u00e2y d\u1ef1ng kh\u00f4ng?<\/h2>\n<p>V\u1edbi nh\u1eefng t\u00ednh n\u0103ng v\u01b0\u1ee3t tr\u1ed9i v\u00e0 \u1ee9ng d\u1ee5ng \u0111a d\u1ea1ng, vi\u1ec7c s\u1eed d\u1ee5ng Vinnapas 5111L l\u00e0 m\u1ed9t l\u1ef1a ch\u1ecdn h\u1ee3p l\u00fd \u0111\u1ec3 n\u00e2ng cao ch\u1ea5t l\u01b0\u1ee3ng thi c\u00f4ng v\u00e0 tu\u1ed5i th\u1ecd c\u00f4ng tr\u00ecnh.<\/p>\n<p>\u0110\u1eb7c bi\u1ec7t, trong c\u00e1c c\u00f4ng tr\u00ecnh y\u00eau c\u1ea7u cao v\u1ec1 \u0111\u1ed9 b\u1ec1n v\u00e0 t\u00ednh m\u1ef9 thu\u1eadt nh\u01b0 s\u01a1n t\u01b0\u1eddng, v\u1eefa xi m\u0103ng, vi\u1ec7c s\u1eed d\u1ee5ng b\u1ed9t polymer n\u00e0y s\u1ebd mang l\u1ea1i hi\u1ec7u qu\u1ea3 r\u00f5 r\u1ec7t.<\/p>\n<blockquote><p>Xem th\u00eam: <a href=\"https:\/\/pcecatlam.vn\/san-pham\/\" target=\"_blank\" rel=\"noopener\">C\u00e1c polymer t\u1ed5ng h\u1ee3p Vinnapas t\u1ea1i PCE C\u00e1t L\u00e2m<\/a><\/p><\/blockquote>\n<h2>Th\u00f4ng s\u1ed1 k\u1ef9 thu\u1eadt c\u1ee7a b\u1ed9t polymer Vinnapas 5111L<\/h2>\n<table>\n<tbody>\n<tr>\n<td>\n<p style=\"text-align: center;\">Ch\u1ec9 ti\u00eau k\u1ef9 thu\u1eadt<\/p>\n<\/td>\n<td style=\"text-align: center;\">Ph\u01b0\u01a1ng ph\u00e1p th\u1eed<\/td>\n<td>\n<p style=\"text-align: center;\">Gi\u00e1 tr\u1ecb<\/p>\n<\/td>\n<\/tr>\n<tr>\n<td>H\u00e0m l\u01b0\u1ee3ng ch\u1ea5t r\u1eafn<\/td>\n<td>DIN EN ISO 3251<\/td>\n<td>min.98%<\/td>\n<\/tr>\n<tr>\n<td>H\u00e0m l\u01b0\u1ee3ng tro<\/td>\n<td>Specific method<\/td>\n<td>max.13%<\/td>\n<\/tr>\n<tr>\n<td>M\u1eadt \u0111\u1ed9<\/td>\n<td>DIN EN ISO 60<\/td>\n<td>450-650 kg\/m3<\/td>\n<\/tr>\n<tr>\n<td>K\u00edch c\u1ee1 h\u1ea1t<\/td>\n<td>DIN EN ISO 4610<\/td>\n<td>max.4% tr\u00ean s\u00e0ng 400m<\/td>\n<\/tr>\n<tr>\n<td>\n<p style=\"text-align: center;\">\u0110\u1eb7c \u0111i\u1ec3m chung \u0111i\u1ec3n h\u00ecnh<\/p>\n<\/td>\n<td style=\"text-align: center;\">Ph\u01b0\u01a1ng ph\u00e1p ki\u1ec3m tra<\/td>\n<td>\n<p style=\"text-align: center;\">Gi\u00e1 tr\u1ecb<\/p>\n<\/td>\n<\/tr>\n<tr>\n<td>Ngo\u1ea1i quan<\/td>\n<td>Tr\u1ef1c quan<\/td>\n<td>B\u1ed9t m\u00e0u tr\u1eafng s\u00e1ng \u0111\u1ebfn m\u00e0u tr\u1eafng be nh\u1ea1t<\/td>\n<\/tr>\n<tr>\n<td>H\u1ec7 keo\/nh\u0169 h\u00f3a b\u1ea3o v\u1ec7<\/td>\n<td><\/td>\n<td>Polyvinyl alcohol<\/td>\n<\/tr>\n<tr>\n<td>Nhi\u1ec7t \u0111\u1ed9 t\u1ea1o m\u00e0ng nh\u1ecf nh\u1ea5t<\/td>\n<td>DIN EN ISO 2115<\/td>\n<td>4C<\/td>\n<\/tr>\n<\/tbody>\n<\/table>\n<h2>Nh\u01b0\u1ee3c \u0111i\u1ec3m v\u00e0 c\u00e1c l\u01b0u \u00fd khi ch\u1ecdn mua b\u1ed9t polymer Vinnapas 5111L c\u00e1c lo\u1ea1i<\/h2>\n<p>Nh\u01b0\u1ee3c \u0111i\u1ec3m \u0111\u1ea7u ti\u00ean c\u1ee7a Vinnapas 5111L \u0111\u00f3 l\u00e0 m\u1ee9c gi\u00e1 cao h\u01a1n so v\u1edbi c\u00e1c s\u1ea3n ph\u1ea9m truy\u1ec1n th\u1ed1ng, do s\u1ea3n ph\u1ea9m n\u00e0y c\u00f3 t\u00ednh n\u0103ng v\u00e0 ch\u1ea5t l\u01b0\u1ee3ng v\u01b0\u1ee3t tr\u1ed9i.<\/p>\n<div id=\"attachment_9599\" style=\"width: 810px\" class=\"wp-caption aligncenter\"><img aria-describedby=\"caption-attachment-9599\" decoding=\"async\" loading=\"lazy\" class=\"wp-image-9599 size-full\" src=\"https:\/\/pcecatlam.vn\/wp-content\/uploads\/2023\/07\/vinnapas5111l...jpg\" alt=\"Vinnapas 5111L\" width=\"800\" height=\"1067\" srcset=\"https:\/\/pcecatlam.vn\/wp-content\/uploads\/2023\/07\/vinnapas5111l...jpg 800w, https:\/\/pcecatlam.vn\/wp-content\/uploads\/2023\/07\/vinnapas5111l..-225x300.jpg 225w, https:\/\/pcecatlam.vn\/wp-content\/uploads\/2023\/07\/vinnapas5111l..-768x1024.jpg 768w, https:\/\/pcecatlam.vn\/wp-content\/uploads\/2023\/07\/vinnapas5111l..-9x12.jpg 9w, https:\/\/pcecatlam.vn\/wp-content\/uploads\/2023\/07\/vinnapas5111l..-300x400.jpg 300w, https:\/\/pcecatlam.vn\/wp-content\/uploads\/2023\/07\/vinnapas5111l..-600x800.jpg 600w\" sizes=\"(max-width: 800px) 100vw, 800px\" \/><p id=\"caption-attachment-9599\" class=\"wp-caption-text\">Vinnapas c\u00e1c lo\u1ea1i th\u01b0\u1eddng c\u00f3 m\u1ee9c gi\u00e1 cao h\u01a1n c\u00e1c s\u1ea3n ph\u1ea9m truy\u1ec1n th\u1ed1ng<\/p><\/div>\n<p>Tuy nhi\u00ean, x\u00e9t v\u1ec1 l\u00e2u d\u00e0i, chi ph\u00ed n\u00e0y l\u00e0 x\u1ee9ng \u0111\u00e1ng b\u1edfi n\u00f3 \u0111\u1ea3m b\u1ea3o ch\u1ea5t l\u01b0\u1ee3ng v\u00e0 \u0111\u1ed9 b\u1ec1n c\u1ee7a c\u00f4ng tr\u00ecnh, gi\u00fap gi\u1ea3m thi\u1ec3u chi ph\u00ed b\u1ea3o tr\u00ec.<\/p>\n<h3>C\u00e1c l\u01b0u \u00fd khi ch\u1ecdn mua b\u1ed9t polymer Vinnapas 5111L c\u00e1c lo\u1ea1i<\/h3>\n<ul>\n<li aria-level=\"1\">Ki\u1ec3m tra ngu\u1ed3n g\u1ed1c v\u00e0 xu\u1ea5t x\u1ee9 c\u1ee7a s\u1ea3n ph\u1ea9m: C\u00e1c s\u1ea3n ph\u1ea9m polymer th\u01b0\u1eddng d\u1ec5 b\u1ecb l\u00e0m gi\u1ea3, do \u0111\u00f3 b\u1ea1n n\u00ean c\u1ea3nh gi\u00e1c v\u1edbi nh\u1eefng ngu\u1ed3n cung c\u1ea5p c\u00f3 gi\u00e1 qu\u00e1 r\u1ebb ho\u1eb7c kh\u00f4ng r\u00f5 xu\u1ea5t x\u1ee9.<\/li>\n<li aria-level=\"1\">Ki\u1ec3m tra th\u00f4ng s\u1ed1 \u0111\u1eb7c t\u00ednh: B\u1ed9t polymer Vinnapas 5111L l\u00e0 s\u1ea3n ph\u1ea9m h\u00f3a ch\u1ea5t x\u00e2y d\u1ef1ng, v\u1edbi c\u00e1c t\u1ef7 l\u1ec7 th\u00e0nh ph\u1ea7n kh\u00e1c nhau s\u1ebd \u0111em l\u1ea1i \u0111\u1eb7c t\u00ednh ch\u1ed1ng th\u1ea5m, \u0111\u1ed9 b\u00e1m d\u00ednh kh\u00e1c nhau.<\/li>\n<li aria-level=\"1\">Ch\u00fa \u00fd h\u1ea1n s\u1eed d\u1ee5ng: B\u1ed9t polymer Vinnapas 5111L c\u0169ng c\u00f3 h\u1ea1n s\u1eed d\u1ee5ng nh\u1ea5t \u0111\u1ecbnh, trong khi s\u1ea3n ph\u1ea9m h\u1ebft h\u1ea1n c\u00f3 th\u1ec3 l\u00e0m gi\u1ea3m hi\u1ec7u qu\u1ea3 v\u00e0 ch\u1ea5t l\u01b0\u1ee3ng c\u00f4ng tr\u00ecnh.<\/li>\n<\/ul>\n<div id=\"attachment_9601\" style=\"width: 810px\" class=\"wp-caption aligncenter\"><img aria-describedby=\"caption-attachment-9601\" decoding=\"async\" loading=\"lazy\" class=\"wp-image-9601 size-full\" src=\"https:\/\/pcecatlam.vn\/wp-content\/uploads\/2023\/07\/vinnapas5111l.5.jpg\" alt=\"Vinnapas 5111L\" width=\"800\" height=\"450\" srcset=\"https:\/\/pcecatlam.vn\/wp-content\/uploads\/2023\/07\/vinnapas5111l.5.jpg 800w, https:\/\/pcecatlam.vn\/wp-content\/uploads\/2023\/07\/vinnapas5111l.5-300x169.jpg 300w, https:\/\/pcecatlam.vn\/wp-content\/uploads\/2023\/07\/vinnapas5111l.5-768x432.jpg 768w, https:\/\/pcecatlam.vn\/wp-content\/uploads\/2023\/07\/vinnapas5111l.5-18x10.jpg 18w, https:\/\/pcecatlam.vn\/wp-content\/uploads\/2023\/07\/vinnapas5111l.5-600x338.jpg 600w\" sizes=\"(max-width: 800px) 100vw, 800px\" \/><p id=\"caption-attachment-9601\" class=\"wp-caption-text\">C\u1ea7n ph\u1ea3i ch\u00fa \u00fd h\u1ea1n s\u1eed d\u1ee5ng v\u00e0 c\u00e1ch b\u1ea3o qu\u1ea3n Vinnapas c\u00e1c lo\u1ea1i<\/p><\/div>\n<p>Do \u0111\u1eb7c t\u00ednh \u0111\u1eb7c bi\u1ec7t c\u1ee7a polymer, qu\u00e1 tr\u00ecnh thi c\u00f4ng c\u1ea7n l\u01b0u \u00fd tu\u00e2n th\u1ee7 k\u1ef9 thu\u1eadt ch\u00ednh x\u00e1c \u0111\u1ec3 \u0111\u1ea1t hi\u1ec7u qu\u1ea3 t\u1ed1i \u01b0u, gi\u00fap v\u1eadt li\u1ec7u ph\u00e1t huy t\u1ed1i \u0111a kh\u1ea3 n\u0103ng ch\u1ed1ng m\u00e0i m\u00f2n v\u00e0 gi\u1ea3m b\u1ecdt kh\u00ed.<\/p>\n<h2>\u0110\u1ecba ch\u1ec9 mua b\u1ed9t polymer Vinnapas 5111L uy t\u00edn v\u00e0 ch\u1ea5t l\u01b0\u1ee3ng<\/h2>\n<p>Khi l\u1ef1a ch\u1ecdn nh\u00e0 cung c\u1ea5p cho s\u1ea3n ph\u1ea9m Vinnapas, \u0111i\u1ec1u quan tr\u1ecdng l\u00e0 b\u1ea1n n\u00ean \u01b0u ti\u00ean nh\u1eefng \u0111\u01a1n v\u1ecb c\u00f3 uy t\u00edn, \u0111\u1eb7c bi\u1ec7t l\u00e0 nh\u1eefng nh\u00e0 cung c\u1ea5p l\u1edbn v\u00e0 c\u00f3 nhi\u1ec1u n\u0103m kinh nghi\u1ec7m trong ng\u00e0nh v\u1eadt li\u1ec7u x\u00e2y d\u1ef1ng.<\/p>\n<p>PCE C\u00e1t L\u00e2m l\u00e0 c\u00f4ng ty TNHH ph\u00e2n ph\u1ed1i c\u00e1c s\u1ea3n ph\u1ea9m chuy\u00ean d\u1ee5ng, nguy\u00ean v\u1eadt li\u1ec7u, h\u00f3a ch\u1ea5t ng\u00e0nh x\u00e2y d\u1ef1ng uy t\u00edn, ch\u1ea5t l\u01b0\u1ee3ng.<\/p>\n<p>V\u1edbi m\u1ea1ng l\u01b0\u1edbi ph\u00e2n ph\u1ed1i r\u1ed9ng kh\u1eafp c\u00e1c t\u1ec9nh th\u00e0nh, b\u1ed9t polymer Vinnapas 5111L t\u1ea1i PCE C\u00e1t L\u00e2m ch\u1ea5t l\u01b0\u1ee3ng lu\u00f4n \u0111\u01b0\u1ee3c \u0111\u1ea3m b\u1ea3o khi \u0111\u1ebfn tay kh\u00e1ch h\u00e0ng.<\/p>\n<p>Polymer ch\u1ed1ng m\u00e0i m\u00f2n, gi\u1ea3m b\u1ecdt kh\u00ed Vinnapas 5111L l\u00e0 gi\u1ea3i ph\u00e1p t\u1ed1i \u01b0u gi\u00fap n\u00e2ng cao ch\u1ea5t l\u01b0\u1ee3ng thi c\u00f4ng v\u00e0 \u0111\u1ea3m b\u1ea3o \u0111\u1ed9 b\u1ec1n l\u00e2u d\u00e0i cho c\u00e1c c\u00f4ng tr\u00ecnh x\u00e2y d\u1ef1ng.<\/p>\n<p>V\u1edbi t\u00ednh n\u0103ng ch\u1ed1ng m\u00e0i m\u00f2n, gi\u1ea3m b\u1ecdt kh\u00ed v\u00e0 kh\u1ea3 n\u0103ng \u1ee9ng d\u1ee5ng \u0111a d\u1ea1ng, Vinnapas 5111L kh\u00f4ng ch\u1ec9 n\u00e2ng cao t\u00ednh th\u1ea9m m\u1ef9 m\u00e0 c\u00f2n gi\u00fap gi\u1ea3m thi\u1ec3u chi ph\u00ed b\u1ea3o tr\u00ec trong t\u01b0\u01a1ng lai.<\/p>\n<p>N\u1ebfu b\u1ea1n \u0111ang t\u00ecm ki\u1ebfm m\u1ed9t lo\u1ea1i v\u1eadt li\u1ec7u ch\u1ea5t l\u01b0\u1ee3ng \u0111\u1ec3 c\u1ea3i thi\u1ec7n hi\u1ec7u qu\u1ea3 thi c\u00f4ng, <strong>b\u1ed9t polymer Vinnapas 5111L<\/strong> ch\u1eafc ch\u1eafn l\u00e0 l\u1ef1a ch\u1ecdn kh\u00f4ng th\u1ec3 b\u1ecf qua.<\/p>\n<p>H\u00e3y li\u00ean h\u1ec7 PCE C\u00e1t L\u00e2m qua <strong>hotline: 0918 268 637 <\/strong>khi c\u00f3 nhu c\u1ea7u t\u00ecm hi\u1ec3u v\u00e0 c\u1ea7n t\u01b0 v\u1ea5n mua h\u00e0ng Vinnapas 5111L nh\u00e9.<\/p>","protected":false},"excerpt":{"rendered":"<ul class=\"list-unstyled\">\n<li class=\"infos mt1x\"><strong>Lo\u1ea1i s\u1ea3n ph\u1ea9m\u00a0<\/strong>: D\u1ea1ng b\u1ed9t m\u00e0u tr\u1eafng<\/li>\n<li><strong>\u0110\u00f3ng g\u00f3i\u00a0 \u00a0 \u00a0 \u00a0 \u00a0 \u00a0<\/strong>: Bao 25kg<\/li>\n<\/ul>","protected":false},"featured_media":9595,"comment_status":"closed","ping_status":"closed","template":"","meta":[],"yst_prominent_words":[],"acf":[],"_links":{"self":[{"href":"https:\/\/pcecatlam.vn\/km\/wp-json\/wp\/v2\/product\/8504"}],"collection":[{"href":"https:\/\/pcecatlam.vn\/km\/wp-json\/wp\/v2\/product"}],"about":[{"href":"https:\/\/pcecatlam.vn\/km\/wp-json\/wp\/v2\/types\/product"}],"replies":[{"embeddable":true,"href":"https:\/\/pcecatlam.vn\/km\/wp-json\/wp\/v2\/comments?post=8504"}],"wp:featuredmedia":[{"embeddable":true,"href":"https:\/\/pcecatlam.vn\/km\/wp-json\/wp\/v2\/media\/9595"}],"wp:attachment":[{"href":"https:\/\/pcecatlam.vn\/km\/wp-json\/wp\/v2\/media?parent=8504"}],"wp:term":[{"taxonomy":"yst_prominent_words","embeddable":true,"href":"https:\/\/pcecatlam.vn\/km\/wp-json\/wp\/v2\/yst_prominent_words?post=8504"}],"curies":[{"name":"wp","href":"https:\/\/api.w.org\/{rel}","templated":true}]}}