{"id":8341,"date":"2023-06-30T16:35:41","date_gmt":"2023-06-30T09:35:41","guid":{"rendered":"https:\/\/pcecatlam.vn\/?post_type=product&#038;p=8341"},"modified":"2024-08-28T14:42:48","modified_gmt":"2024-08-28T07:42:48","slug":"phu-gia-dong-ran-nhanh-caf-2","status":"publish","type":"product","link":"https:\/\/pcecatlam.vn\/km\/product\/phu-gia-dong-ran-nhanh-caf-2\/","title":{"rendered":"CAF \u179f\u17b6\u179a\u1792\u17b6\u178f\u17bb\u1794\u1793\u17d2\u1790\u17c2\u1798\u1796\u17d2\u1799\u17b6\u1794\u17b6\u179b\u179a\u17a0\u17d0\u179f"},"content":{"rendered":"<p><strong>CAF (Calcium formate)<\/strong> l\u00e0 m\u1ed9t h\u1ee3p ch\u1ea5t h\u00f3a h\u1ecdc c\u00f3 c\u00f4ng th\u1ee9c h\u00f3a h\u1ecdc Ca(HCOO)2. \u0110\u00e2y l\u00e0 m\u1ed9t ch\u1ea5t b\u1ed9t m\u1ecbn, kh\u00f4ng m\u00f9i v\u00e0 c\u00f3 m\u00e0u tr\u1eafng.<\/p>\n<h2><strong>\u0110\u1eb7c t\u00ednh<\/strong><\/h2>\n<p>&#8211; Calcium formate c\u00f3 kh\u1ea3 n\u0103ng h\u00f2a tan t\u1ed1t trong n\u01b0\u1edbc, t\u1ea1o th\u00e0nh dung d\u1ecbch trong su\u1ed1t v\u00e0 kh\u00f4ng g\u00e2y \u0111\u1ee5c. \u0110i\u1ec1u n\u00e0y gi\u00fap d\u1ec5 d\u00e0ng pha tr\u1ed9n v\u00e0 s\u1eed d\u1ee5ng trong c\u00e1c qu\u00e1 tr\u00ecnh s\u1ea3n xu\u1ea5t.<\/p>\n<p>&#8211; C\u00f3 kh\u1ea3 n\u0103ng ch\u1ed1ng t\u1ea1o b\u1ecdt trong c\u00e1c \u1ee9ng d\u1ee5ng x\u1eed l\u00fd ch\u1ea5t l\u1ecfng, nh\u01b0 trong s\u1ea3n xu\u1ea5t xi m\u0103ng v\u00e0 b\u00ea t\u00f4ng. N\u00f3 gi\u00fap duy tr\u00ec t\u00ednh \u1ed5n \u0111\u1ecbnh v\u00e0 ch\u1ea5t l\u01b0\u1ee3ng c\u1ee7a c\u00e1c s\u1ea3n ph\u1ea9m cu\u1ed1i c\u00f9ng.<\/p>\n<p>&#8211; Calcium formate c\u00f3 kh\u1ea3 n\u0103ng ch\u1ecbu nhi\u1ec7t \u0111\u1ed9 cao, s\u1eed d\u1ee5ng trong c\u00e1c \u1ee9ng d\u1ee5ng y\u00eau c\u1ea7u qu\u00e1 tr\u00ecnh nhi\u1ec7t \u0111\u1ed9 cao.<\/p>\n<p>&#8211; C\u00f3 t\u00ednh ch\u1ea5t \u0111i\u1ec7n h\u00f3a t\u1ed1t, gi\u00fap n\u00f3 \u0111\u01b0\u1ee3c s\u1eed d\u1ee5ng trong c\u00e1c \u1ee9ng d\u1ee5ng \u0111i\u1ec7n t\u1eed v\u00e0 ng\u00e0nh c\u00f4ng nghi\u1ec7p \u0111i\u1ec7n.<\/p>\n<p>&#8211; C\u00f3 t\u00ednh \u1ed5n \u0111\u1ecbnh h\u00f3a h\u1ecdc t\u1ed1t, kh\u00f4ng d\u1ec5 b\u1ecb ph\u00e2n h\u1ee7y trong m\u00f4i tr\u01b0\u1eddng axit ho\u1eb7c ki\u1ec1m.<\/p>\n<p>&#8211; C\u00f3 kh\u1ea3 n\u0103ng \u0111i\u1ec1u ch\u1ec9nh v\u00e0 \u1ed5n \u0111\u1ecbnh pH trong c\u00e1c h\u1ec7 th\u1ed1ng s\u1ea3n ph\u1ea9m.<\/p>\n<h2><strong>\u1ee8ng d\u1ee5ng c\u1ee7a Calcium formate<\/strong><\/h2>\n<p>&#8211; Calcium formate \u0111\u01b0\u1ee3c s\u1eed d\u1ee5ng trong s\u1ea3n xu\u1ea5t v\u1eefa v\u00e0 b\u00ea t\u00f4ng. N\u00f3 c\u00f3 th\u1ec3 \u0111\u01b0\u1ee3c s\u1eed d\u1ee5ng l\u00e0m ch\u1ea5t gia c\u1ed1 v\u00e0 t\u0103ng c\u01b0\u1eddng t\u00ednh ch\u1ea5t c\u1ee7a v\u1eadt li\u1ec7u x\u00e2y d\u1ef1ng.<\/p>\n<p>&#8211; CAF-Calcium formate cung c\u1ea5p kh\u1ea3 n\u0103ng ch\u1ed1ng n\u1ee9t, ch\u1ed1ng th\u1ea5m v\u00e0 t\u0103ng c\u01b0\u1eddng \u0111\u1ed9 b\u1ec1n c\u01a1 h\u1ecdc c\u1ee7a b\u00ea t\u00f4ng v\u00e0 v\u1eefa.<\/p>\n<p>&#8211; \u0110\u01b0\u1ee3c s\u1eed d\u1ee5ng l\u00e0m ch\u1ea5t t\u1ea1o m\u00e0u trong qu\u00e1 tr\u00ecnh nhu\u1ed9m v\u00e0 in d\u1ec7t. N\u00f3 c\u00f3 kh\u1ea3 n\u0103ng t\u0103ng c\u01b0\u1eddng hi\u1ec7u qu\u1ea3 nhu\u1ed9m v\u00e0 c\u1ea3i thi\u1ec7n \u0111\u1ed9 b\u1ec1n m\u00e0u c\u1ee7a v\u1ea3i.<\/p>\n<p>&#8211; Calcium formate c\u00f3 th\u1ec3 \u0111\u01b0\u1ee3c s\u1eed d\u1ee5ng trong s\u1ea3n xu\u1ea5t da \u0111\u1ec3 c\u1ea3i thi\u1ec7n \u0111\u1ed9 b\u1ec1n v\u00e0 t\u00ednh \u0111\u1ed3ng nh\u1ea5t c\u1ee7a m\u00e0u nhu\u1ed9m.<\/p>\n<p>&#8211; \u0110\u01b0\u1ee3c s\u1eed d\u1ee5ng trong s\u1ea3n xu\u1ea5t h\u00f3a ch\u1ea5t v\u00e0 ch\u1ea5t b\u1ea3o qu\u1ea3n. N\u00f3 c\u00f3 kh\u1ea3 n\u0103ng kh\u00e1ng khu\u1ea9n v\u00e0 kh\u00e1ng n\u1ea5m, gi\u00fap ng\u0103n ch\u1eb7n s\u1ef1 ph\u00e1t tri\u1ec3n c\u1ee7a vi khu\u1ea9n.<\/p>","protected":false},"excerpt":{"rendered":"<ul>\n<li>Th\u01b0\u01a1ng hi\u1ec7u : Perstorp<\/li>\n<li>Nh\u00e0 ph\u00e2n ph\u1ed1i : C\u00d4NG TY TNHH PCE C\u00c1T L\u00c2M<\/li>\n<li>Lo\u1ea1i s\u1ea3n ph\u1ea9m : D\u1ea1ng b\u1ed9t m\u00e0u tr\u1eafng<\/li>\n<li>\u0110\u00f3ng g\u00f3i : Bao 25kg<\/li>\n<\/ul>","protected":false},"featured_media":9138,"comment_status":"closed","ping_status":"closed","template":"","meta":[],"yst_prominent_words":[],"acf":[],"_links":{"self":[{"href":"https:\/\/pcecatlam.vn\/km\/wp-json\/wp\/v2\/product\/8341"}],"collection":[{"href":"https:\/\/pcecatlam.vn\/km\/wp-json\/wp\/v2\/product"}],"about":[{"href":"https:\/\/pcecatlam.vn\/km\/wp-json\/wp\/v2\/types\/product"}],"replies":[{"embeddable":true,"href":"https:\/\/pcecatlam.vn\/km\/wp-json\/wp\/v2\/comments?post=8341"}],"wp:featuredmedia":[{"embeddable":true,"href":"https:\/\/pcecatlam.vn\/km\/wp-json\/wp\/v2\/media\/9138"}],"wp:attachment":[{"href":"https:\/\/pcecatlam.vn\/km\/wp-json\/wp\/v2\/media?parent=8341"}],"wp:term":[{"taxonomy":"yst_prominent_words","embeddable":true,"href":"https:\/\/pcecatlam.vn\/km\/wp-json\/wp\/v2\/yst_prominent_words?post=8341"}],"curies":[{"name":"wp","href":"https:\/\/api.w.org\/{rel}","templated":true}]}}