{"id":8324,"date":"2023-06-29T17:40:17","date_gmt":"2023-06-29T10:40:17","guid":{"rendered":"https:\/\/pcecatlam.vn\/?post_type=product&#038;p=8324"},"modified":"2023-11-21T10:05:45","modified_gmt":"2023-11-21T03:05:45","slug":"phu-gia-chong-phan-tach-hpmc-pl40b","status":"publish","type":"product","link":"https:\/\/pcecatlam.vn\/km\/product\/phu-gia-chong-phan-tach-hpmc-pl40b\/","title":{"rendered":"\u179f\u17b6\u179a\u1792\u17b6\u178f\u17bb\u1794\u1793\u17d2\u1790\u17c2\u1798\u1794\u17d2\u179a\u1786\u17b6\u17c6\u1784\u1793\u17b9\u1784\u1780\u17b6\u179a\u1794\u17c6\u1794\u17c2\u1780 HPMC PL40B"},"content":{"rendered":"<p><strong>HPMC PL40B<\/strong> l\u00e0 m\u1ed9t lo\u1ea1i Hydroxypropyl Methyl Cellulose \u0111\u01b0\u1ee3c s\u1eed d\u1ee5ng r\u1ed9ng r\u00e3i trong ng\u00e0nh c\u00f4ng nghi\u1ec7p x\u00e2y d\u1ef1ng v\u00e0 s\u01a1n. N\u00f3 l\u00e0 m\u1ed9t lo\u1ea1i ph\u1ee5 gia kh\u00f4ng ion c\u00f3 ngu\u1ed3n g\u1ed1c t\u1eeb cellulose t\u1ef1 nhi\u00ean, \u0111\u01b0\u1ee3c s\u1ea3n xu\u1ea5t th\u00f4ng qua qu\u00e1 tr\u00ecnh ho\u00e1 h\u1ecdc.<\/p>\n<h2><strong>\u0110\u1eb7c t\u00ednh<\/strong><\/h2>\n<p>&#8211; HPMC PL40B c\u00f3 kh\u1ea3 n\u0103ng t\u0103ng \u0111\u1ed9 nh\u1edbt c\u1ee7a h\u1ed7n h\u1ee3p. \u0110i\u1ec1u n\u00e0y gi\u00fap c\u1ea3i thi\u1ec7n t\u00ednh ch\u1ea5t tr\u1ea3i ph\u1eb3ng, \u0111\u1ed9 b\u00e1m d\u00ednh v\u00e0 kh\u1ea3 n\u0103ng ch\u1ed1ng th\u1ea5m n\u01b0\u1edbc.<\/p>\n<p>&#8211; HPMC PL40B cung c\u1ea5p t\u00ednh ch\u1ea5t co gi\u00e3n v\u00e0 \u0111\u1ed9 b\u1ec1n cho v\u1eadt li\u1ec7u x\u00e2y d\u1ef1ng. N\u00f3 gi\u00fap c\u1ea3i thi\u1ec7n t\u00ednh ch\u1ea5t ch\u1ed1ng n\u1ee9t, l\u00e0m t\u0103ng kh\u1ea3 n\u0103ng ch\u1ed1ng ch\u1ecbu cho c\u00e1c c\u00f4ng tr\u00ecnh x\u00e2y d\u1ef1ng.<\/p>\n<p>&#8211; D\u1ec5 d\u00e0ng h\u00f2a tan trong n\u01b0\u1edbc v\u00e0 t\u1ea1o th\u00e0nh dung d\u1ecbch nh\u1edd t\u00ednh ch\u1ea5t hydrophilic c\u1ee7a n\u00f3. \u0110i\u1ec1u n\u00e0y gi\u00fap d\u1ec5 d\u00e0ng pha tr\u1ed9n v\u00e0 k\u1ebft h\u1ee3p v\u1edbi c\u00e1c th\u00e0nh ph\u1ea7n kh\u00e1c trong c\u00e1c c\u00f4ng th\u1ee9c ph\u1ee9c t\u1ea1p.<\/p>\n<p>&#8211; C\u00f3 kh\u1ea3 n\u0103ng c\u1ea3i thi\u1ec7n s\u1ef1 \u1ed5n \u0111\u1ecbnh v\u00e0 kh\u1ea3 n\u0103ng ch\u1ed1ng thay \u0111\u1ed5i c\u1ee7a h\u1ed7n h\u1ee3p. N\u00f3 gi\u00fap ki\u1ec3m so\u00e1t qu\u00e1 tr\u00ecnh t\u1ea1o m\u00e0ng, duy tr\u00ec t\u00ednh ch\u1ea5t v\u00e0 hi\u1ec7u su\u1ea5t c\u1ee7a s\u1ea3n ph\u1ea9m trong qu\u00e1 tr\u00ecnh s\u1eed d\u1ee5ng.<\/p>\n<p>&#8211; HPMC PL40B l\u00e0 m\u1ed9t ch\u1ea5t ph\u1ee5 gia kh\u00f4ng \u0111\u1ed9c h\u1ea1i v\u00e0 kh\u00f4ng g\u00e2y \u00f4 nhi\u1ec5m m\u00f4i tr\u01b0\u1eddng, n\u00f3 ph\u00f9 h\u1ee3p v\u1edbi c\u00e1c y\u00eau c\u1ea7u v\u1ec1 b\u1ea3o v\u1ec7 m\u00f4i tr\u01b0\u1eddng.<\/p>\n<h2><strong>\u1ee8ng d\u1ee5ng c\u1ee7a HPMC PL40B<\/strong><\/h2>\n<p>&#8211; \u0110\u01b0\u1ee3c s\u1eed d\u1ee5ng trong c\u00e1c s\u1ea3n ph\u1ea9m x\u00e2y d\u1ef1ng nh\u01b0 v\u1eefa tr\u00e1t t\u01b0\u1eddng, v\u1eefa keo. N\u00f3 cung c\u1ea5p t\u00ednh ch\u1ea5t t\u0103ng \u0111\u1ed9 nh\u1edbt, c\u1ea3i thi\u1ec7n t\u00ednh co gi\u00e3n v\u00e0 \u0111\u1ed9 b\u1ec1n, \u0111\u1ed3ng th\u1eddi t\u1ea1o ra b\u1ec1 m\u1eb7t tr\u01a1n.<\/p>\n<p>&#8211; HPMC PL40B \u0111\u01b0\u1ee3c s\u1eed d\u1ee5ng l\u00e0m ch\u1ea5t ph\u1ee5 gia trong s\u1ea3n xu\u1ea5t s\u01a1n. N\u00f3 t\u0103ng \u0111\u1ed9 nh\u1edbt, c\u1ea3i thi\u1ec7n t\u00ednh ch\u1ea5t tr\u1ea3i ph\u1eb3ng v\u00e0 \u0111\u1ed9 b\u00e1m d\u00ednh, gi\u00fap cho s\u01a1n c\u00f3 \u0111\u1ed9 \u1ed5n \u0111\u1ecbnh cao.<\/p>\n<p>&#8211; HPMC PL40B \u0111\u01b0\u1ee3c s\u1eed d\u1ee5ng l\u00e0m ch\u1ea5t ph\u1ee5 gia trong ng\u00e0nh s\u1ea3n xu\u1ea5t gi\u1ea5y. N\u00f3 c\u1ea3i thi\u1ec7n t\u00ednh ch\u1ea5t ch\u1ed1ng n\u01b0\u1edbc, t\u0103ng \u0111\u1ed9 nh\u1edbt v\u00e0 t\u00ednh co gi\u00e3n c\u1ee7a h\u1ed7n h\u1ee3p, gi\u00fap t\u0103ng c\u01b0\u1eddng \u0111\u1ed9 b\u1ec1n c\u1ee7a gi\u1ea5y.<\/p>\n<p>&#8211; V\u1eefa t\u1ef1 san<\/p>\n<p>&#8211; Kh\u1ea3 n\u0103ng ch\u1ea3y t\u1ed1t<\/p>\n<p>&#8211; B\u1ec1 m\u1eb7t nh\u1eb5n, kh\u00f4ng ph\u00e2n t\u00e1ch, \u0111\u1ed9 nh\u1edbt \u1ed5n \u0111\u1ecbnh, kh\u1ea3 n\u0103ng thi c\u00f4ng t\u1ed1t<\/p>\n<p>&nbsp;<\/p>","protected":false},"excerpt":{"rendered":"<ul>\n<li>Th\u01b0\u01a1ng hi\u1ec7u : Pankey<\/li>\n<li>Nh\u00e0 ph\u00e2n ph\u1ed1i : C\u00d4NG TY TNHH PCE C\u00c1T L\u00c2M<\/li>\n<li>Lo\u1ea1i s\u1ea3n ph\u1ea9m : D\u1ea1ng b\u1ed9t m\u00e0u tr\u1eafng<\/li>\n<li>\u0110\u00f3ng g\u00f3i : Bao 25kg<\/li>\n<\/ul>","protected":false},"featured_media":9137,"comment_status":"closed","ping_status":"closed","template":"","meta":[],"yst_prominent_words":[],"acf":[],"_links":{"self":[{"href":"https:\/\/pcecatlam.vn\/km\/wp-json\/wp\/v2\/product\/8324"}],"collection":[{"href":"https:\/\/pcecatlam.vn\/km\/wp-json\/wp\/v2\/product"}],"about":[{"href":"https:\/\/pcecatlam.vn\/km\/wp-json\/wp\/v2\/types\/product"}],"replies":[{"embeddable":true,"href":"https:\/\/pcecatlam.vn\/km\/wp-json\/wp\/v2\/comments?post=8324"}],"wp:featuredmedia":[{"embeddable":true,"href":"https:\/\/pcecatlam.vn\/km\/wp-json\/wp\/v2\/media\/9137"}],"wp:attachment":[{"href":"https:\/\/pcecatlam.vn\/km\/wp-json\/wp\/v2\/media?parent=8324"}],"wp:term":[{"taxonomy":"yst_prominent_words","embeddable":true,"href":"https:\/\/pcecatlam.vn\/km\/wp-json\/wp\/v2\/yst_prominent_words?post=8324"}],"curies":[{"name":"wp","href":"https:\/\/api.w.org\/{rel}","templated":true}]}}