{"id":8319,"date":"2023-06-29T17:38:25","date_gmt":"2023-06-29T10:38:25","guid":{"rendered":"https:\/\/pcecatlam.vn\/?post_type=product&#038;p=8319"},"modified":"2023-11-21T10:04:44","modified_gmt":"2023-11-21T03:04:44","slug":"phu-gia-tao-dac-hpmc-g9450","status":"publish","type":"product","link":"https:\/\/pcecatlam.vn\/km\/product\/phu-gia-tao-dac-hpmc-g9450\/","title":{"rendered":"\u179f\u17b6\u179a\u1792\u17b6\u178f\u17bb\u1794\u1793\u17d2\u1790\u17c2\u1798\u1780\u17d2\u179a\u17b6\u179f\u17cb HPMC G9450"},"content":{"rendered":"<p>Ph\u1ee5 gia HPMC G9450 l\u00e0 m\u1ed9t ch\u1ea5t ph\u1ee5 gia \u0111\u1eb7c bi\u1ec7t \u0111\u01b0\u1ee3c s\u1eed d\u1ee5ng r\u1ed9ng r\u00e3i trong ng\u00e0nh c\u00f4ng nghi\u1ec7p x\u00e2y d\u1ef1ng. \u0110\u00e2y l\u00e0 m\u1ed9t lo\u1ea1i Hydroxypropyl Methyl Cellulose (HPMC) c\u00f3 t\u00ednh nh\u1edbt cao v\u00e0 kh\u1ea3 n\u0103ng t\u1ea1o m\u00e0ng. HPMC G9450 \u0111\u00f3ng vai tr\u00f2 quan tr\u1ecdng trong vi\u1ec7c t\u0103ng c\u01b0\u1eddng t\u00ednh k\u1ebft d\u00ednh v\u00e0 kh\u1ea3 n\u0103ng b\u00e1m d\u00ednh c\u1ee7a v\u1eefa v\u00e0 keo.<\/p>\n<h2><strong>\u0110\u1eb7c t\u00ednh c\u1ee7a ph\u1ee5 gia HPMC G9450<\/strong><\/h2>\n<p>&#8211; T\u00ednh nh\u1edbt cao c\u1ee7a n\u00f3 gi\u00fap t\u0103ng c\u01b0\u1eddng t\u00ednh \u0111\u1ed3ng nh\u1ea5t v\u00e0 x\u1eed l\u00fd c\u1ee7a v\u1eefa. HPMC G9450 gi\u00fap \u0111i\u1ec1u ch\u1ec9nh \u0111\u1ed9 nh\u1edbt v\u00e0 l\u01b0u l\u01b0\u1ee3ng ch\u1ea3y, t\u1ea1o ra m\u1ed9t h\u1ed7n h\u1ee3p m\u1ecbn m\u00e0ng v\u00e0 d\u1ec5 d\u00e0ng thi c\u00f4ng.<\/p>\n<p>&#8211; Ph\u1ee5 gia HPMC G9450 c\u00f3 kh\u1ea3 n\u0103ng t\u1ea1o m\u00e0ng b\u1ec1 m\u1eb7t b\u1ec1n v\u1eefng tr\u00ean c\u00e1c l\u1edbp s\u01a1n v\u00e0 ch\u1ea5t ph\u1ee7. Gi\u00fap t\u1ea1o \u0111\u1ed9 b\u00f3ng cho c\u00e1c b\u1ec1 m\u1eb7t \u0111\u00e3 \u0111\u01b0\u1ee3c ph\u1ee7, cung c\u1ea5p t\u00ednh th\u1ea9m m\u1ef9 v\u00e0 \u0111\u1ed9 b\u1ec1n cao.<\/p>\n<p>&#8211; Ph\u1ee5 gia n\u00e0y c\u00f2n c\u00f3 c\u00f4ng d\u1ee5ng ch\u1ed1ng th\u1ea5m v\u00e0 gia c\u1ed1 c\u1ea5u tr\u00fac. V\u1edbi kh\u1ea3 n\u0103ng ch\u1ed1ng th\u1ea5m t\u1ed1t, n\u00f3 ng\u0103n ng\u1eeba th\u1ea9m th\u1ea5u c\u1ee7a n\u01b0\u1edbc v\u00e0 ch\u1ea5t l\u1ecfng v\u00e0o c\u1ea5u tr\u00fac x\u00e2y d\u1ef1ng.<\/p>\n<p>&#8211; Gi\u00fap t\u0103ng c\u01b0\u1eddng t\u00ednh th\u1ea9m m\u1ef9 c\u1ee7a s\u1ea3n ph\u1ea9m v\u00e0 che gi\u1ea5u c\u00e1c khuy\u1ebft \u0111i\u1ec3m b\u1ec1 m\u1eb7t.<\/p>\n<h2><strong>\u1ee8ng d\u1ee5ng c\u1ee7a G9450 trong x\u00e2y d\u1ef1ng<\/strong><\/h2>\n<p>C\u00f4ng d\u1ee5ng c\u1ee7a ph\u1ee5 gia G9450 r\u1ea5t \u0111a d\u1ea1ng trong ng\u00e0nh x\u00e2y d\u1ef1ng. N\u00f3 \u0111\u01b0\u1ee3c s\u1eed d\u1ee5ng trong s\u1ea3n xu\u1ea5t s\u01a1n, ch\u1ea5t ph\u1ee7, v\u1eefa, v\u00e0 c\u00e1c \u1ee9ng d\u1ee5ng kh\u00e1c. S\u1ea3n ph\u1ea9m n\u00e0y gi\u00fap n\u00e2ng cao t\u00ednh nh\u1edbt v\u00e0 \u0111\u1ed9 nh\u1edbt c\u1ee7a v\u1eefa. Ngo\u00e0i ra, n\u00f3 c\u00f2n gi\u00fap t\u1ea1o m\u00e0ng b\u1ec1 m\u1eb7t b\u1ec1n v\u1eefng, ch\u1ed1ng th\u1ea5m v\u00e0 gia c\u1ed1 c\u1ea5u tr\u00fac.<\/p>\n<p>T\u1eeb c\u00e1c \u1ee9ng d\u1ee5ng trong v\u1eefa, b\u00ea t\u00f4ng, s\u01a1n, ch\u1ea5t ph\u1ee7 \u0111\u1ebfn c\u00e1c c\u00f4ng tr\u00ecnh x\u00e2y d\u1ef1ng kh\u00e1c, HPMC G9450 l\u00e0 m\u1ed9t ph\u1ee5 gia quan tr\u1ecdng gi\u00fap n\u00e2ng cao hi\u1ec7u su\u1ea5t v\u00e0 ch\u1ea5t l\u01b0\u1ee3ng c\u1ee7a c\u00f4ng tr\u00ecnh.<\/p>","protected":false},"excerpt":{"rendered":"<p>Th\u01b0\u01a1ng hi\u1ec7u : PANKEY &#8211; G9450<br \/>\nXu\u1ea5t x\u1ee9 : TRUNG QU\u1ed0C<br \/>\nNh\u00e0 ph\u00e2n ph\u1ed1i : C\u00d4NG TY TNHH PCE C\u00c1T L\u00c2M<br \/>\nLo\u1ea1i s\u1ea3n ph\u1ea9m : D\u1ea1ng b\u1ed9t m\u00e0u tr\u1eafng<br \/>\n\u0110\u00f3ng g\u00f3i : Bao 25kg<\/p>","protected":false},"featured_media":9136,"comment_status":"closed","ping_status":"closed","template":"","meta":[],"yst_prominent_words":[],"acf":[],"_links":{"self":[{"href":"https:\/\/pcecatlam.vn\/km\/wp-json\/wp\/v2\/product\/8319"}],"collection":[{"href":"https:\/\/pcecatlam.vn\/km\/wp-json\/wp\/v2\/product"}],"about":[{"href":"https:\/\/pcecatlam.vn\/km\/wp-json\/wp\/v2\/types\/product"}],"replies":[{"embeddable":true,"href":"https:\/\/pcecatlam.vn\/km\/wp-json\/wp\/v2\/comments?post=8319"}],"wp:featuredmedia":[{"embeddable":true,"href":"https:\/\/pcecatlam.vn\/km\/wp-json\/wp\/v2\/media\/9136"}],"wp:attachment":[{"href":"https:\/\/pcecatlam.vn\/km\/wp-json\/wp\/v2\/media?parent=8319"}],"wp:term":[{"taxonomy":"yst_prominent_words","embeddable":true,"href":"https:\/\/pcecatlam.vn\/km\/wp-json\/wp\/v2\/yst_prominent_words?post=8319"}],"curies":[{"name":"wp","href":"https:\/\/api.w.org\/{rel}","templated":true}]}}