{"id":8302,"date":"2023-06-29T16:04:59","date_gmt":"2023-06-29T09:04:59","guid":{"rendered":"https:\/\/pcecatlam.vn\/?post_type=product&#038;p=8302"},"modified":"2023-11-21T10:02:43","modified_gmt":"2023-11-21T03:02:43","slug":"phu-gia-giu-nuoc-hpmc-mc100","status":"publish","type":"product","link":"https:\/\/pcecatlam.vn\/km\/product\/phu-gia-giu-nuoc-hpmc-mc100\/","title":{"rendered":"\u179f\u17b6\u179a\u1792\u17b6\u178f\u17bb\u1794\u1793\u17d2\u1790\u17c2\u1798\u179a\u1780\u17d2\u179f\u17b6\u1791\u17b9\u1780 HPMC MC100"},"content":{"rendered":"<p style=\"text-align: justify;\">Ph\u1ee5 gia HPMC MC100 l\u00e0 m\u1ed9t lo\u1ea1i ph\u1ee5 gia t\u1ed5ng h\u1ee3p c\u00f3 t\u00ean \u0111\u1ea7y \u0111\u1ee7 l\u00e0 Hydroxypropyl Methyl Cellulose (HPMC) MC100. \u0110\u01b0\u1ee3c s\u1ea3n xu\u1ea5t t\u1eeb Cellulose Ether, m\u1ed9t lo\u1ea1i polysaccharide t\u00ecm th\u1ea5y trong t\u1ef1 nhi\u00ean. HPMC MC100 l\u00e0 m\u1ed9t th\u00e0nh ph\u1ea7n quan tr\u1ecdng trong ng\u00e0nh c\u00f4ng nghi\u1ec7p x\u00e2y d\u1ef1ng v\u00e0 h\u00f3a ch\u1ea5t.<\/p>\n<h2 style=\"text-align: justify;\"><strong>\u0110\u1eb7c t\u00ednh c\u1ee7a ph\u1ee5 gia HPMC MC100<\/strong><\/h2>\n<p style=\"text-align: justify;\">&#8211; Ch\u1ea5t t\u1ea1o \u0111\u1eb7c cho v\u1eefa v\u00e0 v\u1eefa xi m\u0103ng: ph\u1ee5 gia n\u00e0y \u0111\u01b0\u1ee3c s\u1eed d\u1ee5ng \u0111\u1ec3 c\u1ea3i thi\u1ec7n t\u00ednh th\u1ea9m m\u1ef9 v\u00e0 kh\u1ea3 n\u0103ng x\u1eed l\u00fd c\u1ee7a v\u1eefa v\u00e0 v\u1eefa xi m\u0103ng. N\u00f3 gi\u00fap t\u0103ng \u0111\u1ed9 nh\u1edbt c\u1ee7a h\u1ed7n h\u1ee3p, l\u00e0m cho v\u1eefa d\u1ec5 thi c\u00f4ng v\u00e0 t\u0103ng kh\u1ea3 n\u0103ng b\u00e1m d\u00ednh.<\/p>\n<p style=\"text-align: justify;\">&#8211; Ch\u1ea5t t\u1ea1o m\u00e0ng ch\u1ed1ng th\u1ea5m: Ph\u1ee5 gia MC100 c\u00f3 kh\u1ea3 n\u0103ng t\u1ea1o m\u00e0ng b\u1ea3o v\u1ec7 cho b\u1ec1 m\u1eb7t. N\u00f3 c\u00f3 th\u1ec3 gi\u00fap ng\u0103n ch\u1eb7n th\u1ea9m th\u1ea5u n\u01b0\u1edbc v\u00e0 ch\u1ed1ng th\u1ea5m hi\u1ec7u qu\u1ea3. \u0110i\u1ec1u n\u00e0y l\u00e0m t\u0103ng \u0111\u1ed9 b\u1ec1n v\u00e0 tu\u1ed5i th\u1ecd c\u1ee7a c\u00f4ng tr\u00ecnh x\u00e2y d\u1ef1ng.<\/p>\n<p style=\"text-align: justify;\">&#8211; Ch\u1ea5t t\u1ea1o \u0111\u1eb7c cho s\u01a1n v\u00e0 ch\u1ea5t ph\u1ee7: HPMC MC100 \u0111\u01b0\u1ee3c s\u1eed d\u1ee5ng trong c\u00f4ng ngh\u1ec7 s\u01a1n \u0111\u1ec3 \u0111i\u1ec1u ch\u1ec9nh \u0111\u1ed9 nh\u1edbt v\u00e0 \u0111\u1ed9 d\u1ebbo c\u1ee7a s\u01a1n. N\u00f3 gi\u00fap c\u1ea3i thi\u1ec7n t\u00ednh ch\u1ed1ng th\u1ea5m v\u00e0 kh\u1ea3 n\u0103ng b\u00e1m d\u00ednh c\u1ee7a s\u01a1n l\u00ean b\u1ec1 m\u1eb7t. Ngo\u00e0i ra, n\u00f3 c\u0169ng c\u00f3 th\u1ec3 cung c\u1ea5p t\u00ednh th\u1ea9m m\u1ef9 v\u00e0 t\u1ea1o hi\u1ec7u \u1ee9ng m\u1edd cho l\u1edbp s\u01a1n.<\/p>\n<p style=\"text-align: justify;\">&#8211; Ch\u1ea5t t\u1ea1o \u0111\u1eb7c cho keo v\u00e0 ch\u1ea5t k\u1ebft d\u00ednh: Ph\u1ee5 gia HPMC MC100 c\u00f3 kh\u1ea3 n\u0103ng t\u0103ng c\u01b0\u1eddng t\u00ednh k\u1ebft d\u00ednh. N\u00f3 gi\u00fap t\u1ea1o ra m\u1ed9t li\u00ean k\u1ebft b\u1ec1 m\u1eb7t v\u00e0 \u0111\u1ea3m b\u1ea3o t\u00ednh \u1ed5n \u0111\u1ecbnh c\u1ee7a s\u1ea3n ph\u1ea9m cu\u1ed1i c\u00f9ng.<\/p>\n<h2 style=\"text-align: justify;\"><strong>\u1ee8ng d\u1ee5ng\u00a0<\/strong><\/h2>\n<p style=\"text-align: justify;\">Ph\u1ee5 gia HPMC MC100 c\u00f3 nhi\u1ec1u \u1ee9ng d\u1ee5ng quan tr\u1ecdng trong ng\u00e0nh c\u00f4ng nghi\u1ec7p nh\u01b0: t\u1ea1o \u0111\u1eb7c cho v\u1eefa v\u00e0 v\u1eefa xi m\u0103ng, b\u1ed9t tr\u00e1t g\u1ed1c th\u1ea1c cao, ch\u1ea5t \u0111\u1ed9n v\u1ebft n\u1ee9t, keo d\u00e1n g\u1ea1ch, v\u1eefa s\u1eefa ch\u1eefa,&#8230;<\/p>","protected":false},"excerpt":{"rendered":"<p>Ph\u1ee5 gia HPMC MC100 l\u00e0 m\u1ed9t lo\u1ea1i ph\u1ee5 gia t\u1ed5ng h\u1ee3p c\u00f3 t\u00ean \u0111\u1ea7y \u0111\u1ee7 l\u00e0 Hydroxypropyl Methyl Cellulose (HPMC) MC100. \u0110\u01b0\u1ee3c s\u1ea3n xu\u1ea5t t\u1eeb Cellulose Ether, m\u1ed9t lo\u1ea1i polysaccharide t\u00ecm th\u1ea5y trong t\u1ef1 nhi\u00ean. HPMC MC100 l\u00e0 m\u1ed9t th\u00e0nh ph\u1ea7n quan tr\u1ecdng trong ng\u00e0nh c\u00f4ng nghi\u1ec7p x\u00e2y d\u1ef1ng v\u00e0 h\u00f3a ch\u1ea5t. \u0110\u1eb7c t\u00ednh c\u1ee7a [&hellip;]<\/p>","protected":false},"featured_media":9134,"comment_status":"closed","ping_status":"closed","template":"","meta":[],"yst_prominent_words":[],"acf":[],"_links":{"self":[{"href":"https:\/\/pcecatlam.vn\/km\/wp-json\/wp\/v2\/product\/8302"}],"collection":[{"href":"https:\/\/pcecatlam.vn\/km\/wp-json\/wp\/v2\/product"}],"about":[{"href":"https:\/\/pcecatlam.vn\/km\/wp-json\/wp\/v2\/types\/product"}],"replies":[{"embeddable":true,"href":"https:\/\/pcecatlam.vn\/km\/wp-json\/wp\/v2\/comments?post=8302"}],"wp:featuredmedia":[{"embeddable":true,"href":"https:\/\/pcecatlam.vn\/km\/wp-json\/wp\/v2\/media\/9134"}],"wp:attachment":[{"href":"https:\/\/pcecatlam.vn\/km\/wp-json\/wp\/v2\/media?parent=8302"}],"wp:term":[{"taxonomy":"yst_prominent_words","embeddable":true,"href":"https:\/\/pcecatlam.vn\/km\/wp-json\/wp\/v2\/yst_prominent_words?post=8302"}],"curies":[{"name":"wp","href":"https:\/\/api.w.org\/{rel}","templated":true}]}}