{"id":7966,"date":"2023-03-07T16:51:06","date_gmt":"2023-03-07T09:51:06","guid":{"rendered":"https:\/\/pcecatlam.vn\/?post_type=product&#038;p=7966"},"modified":"2026-03-14T09:44:02","modified_gmt":"2026-03-14T02:44:02","slug":"vinnapas-8620e-polymer-sieu-bam-dinh","status":"publish","type":"product","link":"https:\/\/pcecatlam.vn\/km\/product\/vinnapas-8620e-polymer-sieu-bam-dinh\/","title":{"rendered":"VINNAPAS 8620E Polymer si\u00eau b\u00e1m d\u00ednh &#8211; PCE C\u00c1T L\u00c2M"},"content":{"rendered":"<p><i><span style=\"font-weight: 400;\">Trong ng\u00e0nh c\u00f4ng nghi\u1ec7p x\u00e2y d\u1ef1ng v\u00e0 s\u1ea3n xu\u1ea5t, vi\u1ec7c s\u1eed d\u1ee5ng c\u00e1c v\u1eadt li\u1ec7u b\u1ec1n v\u1eefng v\u00e0 ch\u1ea5t l\u01b0\u1ee3ng cao \u0111\u00f3ng vai tr\u00f2 quan tr\u1ecdng trong vi\u1ec7c \u0111\u1ea3m b\u1ea3o \u0111\u1ed9 b\u1ec1n v\u00e0 \u0111\u1ed9 \u1ed5n \u0111\u1ecbnh c\u1ee7a c\u00e1c s\u1ea3n ph\u1ea9m cu\u1ed1i c\u00f9ng. <strong>VINNAPAS 8620E Polymer si\u00eau b\u00e1m d\u00ednh<\/strong> l\u00e0 m\u1ed9t polymer \u0111\u1ed9c \u0111\u00e1o, \u0111\u01b0\u1ee3c s\u1eed d\u1ee5ng r\u1ed9ng r\u00e3i trong c\u00e1c \u1ee9ng d\u1ee5ng nh\u01b0 keo d\u00e1n, v\u1eefa x\u00e2y t\u00f4, v\u00e0 nhi\u1ec1u l\u0129nh v\u1ef1c kh\u00e1c. B\u00e0i vi\u1ebft n\u00e0y, <\/span><\/i><a href=\"https:\/\/pcecatlam.vn\/\" target=\"_blank\" rel=\"noopener\"><i><span style=\"font-weight: 400;\">PCE C\u00e1t L\u00e2m<\/span><\/i><\/a><i><span style=\"font-weight: 400;\"> s\u1ebd gi\u1edbi thi\u1ec7u chi ti\u1ebft v\u1ec1 VINNAPAS 8620E v\u00e0 \u1ee9ng d\u1ee5ng c\u1ee7a n\u00f3 trong th\u1ef1c t\u1ebf.<\/span><\/i><\/p>\n<h2><b>VINNAPAS 8620E Polymer si\u00eau b\u00e1m d\u00ednh l\u00e0 g\u00ec?<\/b><\/h2>\n<p><span style=\"font-weight: 400;\">VINNAPAS 8620E <\/span><a href=\"https:\/\/vi.wikipedia.org\/wiki\/Polymer\" target=\"_blank\" rel=\"noopener\"><span style=\"font-weight: 400;\">Polymer<\/span><\/a><span style=\"font-weight: 400;\"> si\u00eau b\u00e1m d\u00ednh\u00a0 l\u00e0 m\u1ed9t lo\u1ea1i polymer \u0111\u1eb7c bi\u1ec7t c\u00f3 t\u00ednh n\u0103ng si\u00eau b\u00e1m d\u00ednh, \u0111\u01b0\u1ee3c ph\u00e1t tri\u1ec3n nh\u1eb1m \u0111\u00e1p \u1ee9ng nhu c\u1ea7u s\u1eed d\u1ee5ng trong c\u00e1c ng\u00e0nh c\u00f4ng nghi\u1ec7p y\u00eau c\u1ea7u \u0111\u1ed9 b\u1ec1n v\u00e0 kh\u1ea3 n\u0103ng ch\u1ed1ng ch\u1ecbu cao. \u0110\u00e2y l\u00e0 m\u1ed9t polymer \u0111\u01b0\u1ee3c s\u1ea3n xu\u1ea5t t\u1eeb ethylene v\u00e0 vinyl acetate, hai lo\u1ea1i monomer c\u01a1 b\u1ea3n gi\u00fap t\u1ea1o n\u00ean t\u00ednh d\u1ebbo dai, \u0111\u00e0n h\u1ed3i, v\u00e0 kh\u1ea3 n\u0103ng ch\u1ed1ng n\u01b0\u1edbc cho s\u1ea3n ph\u1ea9m.<\/span><\/p>\n<div id=\"attachment_9531\" style=\"width: 810px\" class=\"wp-caption aligncenter\"><img aria-describedby=\"caption-attachment-9531\" decoding=\"async\" loading=\"lazy\" class=\"size-full wp-image-9531\" src=\"https:\/\/pcecatlam.vn\/wp-content\/uploads\/2023\/03\/vinnapas-8620e-polymer-sieu-bam-dinh-3.jpg\" alt=\"VINNAPAS 8620E Polymer si\u00eau b\u00e1m d\u00ednh\" width=\"800\" height=\"1067\" srcset=\"https:\/\/pcecatlam.vn\/wp-content\/uploads\/2023\/03\/vinnapas-8620e-polymer-sieu-bam-dinh-3.jpg 800w, https:\/\/pcecatlam.vn\/wp-content\/uploads\/2023\/03\/vinnapas-8620e-polymer-sieu-bam-dinh-3-225x300.jpg 225w, https:\/\/pcecatlam.vn\/wp-content\/uploads\/2023\/03\/vinnapas-8620e-polymer-sieu-bam-dinh-3-768x1024.jpg 768w, https:\/\/pcecatlam.vn\/wp-content\/uploads\/2023\/03\/vinnapas-8620e-polymer-sieu-bam-dinh-3-9x12.jpg 9w, https:\/\/pcecatlam.vn\/wp-content\/uploads\/2023\/03\/vinnapas-8620e-polymer-sieu-bam-dinh-3-300x400.jpg 300w, https:\/\/pcecatlam.vn\/wp-content\/uploads\/2023\/03\/vinnapas-8620e-polymer-sieu-bam-dinh-3-600x800.jpg 600w\" sizes=\"(max-width: 800px) 100vw, 800px\" \/><p id=\"caption-attachment-9531\" class=\"wp-caption-text\">VINNAPAS 8620E l\u00e0 m\u1ed9t lo\u1ea1i polymer \u0111\u1eb7c bi\u1ec7t c\u00f3 t\u00ednh ch\u1ea5t si\u00eau b\u00e1m d\u00ednh<\/p><\/div>\n<p><span style=\"font-weight: 400;\">\u0110i\u1ec3m n\u1ed5i b\u1eadt c\u1ee7a <\/span><b>Vinnapas 8620E<\/b><span style=\"font-weight: 400;\"> l\u00e0 s\u1ef1 k\u1ebft h\u1ee3p ho\u00e0n h\u1ea3o gi\u1eefa t\u00ednh linh ho\u1ea1t v\u00e0 \u0111\u1ed9 b\u1ec1n, gi\u00fap s\u1ea3n ph\u1ea9m c\u00f3 th\u1ec3 s\u1eed d\u1ee5ng trong nhi\u1ec1u \u1ee9ng d\u1ee5ng kh\u00e1c nhau t\u1eeb keo d\u00e1n, l\u1edbp ph\u1ee7 ki\u1ebfn tr\u00fac cho \u0111\u1ebfn v\u1eefa x\u00e2y t\u00f4 v\u00e0 s\u1eeda ch\u1eefa. S\u1ea3n ph\u1ea9m n\u00e0y kh\u00f4ng ch\u1ec9 c\u00f3 kh\u1ea3 n\u0103ng ch\u1ecbu l\u1ef1c t\u1ed1t m\u00e0 c\u00f2n d\u1ec5 d\u00e0ng s\u1eed d\u1ee5ng, gi\u00fap n\u00e2ng cao hi\u1ec7u su\u1ea5t v\u00e0 ch\u1ea5t l\u01b0\u1ee3ng trong c\u00e1c c\u00f4ng tr\u00ecnh x\u00e2y d\u1ef1ng.<\/span><\/p>\n<h2><b>C\u00e1c \u0111\u1eb7c t\u00ednh n\u1ed5i b\u1eadt c\u1ee7a VINNAPAS 8620E si\u00eau b\u00e1m d\u00ednh<\/b><\/h2>\n<p><span style=\"font-weight: 400;\">VINNAPAS 8620E Polymer si\u00eau b\u00e1m d\u00ednh \u0111\u01b0\u1ee3c \u0111\u00e1nh gi\u00e1 cao nh\u1edd v\u00e0o nh\u1eefng \u0111\u1eb7c t\u00ednh \u01b0u vi\u1ec7t sau:<\/span><\/p>\n<h3><b>VINNAPAS 8620E c\u00f3 \u0111\u1ed9 d\u1ebbo dai v\u00e0 \u0111\u00e0n h\u1ed3i cao, kh\u1ea3 n\u0103ng co gi\u00e3n tuy\u1ec7t v\u1eddi<\/b><\/h3>\n<p><span style=\"font-weight: 400;\">M\u1ed9t trong nh\u1eefng \u0111\u1eb7c \u0111i\u1ec3m n\u1ed5i b\u1eadt c\u1ee7a VINNAPAS 8620E Polymer si\u00eau b\u00e1m d\u00ednh\u00a0 ch\u00ednh l\u00e0 t\u00ednh \u0111\u00e0n h\u1ed3i v\u00e0 co gi\u00e3n tuy\u1ec7t v\u1eddi. <\/span><\/p>\n<p><span style=\"font-weight: 400;\">Polymer n\u00e0y c\u00f3 kh\u1ea3 n\u0103ng ch\u1ecbu bi\u1ebfn d\u1ea1ng cao, cho ph\u00e9p n\u00f3 c\u00f3 th\u1ec3 \u0111\u1ecbnh h\u00ecnh l\u1ea1i m\u1ed9t c\u00e1ch linh ho\u1ea1t m\u00e0 kh\u00f4ng b\u1ecb g\u00e3y hay v\u1ee1. \u0110i\u1ec1u n\u00e0y r\u1ea5t quan tr\u1ecdng trong c\u00e1c \u1ee9ng d\u1ee5ng c\u1ea7n kh\u1ea3 n\u0103ng ch\u1ed1ng ch\u1ecbu v\u00e0 \u0111\u00e0n h\u1ed3i, ch\u1eb3ng h\u1ea1n nh\u01b0 keo d\u00e1n g\u1ea1ch, v\u1eefa x\u00e2y d\u1ef1ng, ho\u1eb7c c\u00e1c v\u1eadt li\u1ec7u c\u1ea7n kh\u1ea3 n\u0103ng u\u1ed1n cong khi ch\u1ecbu \u00e1p l\u1ef1c ho\u1eb7c t\u00e1c \u0111\u1ed9ng t\u1eeb m\u00f4i tr\u01b0\u1eddng.<\/span><\/p>\n<p><span style=\"font-weight: 400;\">T\u00ednh \u0111\u00e0n h\u1ed3i c\u1ee7a <\/span><b>ph\u1ee5 gia Vinnapas 8620E<\/b><span style=\"font-weight: 400;\"> kh\u00f4ng ch\u1ec9 \u0111\u1ea3m b\u1ea3o \u0111\u1ed9 b\u1ec1n m\u00e0 c\u00f2n gi\u00fap gia t\u0103ng tu\u1ed5i th\u1ecd c\u1ee7a c\u00e1c s\u1ea3n ph\u1ea9m \u1ee9ng d\u1ee5ng, t\u1eeb \u0111\u00f3 gi\u00fap gi\u1ea3m thi\u1ec3u chi ph\u00ed b\u1ea3o tr\u00ec v\u00e0 s\u1eeda ch\u1eefa trong d\u00e0i h\u1ea1n.<\/span><\/p>\n<h3><b>Kh\u1ea3 n\u0103ng ch\u1ed1ng n\u01b0\u1edbc tuy\u1ec7t v\u1eddi c\u1ee7a Vinnapas 8620E<\/b><\/h3>\n<p><span style=\"font-weight: 400;\">VINNAPAS 8620E Polymer si\u00eau b\u00e1m d\u00ednh c\u00f3 t\u00ednh ch\u1ed1ng th\u1ea5m n\u01b0\u1edbc cao, gi\u00fap ng\u0103n ch\u1eb7n s\u1ef1 x\u00e2m nh\u1eadp c\u1ee7a n\u01b0\u1edbc v\u00e0 c\u00e1c ch\u1ea5t l\u1ecfng kh\u00e1c v\u00e0o b\u1ec1 m\u1eb7t m\u00e0 n\u00f3 \u0111\u01b0\u1ee3c b\u1ea3o v\u1ec7. \u0110\u1eb7c t\u00ednh n\u00e0y r\u1ea5t quan tr\u1ecdng \u0111\u1ed1i v\u1edbi c\u00e1c \u1ee9ng d\u1ee5ng trong m\u00f4i tr\u01b0\u1eddng \u1ea9m \u01b0\u1edbt ho\u1eb7c ti\u1ebfp x\u00fac tr\u1ef1c ti\u1ebfp v\u1edbi n\u01b0\u1edbc nh\u01b0 keo d\u00e1n g\u1ea1ch, v\u1eefa t\u1ef1 san, ho\u1eb7c c\u00e1c l\u1edbp ph\u1ee7 ki\u1ebfn tr\u00fac b\u00ean ngo\u00e0i.<\/span><\/p>\n<div id=\"attachment_9532\" style=\"width: 810px\" class=\"wp-caption aligncenter\"><img aria-describedby=\"caption-attachment-9532\" decoding=\"async\" loading=\"lazy\" class=\"size-full wp-image-9532\" src=\"https:\/\/pcecatlam.vn\/wp-content\/uploads\/2023\/03\/vinnapas-8620e-polymer-sieu-bam-dinh.jpg\" alt=\"VINNAPAS 8620E Polymer si\u00eau b\u00e1m d\u00ednh\" width=\"800\" height=\"1067\" srcset=\"https:\/\/pcecatlam.vn\/wp-content\/uploads\/2023\/03\/vinnapas-8620e-polymer-sieu-bam-dinh.jpg 800w, https:\/\/pcecatlam.vn\/wp-content\/uploads\/2023\/03\/vinnapas-8620e-polymer-sieu-bam-dinh-225x300.jpg 225w, https:\/\/pcecatlam.vn\/wp-content\/uploads\/2023\/03\/vinnapas-8620e-polymer-sieu-bam-dinh-768x1024.jpg 768w, https:\/\/pcecatlam.vn\/wp-content\/uploads\/2023\/03\/vinnapas-8620e-polymer-sieu-bam-dinh-9x12.jpg 9w, https:\/\/pcecatlam.vn\/wp-content\/uploads\/2023\/03\/vinnapas-8620e-polymer-sieu-bam-dinh-300x400.jpg 300w, https:\/\/pcecatlam.vn\/wp-content\/uploads\/2023\/03\/vinnapas-8620e-polymer-sieu-bam-dinh-600x800.jpg 600w\" sizes=\"(max-width: 800px) 100vw, 800px\" \/><p id=\"caption-attachment-9532\" class=\"wp-caption-text\">VINNAPAS 8620E c\u00f3 kh\u1ea3 n\u0103ng ch\u1ed1ng n\u01b0\u1edbc tuy\u1ec7t v\u1eddi<\/p><\/div>\n<p><span style=\"font-weight: 400;\">Kh\u1ea3 n\u0103ng ch\u1ed1ng n\u01b0\u1edbc c\u1ee7a<\/span><b> ph\u1ee5 gia x\u00e2y d\u1ef1ng VINNAPAS 8620E<\/b><span style=\"font-weight: 400;\"> gi\u00fap ng\u0103n ng\u1eeba s\u1ef1 xu\u1ed1ng c\u1ea5p c\u1ee7a v\u1eadt li\u1ec7u v\u00e0 duy tr\u00ec \u0111\u1ed9 b\u1ec1n c\u1ee7a c\u00e1c k\u1ebft c\u1ea5u x\u00e2y d\u1ef1ng trong \u0111i\u1ec1u ki\u1ec7n th\u1eddi ti\u1ebft kh\u1eafc nghi\u1ec7t. Ch\u00ednh v\u00ec v\u1eady, n\u00f3 tr\u1edf th\u00e0nh l\u1ef1a ch\u1ecdn h\u00e0ng \u0111\u1ea7u cho c\u00e1c c\u00f4ng tr\u00ecnh x\u00e2y d\u1ef1ng y\u00eau c\u1ea7u t\u00ednh n\u0103ng ch\u1ed1ng th\u1ea5m v\u00e0 \u0111\u1ed9 b\u1ec1n cao.<\/span><\/p>\n<h3><b>Vinnapas 8620E c\u00f3 t\u00ednh k\u1ebft d\u00ednh m\u1ea1nh m\u1ebd, t\u1ea1o s\u1ef1 li\u00ean k\u1ebft v\u1eadt li\u1ec7u ch\u1eb7t ch\u1ebd<\/b><\/h3>\n<p><span style=\"font-weight: 400;\">M\u1ed9t \u01b0u \u0111i\u1ec3m quan tr\u1ecdng kh\u00e1c c\u1ee7a VINNAPAS 8620E Polymer si\u00eau b\u00e1m d\u00ednh l\u00e0 kh\u1ea3 n\u0103ng k\u1ebft d\u00ednh tuy\u1ec7t v\u1eddi, gi\u00fap t\u1ea1o ra li\u00ean k\u1ebft ch\u1eafc ch\u1eafn gi\u1eefa c\u00e1c v\u1eadt li\u1ec7u kh\u00e1c nhau. <\/span><\/p>\n<p><span style=\"font-weight: 400;\">Polymer n\u00e0y c\u00f3 th\u1ec3 b\u00e1m d\u00ednh v\u00e0o nhi\u1ec1u b\u1ec1 m\u1eb7t, t\u1eeb g\u1ea1ch men, g\u1ea1ch xi m\u0103ng, cho \u0111\u1ebfn c\u00e1c v\u1eadt li\u1ec7u kh\u00e1c trong x\u00e2y d\u1ef1ng v\u00e0 s\u1ea3n xu\u1ea5t. T\u00ednh k\u1ebft d\u00ednh m\u1ea1nh m\u1ebd c\u1ee7a n\u00f3 \u0111\u1ea3m b\u1ea3o \u0111\u1ed9 \u1ed5n \u0111\u1ecbnh v\u00e0 ch\u1ecbu l\u1ef1c cho c\u00e1c s\u1ea3n ph\u1ea9m v\u00e0 c\u1ea5u tr\u00fac cu\u1ed1i c\u00f9ng.<\/span><\/p>\n<p><span style=\"font-weight: 400;\">Nh\u1edd t\u00ednh k\u1ebft d\u00ednh cao, <\/span><b>b\u1ed9t ph\u1ee5 gia VINNAPAS 8620E<\/b><span style=\"font-weight: 400;\"> \u0111\u01b0\u1ee3c s\u1eed d\u1ee5ng r\u1ed9ng r\u00e3i trong c\u00e1c s\u1ea3n ph\u1ea9m keo d\u00e1n c\u00f4ng nghi\u1ec7p, v\u1eefa x\u00e2y t\u00f4, v\u00e0 c\u00e1c lo\u1ea1i l\u1edbp ph\u1ee7 b\u1ea3o v\u1ec7. N\u00f3 gi\u00fap t\u0103ng \u0111\u1ed9 b\u1ec1n v\u00e0 \u1ed5n \u0111\u1ecbnh c\u1ee7a c\u00e1c c\u00f4ng tr\u00ecnh x\u00e2y d\u1ef1ng, gi\u1ea3m thi\u1ec3u nguy c\u01a1 r\u1ea1n n\u1ee9t v\u00e0 bong tr\u00f3c.<\/span><\/p>\n<h3><b>VINNAPAS 8620E Polymer si\u00eau b\u00e1m d\u00ednh c\u00f3 th\u1ec3 d\u1ec5 d\u00e0ng s\u1eed d\u1ee5ng v\u00e0 x\u1eed l\u00fd<\/b><\/h3>\n<p><span style=\"font-weight: 400;\">VINNAPAS 8620E Polymer si\u00eau b\u00e1m d\u00ednh c\u00f3 kh\u1ea3 n\u0103ng pha lo\u00e3ng d\u1ec5 d\u00e0ng v\u1edbi n\u01b0\u1edbc v\u00e0 h\u00f2a tan trong c\u00e1c dung m\u00f4i ph\u00f9 h\u1ee3p, gi\u00fap qu\u00e1 tr\u00ecnh s\u1eed d\u1ee5ng tr\u1edf n\u00ean \u0111\u01a1n gi\u1ea3n v\u00e0 ti\u1ec7n l\u1ee3i. Vi\u1ec7c tr\u1ed9n l\u1eabn v\u00e0 pha ch\u1ebf s\u1ea3n ph\u1ea9m n\u00e0y trong quy tr\u00ecnh s\u1ea3n xu\u1ea5t v\u00e0 x\u00e2y d\u1ef1ng r\u1ea5t d\u1ec5 d\u00e0ng, gi\u00fap t\u0103ng hi\u1ec7u su\u1ea5t thi c\u00f4ng v\u00e0 gi\u1ea3m thi\u1ec3u sai s\u00f3t trong qu\u00e1 tr\u00ecnh l\u00e0m vi\u1ec7c.<\/span><\/p>\n<p><span style=\"font-weight: 400;\">V\u1edbi t\u00ednh d\u1ec5 s\u1eed d\u1ee5ng, VINNAPAS 8620E Polymer si\u00eau b\u00e1m d\u00ednh l\u00e0 l\u1ef1a ch\u1ecdn l\u00fd t\u01b0\u1edfng cho c\u1ea3 c\u00e1c c\u00f4ng tr\u00ecnh nh\u1ecf l\u1ebb v\u00e0 c\u00e1c d\u1ef1 \u00e1n l\u1edbn. N\u00f3 gi\u00fap ti\u1ebft ki\u1ec7m th\u1eddi gian v\u00e0 chi ph\u00ed, \u0111\u1ed3ng th\u1eddi \u0111\u1ea3m b\u1ea3o ch\u1ea5t l\u01b0\u1ee3ng cao cho c\u00e1c s\u1ea3n ph\u1ea9m \u1ee9ng d\u1ee5ng.<\/span><\/p>\n<blockquote><p><span style=\"font-weight: 400;\">Xem th\u00eam: <\/span><a href=\"https:\/\/pcecatlam.vn\/product\/polymer-chong-tham-vinnapas-8034h\/\" target=\"_blank\" rel=\"noopener\"><span style=\"font-weight: 400;\">Polymer ch\u1ed1ng th\u1ea5m Vinnapas 8034H &#8211; V\u1eadt li\u1ec7u b\u00e1m d\u00ednh v\u00e0 ch\u1ed1ng th\u1ea5m n\u01b0\u1edbc tuy\u1ec7t v\u1eddi<\/span><\/a><\/p><\/blockquote>\n<h2><b>\u1ee8ng d\u1ee5ng c\u1ee7a Vinnapas 8620E trong c\u00f4ng nghi\u1ec7p, x\u00e2y d\u1ef1ng<\/b><\/h2>\n<p><span style=\"font-weight: 400;\">Nh\u1edd v\u00e0o nh\u1eefng \u0111\u1eb7c t\u00ednh v\u01b0\u1ee3t tr\u1ed9i, VINNAPAS 8620E \u0111\u01b0\u1ee3c s\u1eed d\u1ee5ng r\u1ed9ng r\u00e3i trong nhi\u1ec1u l\u0129nh v\u1ef1c c\u00f4ng nghi\u1ec7p v\u00e0 x\u00e2y d\u1ef1ng. D\u01b0\u1edbi \u0111\u00e2y l\u00e0 m\u1ed9t s\u1ed1 \u1ee9ng d\u1ee5ng ph\u1ed5 bi\u1ebfn c\u1ee7a polymer n\u00e0y:<\/span><\/p>\n<h3><b>VINNAPAS 8620E Polymer \u1ee9ng d\u1ee5ng trong c\u00e1c s\u1ea3n ph\u1ea9m keo d\u00e1n v\u00e0 ch\u1ea5t k\u1ebft d\u00ednh (Adhesives)<\/b><\/h3>\n<p><span style=\"font-weight: 400;\">M\u1ed9t trong nh\u1eefng \u1ee9ng d\u1ee5ng ch\u00ednh c\u1ee7a VINNAPAS 8620E l\u00e0 trong c\u00e1c s\u1ea3n ph\u1ea9m keo d\u00e1n v\u00e0 ch\u1ea5t k\u1ebft d\u00ednh. Nh\u1edd t\u00ednh k\u1ebft d\u00ednh m\u1ea1nh m\u1ebd, n\u00f3 gi\u00fap t\u0103ng c\u01b0\u1eddng kh\u1ea3 n\u0103ng li\u00ean k\u1ebft gi\u1eefa c\u00e1c v\u1eadt li\u1ec7u, \u0111\u1ea3m b\u1ea3o s\u1ef1 ch\u1eafc ch\u1eafn v\u00e0 b\u1ec1n v\u1eefng cho c\u00e1c s\u1ea3n ph\u1ea9m cu\u1ed1i c\u00f9ng.<\/span><\/p>\n<h3><b>Vinnapas 8620E \u0111\u01b0\u1ee3c s\u1eed d\u1ee5ng th\u00e0nh l\u1edbp ph\u1ee7 ki\u1ebfn tr\u00fac (Architectural Coatings)<\/b><\/h3>\n<p><span style=\"font-weight: 400;\">VINNAPAS 8620E c\u0169ng \u0111\u01b0\u1ee3c s\u1eed d\u1ee5ng trong c\u00e1c l\u1edbp ph\u1ee7 ki\u1ebfn tr\u00fac, gi\u00fap t\u1ea1o ra l\u1edbp b\u1ea3o v\u1ec7 b\u1ec1n v\u1eefng tr\u00ean c\u00e1c b\u1ec1 m\u1eb7t x\u00e2y d\u1ef1ng. Kh\u1ea3 n\u0103ng ch\u1ed1ng th\u1ea5m v\u00e0 ch\u1ecbu l\u1ef1c t\u1ed1t c\u1ee7a s\u1ea3n ph\u1ea9m gi\u00fap duy tr\u00ec s\u1ef1 \u1ed5n \u0111\u1ecbnh c\u1ee7a b\u1ec1 m\u1eb7t, \u0111\u1ed3ng th\u1eddi ch\u1ed1ng l\u1ea1i s\u1ef1 m\u00e0i m\u00f2n t\u1eeb m\u00f4i tr\u01b0\u1eddng.<\/span><\/p>\n<div id=\"attachment_9533\" style=\"width: 810px\" class=\"wp-caption aligncenter\"><img aria-describedby=\"caption-attachment-9533\" decoding=\"async\" loading=\"lazy\" class=\"size-full wp-image-9533\" src=\"https:\/\/pcecatlam.vn\/wp-content\/uploads\/2023\/03\/vinnapas-8620e-polymer-sieu-bam-dinh-1.jpg\" alt=\"VINNAPAS 8620E Polymer si\u00eau b\u00e1m d\u00ednh\" width=\"800\" height=\"1067\" srcset=\"https:\/\/pcecatlam.vn\/wp-content\/uploads\/2023\/03\/vinnapas-8620e-polymer-sieu-bam-dinh-1.jpg 800w, https:\/\/pcecatlam.vn\/wp-content\/uploads\/2023\/03\/vinnapas-8620e-polymer-sieu-bam-dinh-1-225x300.jpg 225w, https:\/\/pcecatlam.vn\/wp-content\/uploads\/2023\/03\/vinnapas-8620e-polymer-sieu-bam-dinh-1-768x1024.jpg 768w, https:\/\/pcecatlam.vn\/wp-content\/uploads\/2023\/03\/vinnapas-8620e-polymer-sieu-bam-dinh-1-9x12.jpg 9w, https:\/\/pcecatlam.vn\/wp-content\/uploads\/2023\/03\/vinnapas-8620e-polymer-sieu-bam-dinh-1-300x400.jpg 300w, https:\/\/pcecatlam.vn\/wp-content\/uploads\/2023\/03\/vinnapas-8620e-polymer-sieu-bam-dinh-1-600x800.jpg 600w\" sizes=\"(max-width: 800px) 100vw, 800px\" \/><p id=\"caption-attachment-9533\" class=\"wp-caption-text\">VINNAPAS 8620E Polymer si\u00eau b\u00e1m d\u00ednh c\u00f3 th\u1ec3 s\u1eed d\u1ee5ng l\u00e0m l\u1edbp ph\u1ee7 ki\u1ebfn tr\u00fac<\/p><\/div>\n<h3><b>Vinnapas 8620E t\u1ea1o th\u00e0nh v\u1eefa s\u1eeda ch\u1eefa v\u00e0 v\u1eefa x\u00e2y t\u00f4<\/b><\/h3>\n<p><span style=\"font-weight: 400;\">Trong ng\u00e0nh x\u00e2y d\u1ef1ng, VINNAPAS 8620E \u0111\u01b0\u1ee3c s\u1eed d\u1ee5ng \u0111\u1ec3 t\u1ea1o ra c\u00e1c lo\u1ea1i v\u1eefa x\u00e2y t\u00f4 v\u00e0 v\u1eefa s\u1eeda ch\u1eefa c\u00f3 t\u00ednh b\u1ec1n v\u1eefng cao. S\u1ea3n ph\u1ea9m gi\u00fap c\u1ea3i thi\u1ec7n t\u00ednh n\u0103ng c\u1ee7a v\u1eefa, t\u1eeb kh\u1ea3 n\u0103ng b\u00e1m d\u00ednh cho \u0111\u1ebfn \u0111\u1ed9 b\u1ec1n, \u0111\u1ed9 \u0111\u00e0n h\u1ed3i, v\u00e0 kh\u1ea3 n\u0103ng ch\u1ed1ng th\u1ea5m.<\/span><\/p>\n<h3><b>S\u1eed d\u1ee5ng Vinnapas 8620E trong keo d\u00e1n g\u1ea1ch l\u00e0m t\u0103ng \u0111\u1ed9 b\u00e1m d\u00ednh<\/b><\/h3>\n<p><span style=\"font-weight: 400;\">S\u1eed d\u1ee5ng VINNAPAS 8620E trong keo d\u00e1n g\u1ea1ch gi\u00fap t\u0103ng c\u01b0\u1eddng \u0111\u1ed9 b\u00e1m d\u00ednh v\u00e0 \u0111\u1ed9 b\u1ec1n c\u1ee7a s\u1ea3n ph\u1ea9m. Nh\u1edd v\u00e0o t\u00ednh n\u0103ng ch\u1ed1ng th\u1ea5m v\u00e0 ch\u1ecbu l\u1ef1c t\u1ed1t, 8620 E \u0111\u1ea3m b\u1ea3o g\u1ea1ch \u0111\u01b0\u1ee3c d\u00e1n ch\u1eafc ch\u1eafn, kh\u00f4ng b\u1ecb bong tr\u00f3c ho\u1eb7c h\u01b0 h\u1ecfng trong \u0111i\u1ec1u ki\u1ec7n th\u1eddi ti\u1ebft kh\u1eafc nghi\u1ec7t.<\/span><\/p>\n<div id=\"attachment_9534\" style=\"width: 810px\" class=\"wp-caption aligncenter\"><img aria-describedby=\"caption-attachment-9534\" decoding=\"async\" loading=\"lazy\" class=\"size-full wp-image-9534\" src=\"https:\/\/pcecatlam.vn\/wp-content\/uploads\/2023\/03\/vinnapas-8620e-polymer-sieu-bam-dinh-2.jpg\" alt=\"VINNAPAS 8620E Polymer si\u00eau b\u00e1m d\u00ednh\" width=\"800\" height=\"1067\" srcset=\"https:\/\/pcecatlam.vn\/wp-content\/uploads\/2023\/03\/vinnapas-8620e-polymer-sieu-bam-dinh-2.jpg 800w, https:\/\/pcecatlam.vn\/wp-content\/uploads\/2023\/03\/vinnapas-8620e-polymer-sieu-bam-dinh-2-225x300.jpg 225w, https:\/\/pcecatlam.vn\/wp-content\/uploads\/2023\/03\/vinnapas-8620e-polymer-sieu-bam-dinh-2-768x1024.jpg 768w, https:\/\/pcecatlam.vn\/wp-content\/uploads\/2023\/03\/vinnapas-8620e-polymer-sieu-bam-dinh-2-9x12.jpg 9w, https:\/\/pcecatlam.vn\/wp-content\/uploads\/2023\/03\/vinnapas-8620e-polymer-sieu-bam-dinh-2-300x400.jpg 300w, https:\/\/pcecatlam.vn\/wp-content\/uploads\/2023\/03\/vinnapas-8620e-polymer-sieu-bam-dinh-2-600x800.jpg 600w\" sizes=\"(max-width: 800px) 100vw, 800px\" \/><p id=\"caption-attachment-9534\" class=\"wp-caption-text\">VINNAPAS 8620E Polymer si\u00eau b\u00e1m d\u00ednh \u0111\u01b0\u1ee3c s\u1eed d\u1ee5ng r\u1ed9ng r\u00e3i trong c\u00f4ng nghi\u1ec7p x\u00e2y d\u1ef1ng<\/p><\/div>\n<h3><b>V\u1eadn d\u1ee5ng VINNAPAS 8620E s\u1eed d\u1ee5ng trong s\u1ea3n ph\u1ea9m v\u1eefa t\u1ef1 san<\/b><\/h3>\n<p><span style=\"font-weight: 400;\">VINNAPAS 8620E c\u0169ng \u0111\u01b0\u1ee3c s\u1eed d\u1ee5ng trong c\u00e1c s\u1ea3n ph\u1ea9m v\u1eefa t\u1ef1 san, gi\u00fap c\u1ea3i thi\u1ec7n kh\u1ea3 n\u0103ng t\u1ef1 san ph\u1eb3ng c\u1ee7a b\u1ec1 m\u1eb7t, \u0111\u1ea3m b\u1ea3o t\u00ednh th\u1ea9m m\u1ef9 v\u00e0 \u0111\u1ed9 b\u1ec1n cho c\u00e1c c\u00f4ng tr\u00ecnh.<\/span><\/p>\n<blockquote><p><span style=\"font-weight: 400;\">Xem th\u00eam:<\/span><a href=\"https:\/\/pcecatlam.vn\/pce-cat-lam-nha-phan-phoi-hang-dau-trong-nganh-hoa-chat-xay-dung\/\" target=\"_blank\" rel=\"noopener\"><span style=\"font-weight: 400;\"> PCE C\u00e1t L\u00e2m nh\u00e0 ph\u00e2n ph\u1ed1i h\u00e0ng \u0111\u1ea7u trong ng\u00e0nh h\u00f3a ch\u1ea5t x\u00e2y d\u1ef1ng\u00a0<\/span><\/a><\/p><\/blockquote>\n<h2><b>C\u00e1ch b\u1ea3o qu\u1ea3n VINNAPAS 8620E Polymer si\u00eau b\u00e1m d\u00ednh<\/b><\/h2>\n<p><span style=\"font-weight: 400;\">\u0110\u1ec3 duy tr\u00ec ch\u1ea5t l\u01b0\u1ee3ng c\u1ee7a VINNAPAS 8620E, c\u1ea7n l\u01b0u \u00fd c\u00e1c \u0111i\u1ec3m sau:<\/span><\/p>\n<ul>\n<li style=\"font-weight: 400;\" aria-level=\"1\"><span style=\"font-weight: 400;\">L\u01b0u tr\u1eef n\u01a1i kh\u00f4 r\u00e1o, tho\u00e1ng m\u00e1t: Tr\u00e1nh nhi\u1ec7t \u0111\u1ed9 qu\u00e1 cao, nhi\u1ec7t \u0111\u1ed9 b\u1ea3o qu\u1ea3n l\u00fd t\u01b0\u1edfng t\u1eeb 5\u00b0C \u0111\u1ebfn 30\u00b0C.<\/span><\/li>\n<li style=\"font-weight: 400;\" aria-level=\"1\"><span style=\"font-weight: 400;\">Tr\u00e1nh ti\u1ebfp x\u00fac v\u1edbi n\u01b0\u1edbc v\u00e0 \u1ea9m: S\u1ea3n ph\u1ea9m nh\u1ea1y c\u1ea3m v\u1edbi n\u01b0\u1edbc, v\u00ec v\u1eady c\u1ea7n tr\u00e1nh b\u1ea3o qu\u1ea3n \u1edf m\u00f4i tr\u01b0\u1eddng \u1ea9m \u01b0\u1edbt.<\/span><\/li>\n<li style=\"font-weight: 400;\" aria-level=\"1\"><span style=\"font-weight: 400;\">\u0110\u00f3ng k\u00edn sau khi s\u1eed d\u1ee5ng: Sau khi d\u00f9ng, \u0111\u1ea3m b\u1ea3o bao b\u00ec \u0111\u01b0\u1ee3c \u0111\u00f3ng k\u00edn \u0111\u1ec3 ng\u0103n ti\u1ebfp x\u00fac v\u1edbi kh\u00f4ng kh\u00ed. N\u00ean d\u00f9ng trong th\u1eddi h\u1ea1n kho\u1ea3ng 6 &#8211; 12 th\u00e1ng v\u00e0 ki\u1ec3m tra \u0111\u1ecbnh k\u1ef3 \u0111\u1ec3 \u0111\u1ea3m b\u1ea3o ch\u1ea5t l\u01b0\u1ee3ng.<\/span><\/li>\n<li style=\"font-weight: 400;\" aria-level=\"1\"><span style=\"font-weight: 400;\">Khi v\u1eadn chuy\u1ec3n, VINNAPAS 8620E c\u1ea7n \u0111\u01b0\u1ee3c \u0111\u00f3ng g\u00f3i c\u1ea9n th\u1eadn \u0111\u1ec3 tr\u00e1nh rung l\u1eafc ho\u1eb7c ti\u1ebfp x\u00fac v\u1edbi nhi\u1ec7t \u0111\u1ed9 kh\u1eafc nghi\u1ec7t. S\u1ea3n ph\u1ea9m n\u00ean \u0111\u01b0\u1ee3c v\u1eadn chuy\u1ec3n b\u1eb1ng c\u00e1c ph\u01b0\u01a1ng ti\u1ec7n c\u00f3 ki\u1ec3m so\u00e1t nhi\u1ec7t \u0111\u1ed9, \u0111\u1eb7c bi\u1ec7t l\u00e0 khi v\u1eadn chuy\u1ec3n trong th\u1eddi gian d\u00e0i ho\u1eb7c qua c\u00e1c khu v\u1ef1c c\u00f3 nhi\u1ec7t \u0111\u1ed9 cao.<\/span><\/li>\n<\/ul>\n<p><span style=\"font-weight: 400;\">B\u00e0i vi\u1ebft tr\u00ean \u0111\u00e3 gi\u1edbi thi\u1ec7u cho qu\u00fd v\u1ecb th\u00f4ng tin v\u1ec1 <\/span><b>VINNAPAS 8620E Polymer si\u00eau b\u00e1m d\u00ednh <\/b><span style=\"font-weight: 400;\">m\u1ed9t gi\u1ea3i ph\u00e1p t\u1ed1i \u01b0u cho c\u00e1c c\u00f4ng tr\u00ecnh x\u00e2y d\u1ef1ng hi\u1ec7n \u0111\u1ea1i. N\u1ebfu qu\u00fd v\u1ecb c\u00f3 nhu c\u1ea7u t\u00ecm mua c\u00e1c v\u1eadt li\u1ec7u x\u00e2y d\u1ef1ng ch\u1ea5t l\u01b0\u1ee3ng cho c\u00f4ng tr\u00ecnh c\u1ee7a b\u1ea1n, h\u00e3y li\u00ean h\u1ec7 v\u1edbi <\/span><b>PCE C\u00e1t L\u00e2m<\/b><span style=\"font-weight: 400;\"> qua<\/span><b> hotline: 0918 268 637<\/b><span style=\"font-weight: 400;\"> \u0111\u1ec3 nh\u1eadn \u0111\u01b0\u1ee3c nh\u1eefng t\u01b0 v\u1ea5n t\u1eeb ch\u00fang t\u00f4i.<\/span><\/p>","protected":false},"excerpt":{"rendered":"<ul class=\"list-unstyled\">\n<li class=\"infos mt1x\"><strong>Th\u01b0\u01a1ng hi\u1ec7u\u00a0 \u00a0 <\/strong>: WACKER &#8211; VINNAPAS<\/li>\n<li class=\"infos mt1x\"><strong>Xu\u1ea5t x\u1ee9\u00a0 \u00a0 \u00a0 \u00a0 \u00a0 \u00a0 \u00a0<\/strong>: \u0110\u1ee8C<\/li>\n<li><strong>Nh\u00e0 ph\u00e2n ph\u1ed1i<\/strong> : C\u00d4NG TY TNHH PCE C\u00c1T L\u00c2M<\/li>\n<li class=\"infos mt1x\"><strong>Lo\u1ea1i s\u1ea3n ph\u1ea9m <\/strong>: D\u1ea1ng b\u1ed9t m\u00e0u tr\u1eafng<\/li>\n<li><strong>\u0110\u00f3ng g\u00f3i\u00a0 \u00a0 \u00a0 \u00a0 \u00a0 \u00a0<\/strong>: Bao 25kg<\/li>\n<\/ul>\n<p>&nbsp;<\/p>","protected":false},"featured_media":9182,"comment_status":"open","ping_status":"closed","template":"","meta":[],"yst_prominent_words":[],"acf":[],"_links":{"self":[{"href":"https:\/\/pcecatlam.vn\/km\/wp-json\/wp\/v2\/product\/7966"}],"collection":[{"href":"https:\/\/pcecatlam.vn\/km\/wp-json\/wp\/v2\/product"}],"about":[{"href":"https:\/\/pcecatlam.vn\/km\/wp-json\/wp\/v2\/types\/product"}],"replies":[{"embeddable":true,"href":"https:\/\/pcecatlam.vn\/km\/wp-json\/wp\/v2\/comments?post=7966"}],"wp:featuredmedia":[{"embeddable":true,"href":"https:\/\/pcecatlam.vn\/km\/wp-json\/wp\/v2\/media\/9182"}],"wp:attachment":[{"href":"https:\/\/pcecatlam.vn\/km\/wp-json\/wp\/v2\/media?parent=7966"}],"wp:term":[{"taxonomy":"yst_prominent_words","embeddable":true,"href":"https:\/\/pcecatlam.vn\/km\/wp-json\/wp\/v2\/yst_prominent_words?post=7966"}],"curies":[{"name":"wp","href":"https:\/\/api.w.org\/{rel}","templated":true}]}}