{"id":7961,"date":"2023-03-07T16:02:54","date_gmt":"2023-03-07T09:02:54","guid":{"rendered":"https:\/\/pcecatlam.vn\/?post_type=product&#038;p=7961"},"modified":"2026-03-14T09:41:54","modified_gmt":"2026-03-14T02:41:54","slug":"polymer-vinnapas-4115n","status":"publish","type":"product","link":"https:\/\/pcecatlam.vn\/km\/product\/polymer-vinnapas-4115n\/","title":{"rendered":"Ph\u1ee5 gia VINNAPAS 4115N t\u0103ng b\u00e1m d\u00ednh"},"content":{"rendered":"<p><i><span style=\"font-weight: 400;\">Trong ng\u00e0nh c\u00f4ng nghi\u1ec7p x\u00e2y d\u1ef1ng v\u00e0 ch\u1ebf bi\u1ebfn g\u1ed7, vi\u1ec7c t\u00ecm ki\u1ebfm c\u00e1c gi\u1ea3i ph\u00e1p gi\u00fap t\u0103ng \u0111\u1ed9 b\u00e1m d\u00ednh v\u00e0 b\u1ea3o v\u1ec7 s\u1ea3n ph\u1ea9m kh\u1ecfi c\u00e1c t\u00e1c nh\u00e2n m\u00f4i tr\u01b0\u1eddng lu\u00f4n l\u00e0 \u0111i\u1ec1u c\u1ea7n thi\u1ebft. <\/span><\/i><a href=\"https:\/\/pcecatlam.vn\/product\/polymer-tang-bam-dinh-vinnapas-4115n\/\"><b><i>Ph\u1ee5 gia VINNAPAS 4115N<\/i><\/b><\/a><i><span style=\"font-weight: 400;\">, v\u1edbi c\u00f4ng th\u1ee9c ti\u00ean ti\u1ebfn t\u1eeb polymer Vinyl Acetate-Ethylene (VAE), \u0111\u00e3 tr\u1edf th\u00e0nh l\u1ef1a ch\u1ecdn h\u00e0ng \u0111\u1ea7u nh\u1edd kh\u1ea3 n\u0103ng gia t\u0103ng \u0111\u1ed9 b\u00e1m d\u00ednh v\u01b0\u1ee3t tr\u1ed9i. H\u00f4m nay, h\u00e3y c\u00f9ng <\/span><\/i><a href=\"https:\/\/pcecatlam.vn\/\"><i><span style=\"font-weight: 400;\">PCE C\u00e1t L\u00e2m<\/span><\/i><\/a><i><span style=\"font-weight: 400;\"> t\u00ecm hi\u1ec3u v\u1ec1 lo\u1ea1i ph\u1ee5 gia n\u00e0y.<\/span><\/i><\/p>\n<h2><b>Gi\u1edbi thi\u1ec7u v\u1ec1 s\u1ea3n ph\u1ea9m ph\u1ee5 gia VINNAPAS 4115N<\/b><\/h2>\n<p><span style=\"font-weight: 400;\">Ph\u1ee5 gia VINNAPAS 4115N l\u00e0 m\u1ed9t trong nh\u1eefng s\u1ea3n ph\u1ea9m n\u1ed5i b\u1eadt \u0111\u1ebfn t\u1eeb c\u00f4ng ngh\u1ec7 polymer cao c\u1ea5p c\u1ee7a th\u01b0\u01a1ng hi\u1ec7u Wacker. \u0110\u00e2y l\u00e0 m\u1ed9t d\u1ea1ng <\/span><a href=\"https:\/\/vi.wikipedia.org\/wiki\/Polymer\"><span style=\"font-weight: 400;\">polymer<\/span><\/a><span style=\"font-weight: 400;\"> t\u00e1i ph\u00e2n t\u00e1n d\u00f9ng cho v\u1eefa tr\u1ed9n.\u00a0<\/span><\/p>\n<p><span style=\"font-weight: 400;\">S\u1ea3n ph\u1ea9m \u0111\u00f3ng vai tr\u00f2 n\u00e2ng cao kh\u1ea3 n\u0103ng b\u00e1m d\u00ednh, \u0111\u01b0\u1ee3c \u1ee9ng d\u1ee5ng r\u1ed9ng r\u00e3i trong ng\u00e0nh c\u00f4ng nghi\u1ec7p ch\u1ebf bi\u1ebfn g\u1ed7 v\u00e0 s\u1ea3n xu\u1ea5t v\u1eadt li\u1ec7u x\u00e2y d\u1ef1ng.<\/span><\/p>\n<p><span style=\"font-weight: 400;\">VINNAPAS 4115N \u0111\u00e3 \u0111\u01b0\u1ee3c ch\u1ee9ng minh l\u00e0 gi\u1ea3i ph\u00e1p to\u00e0n di\u1ec7n gi\u00fap n\u00e2ng cao ch\u1ea5t l\u01b0\u1ee3ng, \u0111\u1ed9 b\u1ec1n cho c\u00e1c lo\u1ea1i keo d\u00e1n g\u1ea1ch, v\u1eefa x\u00e2y d\u1ef1ng v\u00e0 c\u00e1c s\u1ea3n ph\u1ea9m ch\u1ebf bi\u1ebfn g\u1ed7. \u0110\u1ea3m b\u1ea3o c\u00e1c c\u00f4ng tr\u00ecnh v\u00e0 s\u1ea3n ph\u1ea9m g\u1ed7 duy tr\u00ec ch\u1ea5t l\u01b0\u1ee3ng trong su\u1ed1t th\u1eddi gian d\u00e0i s\u1eed d\u1ee5ng.<\/span><\/p>\n<h2><b>\u0110\u1eb7c t\u00ednh c\u1ee7a polymer t\u0103ng b\u00e1m d\u00ednh VINNAPAS 4115N<\/b><\/h2>\n<p><span style=\"font-weight: 400;\">Ph\u1ee5 gia VINNAPAS 4115N n\u1ed5i b\u1eadt v\u1edbi nh\u1eefng t\u00ednh n\u0103ng \u01b0u vi\u1ec7t, nh\u1edd v\u00e0o s\u1ef1 k\u1ebft h\u1ee3p c\u1ee7a c\u00e1c th\u00e0nh ph\u1ea7n polymer ti\u00ean ti\u1ebfn.<\/span><\/p>\n<h3><b>L\u00e0m t\u1eeb Polymer Vinyl Acetate &#8211; Ethylene (VAE) cao c\u1ea5p, mang \u0111\u1ebfn kh\u1ea3 n\u0103ng b\u00e1m d\u00ednh v\u01b0\u1ee3t tr\u1ed9i<\/b><\/h3>\n<p><span style=\"font-weight: 400;\">Ph\u1ee5 gia t\u0103ng b\u00e1m d\u00ednh VINNAPAS 4115N \u0111\u01b0\u1ee3c s\u1ea3n xu\u1ea5t t\u1eeb polymer VAE cao c\u1ea5p, mang l\u1ea1i hi\u1ec7u su\u1ea5t tuy\u1ec7t v\u1eddi trong vi\u1ec7c t\u1ea1o k\u1ebft d\u00ednh m\u1ea1nh m\u1ebd v\u00e0 \u1ed5n \u0111\u1ecbnh.\u00a0<\/span><span style=\"font-weight: 400;\">S\u1ea3n ph\u1ea9m gi\u00fap c\u1ea3i thi\u1ec7n \u0111\u00e1ng k\u1ec3 ch\u1ea5t l\u01b0\u1ee3ng c\u1ee7a c\u00e1c s\u1ea3n ph\u1ea9m t\u1eeb keo d\u00e1n, v\u1eefa x\u00e2y d\u1ef1ng \u0111\u1ebfn c\u00e1c lo\u1ea1i s\u01a1n ph\u1ee7.<\/span><\/p>\n<h3><b>T\u0103ng c\u01b0\u1eddng kh\u1ea3 n\u0103ng ch\u1ecbu n\u01b0\u1edbc v\u00e0 ch\u1ed1ng n\u1ee9t cao, \u0111\u1ea3m b\u1ea3o \u0111\u1ed9 b\u1ec1n cho s\u1ea3n ph\u1ea9m<\/b><span style=\"font-weight: 400;\">\u00a0<\/span><\/h3>\n<p><span style=\"font-weight: 400;\">Nh\u1edd v\u00e0o kh\u1ea3 n\u0103ng ch\u1ed1ng n\u01b0\u1edbc v\u00e0 ch\u1ed1ng n\u1ee9t hi\u1ec7u qu\u1ea3, VINNAPAS 4115N gi\u00fap gia t\u0103ng tu\u1ed5i th\u1ecd c\u1ee7a c\u00e1c v\u1eadt li\u1ec7u x\u00e2y d\u1ef1ng v\u00e0 c\u00e1c s\u1ea3n ph\u1ea9m ch\u1ebf bi\u1ebfn g\u1ed7.\u00a0<\/span><\/p>\n<p><span style=\"font-weight: 400;\">S\u1ea3n ph\u1ea9m kh\u00f4ng b\u1ecb \u1ea3nh h\u01b0\u1edfng b\u1edfi \u0111\u1ed9 \u1ea9m, gi\u00fap b\u1ea3o v\u1ec7 l\u1edbp k\u1ebft d\u00ednh kh\u00f4ng b\u1ecb suy gi\u1ea3m v\u1ec1 ch\u1ea5t l\u01b0\u1ee3ng theo th\u1eddi gian, \u0111\u1eb7c bi\u1ec7t trong nh\u1eefng \u0111i\u1ec1u ki\u1ec7n th\u1eddi ti\u1ebft kh\u1eafc nghi\u1ec7t.<\/span><\/p>\n<h3><b>Kh\u1ea3 n\u0103ng ch\u1ed1ng tr\u1ea7y x\u01b0\u1edbc v\u00e0 b\u00e1m d\u00ednh m\u1ea1nh m\u1ebd, t\u1ea1o li\u00ean k\u1ebft ch\u1eafc ch\u1eafn cho nhi\u1ec1u b\u1ec1 m\u1eb7t kh\u00e1c nhau<\/b><\/h3>\n<p><b>B\u1ed9t t\u0103ng b\u00e1m d\u00ednh VINNAPAS 4115N<\/b><span style=\"font-weight: 400;\"> t\u1ea1o ra m\u1ed9t l\u1edbp m\u00e0ng k\u1ebft d\u00ednh v\u1eefng ch\u1eafc, b\u1ea3o v\u1ec7 b\u1ec1 m\u1eb7t kh\u1ecfi tr\u1ea7y x\u01b0\u1edbc v\u00e0 c\u00e1c t\u00e1c \u0111\u1ed9ng c\u01a1 h\u1ecdc.\u00a0<\/span><\/p>\n<p><span style=\"font-weight: 400;\">\u0110i\u1ec1u n\u00e0y gi\u00fap \u0111\u1ea3m b\u1ea3o b\u1ec1 m\u1eb7t s\u1ea3n ph\u1ea9m t\u1eeb g\u1ea1ch, \u0111\u00e1, g\u1ed7, v\u00e0 th\u1eadm ch\u00ed kim lo\u1ea1i c\u00f3 li\u00ean k\u1ebft b\u1ec1n v\u1eefng h\u01a1n, duy tr\u00ec \u0111\u1ed9 ch\u1eafc ch\u1eafn v\u00e0 an to\u00e0n c\u1ee7a c\u00f4ng tr\u00ecnh.<\/span><\/p>\n<div id=\"attachment_9730\" style=\"width: 810px\" class=\"wp-caption aligncenter\"><img aria-describedby=\"caption-attachment-9730\" decoding=\"async\" loading=\"lazy\" class=\"size-full wp-image-9730\" src=\"https:\/\/pcecatlam.vn\/wp-content\/uploads\/2023\/03\/phu-gia-vinnapas-4115n-3.jpg\" alt=\"Ph\u1ee5 gia VINNAPAS 4115N\" width=\"800\" height=\"533\" srcset=\"https:\/\/pcecatlam.vn\/wp-content\/uploads\/2023\/03\/phu-gia-vinnapas-4115n-3.jpg 800w, https:\/\/pcecatlam.vn\/wp-content\/uploads\/2023\/03\/phu-gia-vinnapas-4115n-3-300x200.jpg 300w, https:\/\/pcecatlam.vn\/wp-content\/uploads\/2023\/03\/phu-gia-vinnapas-4115n-3-768x512.jpg 768w, https:\/\/pcecatlam.vn\/wp-content\/uploads\/2023\/03\/phu-gia-vinnapas-4115n-3-18x12.jpg 18w, https:\/\/pcecatlam.vn\/wp-content\/uploads\/2023\/03\/phu-gia-vinnapas-4115n-3-600x400.jpg 600w\" sizes=\"(max-width: 800px) 100vw, 800px\" \/><p id=\"caption-attachment-9730\" class=\"wp-caption-text\">Polymer t\u0103ng b\u00e1m d\u00ednh Vinnapas 4115N c\u00f3 kh\u1ea3 n\u0103ng ch\u1ed1ng tr\u1ea7y x\u01b0\u1edbc hi\u1ec7u qu\u1ea3 tr\u00ean nhi\u1ec1u b\u1ec1 m\u1eb7t<\/p><\/div>\n<h3><b>Polymer VINNAPAS 4115N c\u00f3 kh\u1ea3 n\u0103ng ch\u1ecbu \u0111\u01b0\u1ee3c nhi\u1ec7t \u0111\u1ed9 cao v\u00e0 ch\u1ed1ng tia UV<\/b><\/h3>\n<p><span style=\"font-weight: 400;\">B\u00ean c\u1ea1nh n\u00e2ng cao kh\u1ea3 n\u0103ng b\u00e1m d\u00ednh v\u00e0 ch\u1ecbu n\u01b0\u1edbc, b\u1ed9t ph\u1ee5 gia VINNAPAS 4115N c\u00f2n c\u00f3 kh\u1ea3 n\u0103ng ch\u1ed1ng ch\u1ecbu t\u1ed1t v\u1edbi nhi\u1ec7t \u0111\u1ed9 cao v\u00e0 tia UV chi\u1ebfu v\u00e0o.<\/span><\/p>\n<p><span style=\"font-weight: 400;\">Ch\u1ea5t li\u1ec7u c\u00f3 vai tr\u00f2 b\u1ea3o v\u1ec7 l\u1edbp k\u1ebft d\u00ednh kh\u1ecfi nh\u1eefng t\u00e1c \u0111\u1ed9ng ti\u00eau c\u1ef1c t\u1eeb m\u00f4i tr\u01b0\u1eddng ngo\u00e0i tr\u1eddi. Nh\u1edd v\u1eady m\u00e0 c\u00e1c s\u1ea3n ph\u1ea9m ch\u1ee9a VINNAPAS 4115N duy tr\u00ec \u0111\u01b0\u1ee3c \u0111\u1ed9 b\u1ec1n v\u00e0 kh\u1ea3 n\u0103ng b\u00e1m d\u00ednh trong th\u1eddi gian d\u00e0i.<\/span><\/p>\n<div id=\"attachment_9731\" style=\"width: 810px\" class=\"wp-caption aligncenter\"><img aria-describedby=\"caption-attachment-9731\" decoding=\"async\" loading=\"lazy\" class=\"size-full wp-image-9731\" src=\"https:\/\/pcecatlam.vn\/wp-content\/uploads\/2023\/03\/phu-gia-vinnapas-4115n-2.jpg\" alt=\"Ph\u1ee5 gia VINNAPAS 4115N\" width=\"800\" height=\"600\" srcset=\"https:\/\/pcecatlam.vn\/wp-content\/uploads\/2023\/03\/phu-gia-vinnapas-4115n-2.jpg 800w, https:\/\/pcecatlam.vn\/wp-content\/uploads\/2023\/03\/phu-gia-vinnapas-4115n-2-300x225.jpg 300w, https:\/\/pcecatlam.vn\/wp-content\/uploads\/2023\/03\/phu-gia-vinnapas-4115n-2-768x576.jpg 768w, https:\/\/pcecatlam.vn\/wp-content\/uploads\/2023\/03\/phu-gia-vinnapas-4115n-2-16x12.jpg 16w, https:\/\/pcecatlam.vn\/wp-content\/uploads\/2023\/03\/phu-gia-vinnapas-4115n-2-600x450.jpg 600w\" sizes=\"(max-width: 800px) 100vw, 800px\" \/><p id=\"caption-attachment-9731\" class=\"wp-caption-text\">Vinnapas 4115N tr\u1ed9n c\u00f9ng s\u01a1n nh\u00e0 gi\u00fap ch\u1ed1ng l\u1ea1i t\u00e1c \u0111\u1ed9ng c\u1ee7a m\u00f4i tr\u01b0\u1edbng, gi\u1eef ng\u00f4i nh\u00e0 lu\u00f4n s\u1ea1ch, m\u1edbi<\/p><\/div>\n<h2><b>\u1ee8ng d\u1ee5ng th\u1ef1c ti\u1ec5n c\u1ee7a ph\u1ee5 gia t\u0103ng b\u00e1m d\u00ednh VINNAPAS 4115N<\/b><\/h2>\n<p><span style=\"font-weight: 400;\">Nh\u1edd v\u00e0o nh\u1eefng \u0111\u1eb7c t\u00ednh \u01b0u vi\u1ec7t, VINNAPAS 4115N \u0111\u00e3 tr\u1edf th\u00e0nh s\u1ef1 l\u1ef1a ch\u1ecdn h\u00e0ng \u0111\u1ea7u trong l\u0129nh v\u1ef1c s\u1ea3n xu\u1ea5t v\u1eadt li\u1ec7u x\u00e2y d\u1ef1ng. S\u1ea3n ph\u1ea9m n\u00e0y kh\u00f4ng ch\u1ec9 \u0111\u1ea3m b\u1ea3o c\u00e1c ti\u00eau chu\u1ea9n k\u1ef9 thu\u1eadt kh\u1eaft khe m\u00e0 c\u00f2n mang l\u1ea1i l\u1ee3i \u00edch kinh t\u1ebf to l\u1edbn cho doanh nghi\u1ec7p.<\/span><\/p>\n<p><span style=\"font-weight: 400;\">D\u01b0\u1edbi \u0111\u00e2y l\u00e0 m\u1ed9t s\u1ed1 \u1ee9ng d\u1ee5ng quan tr\u1ecdng c\u1ee7a <\/span><b>polymer VINNAPAS 4115N<\/b><span style=\"font-weight: 400;\">:<\/span><\/p>\n<p><span style=\"font-weight: 400;\"><strong>Keo d\u00e1n g\u1ea1ch v\u00e0 keo ch\u00e0 ron:<\/strong> V\u1edbi kh\u1ea3 n\u0103ng b\u00e1m d\u00ednh v\u01b0\u1ee3t tr\u1ed9i, VINNAPAS 4115N gi\u00fap c\u00e1c lo\u1ea1i keo d\u00e1n g\u1ea1ch v\u00e0 keo ch\u00e0 ron tr\u1edf n\u00ean ch\u1eafc ch\u1eafn h\u01a1n, t\u0103ng \u0111\u1ed9 b\u1ec1n v\u00e0 kh\u1ea3 n\u0103ng ch\u1ed1ng th\u1ea5m n\u01b0\u1edbc, \u0111\u1ea3m b\u1ea3o \u0111\u1ed9 k\u1ebft d\u00ednh gi\u1eefa g\u1ea1ch v\u00e0 b\u1ec1 m\u1eb7t.<\/span><\/p>\n<p><span style=\"font-weight: 400;\"><strong>B\u1ed9t tr\u00e9t t\u01b0\u1eddng:<\/strong> S\u1eed d\u1ee5ng ph\u1ee5 gia n\u00e0y gi\u00fap c\u1ea3i thi\u1ec7n kh\u1ea3 n\u0103ng b\u00e1m d\u00ednh c\u1ee7a b\u1ed9t tr\u00e9t t\u01b0\u1eddng. \u0110\u1ed3ng th\u1eddi gia t\u0103ng kh\u1ea3 n\u0103ng ch\u1ed1ng tr\u1ea7y x\u01b0\u1edbc v\u00e0 b\u00e1m b\u1ee5i. \u0110\u1ea3m b\u1ea3o b\u1ec1 m\u1eb7t t\u01b0\u1eddng lu\u00f4n m\u1ecbn, m\u1edbi v\u00e0 b\u1ec1n \u0111\u1eb9p.<\/span><\/p>\n<p><span style=\"font-weight: 400;\"><strong>V\u1eefa s\u1eeda ch\u1eefa, v\u1eefa x\u00e2y t\u00f4:<\/strong> B\u1ed9t polymer gi\u00fap v\u1eefa x\u00e2y d\u1ef1ng c\u00f3 kh\u1ea3 n\u0103ng ch\u1ecbu n\u01b0\u1edbc t\u1ed1t h\u01a1n, c\u1ea3i thi\u1ec7n \u0111\u1ed9 b\u00e1m d\u00ednh gi\u1eefa c\u00e1c kh\u1ed1i v\u1eadt li\u1ec7u. T\u1eeb \u0111\u00f3 \u0111\u1ea3m b\u1ea3o t\u00ednh b\u1ec1n v\u1eefng c\u1ee7a c\u00f4ng tr\u00ecnh trong su\u1ed1t qu\u00e1 tr\u00ecnh s\u1eed d\u1ee5ng l\u00e2u d\u00e0i.<\/span><\/p>\n<p><span style=\"font-weight: 400;\"><strong>V\u1eadt li\u1ec7u t\u1ef1 san ph\u1eb3ng:<\/strong> \u0110\u1eb7c bi\u1ec7t ph\u00f9 h\u1ee3p v\u1edbi c\u00e1c s\u1ea3n ph\u1ea9m t\u1ef1 san ph\u1eb3ng g\u1ed1c xi m\u0103ng, th\u1ea1ch cao ho\u1eb7c \u1ee9ng d\u1ee5ng trong c\u00e1c l\u1edbp ph\u1ee7 b\u1ec1 m\u1eb7t. <\/span><b>VINNAPAS 4115N <\/b><span style=\"font-weight: 400;\">gi\u00fap t\u0103ng kh\u1ea3 n\u0103ng k\u1ebft d\u00ednh v\u00e0 kh\u1ea3 n\u0103ng ch\u1ecbu l\u1ef1c, \u0111\u1ea3m b\u1ea3o b\u1ec1 m\u1eb7t s\u1ea3n ph\u1ea9m ph\u1eb3ng, ch\u1eafc ch\u1eafn v\u00e0 b\u1ec1n \u0111\u1eb9p theo th\u1eddi gian.<\/span><\/p>\n<div id=\"attachment_9732\" style=\"width: 810px\" class=\"wp-caption aligncenter\"><img aria-describedby=\"caption-attachment-9732\" decoding=\"async\" loading=\"lazy\" class=\"wp-image-9732 size-full\" src=\"https:\/\/pcecatlam.vn\/wp-content\/uploads\/2023\/03\/phu-gia-vinnapas-4115n-1.jpg\" alt=\"Ph\u1ee5 gia VINNAPAS 4115N\" width=\"800\" height=\"600\" srcset=\"https:\/\/pcecatlam.vn\/wp-content\/uploads\/2023\/03\/phu-gia-vinnapas-4115n-1.jpg 800w, https:\/\/pcecatlam.vn\/wp-content\/uploads\/2023\/03\/phu-gia-vinnapas-4115n-1-300x225.jpg 300w, https:\/\/pcecatlam.vn\/wp-content\/uploads\/2023\/03\/phu-gia-vinnapas-4115n-1-768x576.jpg 768w, https:\/\/pcecatlam.vn\/wp-content\/uploads\/2023\/03\/phu-gia-vinnapas-4115n-1-16x12.jpg 16w, https:\/\/pcecatlam.vn\/wp-content\/uploads\/2023\/03\/phu-gia-vinnapas-4115n-1-600x450.jpg 600w\" sizes=\"(max-width: 800px) 100vw, 800px\" \/><p id=\"caption-attachment-9732\" class=\"wp-caption-text\">Polymer Vinnapas 4115N ph\u00f9 h\u1ee3p v\u1edbi c\u00e1c s\u1ea3n ph\u1ea9m t\u1ef1 san ph\u1eb3ng g\u1ed1c xi m\u0103ng, th\u1ea1ch cao<\/p><\/div>\n<blockquote><p><span style=\"font-weight: 400;\">Xem th\u00eam: <\/span><a href=\"https:\/\/pcecatlam.vn\/vi-sao-su-dung-vua-tu-san-thay-cho-cac-loai-vua-truyen-thong\/\"><span style=\"font-weight: 400;\">V\u00ec sao s\u1eed d\u1ee5ng v\u1eefa t\u1ef1 san thay cho c\u00e1c lo\u1ea1i v\u1eefa truy\u1ec1n th\u1ed1ng?<\/span><\/a><\/p><\/blockquote>\n<h2><b>\u0110\u00f3ng g\u00f3i v\u00e0 c\u00e1ch b\u1ea3o qu\u1ea3n b\u1ed9t polymer VINNAPAS 4115N<\/b><\/h2>\n<p><span style=\"font-weight: 400;\">VINNAPAS 4115N \u0111\u01b0\u1ee3c s\u1ea3n xu\u1ea5t d\u01b0\u1edbi d\u1ea1ng b\u1ed9t tr\u1eafng v\u00e0 \u0111\u00f3ng g\u00f3i trong c\u00e1c t\u00fai 25kg \u0111\u1ec3 \u0111\u1ea3m b\u1ea3o ch\u1ea5t l\u01b0\u1ee3ng v\u00e0 d\u1ec5 d\u00e0ng trong qu\u00e1 tr\u00ecnh v\u1eadn chuy\u1ec3n.<\/span><\/p>\n<div id=\"attachment_9733\" style=\"width: 810px\" class=\"wp-caption aligncenter\"><img aria-describedby=\"caption-attachment-9733\" decoding=\"async\" loading=\"lazy\" class=\"size-full wp-image-9733\" src=\"https:\/\/pcecatlam.vn\/wp-content\/uploads\/2023\/03\/phu-gia-vinnapas-4115n.jpg\" alt=\"Ph\u1ee5 gia VINNAPAS 4115N\" width=\"800\" height=\"599\" srcset=\"https:\/\/pcecatlam.vn\/wp-content\/uploads\/2023\/03\/phu-gia-vinnapas-4115n.jpg 800w, https:\/\/pcecatlam.vn\/wp-content\/uploads\/2023\/03\/phu-gia-vinnapas-4115n-300x225.jpg 300w, https:\/\/pcecatlam.vn\/wp-content\/uploads\/2023\/03\/phu-gia-vinnapas-4115n-768x575.jpg 768w, https:\/\/pcecatlam.vn\/wp-content\/uploads\/2023\/03\/phu-gia-vinnapas-4115n-16x12.jpg 16w, https:\/\/pcecatlam.vn\/wp-content\/uploads\/2023\/03\/phu-gia-vinnapas-4115n-600x449.jpg 600w\" sizes=\"(max-width: 800px) 100vw, 800px\" \/><p id=\"caption-attachment-9733\" class=\"wp-caption-text\">Polymer t\u0103ng b\u00e1m d\u00ednh Vinnapas 4115N \u0111\u01b0\u1ee3c \u0111\u00f3ng th\u00e0nh c\u00e1c g\u00f3i 25kg v\u1eeba \u0111\u1ee7<\/p><\/div>\n<p><span style=\"font-weight: 400;\">Ngo\u00e0i ra, kh\u00e1ch h\u00e0ng c\u00f3 th\u1ec3 y\u00eau c\u1ea7u c\u00e1c t\u00f9y ch\u1ecdn \u0111\u00f3ng g\u00f3i l\u1edbn h\u01a1n \u0111\u1ec3 ph\u00f9 h\u1ee3p v\u1edbi nhu c\u1ea7u s\u1ea3n xu\u1ea5t c\u00f4ng nghi\u1ec7p c\u1ee7a m\u00ecnh.<\/span><\/p>\n<p><span style=\"font-weight: 400;\">V\u1ec1 c\u00e1ch l\u01b0u tr\u1eef, vi\u1ec7c b\u1ea3o qu\u1ea3n \u0111\u00fang c\u00e1ch s\u1ebd gi\u00fap duy tr\u00ec ch\u1ea5t l\u01b0\u1ee3ng s\u1ea3n ph\u1ea9m trong th\u1eddi gian d\u00e0i v\u00e0 \u0111\u1ea3m b\u1ea3o \u0111\u1ea1t hi\u1ec7u qu\u1ea3 cao khi s\u1eed d\u1ee5ng.<\/span><\/p>\n<p><span style=\"font-weight: 400;\">S\u1ea3n ph\u1ea9m c\u1ea7n \u0111\u01b0\u1ee3c b\u1ea3o qu\u1ea3n \u1edf \u0111i\u1ec1u ki\u1ec7n kh\u00f4 r\u00e1o, tho\u00e1ng m\u00e1t.<\/span><\/p>\n<p><span style=\"font-weight: 400;\">Tr\u00e1nh b\u1ea3o qu\u1ea3n trong th\u1eddi gian d\u00e0i tr\u00ean 30\u00b0C, \u0111\u1eb7c bi\u1ec7t l\u00e0 khi k\u1ebft h\u1ee3p v\u1edbi \u00e1p su\u1ea5t cao, \u0111\u1ed9 \u1ea9m ho\u1eb7c ti\u1ebfp x\u00fac v\u1edbi \u00e1nh n\u1eafng m\u1eb7t tr\u1eddi.\u00a0<\/span><\/p>\n<p><span style=\"font-weight: 400;\">C\u1ea9n th\u1eadn ni\u00eam phong c\u00e1c t\u00fai \u0111ang m\u1edf v\u00e0 \u0111\u1eb7t t\u1ea1i n\u01a1i c\u00f3 \u0111i\u1ec1u ki\u1ec7n th\u00edch h\u1ee3p.<\/span><\/p>\n<p><span style=\"font-weight: 400;\">Kh\u00f4ng n\u00ean l\u01b0u tr\u1eef VINNAPAS 4115N qu\u00e1 6 th\u00e1ng, k\u1ec3 t\u1eeb ng\u00e0y nh\u1eadn \u0111\u01b0\u1ee3c. Tr\u1eeb khi Gi\u1ea5y ch\u1ee9ng nh\u1eadn ph\u00e2n t\u00edch c\u00f3 ghi ng\u00e0y kh\u00e1c th\u00ec s\u1ebd \u0111\u01b0\u1ee3c \u01b0u ti\u00ean h\u01a1n.<\/span><\/p>\n<p><span style=\"font-weight: 400;\">S\u1ea3n ph\u1ea9m \u0111\u01b0\u1ee3c l\u01b0u tr\u1eef l\u00e2u h\u01a1n khuy\u1ebfn ngh\u1ecb v\u1eabn c\u00f3 th\u1ec3 \u0111\u01b0\u1ee3c s\u1eed d\u1ee5ng \u0111\u01b0\u1ee3c nh\u01b0ng ng\u01b0\u1eddi d\u00f9ng n\u00ean c\u00e2n nh\u1eafc, x\u00e1c minh c\u00e1c \u0111\u1eb7c t\u00ednh c\u1ea7n thi\u1ebft cho m\u1ee5c \u0111\u00edch s\u1eed d\u1ee5ng.<\/span><\/p>\n<h2><b>L\u1ef1a ch\u1ecdn nh\u00e0 ph\u00e2n ph\u1ed1i b\u1ed9t polymer VINNAPAS 4115N uy t\u00edn, ch\u1ea5t l\u01b0\u1ee3ng<\/b><\/h2>\n<p><span style=\"font-weight: 400;\">\u0110\u1ec3 \u0111\u1ea3m b\u1ea3o ch\u1ea5t l\u01b0\u1ee3ng v\u00e0 hi\u1ec7u qu\u1ea3 c\u1ee7a VINNAPAS 4115N, vi\u1ec7c l\u1ef1a ch\u1ecdn nh\u00e0 ph\u00e2n ph\u1ed1i uy t\u00edn l\u00e0 \u0111i\u1ec1u v\u00f4 c\u00f9ng quan tr\u1ecdng.\u00a0<\/span><\/p>\n<p><span style=\"font-weight: 400;\">C\u00f4ng ty PCE C\u00e1t L\u00e2m t\u1ef1 h\u00e0o l\u00e0 \u0111\u01a1n v\u1ecb c\u00f3 nhi\u1ec1u n\u0103m kinh nghi\u1ec7m trong l\u0129nh v\u1ef1c cung c\u1ea5p v\u00e0 ph\u00e2n ph\u1ed1i c\u00e1c s\u1ea3n ph\u1ea9m ph\u1ee5 gia cho ng\u00e0nh s\u1ea3n xu\u1ea5t v\u1eadt li\u1ec7u x\u00e2y d\u1ef1ng v\u00e0 ch\u1ebf bi\u1ebfn g\u1ed7.<\/span><\/p>\n<p><span style=\"font-weight: 400;\">PCE C\u00e1t L\u00e2m s\u1edf h\u1eefu \u0111\u1ed9i ng\u0169 nh\u00e2n vi\u00ean gi\u00e0u kinh nghi\u1ec7m trong l\u0129nh v\u1ef1c v\u1eefa kh\u00f4 v\u00e0 ph\u1ee5 gia, t\u1ea1o d\u1ef1ng \u0111\u01b0\u1ee3c n\u1ec1n t\u1ea3ng t\u1ed1t \u0111\u1ec3 tr\u1edf th\u00e0nh nh\u00e0 ph\u00e2n ph\u1ed1i h\u00e0ng \u0111\u1ea7u trong ng\u00e0nh h\u00f3a ch\u1ea5t x\u00e2y d\u1ef1ng.<\/span><\/p>\n<p><span style=\"font-weight: 400;\">L\u00e0 \u0111\u1ed1i t\u00e1c chi\u1ebfn l\u01b0\u1ee3c c\u1ee7a LAS 635 &#8211; Ph\u00f2ng th\u00ed nghi\u1ec7m trang b\u1ecb \u0111\u1ea7y \u0111\u1ee7 trang thi\u1ebft b\u1ecb. V\u00ec v\u1eady, c\u00f4ng ty cam k\u1ebft \u0111\u01b0a ra nh\u1eefng gi\u1ea3i ph\u00e1p t\u01b0 v\u1ea5n k\u1ecbp th\u1eddi \u0111\u1ebfn cho kh\u00e1ch h\u00e0ng c\u0169ng nh\u01b0 kh\u00f4ng ng\u1eebng c\u1ea3i ti\u1ebfn v\u00e0 n\u00e2ng cao ch\u1ea5t l\u01b0\u1ee3ng s\u1ea3n ph\u1ea9m.<\/span><\/p>\n<p><span style=\"font-weight: 400;\">Ch\u00fang t\u00f4i s\u1edf h\u1eefu m\u1ea1ng l\u01b0\u1edbi kh\u00e1ch h\u00e0ng tr\u1ea3i d\u00e0i kh\u1eafp c\u00e1c t\u1ec9nh t\u1ea1i Vi\u1ec7t Nam. \u0110\u00e2y l\u00e0 n\u1ec1n t\u1ea3ng cho s\u1ef1 ph\u00e1t tri\u1ec3n v\u1eefng ch\u1eafc c\u1ee7a c\u00f4ng ty trong t\u01b0\u01a1ng lai.<\/span><\/p>\n<p><span style=\"font-weight: 400;\">PCE C\u00e1t L\u00e2m cung c\u1ea5p \u0111a d\u1ea1ng c\u00e1c lo\u1ea1i s\u1ea3n ph\u1ea9m cho ng\u00e0nh h\u00f3a ch\u1ea5t x\u00e2y d\u1ef1ng v\u1edbi ch\u1ea5t l\u01b0\u1ee3ng t\u1ed1t nh\u1ea5t, cam k\u1ebft mang \u0111\u1ebfn s\u1ea3n ph\u1ea9m ch\u1ea5t l\u01b0\u1ee3ng cao, ngu\u1ed3n g\u1ed1c r\u00f5 r\u00e0ng.<\/span><\/p>\n<p><span style=\"font-weight: 400;\">\u0110\u1ebfn v\u1edbi ch\u00fang t\u00f4i, kh\u00e1ch h\u00e0ng s\u1ebd h\u01b0\u1edfng m\u1ee9c <\/span><b>gi\u00e1 polymer t\u0103ng b\u00e1m d\u00ednh VINNAPAS 4115N<\/b><span style=\"font-weight: 400;\"> t\u1ed1t nh\u1ea5t th\u1ecb tr\u01b0\u1eddng.<\/span><\/p>\n<p><span style=\"font-weight: 400;\">H\u1ee3p t\u00e1c v\u1edbi PCE C\u00e1t L\u00e2m kh\u00f4ng ch\u1ec9 \u0111\u1ea3m b\u1ea3o b\u1ea1n nh\u1eadn \u0111\u01b0\u1ee3c s\u1ea3n ph\u1ea9m ch\u00ednh h\u00e3ng m\u00e0 c\u00f2n nh\u1eadn \u0111\u01b0\u1ee3c c\u00e1c gi\u1ea3i ph\u00e1p t\u01b0 v\u1ea5n k\u1ef9 thu\u1eadt chuy\u00ean s\u00e2u, gi\u00fap b\u1ea1n t\u1eadn d\u1ee5ng t\u1ed1i \u0111a l\u1ee3i \u00edch c\u1ee7a ph\u1ee5 gia x\u00e2y d\u1ef1ng VINNAPAS 4115N trong c\u00e1c \u1ee9ng d\u1ee5ng th\u1ef1c ti\u1ec5n.<\/span><\/p>\n<blockquote><p><span style=\"font-weight: 400;\">Xem th\u00eam: <\/span><a href=\"https:\/\/pcecatlam.vn\/san-pham\/\"><span style=\"font-weight: 400;\">C\u00e1c v\u1eadt li\u1ec7u ph\u1ee5 gia cao c\u1ea5p \u0111ang \u0111\u01b0\u1ee3c ph\u00e2n ph\u1ed1i t\u1ea1i PCE C\u00e1t L\u00e2m<\/span><\/a><\/p><\/blockquote>\n<p><span style=\"font-weight: 400;\">B\u00e0i vi\u1ebft tr\u00ean \u0111\u00e3 cung c\u1ea5p c\u00e1c th\u00f4ng tin h\u1eefu \u00edch v\u1ec1 s\u1ea3n ph\u1ea9m <strong>ph\u1ee5 gia VINNAPAS 4115N<\/strong>, m\u1ed9t lo\u1ea1i polymer t\u0103ng b\u00e1m d\u00ednh tuy\u1ec7t v\u1eddi. \u0110\u1ec3 t\u00ecm ki\u1ebfm m\u1ed9t gi\u1ea3i ph\u00e1p nh\u1eb1m b\u1ea3o v\u1ec7 c\u1ea5u tr\u00fac c\u00f4ng tr\u00ecnh c\u1ee7a b\u1ea1n b\u1ec1n b\u1ec9 theo th\u1eddi gian, h\u00e3y li\u00ean h\u1ec7 v\u1edbi PCE C\u00e1t L\u00e2m qua <\/span><b>hotline<\/b> <b>0918 268 637<\/b><span style=\"font-weight: 400;\"> \u0111\u1ec3 nh\u1eadn \u0111\u01b0\u1ee3c h\u1ed7 tr\u1ee3 t\u1eadn t\u00ecnh nh\u1ea5t.<\/span><\/p>","protected":false},"excerpt":{"rendered":"<ul class=\"list-unstyled\">\n<li class=\"infos mt1x\"><strong>Th\u01b0\u01a1ng hi\u1ec7u\u00a0 \u00a0 <\/strong>: WACKER &#8211; VINNAPAS<\/li>\n<li class=\"infos mt1x\"><strong>Xu\u1ea5t x\u1ee9\u00a0 \u00a0 \u00a0 \u00a0 \u00a0 \u00a0 \u00a0<\/strong>:\u00a0<span class=\"font-semibold\">H\u00c0N QU\u1ed0C\/ \u0110\u1ee8C<\/span><\/li>\n<li><strong>Nh\u00e0 ph\u00e2n ph\u1ed1i<\/strong> : C\u00d4NG TY TNHH PCE C\u00c1T L\u00c2M<\/li>\n<li class=\"infos mt1x\"><strong>Lo\u1ea1i s\u1ea3n ph\u1ea9m <\/strong>: D\u1ea1ng b\u1ed9t m\u00e0u tr\u1eafng<\/li>\n<li><strong>\u0110\u00f3ng g\u00f3i\u00a0 \u00a0 \u00a0 \u00a0 \u00a0 \u00a0<\/strong>: Bao 25kg<\/li>\n<\/ul>","protected":false},"featured_media":9162,"comment_status":"open","ping_status":"closed","template":"","meta":[],"yst_prominent_words":[],"acf":[],"_links":{"self":[{"href":"https:\/\/pcecatlam.vn\/km\/wp-json\/wp\/v2\/product\/7961"}],"collection":[{"href":"https:\/\/pcecatlam.vn\/km\/wp-json\/wp\/v2\/product"}],"about":[{"href":"https:\/\/pcecatlam.vn\/km\/wp-json\/wp\/v2\/types\/product"}],"replies":[{"embeddable":true,"href":"https:\/\/pcecatlam.vn\/km\/wp-json\/wp\/v2\/comments?post=7961"}],"wp:featuredmedia":[{"embeddable":true,"href":"https:\/\/pcecatlam.vn\/km\/wp-json\/wp\/v2\/media\/9162"}],"wp:attachment":[{"href":"https:\/\/pcecatlam.vn\/km\/wp-json\/wp\/v2\/media?parent=7961"}],"wp:term":[{"taxonomy":"yst_prominent_words","embeddable":true,"href":"https:\/\/pcecatlam.vn\/km\/wp-json\/wp\/v2\/yst_prominent_words?post=7961"}],"curies":[{"name":"wp","href":"https:\/\/api.w.org\/{rel}","templated":true}]}}