{"id":7878,"date":"2021-08-23T15:00:49","date_gmt":"2021-08-23T08:00:49","guid":{"rendered":"https:\/\/pcecatlam.vn\/?post_type=product&#038;p=7878"},"modified":"2023-06-20T00:18:07","modified_gmt":"2023-06-19T17:18:07","slug":"phu-gia-giu-nuoc-hpmc","status":"publish","type":"product","link":"https:\/\/pcecatlam.vn\/km\/product\/phu-gia-giu-nuoc-hpmc\/","title":{"rendered":"Ph\u1ee5 gia gi\u1eef n\u01b0\u1edbc HPMC"},"content":{"rendered":"<p style=\"text-align: justify;\"><span style=\"font-weight: 400;\"><strong>Ph\u1ee5 gia gi\u1eef n\u01b0\u1edbc HPMC<\/strong> (Hydroxypropyl Methyl Cellulose) l\u00e0 m\u1ed9t ch\u1ea5t ph\u1ee5 gia quan tr\u1ecdng trong ng\u00e0nh c\u00f4ng nghi\u1ec7p h\u00f3a ch\u1ea5t v\u00e0 x\u00e2y d\u1ef1ng. \u0110\u01b0\u1ee3c t\u1ea1o th\u00e0nh t\u1eeb cellulose t\u1ef1 nhi\u00ean, sau khi Ether h\u00f3a tr\u1edf th\u00e0nh c\u00e1c polyme tan trong n\u01b0\u1edbc. \u0110\u00e2y l\u00e0 m\u1ed9t d\u1ea1ng polymer tan r\u1ea5t t\u1ed1t trong n\u01b0\u1edbc, c\u00f3 kh\u1ea3 n\u0103ng b\u00e1m d\u00ednh, t\u1ea1o m\u00e0ng, b\u00f4i tr\u01a1n v\u00e0 kh\u00e1ng r\u00eau m\u1ed1c.<\/span><\/p>\n<h2 style=\"text-align: justify;\"><strong>\u0110\u1eb7c t\u00ednh<\/strong><\/h2>\n<p style=\"text-align: justify;\">&#8211; Ph\u1ee5 gia HPMC c\u00f3 d\u1ea1ng b\u1ed9t m\u00e0u tr\u1eafng, tan nhanh trong n\u01b0\u1edbc v\u00e0 c\u00f3 m\u00f9i nh\u1eb9.<\/p>\n<p style=\"text-align: justify;\"><span style=\"font-weight: 400;\">&#8211; Ph\u1ee5 gia gi\u1eef n\u01b0\u1edbc HPMC l\u00e0m t\u0103ng \u0111\u1ed9 k\u1ebft d\u00ednh cho v\u1eefa xi m\u0103ng, v\u1eefa v\u00f4i v\u00e0 v\u1eefa th\u1ea1ch cao.<\/span><\/p>\n<p style=\"text-align: justify;\"><span style=\"font-weight: 400;\">&#8211; HPMC c\u0169ng c\u00f3 kh\u1ea3 n\u0103ng ch\u1ed1ng n\u01b0\u1edbc v\u00e0 c\u1ea3i thi\u1ec7n t\u00ednh n\u0103ng th\u1ea9m th\u1ea5u c\u1ee7a v\u1eadt li\u1ec7u.<\/span><\/p>\n<p style=\"text-align: justify;\">&#8211; \u0110\u00f3ng vai tr\u00f2 quan tr\u1ecdng trong vi\u1ec7c t\u0103ng c\u01b0\u1eddng \u0111\u1ed9 nh\u1edbt v\u00e0 \u0111\u1ed9 b\u1ec1n c\u1ee7a s\u1ea3n ph\u1ea9m. \u0110i\u1ec1u n\u00e0y gi\u00fap c\u1ea3i thi\u1ec7n t\u00ednh ch\u1ea5t lan truy\u1ec1n, t\u0103ng \u0111\u1ed9 b\u00e1m d\u00ednh v\u00e0 \u0111\u1ed9 ch\u1ecbu n\u01b0\u1edbc c\u1ee7a s\u01a1n v\u00e0 keo d\u00e1n.<\/p>\n<p style=\"text-align: justify;\"><span style=\"font-weight: 400;\">&#8211; HPMC c\u00f2n c\u00f3 kh\u1ea3 n\u0103ng t\u0103ng c\u01b0\u1eddng \u0111\u1ed9 d\u1ebbo c\u1ee7a s\u1ea3n ph\u1ea9m, gi\u00fap c\u1ea3i thi\u1ec7n hi\u1ec7u su\u1ea5t thi c\u00f4ng.<\/span><\/p>\n<h2 style=\"text-align: justify;\"><strong>\u1ee8ng d\u1ee5ng c\u1ee7a ph\u1ee5 gia gi\u1eef n\u01b0\u1edbc HPMC<\/strong><\/h2>\n<p style=\"text-align: justify;\"><span style=\"font-weight: 400;\">V\u1edbi nh\u1eefng \u0111\u1eb7c t\u00ednh tr\u00ean HPMC \u0111\u1eb7c bi\u1ec7t \u0111\u01b0\u1ee3c \u1ee9ng d\u1ee5ng trong vi\u1ec7c s\u1ea3n xu\u1ea5t c\u00e1c v\u1eadt li\u1ec7u x\u00e2y d\u1ef1ng nh\u01b0:<\/span><\/p>\n<p style=\"text-align: justify;\"><span style=\"font-weight: 400;\">&#8211; V\u00f4i v\u1eefa, th\u1ea1ch cao, b\u1ed9t tr\u00e9t hay ch\u1ea5t k\u1ebft d\u00ednh, t\u0103ng kh\u1ea3 n\u0103ng li\u00ean k\u1ebft b\u1ec1n v\u1eefng h\u01a1n.<\/span><\/p>\n<p style=\"text-align: justify;\"><span style=\"font-weight: 400;\">&#8211; Ph\u1ee5 gia gi\u1eef n\u01b0\u1edbc HPMC c\u0169ng \u0111\u01b0\u1ee3c s\u1eed d\u1ee5ng trong s\u1ea3n xu\u1ea5t s\u01a1n v\u00e0 keo d\u00e1n. N\u00f3 \u0111\u00f3ng vai tr\u00f2 quan tr\u1ecdng trong vi\u1ec7c t\u0103ng c\u01b0\u1eddng \u0111\u1ed9 nh\u1edbt v\u00e0 \u0111\u1ed9 b\u1ec1n c\u1ee7a s\u1ea3n ph\u1ea9m.<\/span><\/p>\n<p style=\"text-align: justify;\"><span style=\"font-weight: 400;\">&#8211; V\u1eefa xi m\u0103ng: c\u1ea3i thi\u1ec7n \u0111\u1ed9 d\u1ebbo c\u1ee7a v\u1eefa, l\u00e0m li\u00ean k\u1ebft b\u1ec1n v\u1eefng h\u01a1n. HPMC gi\u1eef n\u01b0\u1edbc v\u00ec th\u1ebf gi\u00fap li\u00ean k\u1ebft kh\u00f4ng b\u1ecb v\u1ee1 v\u1ee5n sau khi kh\u00f4, t\u0103ng \u0111\u1ed9 c\u1ee9ng.\u00a0<\/span><\/p>\n<p style=\"text-align: justify;\"><span style=\"font-weight: 400;\">&#8211; G\u1ea1ch l\u00e1t n\u1ec1n: kh\u1ea3 n\u0103ng gi\u1eef n\u01b0\u1edbc, t\u0103ng \u0111\u1ed9 d\u1ebbo v\u00e0 t\u00ednh li\u00ean k\u1ebft c\u1ee7a g\u1ea1ch.<\/span><\/p>\n<p style=\"text-align: justify;\"><span style=\"font-weight: 400;\">Ngo\u00e0i ra, HPMC c\u00f2n \u0111\u01b0\u1ee3c \u1ee9ng d\u1ee5ng r\u1ed9ng r\u00e3i trong c\u00e1c ng\u00e0nh c\u00f4ng nghi\u1ec7p kh\u00e1c nh\u01b0 g\u1ed1m s\u1ee9, d\u01b0\u1ee3c ph\u1ea9m, th\u1ef1c ph\u1ea9m, d\u1ec7t, gi\u1ea5y, n\u00f4ng nghi\u1ec7p v\u00e0 m\u1ef9 ph\u1ea9m\u2026<\/span><\/p>","protected":false},"excerpt":{"rendered":"<p>C\u00f4ng ty C\u00e1t L\u00e2m cung c\u1ea5p c\u00e1c s\u1ea3n ph\u1ea9m ph\u1ee5 gia HPMC \u1ee9ng d\u1ee5ng trong keo d\u00e1n g\u1ea1ch, keo ch\u00e0 ron, b\u1ed9t tr\u00e9t:<\/p>\n<ul>\n<li>HPMC &#8211; MC100<\/li>\n<li>HPMC &#8211; SC200<\/li>\n<li>HPMC &#8211; G9450<\/li>\n<li>HPMC &#8211; PL70D<\/li>\n<\/ul>","protected":false},"featured_media":8209,"comment_status":"open","ping_status":"closed","template":"","meta":[],"yst_prominent_words":[],"acf":[],"_links":{"self":[{"href":"https:\/\/pcecatlam.vn\/km\/wp-json\/wp\/v2\/product\/7878"}],"collection":[{"href":"https:\/\/pcecatlam.vn\/km\/wp-json\/wp\/v2\/product"}],"about":[{"href":"https:\/\/pcecatlam.vn\/km\/wp-json\/wp\/v2\/types\/product"}],"replies":[{"embeddable":true,"href":"https:\/\/pcecatlam.vn\/km\/wp-json\/wp\/v2\/comments?post=7878"}],"wp:featuredmedia":[{"embeddable":true,"href":"https:\/\/pcecatlam.vn\/km\/wp-json\/wp\/v2\/media\/8209"}],"wp:attachment":[{"href":"https:\/\/pcecatlam.vn\/km\/wp-json\/wp\/v2\/media?parent=7878"}],"wp:term":[{"taxonomy":"yst_prominent_words","embeddable":true,"href":"https:\/\/pcecatlam.vn\/km\/wp-json\/wp\/v2\/yst_prominent_words?post=7878"}],"curies":[{"name":"wp","href":"https:\/\/api.w.org\/{rel}","templated":true}]}}