{"id":7876,"date":"2021-08-23T14:57:43","date_gmt":"2021-08-23T07:57:43","guid":{"rendered":"https:\/\/pcecatlam.vn\/?post_type=product&#038;p=7876"},"modified":"2024-10-28T14:25:53","modified_gmt":"2024-10-28T07:25:53","slug":"phu-gia-polymer-tai-phan-tan-rdp","status":"publish","type":"product","link":"https:\/\/pcecatlam.vn\/km\/product\/phu-gia-polymer-tai-phan-tan-rdp\/","title":{"rendered":"Ph\u1ee5 gia Polymer t\u00e1i ph\u00e2n t\u00e1n (RDP)"},"content":{"rendered":"","protected":false},"excerpt":{"rendered":"<h3><a href=\"https:\/\/pcecatlam.vn\/product-category\/nguyen-lieu-san-xuat-vua-kho\/\">C\u00f4ng ty C\u00e1t L\u00e2m cung c\u1ea5p c\u00e1c s\u1ea3n ph\u1ea9m c\u1ee7a VINNAPAS \u1ee9ng d\u1ee5ng trong keo d\u00e1n g\u1ea1ch, keo ch\u00e0 ron v\u00e0 m\u1ed9t s\u1ed1 lo\u1ea1i v\u1eefa chuy\u00ean d\u1ee5ng kh\u00e1c:<\/a><\/h3>\n<h3>&#8211; <a href=\"https:\/\/pcecatlam.vn\/product\/vinnapas-4115N\/\">VINNAPAS 4115N<\/a><\/h3>\n<h3>&#8211; <a href=\"https:\/\/pcecatlam.vn\/product\/vinnapas-5010n\/\">VINNAPAS 5010N<\/a><\/h3>\n<h3>&#8211; <a href=\"https:\/\/pcecatlam.vn\/product\/vinnapas-8620E\/\">VINNAPAS 8620E<\/a><\/h3>\n<h3>&#8211; <a href=\"https:\/\/pcecatlam.vn\/product\/vinnapas-8034H\/\">VINNAPAS 8034H<\/a><\/h3>\n<h3><\/h3>","protected":false},"featured_media":7983,"comment_status":"open","ping_status":"closed","template":"","meta":[],"yst_prominent_words":[],"acf":[],"_links":{"self":[{"href":"https:\/\/pcecatlam.vn\/km\/wp-json\/wp\/v2\/product\/7876"}],"collection":[{"href":"https:\/\/pcecatlam.vn\/km\/wp-json\/wp\/v2\/product"}],"about":[{"href":"https:\/\/pcecatlam.vn\/km\/wp-json\/wp\/v2\/types\/product"}],"replies":[{"embeddable":true,"href":"https:\/\/pcecatlam.vn\/km\/wp-json\/wp\/v2\/comments?post=7876"}],"wp:featuredmedia":[{"embeddable":true,"href":"https:\/\/pcecatlam.vn\/km\/wp-json\/wp\/v2\/media\/7983"}],"wp:attachment":[{"href":"https:\/\/pcecatlam.vn\/km\/wp-json\/wp\/v2\/media?parent=7876"}],"wp:term":[{"taxonomy":"yst_prominent_words","embeddable":true,"href":"https:\/\/pcecatlam.vn\/km\/wp-json\/wp\/v2\/yst_prominent_words?post=7876"}],"curies":[{"name":"wp","href":"https:\/\/api.w.org\/{rel}","templated":true}]}}