{"id":7823,"date":"2021-08-19T10:00:38","date_gmt":"2021-08-19T03:00:38","guid":{"rendered":"https:\/\/pcecatlam.vn\/?post_type=product&#038;p=7823"},"modified":"2024-07-01T15:41:55","modified_gmt":"2024-07-01T08:41:55","slug":"soi-thep-ma-dong-soi-thep-3d-soi-thep-5d-2","status":"publish","type":"product","link":"https:\/\/pcecatlam.vn\/km\/product\/soi-thep-ma-dong-soi-thep-3d-soi-thep-5d-2\/","title":{"rendered":"\u179f\u179a\u179f\u17c3\u178a\u17c2\u1780\u179f\u17d2\u1796\u17b6\u1793\u17cb \u179f\u179a\u179f\u17c3\u178a\u17c2\u1780 3D \u179f\u179a\u179f\u17c3\u178a\u17c2\u1780 5D"},"content":{"rendered":"<p>S\u1ee2I TH\u00c9P \u0111\u01b0\u1ee3c s\u1eed d\u1ee5ng th\u01b0\u1eddng c\u00f3 m\u1ed9t \u0111\u1ed9 d\u00e0i nh\u1ea5t \u0111\u1ecbnh, kh\u00f4ng li\u00ean t\u1ee5c v\u1edbi nhau m\u00e0 ph\u00e2n b\u1ed1 ng\u1eabu nhi\u00ean nh\u1eb1m t\u0103ng s\u1ef1 li\u00ean k\u1ebft v\u00e0 b\u1ec1n b\u1ec9 cho v\u1eadt li\u1ec7u. S\u1ea3n ph\u1ea9m \u0111\u01b0\u1ee3c \u1ee9ng d\u1ee5ng r\u1ed9ng r\u00e3i trong nhi\u1ec1u c\u00f4ng tr\u00ecnh nh\u01b0 nh\u00e0 \u1edf, s\u00e0n c\u00f4ng nghi\u1ec7p, \u0111\u01b0\u1eddng h\u1ea7m, c\u1ea7u, m\u1eb7t \u0111\u01b0\u1eddng giao th\u00f4ng,\u2026<\/p>\n<p><img decoding=\"async\" loading=\"lazy\" class=\"aligncenter wp-image-7828\" src=\"https:\/\/pcecatlam.vn\/wp-content\/uploads\/2021\/08\/b\u00ea-t\u00f4ng-s\u1ee3i-th\u00e9p-300x169.jpg\" alt=\"\" width=\"352\" height=\"198\" srcset=\"https:\/\/pcecatlam.vn\/wp-content\/uploads\/2021\/08\/b\u00ea-t\u00f4ng-s\u1ee3i-th\u00e9p-300x169.jpg 300w, https:\/\/pcecatlam.vn\/wp-content\/uploads\/2021\/08\/b\u00ea-t\u00f4ng-s\u1ee3i-th\u00e9p-16x9.jpg 16w, https:\/\/pcecatlam.vn\/wp-content\/uploads\/2021\/08\/b\u00ea-t\u00f4ng-s\u1ee3i-th\u00e9p.jpg 512w\" sizes=\"(max-width: 352px) 100vw, 352px\" \/><\/p>\n<h3>Kh\u00e1i qu\u00e1t v\u1ec1 \u1ee9ng d\u1ee5ng s\u1ee3i th\u00e9p trong b\u00ea t\u00f4ng.<\/h3>\n<p>\u0110\u1ec3 \u0111\u00e1p \u1ee9ng c\u00e1c \u0111i\u1ec1u ki\u1ec7n ng\u00e0y c\u00e0ng cao c\u1ee7a ti\u00eau chu\u1ea9n thi\u1ebft k\u1ebf, ti\u1ebft ki\u1ec7m chi ph\u00ed v\u00e0 th\u1eddi gian x\u00e2y d\u1ef1ng, t\u1eeb nhi\u1ec1u ch\u1ee5c n\u0103m tr\u01b0\u1edbc ch\u00e2u \u00c2u \u0111\u00e3 ph\u00e1t tri\u1ec3n c\u00e1c c\u00f4ng ngh\u1ec7 m\u1edbi trong x\u00e2y d\u1ef1ng, m\u1ed9t trong c\u00e1c c\u00f4ng ngh\u1ec7 ti\u00ean ti\u1ebfn l\u00e0 B\u00ea t\u00f4ng s\u1ee3i th\u00e9p<\/p>\n<p><i>B\u00ea t\u00f4ng c\u1ed1t s\u1ee3i th\u00e9p = B\u00ea t\u00f4ng + s\u1ee3i th\u00e9p ch\u1ecbu l\u1ef1c<\/i><\/p>\n<p>Ngo\u00e0i ra c\u00f2n c\u00f3 c\u00e1c lo\u1ea1i c\u1ed1t s\u1ee3i hi\u1ec7n \u0111\u01b0\u1ee3c s\u1eed d\u1ee5ng: S\u1ee3i th\u00e9p, s\u1ee3i th\u1ee7y tinh, s\u1ee3i polymer, s\u1ee3i ami\u0103ng, s\u1ee3i carbon.<\/p>\n<p>M\u1ed7i lo\u1ea1i c\u1ed1t s\u1ee3i kh\u00e1c nhau c\u00f3 t\u00ednh ch\u1ea5t c\u01a1 l\u00fd kh\u00e1c nhau<\/p>\n<p>Nh\u1eefng \u0111i\u1ec3m thu\u1eadn l\u1ee3i khi \u00e1p d\u1ee5ng c\u00f4ng ngh\u1ec7 s\u1ee3i th\u00e9p<\/p>\n<p><img decoding=\"async\" loading=\"lazy\" class=\"wp-image-7829\" src=\"https:\/\/pcecatlam.vn\/wp-content\/uploads\/2021\/08\/c\u1ecdc-b\u00ea-t\u00f4ng-s\u1ee3i-th\u00e9p-300x225.jpg\" alt=\"\" width=\"507\" height=\"380\" srcset=\"https:\/\/pcecatlam.vn\/wp-content\/uploads\/2021\/08\/c\u1ecdc-b\u00ea-t\u00f4ng-s\u1ee3i-th\u00e9p-300x225.jpg 300w, https:\/\/pcecatlam.vn\/wp-content\/uploads\/2021\/08\/c\u1ecdc-b\u00ea-t\u00f4ng-s\u1ee3i-th\u00e9p-768x576.jpg 768w, https:\/\/pcecatlam.vn\/wp-content\/uploads\/2021\/08\/c\u1ecdc-b\u00ea-t\u00f4ng-s\u1ee3i-th\u00e9p-16x12.jpg 16w, https:\/\/pcecatlam.vn\/wp-content\/uploads\/2021\/08\/c\u1ecdc-b\u00ea-t\u00f4ng-s\u1ee3i-th\u00e9p-600x450.jpg 600w, https:\/\/pcecatlam.vn\/wp-content\/uploads\/2021\/08\/c\u1ecdc-b\u00ea-t\u00f4ng-s\u1ee3i-th\u00e9p.jpg 800w\" sizes=\"(max-width: 507px) 100vw, 507px\" \/><\/p>\n<p>Nh\u1edd s\u1ef1 c\u00f3 m\u1eb7t \u0111\u1ec1u \u0111\u1eb7n c\u1ee7a c\u00e1c s\u1ee3i th\u00e9p trong th\u1ec3 t\u00edch b\u00ea t\u00f4ng, b\u00ea t\u00f4ng tr\u1edf n\u00ean d\u1ebbo h\u01a1n (kh\u00f4ng xu\u1ea5t hi\u1ec7n ph\u00e1 ho\u1ea1i gi\u00f2n, c\u00f3 kh\u1ea3 n\u0103ng ch\u1ecbu bi\u1ebfn d\u1ea1ng l\u1edbn) v\u00e0 c\u00f3 kh\u1ea3 n\u0103ng ch\u1ecbu l\u1ef1c (c\u1ea3 t\u1ea3i tr\u1ecdng t\u0129nh v\u00e0 t\u1ea3i tr\u1ecdng \u0111\u1ed9ng) t\u1ed1t h\u01a1n b\u00ea t\u00f4ng th\u00f4ng th\u01b0\u1eddng. Do \u0111\u00f3 s\u00e0n b\u00ea t\u00f4ng s\u01a1i th\u00e9p c\u00f3 th\u1ec3 \u0111\u01b0\u1ee3c thi\u1ebft k\u1ebf m\u1ecfng h\u01a1n so v\u1edbi s\u00e0n b\u00ea t\u00f4ng c\u1ed1t th\u00e9p truy\u1ec1n th\u1ed1ng, nh\u1edd \u0111\u00f3 k\u1ebft c\u1ea5u nh\u1eb9 h\u01a1n. Tuy nhi\u00ean chi\u1ec1u d\u00e0y nh\u1ecf nh\u1ea5t c\u1ee7a s\u00e0n b\u00ea t\u00f4ng s\u1ee3i th\u00e9p kh\u00f4ng n\u00ean nh\u1ecf h\u01a1n 120mm.<\/p>\n<ul>\n<li>Ki\u1ec3m so\u00e1t n\u1ee9t hi\u1ec7u qu\u1ea3: Do m\u1eadt \u0111\u1ed9 c\u00e1c s\u1ee3i th\u00e9p d\u1ea7y \u0111\u1eb7c (b\u00ecnh qu\u00e2n m\u1ed7i m3 b\u00ea t\u00f4ng c\u00f3 3.200 s\u1ee3i th\u00e9p ), qu\u00e1 tr\u00ecnh ph\u00e1t tri\u1ec3n c\u1ee7a v\u1ebft n\u1ee9t ch\u1eadm h\u01a1n v\u00e0 b\u1ec1 r\u1ed9ng v\u1ebft n\u1ee9t \u0111\u01b0\u1ee3c ki\u1ec3m so\u00e1t m\u1ed9t c\u00e1ch hi\u1ec7u qu\u1ea3 h\u01a1n.<\/li>\n<li>N\u00e2ng cao tu\u1ed5i th\u1ecd k\u1ebft c\u1ea5u: Kh\u00e1c v\u1edbi k\u1ebft c\u1ea5u BTCT th\u01b0\u1eddng c\u00f3 c\u1ed1t th\u00e9p ch\u1ec9 t\u1eadp trung trong 1 \u0111\u1ebfn 2 l\u1edbp, trong c\u1ea5u ki\u1ec7n b\u00ea t\u00f4ng s\u1ee3i th\u00e9p, c\u00e1c s\u1ee3i th\u00e9p ph\u00e2n b\u1ed1 \u0111\u1ec1u tr\u00ean to\u00e0n b\u1ed9 th\u1ec3 t\u00edch b\u00ea t\u00f4ng nh\u1edd \u0111\u00f3 n\u00e2ng cao \u0111\u01b0\u1ee3c tu\u1ed5i th\u1ecd k\u1ebft c\u1ea5u.<\/li>\n<li>D\u1ec5 s\u1eed d\u1ee5ng: S\u1ee3i th\u00e9p th\u00e0nh ph\u1ea9m \u0111\u01b0\u1ee3c \u0111\u00f3ng v\u00e0o c\u00e1c bao c\u00f3 tr\u1ecdng l\u01b0\u1ee3ng v\u1eeba ph\u1ea3i, ch\u00fang c\u00f3 th\u1ec3 \u0111\u01b0\u1ee3c tr\u1ed9n s\u1eb5n v\u00e0o b\u00ea t\u00f4ng t\u1ea1i tr\u1ea1m tr\u1ed9n ho\u1eb7c tr\u1ed9n t\u1ea1i hi\u1ec7n tr\u01b0\u1eddng, kh\u00f4ng c\u00f3 y\u00eau c\u1ea7u cao v\u1ec1 m\u1eb7t k\u1ef9 thu\u1eadt thi c\u00f4ng.<\/li>\n<li>Ti\u1ebft ki\u1ec7m th\u1eddi gian lao \u0111\u1ed9ng t\u1ea1i hi\u1ec7n tr\u01b0\u1eddng, \u0111\u1ea9y nhanh ti\u1ebfn \u0111\u1ed9 thi c\u00f4ng do ti\u1ebft ki\u1ec7m \u0111\u01b0\u1ee3c th\u1eddi gian l\u1eafp \u0111\u1eb7t c\u1ed1t th\u00e9p, kh\u00f4ng c\u1ea7n nh\u00e2n c\u00f4ng tr\u00ecnh \u0111\u1ed9 cao do \u0111\u00f3 gi\u1ea3m gi\u00e1 th\u00e0nh x\u00e2y d\u1ef1ng.<\/li>\n<li>Hi\u1ec7u qu\u1ea3 v\u00e0 ti\u1ebft ki\u1ec7m: Th\u1ef1c t\u1ebf s\u1eed d\u1ee5ng t\u1ea1i ch\u00e2u \u00c2u v\u00e0 c\u00e1c n\u01b0\u1edbc kh\u00e1c cho th\u1ea5y s\u00e0n ti\u1ebft ki\u1ec7m chi ph\u00ed h\u01a1n s\u00e0n BTCT th\u00f4ng th\u01b0\u1eddng t\u1eeb 10-15%.<\/li>\n<li>D\u1ec5 d\u00e0ng \u0111\u00e1p \u1ee9ng c\u00e1c ti\u00eau chu\u1ea9n x\u00e2y d\u1ef1ng xanh t\u1ea1i Vi\u1ec7t Nam.\u00c9p c\u1ecdc b\u00ea t\u00f4ng &#8211; d\u1ecbch v\u1ee5 \u00e9p c\u1ecdc b\u00ea t\u00f4ng t\u1ea1i h\u00e0 n\u1ed9i l\u00e0 m\u1ed9t trong nh\u1eefng n\u01a1i s\u1ea3n xu\u1ea5t ra c\u1ecdc b\u00ea t\u00f4ng s\u1ee3i th\u00e9p<\/li>\n<\/ul>\n<p>\u1ee8ng d\u1ee5ng c\u1ee7a c\u00f4ng ngh\u1ec7 betong s\u1ee3i th\u00e9p<\/p>\n<ul>\n<li>\u1ee8ng d\u1ee5ng trong s\u00e0n nh\u00e0 c\u00f4ng nghi\u1ec7p: C\u00f4ng ngh\u1ec7 s\u1ee3i th\u00e9p \u0111\u01b0\u1ee3c \u1ee9ng d\u1ee5ng thi c\u00f4ng nh\u00e0 kho, b\u00e3i x\u1ebfp \u0111\u1ed7, nh\u00e0 x\u01b0\u1edfng, s\u00e2n bay, \u0111\u01b0\u1eddng \u00f4 t\u00f4.<\/li>\n<li>\u1ee8ng d\u1ee5ng trong c\u00f4ng tr\u00ecnh d\u00e2n d\u1ee5ng: B\u1ea3n s\u00e0n tr\u1ec7t, s\u00e0n ch\u1ed1ng, t\u01b0\u1eddng b\u00ea t\u00f4ng c\u1ed1t th\u00e9p, v\u1ec9a h\u00e8, l\u1ed1i \u0111i\u2026<\/li>\n<li>\u1ee8ng d\u1ee5ng trong l\u1edbp m\u1eb7t ch\u1ecbu l\u1ef1c c\u1ee7a m\u1eb7t s\u00e0n h\u1ed7n h\u1ee3p, s\u00e0n b\u00ea t\u00f4ng c\u1ed1t th\u00e9p b\u1ee5ng r\u1ed7ng, m\u00e1i b\u00ea t\u00f4ng c\u1ed1t th\u00e9p, h\u1ea7m \u0111\u1ed7 xe nhi\u1ec1u t\u1ea7ng, b\u1ea3n m\u1eb7t c\u1ea7u.<\/li>\n<\/ul>\n<p>Hi\u1ec7n c\u00f4ng ngh\u1ec7 s\u1ee3i th\u00e9p \u0111\u00e3 \u0111\u01b0\u1ee3c \u00e1p d\u1ee5ng t\u1ea1i nhi\u1ec1u n\u01b0\u1edbc tr\u00ean th\u1ebf gi\u1edbi, \u0111\u1eb7c bi\u1ec7t s\u1ee3i th\u00e9p \u0111\u00e3 tr\u1edf n\u00ean th\u00f4ng d\u1ee5ng t\u1ea1i ch\u00e2u \u00c2u. \u1ede c\u00e1c n\u01b0\u1edbc thu\u1ed9c khu v\u1ef1c ch\u00e2u \u00c1, c\u00f4ng ngh\u1ec7 n\u00e0y d\u1ea7n d\u1ea7n \u0111\u01b0\u1ee3c ph\u1ed5 bi\u1ebfn v\u00e0 \u00e1p d\u1ee5ng t\u01b0\u01a1ng \u0111\u1ed1i nhi\u1ec1u t\u1ea1i Th\u00e1i Lan v\u00e0 Singapore. Tuy nhi\u00ean t\u1ea1i Vi\u1ec7t Nam c\u00f4ng ngh\u1ec7 n\u00e0y c\u00f2n kh\u00e1 m\u1edbi m\u1ebb. Trong l\u0129nh v\u1ef1c x\u00e2y d\u1ef1ng, c\u00f4ng ngh\u1ec7 b\u00ea t\u00f4ng c\u1ed1t th\u00e9p truy\u1ec1n th\u1ed1ng \u0111\u00e3 \u0103n s\u00e2u v\u00e0o trong suy ngh\u0129 c\u1ee7a ng\u01b0\u1eddi d\u00e2n c\u0169ng nh\u01b0 c\u00e1c nh\u00e0 \u0111\u1ea7u t\u01b0 b\u1ea5t \u0111\u1ed9ng s\u1ea3n do \u0111\u00f3 s\u1ebd kh\u00f3 kh\u0103n trong vi\u1ec7c ti\u1ebfp th\u1ecb c\u00f4ng ngh\u1ec7 m\u1edbi \u0111\u1ebfn v\u1edbi kh\u00e1ch h\u00e0ng v\u00e0 s\u1ee3i th\u00e9p c\u1ea7n nhi\u1ec1u th\u1eddi gian \u0111\u1ec3 chi\u1ebfm l\u0129nh th\u1ecb tr\u01b0\u1eddng.Th\u00eam v\u00e0o \u0111\u00f3, hi\u1ec7n \u1edf Vi\u1ec7t Nam ch\u01b0a c\u00f3 nhi\u1ec1u c\u00f4ng ty c\u00f3 \u0111\u1ee7 n\u0103ng l\u1ef1c thi\u1ebft k\u1ebf c\u0169ng nh\u01b0 th\u1ea9m tra nh\u1eefng thi\u1ebft k\u1ebf c\u00f3 \u1ee9ng d\u1ee5ng c\u00f4ng ngh\u1ec7 s\u1ee3i th\u00e9p do \u0111\u00f3 s\u1ebd g\u1eb7p kh\u00f3 kh\u0103n trong vi\u1ec7c ph\u00e1t tri\u1ec3n c\u00f4ng ngh\u1ec7 n\u00e0y.<\/p>\n<p><em>V\u1edbi th\u1ef1c tr\u1ea1ng nh\u01b0 v\u1eady, Hi\u1ec7n nay c\u00f4ng ty TNHH PCE C\u00c1T L\u00c2M vinh d\u1ef1 l\u00e0 nh\u00e0 cung c\u1ea5p s\u1ea3n ph\u1ea9m S\u1ee2I TH\u00c9P t\u1ea1i Vi\u1ec7t Nam c\u0169ng nh\u01b0 cung c\u1ea5p c\u00e1c gi\u1ea3i ph\u00e1p c\u00f4ng ngh\u1ec7 x\u00e2y d\u1ef1ng kh\u00e1c.<\/em><\/p>","protected":false},"excerpt":{"rendered":"<p>S\u1ee2I TH\u00c9P \u0111\u01b0\u1ee3c s\u1eed d\u1ee5ng th\u01b0\u1eddng c\u00f3 m\u1ed9t \u0111\u1ed9 d\u00e0i nh\u1ea5t \u0111\u1ecbnh, kh\u00f4ng li\u00ean t\u1ee5c v\u1edbi nhau m\u00e0 ph\u00e2n b\u1ed1 ng\u1eabu nhi\u00ean nh\u1eb1m t\u0103ng s\u1ef1 li\u00ean k\u1ebft v\u00e0 b\u1ec1n b\u1ec9 cho v\u1eadt li\u1ec7u. S\u1ea3n ph\u1ea9m \u0111\u01b0\u1ee3c \u1ee9ng d\u1ee5ng r\u1ed9ng r\u00e3i trong nhi\u1ec1u c\u00f4ng tr\u00ecnh nh\u01b0 nh\u00e0 \u1edf, s\u00e0n c\u00f4ng nghi\u1ec7p, \u0111\u01b0\u1eddng h\u1ea7m, c\u1ea7u, m\u1eb7t \u0111\u01b0\u1eddng [&hellip;]<\/p>","protected":false},"featured_media":9439,"comment_status":"open","ping_status":"closed","template":"","meta":[],"yst_prominent_words":[],"acf":[],"_links":{"self":[{"href":"https:\/\/pcecatlam.vn\/km\/wp-json\/wp\/v2\/product\/7823"}],"collection":[{"href":"https:\/\/pcecatlam.vn\/km\/wp-json\/wp\/v2\/product"}],"about":[{"href":"https:\/\/pcecatlam.vn\/km\/wp-json\/wp\/v2\/types\/product"}],"replies":[{"embeddable":true,"href":"https:\/\/pcecatlam.vn\/km\/wp-json\/wp\/v2\/comments?post=7823"}],"wp:featuredmedia":[{"embeddable":true,"href":"https:\/\/pcecatlam.vn\/km\/wp-json\/wp\/v2\/media\/9439"}],"wp:attachment":[{"href":"https:\/\/pcecatlam.vn\/km\/wp-json\/wp\/v2\/media?parent=7823"}],"wp:term":[{"taxonomy":"yst_prominent_words","embeddable":true,"href":"https:\/\/pcecatlam.vn\/km\/wp-json\/wp\/v2\/yst_prominent_words?post=7823"}],"curies":[{"name":"wp","href":"https:\/\/api.w.org\/{rel}","templated":true}]}}