{"id":7790,"date":"2021-07-23T14:55:17","date_gmt":"2021-07-23T07:55:17","guid":{"rendered":"https:\/\/pcecatlam.vn\/?post_type=product&#038;p=7790"},"modified":"2026-03-14T09:43:28","modified_gmt":"2026-03-14T02:43:28","slug":"soi-thuy-tinh-3-6-9-12mm","status":"publish","type":"product","link":"https:\/\/pcecatlam.vn\/km\/product\/soi-thuy-tinh-3-6-9-12mm\/","title":{"rendered":"\u179f\u179a\u179f\u17c3\u1780\u1789\u17d2\u1785\u1780\u17cb"},"content":{"rendered":"<p>S\u1ee3i th\u1ee7y tinh l\u00e0 c\u00f4ng ngh\u1ec7 m\u1edbi \u00e1p d\u1ee5ng trong x\u00e2y d\u1ef1ng, d\u00f9ng \u0111\u1ec3 tr\u1ed9n v\u1edbi xi m\u0103ng v\u00e0 b\u00ea t\u00f4ng t\u1ea1o ra s\u1ef1 li\u00ean k\u1ebft m\u1ea1nh m\u1ebd, gia c\u01b0\u1eddng, ch\u1ed1ng n\u1ee9t ch\u1ed1ng va \u0111\u1eadp v\u00e0 ch\u1ed1ng th\u1ea5m cho b\u00ea t\u00f4ng v\u00e0 h\u1ed3 v\u1eefa.<\/p>\n<p>\u01afu \u0110i\u1ec3m:<\/p>\n<ul>\n<li>Ch\u1ed1ng co n\u1ee9t, r\u1ea1n n\u1ee9t v\u00e0 gi\u00e3n n\u1edf v\u1eefa.<\/li>\n<li>T\u0103ng s\u1ee9c b\u1ec1n va \u0111\u1eadp v\u00e0 gi\u1ea3m kh\u1ea3 n\u0103ng bong tr\u00f3c, l\u1ed9t b\u1ec1 m\u1eb7t.<\/li>\n<li>T\u0103ng kh\u00e1ng l\u1ef1c ma s\u00e1t.<\/li>\n<li>T\u0103ng kh\u1ea3 n\u0103ng ch\u1ed1ng th\u1ea5m.<\/li>\n<li>T\u0103ng kh\u1ea3 n\u0103ng \u0111\u00f4ng c\u1ee9ng v\u00e0 ch\u1ed1ng h\u00f3a l\u1ecfng cho h\u1ed3 trong qu\u00e1 tr\u00ecnh thi c\u00f4ng.<\/li>\n<li>T\u0103ng t\u00ednh n\u0103ng b\u1ea3o v\u1ec7 c\u1ed1t th\u00e9p.<\/li>\n<\/ul>","protected":false},"excerpt":{"rendered":"<p>S\u1ee3i th\u1ee7y tinh c\u1eaft ng\u1eafn, s\u1ee3i th\u1ee7y tinh l\u00e0m ph\u00e0o ch\u1ec9, s\u1ee3i th\u1ee7y tinh gia c\u01b0\u1eddng b\u00ea t\u00f4ng, s\u1ee3i th\u1ee7y tinh tr\u1ed9n b\u00ea t\u00f4ng &#8230;<\/p>\n<ul>\n<li>C\u00f3 2 lo\u1ea1i kh\u00e1ng ki\u1ec1m v\u00e0 kh\u00f4ng kh\u00e1ng ki\u1ec1m<\/li>\n<li>\u0110\u1ed9 d\u00e0i: 3\/6\/9\/12mm<\/li>\n<li>Quy c\u00e1ch: 25Kg\/bao.<\/li>\n<\/ul>","protected":false},"featured_media":9438,"comment_status":"open","ping_status":"closed","template":"","meta":[],"yst_prominent_words":[],"acf":[],"_links":{"self":[{"href":"https:\/\/pcecatlam.vn\/km\/wp-json\/wp\/v2\/product\/7790"}],"collection":[{"href":"https:\/\/pcecatlam.vn\/km\/wp-json\/wp\/v2\/product"}],"about":[{"href":"https:\/\/pcecatlam.vn\/km\/wp-json\/wp\/v2\/types\/product"}],"replies":[{"embeddable":true,"href":"https:\/\/pcecatlam.vn\/km\/wp-json\/wp\/v2\/comments?post=7790"}],"wp:featuredmedia":[{"embeddable":true,"href":"https:\/\/pcecatlam.vn\/km\/wp-json\/wp\/v2\/media\/9438"}],"wp:attachment":[{"href":"https:\/\/pcecatlam.vn\/km\/wp-json\/wp\/v2\/media?parent=7790"}],"wp:term":[{"taxonomy":"yst_prominent_words","embeddable":true,"href":"https:\/\/pcecatlam.vn\/km\/wp-json\/wp\/v2\/yst_prominent_words?post=7790"}],"curies":[{"name":"wp","href":"https:\/\/api.w.org\/{rel}","templated":true}]}}