{"id":7784,"date":"2021-07-23T11:12:03","date_gmt":"2021-07-23T04:12:03","guid":{"rendered":"https:\/\/pcecatlam.vn\/?post_type=product&#038;p=7784"},"modified":"2023-03-17T13:09:06","modified_gmt":"2023-03-17T06:09:06","slug":"pce-51c","status":"publish","type":"product","link":"https:\/\/pcecatlam.vn\/km\/product\/pce-51c\/","title":{"rendered":"Nguy\u00ean Li\u1ec7u PCE"},"content":{"rendered":"<p>Polycarboxylate (PCE) l\u00e0 nguy\u00ean li\u1ec7u ch\u00ednh \u0111\u1ec3 s\u1ea3n xu\u1ea5t ph\u1ee5 gia b\u00ea t\u00f4ng th\u1ebf h\u1ec7 m\u1edbi nh\u1ea5t (th\u1ebf h\u1ec7 3). Gi\u00fap c\u1ea3i thi\u1ec7n th\u1eddi gian \u0111\u00f4ng k\u1ebft b\u00ea t\u00f4ng, gi\u1ea3m \u0111\u1ed9 nh\u1edbt b\u00ea t\u00f4ng nh\u01b0ng \u0111\u1ed3ng th\u1eddi v\u1eabn \u0111\u1ea3m b\u1ea3o t\u00ednh duy tr\u00ec v\u00e0 c\u00f4ng t\u00e1c th\u1ef1c hi\u1ec7n cho c\u00e1c c\u1ea5u ki\u1ec7n \u0111\u00fac s\u1eb5n. D\u00f9ng \u0111\u01b0\u1ee3c cho c\u1ea3 b\u00ea t\u00f4ng t\u01b0\u01a1i v\u00e0 b\u00ea t\u00f4ng \u0111\u00fac s\u1eb5n.<\/p>\n<p>\u0110\u1eb7c tr\u01b0ng<\/p>\n<p>\u25a0 Duy tr\u00ec \u0111\u1ed9 s\u1ee5t v\u00e0 gi\u1ea3m n\u01b0\u1edbc cao cho b\u00ea t\u00f4ng.<\/p>\n<p>\u25a0 \u00c1p d\u1ee5ng cho t\u1ea5t c\u1ea3 c\u00e1c lo\u1ea1i b\u00ea t\u00f4ng \u0111\u01b0\u1ee3c s\u1eed d\u1ee5ng v\u1edbi c\u00e1c b\u1ed9 gi\u1ea3m n\u01b0\u1edbc kh\u00e1c.<\/p>\n<p>\u25a0 Kh\u1ea3 n\u0103ng l\u00e0m vi\u1ec7c cao m\u00e0 kh\u00f4ng t\u00e1ch n\u01b0\u1edbc ho\u1eb7c ph\u00e2n t\u1ea7ng.<\/p>","protected":false},"excerpt":{"rendered":"<p>PCE\u00a0 c\u00f3 3 d\u00f2ng s\u1ea3n ph\u1ea9m ch\u00ednh ph\u1ee5c v\u1ee5 cho c\u00e1c y\u00eau c\u1ea7u kh\u00e1c nhau c\u1ee7a b\u00ea t\u00f4ng:<\/p>\n<ul>\n<li>PCE 41 VN-A<\/li>\n<li>PCE 51 VN-C<\/li>\n<li>PCE 56 VN-C<\/li>\n<\/ul>","protected":false},"featured_media":7911,"comment_status":"open","ping_status":"closed","template":"","meta":[],"yst_prominent_words":[],"acf":[],"_links":{"self":[{"href":"https:\/\/pcecatlam.vn\/km\/wp-json\/wp\/v2\/product\/7784"}],"collection":[{"href":"https:\/\/pcecatlam.vn\/km\/wp-json\/wp\/v2\/product"}],"about":[{"href":"https:\/\/pcecatlam.vn\/km\/wp-json\/wp\/v2\/types\/product"}],"replies":[{"embeddable":true,"href":"https:\/\/pcecatlam.vn\/km\/wp-json\/wp\/v2\/comments?post=7784"}],"wp:featuredmedia":[{"embeddable":true,"href":"https:\/\/pcecatlam.vn\/km\/wp-json\/wp\/v2\/media\/7911"}],"wp:attachment":[{"href":"https:\/\/pcecatlam.vn\/km\/wp-json\/wp\/v2\/media?parent=7784"}],"wp:term":[{"taxonomy":"yst_prominent_words","embeddable":true,"href":"https:\/\/pcecatlam.vn\/km\/wp-json\/wp\/v2\/yst_prominent_words?post=7784"}],"curies":[{"name":"wp","href":"https:\/\/api.w.org\/{rel}","templated":true}]}}