{"id":9044,"date":"2023-09-27T14:54:28","date_gmt":"2023-09-27T07:54:28","guid":{"rendered":"https:\/\/pcecatlam.vn\/?post_type=product&#038;p=9044"},"modified":"2026-03-14T09:42:29","modified_gmt":"2026-03-14T02:42:29","slug":"silicafume-nen","status":"publish","type":"product","link":"https:\/\/pcecatlam.vn\/en\/product\/silicafume-nen\/","title":{"rendered":"Compressed Silicafume"},"content":{"rendered":"<h3>Silicafume ph\u1ee5 gia ch\u1ed1ng \u0103n m\u00f2n b\u00ea t\u00f4ng.<\/h3>\n<ul>\n<li><span style=\"font-size: 12pt; color: #000000;\">Silicafume l\u00e0 lo\u1ea1i s\u1ea3n ph\u1ea9m ph\u1ee5 gia b\u1ec1n Sunfat, kh\u00e1ng axit, ch\u1ed1ng \u0103n m\u00f2n Clorua ch\u1ea5t l\u01b0\u1ee3ng cao s\u1eed d\u1ee5ng trong h\u1ed7n h\u1ee3p V\u1eefa &#8211; B\u00ea t\u00f4ng.<\/span><\/li>\n<li><span style=\"font-size: 12pt; color: #000000;\">Silicafume l\u00e0 lo\u1ea1i ph\u1ee5 gia th\u1ebf h\u1ec7 m\u1edbi d\u1ea1ng b\u1ed9t.\u00a0<\/span><\/li>\n<\/ul>","protected":false},"excerpt":{"rendered":"<ul>\n<li><strong>D\u1ea1ng\/ M\u00e0u<\/strong>\u00a0 \u00a0 \u00a0 \u00a0 \u00a0 \u00a0<strong>:<\/strong> B\u1ed9t\/ X\u00e1m<\/li>\n<li><strong>Pack<\/strong>\u00a0 \u00a0 \u00a0 \u00a0 \u00a0 \u00a0 \u00a0 \u00a0<strong>:<\/strong> Bao Jumbo 600kg<\/li>\n<li><strong>L\u01b0u tr\u1eef\u00a0<\/strong>\u00a0 \u00a0 \u00a0 \u00a0 \u00a0 \u00a0 \u00a0 \u00a0 \u00a0<strong>:<\/strong> N\u01a1i kh\u00f4 m\u00e1t<\/li>\n<li><strong>Th\u1eddi h\u1ea1n s\u1eed d\u1ee5ng:<\/strong> T\u1ed1i thi\u1ec3u 24 th\u00e1ng n\u1ebfu l\u01b0u tr\u1eef \u0111\u00fang c\u00e1ch trong bao b\u00ec nguy\u00ean v\u1eb9n.<\/li>\n<\/ul>","protected":false},"featured_media":7818,"comment_status":"open","ping_status":"closed","template":"","meta":[],"yst_prominent_words":[],"acf":[],"_links":{"self":[{"href":"https:\/\/pcecatlam.vn\/en\/wp-json\/wp\/v2\/product\/9044"}],"collection":[{"href":"https:\/\/pcecatlam.vn\/en\/wp-json\/wp\/v2\/product"}],"about":[{"href":"https:\/\/pcecatlam.vn\/en\/wp-json\/wp\/v2\/types\/product"}],"replies":[{"embeddable":true,"href":"https:\/\/pcecatlam.vn\/en\/wp-json\/wp\/v2\/comments?post=9044"}],"wp:featuredmedia":[{"embeddable":true,"href":"https:\/\/pcecatlam.vn\/en\/wp-json\/wp\/v2\/media\/7818"}],"wp:attachment":[{"href":"https:\/\/pcecatlam.vn\/en\/wp-json\/wp\/v2\/media?parent=9044"}],"wp:term":[{"taxonomy":"yst_prominent_words","embeddable":true,"href":"https:\/\/pcecatlam.vn\/en\/wp-json\/wp\/v2\/yst_prominent_words?post=9044"}],"curies":[{"name":"wp","href":"https:\/\/api.w.org\/{rel}","templated":true}]}}