{"id":9040,"date":"2023-09-27T14:46:36","date_gmt":"2023-09-27T07:46:36","guid":{"rendered":"https:\/\/pcecatlam.vn\/?post_type=product&#038;p=9040"},"modified":"2026-03-14T09:34:18","modified_gmt":"2026-03-14T02:34:18","slug":"cat-say-so-1-0-15-0-3mm","status":"publish","type":"product","link":"https:\/\/pcecatlam.vn\/en\/product\/cat-say-so-1-0-15-0-3mm\/","title":{"rendered":"Drying sand No. 1 (0.15 \u2013 0.3mm)"},"content":{"rendered":"<h3>C\u00e1t s\u1ea5y theo k\u00edch s\u1ee1 l\u00e0 s\u1ea3n ph\u1ea9m c\u00e1t s\u00f4ng \u0111\u01b0\u1ee3c s\u00e0ng, s\u1ea5y kh\u00f4 ph\u00e2n lo\u1ea1i th\u00e0nh c\u00e1c gi\u1ea3i h\u1ea1t theo ti\u00eau chu\u1ea9n.<\/h3>\n<h3>Th\u00f4ng s\u1ed1 k\u1ef9 thu\u1eadt:<\/h3>\n<ul>\n<li>\u2013 \u0110\u1ed9 \u1ea9m &lt; 1%<\/li>\n<li>\u2013 Quy c\u00e1ch\u00a0 \u00a0 \u00a0 \u00a0 \u00a0 \u00a0 \u00a0 \u00a0 \u00a0 \u00a0 \u00a0 \u00a0 \u00a0 \u00a0:bao 50kg, bao jumbo 1.000kg ho\u1eb7c theo \u0111\u01a1n \u0111\u1eb7t h\u00e0ng.<\/li>\n<li>\n<h4>\u2013 K\u00edch th\u01b0\u1edbc h\u1ea1t c\u00e1t:<\/h4>\n<ul>\n<li>Lo\u1ea1i 1\u00a0 \u00a0 \u00a0 \u00a0 \u00a0 \u00a0 \u00a0 \u00a0 \u00a0 \u00a0 \u00a0 \u00a0 \u00a0 \u00a0: t\u1eeb 0,15 &#8211; 0,3 mm<\/li>\n<li>Lo\u1ea1i 2\u00a0 \u00a0 \u00a0 \u00a0 \u00a0 \u00a0 \u00a0 \u00a0 \u00a0 \u00a0 \u00a0 \u00a0 \u00a0 \u00a0: t\u1eeb 0,3 &#8211; 0,6 mm<\/li>\n<li>Lo\u1ea1i 3\u00a0 \u00a0 \u00a0 \u00a0 \u00a0 \u00a0 \u00a0 \u00a0 \u00a0 \u00a0 \u00a0 \u00a0 \u00a0 \u00a0: t\u1eeb 0,6 &#8211; 1,2 mm<\/li>\n<\/ul>\n<\/li>\n<\/ul>","protected":false},"excerpt":{"rendered":"<ul class=\"list-unstyled\">\n<li class=\"infos mt1x\"><strong>Th\u01b0\u01a1ng hi\u1ec7u\u00a0 \u00a0 <\/strong>:\u00a0<span class=\"font-semibold\">PCE CAT LAM CO., LTD<\/span><\/li>\n<li class=\"infos mt1x\"><strong>Xu\u1ea5t x\u1ee9\u00a0 \u00a0 \u00a0 \u00a0 \u00a0 \u00a0 \u00a0<\/strong>:\u00a0<span class=\"font-semibold\">Vi\u1ec7t Nam<\/span><\/li>\n<li class=\"infos mt1x\"><strong>Lo\u1ea1i s\u1ea3n ph\u1ea9m <\/strong>: C\u00e1t s\u1ea5y kh\u00f4 c\u00e1c lo\u1ea1i.<\/li>\n<\/ul>","protected":false},"featured_media":9223,"comment_status":"open","ping_status":"closed","template":"","meta":[],"yst_prominent_words":[],"acf":[],"_links":{"self":[{"href":"https:\/\/pcecatlam.vn\/en\/wp-json\/wp\/v2\/product\/9040"}],"collection":[{"href":"https:\/\/pcecatlam.vn\/en\/wp-json\/wp\/v2\/product"}],"about":[{"href":"https:\/\/pcecatlam.vn\/en\/wp-json\/wp\/v2\/types\/product"}],"replies":[{"embeddable":true,"href":"https:\/\/pcecatlam.vn\/en\/wp-json\/wp\/v2\/comments?post=9040"}],"wp:featuredmedia":[{"embeddable":true,"href":"https:\/\/pcecatlam.vn\/en\/wp-json\/wp\/v2\/media\/9223"}],"wp:attachment":[{"href":"https:\/\/pcecatlam.vn\/en\/wp-json\/wp\/v2\/media?parent=9040"}],"wp:term":[{"taxonomy":"yst_prominent_words","embeddable":true,"href":"https:\/\/pcecatlam.vn\/en\/wp-json\/wp\/v2\/yst_prominent_words?post=9040"}],"curies":[{"name":"wp","href":"https:\/\/api.w.org\/{rel}","templated":true}]}}