{"id":8754,"date":"2023-08-17T14:45:37","date_gmt":"2023-08-17T07:45:37","guid":{"rendered":"https:\/\/pcecatlam.vn\/?post_type=product&#038;p=8754"},"modified":"2024-07-01T15:14:16","modified_gmt":"2024-07-01T08:14:16","slug":"phu-gia-pha-bot-khu-bot-byk-1690sd","status":"publish","type":"product","link":"https:\/\/pcecatlam.vn\/en\/product\/phu-gia-pha-bot-khu-bot-byk-1690sd\/","title":{"rendered":"BYK 1690SD defoaming and defoaming additive"},"content":{"rendered":"<p><span style=\"font-weight: 400;\"><strong>BYK 1690SD<\/strong> l\u00e0 ch\u1ea5t kh\u1eed b\u1ecdt r\u1eafn, kh\u00f4ng ch\u1ee9a VOC v\u00e0 silicone hydrocacbon cho h\u1ec7 v\u1eadt li\u1ec7u x\u00e2y d\u1ef1ng li\u00ean k\u1ebft kho\u00e1ng. Cho t\u00e1c d\u1ee5ng t\u1ed1i \u01b0u ngay c\u1ea3 \u1edf li\u1ec1u l\u01b0\u1ee3ng th\u1ea5p.<\/span><\/p>\n<h2><b>TH\u00d4NG TIN S\u1ea2N PH\u1ea8M<\/b><\/h2>\n<p><b>Th\u00e0nh ph\u1ea7n c\u1ee7a BYK 1690SD:<\/b><\/p>\n<p><span style=\"font-weight: 400;\">C\u00f4ng th\u1ee9c ch\u1ea5t kh\u1eed b\u1ecdt d\u1ef1a tr\u00ean hydrocacbon tr\u00ean ch\u1ea5t mang v\u00f4 c\u01a1<\/span><\/p>\n<p><b>\u0110\u1eb7c tr\u01b0ng:<\/b><\/p>\n<p><span style=\"font-weight: 400;\">T\u1ef7 tr\u1ecdng: 450-650 kg\/m3<\/span><\/p>\n<p><span style=\"font-weight: 400;\">Lo\u1ea1i h\u1ee3p ch\u1ea5t: V\u00f4 c\u01a1<\/span><\/p>\n<p><span style=\"font-weight: 400;\">Ngo\u1ea1i quan: D\u1ea1ng b\u1ed9t tr\u1eafng<\/span><\/p>\n<p><b>B\u1ea3o qu\u1ea3n v\u00e0 v\u1eadn chuy\u1ec3n:<\/b><\/p>\n<p><span style=\"font-weight: 400;\">\u0110\u01b0\u1ee3c b\u1ea3o qu\u1ea3n v\u00e0 v\u1eadn chuy\u1ec3n trong kho\u1ea3ng t\u1eeb 0 \u00b0C \u0111\u1ebfn 50 \u00b0C.<\/span><\/p>\n<h2><b>\u01afu \u0111i\u1ec3m c\u1ee7a BYK 1690SD:<\/b><\/h2>\n<p><span style=\"font-weight: 400;\">BYK-1690 SD l\u00e0 ph\u1ee5 gia kh\u1eed b\u1ecdt kh\u00f4ng ch\u1ee9a VOC v\u00e0 silicone linh ho\u1ea1t, hi\u1ec7u qu\u1ea3 cho h\u1ec7 v\u1eadt li\u1ec7u x\u00e2y d\u1ef1ng li\u00ean k\u1ebft kho\u00e1ng. Ph\u1ee5 gia c\u00f3 t\u00ednh t\u01b0\u01a1ng th\u00edch cao trong c\u00e1c h\u1ec7 ch\u1ea5t k\u1ebft d\u00ednh kho\u00e1ng kh\u00e1c nhau. S\u1ea3n ph\u1ea9m cho th\u1ea5y hi\u1ec7u qu\u1ea3 kh\u1eed b\u1ecdt \u1ed5n \u0111\u1ecbnh, t\u1ed1t trong th\u1eddi gian d\u00e0i k\u1ec3 c\u1ea3 khi s\u1eed d\u1ee5ng v\u1edbi li\u1ec1u l\u01b0\u1ee3ng th\u1ea5p, cho c\u00e1c \u0111\u1eb7c t\u00ednh b\u1ec1 m\u1eb7t t\u1ed1i \u01b0u c\u1ee7a s\u1ea3n ph\u1ea9m cu\u1ed1i c\u00f9ng.<\/span><\/p>\n<h2><b>\u1ee8ng d\u1ee5ng c\u1ee7a BYK 1690SD:<\/b><\/h2>\n<ul>\n<li style=\"font-weight: 400;\" aria-level=\"1\"><span style=\"font-weight: 400;\">Keo d\u00e1n g\u1ea1ch\u00a0<\/span><\/li>\n<li style=\"font-weight: 400;\" aria-level=\"1\"><span style=\"font-weight: 400;\">M\u1ed1i n\u1ed1i v\u1eefa\/b\u00ea t\u00f4ng<\/span><\/li>\n<li style=\"font-weight: 400;\" aria-level=\"1\"><span style=\"font-weight: 400;\">V\u1eefa t\u1ef1 san, v\u1eefa t\u1ef1 ch\u1ea3y<\/span><\/li>\n<li style=\"font-weight: 400;\" aria-level=\"1\"><span style=\"font-weight: 400;\">B\u00ea t\u00f4ng\/v\u1eefa n\u1ec1n\u00a0<\/span><\/li>\n<li style=\"font-weight: 400;\" aria-level=\"1\"><span style=\"font-weight: 400;\">H\u1ec7 v\u1eefa g\u1ed1c th\u1ea1ch cao<\/span><\/li>\n<\/ul>\n<h2><b>Li\u1ec1u d\u00f9ng \u0111\u01b0\u1ee3c \u0111\u1ec1 xu\u1ea5t:<\/b><\/h2>\n<p><span style=\"font-weight: 400;\">0,05%-0,5% ph\u1ee5 gia (nh\u01b0 \u0111\u01b0\u1ee3c cung c\u1ea5p) d\u1ef1a tr\u00ean t\u1ed5ng h\u1ed7n h\u1ee3p v\u1eefa<\/span><\/p>\n<p><span style=\"font-weight: 400;\">Li\u1ec1u d\u1ee5ng khuy\u1ebfn ngh\u1ecb tr\u00ean \u0111\u01b0\u1ee3c s\u1eed d\u1ee5ng \u0111\u1ec3 \u0111\u1ecbnh h\u01b0\u1edbng. C\u1ea7n x\u00e1c \u0111\u1ecbnh li\u1ec1u d\u00f9ng t\u1ed1i \u01b0u th\u00f4ng qua c\u00e1c th\u00ed nghi\u1ec7m th\u1ef1c t\u1ebf.<\/span><\/p>\n<h2><b>H\u01b0\u1edbng d\u1eabn th\u1ef1c hi\u1ec7n:<\/b><\/h2>\n<p><span style=\"font-weight: 400;\">Ph\u1ee5 gia \u0111\u01b0\u1ee3c th\u00eam v\u00e0o c\u1ea5p ph\u1ed1i trong qu\u00e1 tr\u00ecnh tr\u1ed9n c\u1ee7a v\u1eefa kh\u00f4.<\/span><\/p>\n<p><span style=\"font-weight: 400;\"><a href=\"https:\/\/pcecatlam.vn\/product\/phu-gia-pha-bot-khu-bot-byk-1690sd\/\">BYK-1690SD<\/a> ph\u00e2n t\u00e1n r\u1ea5t d\u1ec5 d\u00e0ng trong n\u01b0\u1edbc.<\/span><\/p>","protected":false},"excerpt":{"rendered":"<p>BYK 1690SD l\u00e0 ch\u1ea5t kh\u1eed b\u1ecdt r\u1eafn, kh\u00f4ng ch\u1ee9a VOC v\u00e0 silicone hydrocacbon cho h\u1ec7 v\u1eadt li\u1ec7u x\u00e2y d\u1ef1ng li\u00ean k\u1ebft kho\u00e1ng. Cho t\u00e1c d\u1ee5ng t\u1ed1i \u01b0u ngay c\u1ea3 \u1edf li\u1ec1u l\u01b0\u1ee3ng th\u1ea5p. TH\u00d4NG TIN S\u1ea2N PH\u1ea8M Th\u00e0nh ph\u1ea7n c\u1ee7a BYK 1690SD: C\u00f4ng th\u1ee9c ch\u1ea5t kh\u1eed b\u1ecdt d\u1ef1a tr\u00ean hydrocacbon tr\u00ean ch\u1ea5t mang v\u00f4 c\u01a1 [&hellip;]<\/p>","protected":false},"featured_media":9431,"comment_status":"closed","ping_status":"closed","template":"","meta":[],"yst_prominent_words":[],"acf":[],"_links":{"self":[{"href":"https:\/\/pcecatlam.vn\/en\/wp-json\/wp\/v2\/product\/8754"}],"collection":[{"href":"https:\/\/pcecatlam.vn\/en\/wp-json\/wp\/v2\/product"}],"about":[{"href":"https:\/\/pcecatlam.vn\/en\/wp-json\/wp\/v2\/types\/product"}],"replies":[{"embeddable":true,"href":"https:\/\/pcecatlam.vn\/en\/wp-json\/wp\/v2\/comments?post=8754"}],"wp:featuredmedia":[{"embeddable":true,"href":"https:\/\/pcecatlam.vn\/en\/wp-json\/wp\/v2\/media\/9431"}],"wp:attachment":[{"href":"https:\/\/pcecatlam.vn\/en\/wp-json\/wp\/v2\/media?parent=8754"}],"wp:term":[{"taxonomy":"yst_prominent_words","embeddable":true,"href":"https:\/\/pcecatlam.vn\/en\/wp-json\/wp\/v2\/yst_prominent_words?post=8754"}],"curies":[{"name":"wp","href":"https:\/\/api.w.org\/{rel}","templated":true}]}}