{"id":8716,"date":"2023-08-17T10:26:53","date_gmt":"2023-08-17T03:26:53","guid":{"rendered":"https:\/\/pcecatlam.vn\/?post_type=product&#038;p=8716"},"modified":"2024-07-01T15:47:30","modified_gmt":"2024-07-01T08:47:30","slug":"soi-thep-ma-dong-soi-thep-3d-soi-thep-5d","status":"publish","type":"product","link":"https:\/\/pcecatlam.vn\/en\/product\/soi-thep-ma-dong-soi-thep-3d-soi-thep-5d\/","title":{"rendered":"Copper-plated steel fibers, 3D steel fibers, 5D steel fibers"},"content":{"rendered":"<p><span style=\"font-weight: 400;\">S\u1ee3i th\u00e9p \u1ee9ng d\u1ee5ng cho b\u00ea t\u00f4ng si\u00eau t\u00ednh n\u0103ng, b\u00ea t\u00f4ng y\u00eau c\u1ea7u c\u01b0\u1eddng \u0111\u1ed9 u\u1ed1n cao, b\u00ea t\u00f4ng kh\u00e1ng m\u1ecfi,&#8230; gi\u00fap t\u0103ng c\u01b0\u1eddng \u0111\u1ed9 ch\u1ecbu u\u1ed1n, ch\u1ed1ng co ng\u00f3t, ch\u1ed1ng n\u1ee9t, t\u0103ng s\u1ef1 \u1ed5n \u0111\u1ecbnh, t\u0103ng tu\u1ed5i th\u1ecd cho b\u00ea t\u00f4ng.<\/span><\/p>\n<p><span style=\"font-weight: 400;\">C\u00f3 nhi\u1ec1u lo\u1ea1i s\u1ee3i th\u00e9p nh\u01b0 s\u1ee3i th\u00e9p m\u1ea1 \u0111\u1ed3ng, s\u1ee3i th\u00e9p 3D, s\u1ee3i th\u00e9p 5D<\/span><\/p>\n<p><b>Quy c\u00e1ch \u0111\u00f3ng g\u00f3i:<\/b><span style=\"font-weight: 400;\"> Bao 25kg ho\u1eb7c \u0111\u00f3ng g\u00f3i theo y\u00eau c\u1ea7u<\/span><\/p>","protected":false},"excerpt":{"rendered":"<p><span style=\"font-weight: 400;\">S\u1ee3i th\u00e9p \u1ee9ng d\u1ee5ng cho b\u00ea t\u00f4ng si\u00eau t\u00ednh n\u0103ng, b\u00ea t\u00f4ng y\u00eau c\u1ea7u c\u01b0\u1eddng \u0111\u1ed9 u\u1ed1n cao, b\u00ea t\u00f4ng kh\u00e1ng m\u1ecfi,&#8230; gi\u00fap t\u0103ng c\u01b0\u1eddng \u0111\u1ed9 ch\u1ecbu u\u1ed1n, ch\u1ed1ng co ng\u00f3t, ch\u1ed1ng n\u1ee9t, t\u0103ng s\u1ef1 \u1ed5n \u0111\u1ecbnh, t\u0103ng tu\u1ed5i th\u1ecd cho b\u00ea t\u00f4ng.<\/span><\/p>\n<p><span style=\"font-weight: 400;\">C\u00f3 nhi\u1ec1u lo\u1ea1i s\u1ee3i th\u00e9p nh\u01b0 s\u1ee3i th\u00e9p m\u1ea1 \u0111\u1ed3ng, s\u1ee3i th\u00e9p 3D, s\u1ee3i th\u00e9p 5D<\/span><\/p>\n<p><b>Quy c\u00e1ch \u0111\u00f3ng g\u00f3i:<\/b><span style=\"font-weight: 400;\"> Bao 25kg ho\u1eb7c \u0111\u00f3ng g\u00f3i theo y\u00eau c\u1ea7u<\/span><\/p>","protected":false},"featured_media":9444,"comment_status":"closed","ping_status":"closed","template":"","meta":[],"yst_prominent_words":[],"acf":[],"_links":{"self":[{"href":"https:\/\/pcecatlam.vn\/en\/wp-json\/wp\/v2\/product\/8716"}],"collection":[{"href":"https:\/\/pcecatlam.vn\/en\/wp-json\/wp\/v2\/product"}],"about":[{"href":"https:\/\/pcecatlam.vn\/en\/wp-json\/wp\/v2\/types\/product"}],"replies":[{"embeddable":true,"href":"https:\/\/pcecatlam.vn\/en\/wp-json\/wp\/v2\/comments?post=8716"}],"wp:featuredmedia":[{"embeddable":true,"href":"https:\/\/pcecatlam.vn\/en\/wp-json\/wp\/v2\/media\/9444"}],"wp:attachment":[{"href":"https:\/\/pcecatlam.vn\/en\/wp-json\/wp\/v2\/media?parent=8716"}],"wp:term":[{"taxonomy":"yst_prominent_words","embeddable":true,"href":"https:\/\/pcecatlam.vn\/en\/wp-json\/wp\/v2\/yst_prominent_words?post=8716"}],"curies":[{"name":"wp","href":"https:\/\/api.w.org\/{rel}","templated":true}]}}