{"id":8712,"date":"2023-08-17T10:16:30","date_gmt":"2023-08-17T03:16:30","guid":{"rendered":"https:\/\/pcecatlam.vn\/?post_type=product&#038;p=8712"},"modified":"2024-07-01T15:46:38","modified_gmt":"2024-07-01T08:46:38","slug":"luoi-thuy-tinh-gfrc","status":"publish","type":"product","link":"https:\/\/pcecatlam.vn\/en\/product\/luoi-thuy-tinh-gfrc\/","title":{"rendered":"GFRC glass mesh"},"content":{"rendered":"<p><span style=\"font-weight: 400;\">L\u01b0\u1edbi th\u1ee7y tinh \u1ee9ng d\u1ee5ng cho b\u00ea t\u00f4ng trang tr\u00ed, gi\u00fap t\u0103ng c\u01b0\u1eddng \u0111\u1ed9 ch\u1ecbu u\u1ed1n, ch\u1ed1ng co ng\u00f3t, ch\u1ed1ng n\u1ee9t, t\u0103ng s\u1ef1 \u1ed5n \u0111\u1ecbnh, t\u0103ng tu\u1ed5i th\u1ecd cho b\u00ea t\u00f4ng trang tr\u00ed.<\/span><\/p>\n<p><b>Quy c\u00e1ch \u0111\u00f3ng g\u00f3i:<\/b><span style=\"font-weight: 400;\"> Cu\u1ed9n 1mx100m<\/span><\/p>","protected":false},"excerpt":{"rendered":"<p><span style=\"font-weight: 400;\">L\u01b0\u1edbi th\u1ee7y tinh \u1ee9ng d\u1ee5ng cho b\u00ea t\u00f4ng trang tr\u00ed, gi\u00fap t\u0103ng c\u01b0\u1eddng \u0111\u1ed9 ch\u1ecbu u\u1ed1n, ch\u1ed1ng co ng\u00f3t, ch\u1ed1ng n\u1ee9t, t\u0103ng s\u1ef1 \u1ed5n \u0111\u1ecbnh, t\u0103ng tu\u1ed5i th\u1ecd cho b\u00ea t\u00f4ng trang tr\u00ed.<\/span><\/p>\n<p><b>Quy c\u00e1ch \u0111\u00f3ng g\u00f3i:<\/b><span style=\"font-weight: 400;\"> Cu\u1ed9n 1mx100m<\/span><\/p>","protected":false},"featured_media":9443,"comment_status":"closed","ping_status":"closed","template":"","meta":[],"yst_prominent_words":[],"acf":[],"_links":{"self":[{"href":"https:\/\/pcecatlam.vn\/en\/wp-json\/wp\/v2\/product\/8712"}],"collection":[{"href":"https:\/\/pcecatlam.vn\/en\/wp-json\/wp\/v2\/product"}],"about":[{"href":"https:\/\/pcecatlam.vn\/en\/wp-json\/wp\/v2\/types\/product"}],"replies":[{"embeddable":true,"href":"https:\/\/pcecatlam.vn\/en\/wp-json\/wp\/v2\/comments?post=8712"}],"wp:featuredmedia":[{"embeddable":true,"href":"https:\/\/pcecatlam.vn\/en\/wp-json\/wp\/v2\/media\/9443"}],"wp:attachment":[{"href":"https:\/\/pcecatlam.vn\/en\/wp-json\/wp\/v2\/media?parent=8712"}],"wp:term":[{"taxonomy":"yst_prominent_words","embeddable":true,"href":"https:\/\/pcecatlam.vn\/en\/wp-json\/wp\/v2\/yst_prominent_words?post=8712"}],"curies":[{"name":"wp","href":"https:\/\/api.w.org\/{rel}","templated":true}]}}