{"id":8698,"date":"2023-08-17T10:02:44","date_gmt":"2023-08-17T03:02:44","guid":{"rendered":"https:\/\/pcecatlam.vn\/?post_type=product&#038;p=8698"},"modified":"2024-07-01T15:46:21","modified_gmt":"2024-07-01T08:46:21","slug":"soi-pva-3mm-6mm-9mm-12mm","status":"publish","type":"product","link":"https:\/\/pcecatlam.vn\/en\/product\/soi-pva-3mm-6mm-9mm-12mm\/","title":{"rendered":"PVA fiber 3mm, 6mm, 9mm, 12mm"},"content":{"rendered":"<p><span style=\"font-weight: 400;\">S\u1ee3i th\u1ee7y tinh \u1ee9ng d\u1ee5ng cho b\u00ea t\u00f4ng trang tr\u00ed, gi\u00fap t\u0103ng c\u01b0\u1eddng \u0111\u1ed9 ch\u1ecbu u\u1ed1n, ch\u1ed1ng co ng\u00f3t, ch\u1ed1ng n\u1ee9t, t\u0103ng s\u1ef1 \u1ed5n \u0111\u1ecbnh, t\u0103ng tu\u1ed5i th\u1ecd cho b\u00ea t\u00f4ng trang tr\u00ed.<\/span><\/p>\n<p><b>Quy c\u00e1ch \u0111\u00f3ng g\u00f3i:<\/b><span style=\"font-weight: 400;\"> Bao 25kg ho\u1eb7c \u0111\u00f3ng g\u00f3i theo y\u00eau c\u1ea7u<\/span><\/p>","protected":false},"excerpt":{"rendered":"<p><span style=\"font-weight: 400;\">S\u1ee3i th\u1ee7y tinh \u1ee9ng d\u1ee5ng cho b\u00ea t\u00f4ng trang tr\u00ed, gi\u00fap t\u0103ng c\u01b0\u1eddng \u0111\u1ed9 ch\u1ecbu u\u1ed1n, ch\u1ed1ng co ng\u00f3t, ch\u1ed1ng n\u1ee9t, t\u0103ng s\u1ef1 \u1ed5n \u0111\u1ecbnh, t\u0103ng tu\u1ed5i th\u1ecd cho b\u00ea t\u00f4ng trang tr\u00ed.<\/span><\/p>\n<p><b>Quy c\u00e1ch \u0111\u00f3ng g\u00f3i:<\/b><span style=\"font-weight: 400;\"> Bao 25kg ho\u1eb7c \u0111\u00f3ng g\u00f3i theo y\u00eau c\u1ea7u<\/span><\/p>","protected":false},"featured_media":9442,"comment_status":"closed","ping_status":"closed","template":"","meta":[],"yst_prominent_words":[],"acf":[],"_links":{"self":[{"href":"https:\/\/pcecatlam.vn\/en\/wp-json\/wp\/v2\/product\/8698"}],"collection":[{"href":"https:\/\/pcecatlam.vn\/en\/wp-json\/wp\/v2\/product"}],"about":[{"href":"https:\/\/pcecatlam.vn\/en\/wp-json\/wp\/v2\/types\/product"}],"replies":[{"embeddable":true,"href":"https:\/\/pcecatlam.vn\/en\/wp-json\/wp\/v2\/comments?post=8698"}],"wp:featuredmedia":[{"embeddable":true,"href":"https:\/\/pcecatlam.vn\/en\/wp-json\/wp\/v2\/media\/9442"}],"wp:attachment":[{"href":"https:\/\/pcecatlam.vn\/en\/wp-json\/wp\/v2\/media?parent=8698"}],"wp:term":[{"taxonomy":"yst_prominent_words","embeddable":true,"href":"https:\/\/pcecatlam.vn\/en\/wp-json\/wp\/v2\/yst_prominent_words?post=8698"}],"curies":[{"name":"wp","href":"https:\/\/api.w.org\/{rel}","templated":true}]}}