{"id":8683,"date":"2023-08-15T15:57:23","date_gmt":"2023-08-15T08:57:23","guid":{"rendered":"https:\/\/pcecatlam.vn\/?post_type=product&#038;p=8683"},"modified":"2023-11-24T15:55:54","modified_gmt":"2023-11-24T08:55:54","slug":"defoam-p02-phu-gia-pha-bot-dang-long","status":"publish","type":"product","link":"https:\/\/pcecatlam.vn\/en\/product\/defoam-p02-phu-gia-pha-bot-dang-long\/","title":{"rendered":"DEFOAM-P02 \u2013 LIQUID DEFOAM ADDITIVE"},"content":{"rendered":"<p><span style=\"font-weight: 400;\"><a href=\"https:\/\/pcecatlam.vn\/product\/defoam-p02-phu-gia-pha-bot-dang-long\/\"><strong>DEFOAM-P02<\/strong><\/a> l\u00e0 s\u1ea3n ph\u1ea9m ph\u1ee5 gia ph\u00e1 b\u1ecdt d\u1ea1ng l\u1ecfng cao c\u1ea5p, th\u00e0nh ph\u1ea7n polymer, kh\u00f4ng c\u00f3 VOA, \u1ee9ng d\u1ee5ng cho ng\u00e0nh s\u1ea3n xu\u1ea5t ph\u1ee5 gia b\u00ea t\u00f4ng d\u1ea1ng l\u1ecfng, d\u00f9ng d\u00f9ng \u0111\u1ec3 k\u1ebft h\u1ee3p v\u1edbi ph\u1ee5 gia gi\u1ea3m n\u01b0\u1edbc PCE (Polycarboxylate ethers).<\/span><\/p>\n<h2><b>\u1ee8NG D\u1ee4NG C\u1ee6A DEFOAM-P02<\/b><\/h2>\n<ul>\n<li style=\"font-weight: 400;\" aria-level=\"1\"><span style=\"font-weight: 400;\">Gi\u1ea3m b\u1ecdt trong qu\u00e1 tr\u00ecnh khu\u1ea5y tr\u1ed9n ph\u1ee5 gia b\u00ea t\u00f4ng<\/span><\/li>\n<li style=\"font-weight: 400;\" aria-level=\"1\"><span style=\"font-weight: 400;\">Ki\u1ec3m so\u00e1t v\u00e0 ng\u0103n ch\u1eb7n b\u1ecdt trong qu\u00e1 tr\u00ecnh v\u1eadn chuy\u1ec3n tr\u00ean xe, b\u01a1m ho\u1eb7c sang chi\u1ebft gi\u1eefa c\u00e1c b\u1ed3n ph\u1ee5 gia<\/span><\/li>\n<li style=\"font-weight: 400;\" aria-level=\"1\"><span style=\"font-weight: 400;\">\u0110i\u1ec1u ch\u1ec9nh \u0111\u1ed9 nh\u1edbt c\u1ee7a ph\u1ee5 gia trong qu\u00e1 tr\u00ecnh s\u1ea3n xu\u1ea5t, \u0111\u1ea3m b\u1ea3o t\u00ednh nh\u1ea5t qu\u00e1n c\u1ee7a ph\u1ee5 gia<\/span><\/li>\n<li style=\"font-weight: 400;\" aria-level=\"1\"><span style=\"font-weight: 400;\">\u1ee8ng d\u1ee5ng trong s\u1ea3n xu\u1ea5t ph\u1ee5 gia si\u00eau d\u1ebbo cho b\u00ea t\u00f4ng \u0111\u00fac s\u1eb5n, b\u00ea t\u00f4ng t\u01b0\u01a1i, SCC, v\u00e1n s\u00e0n.<\/span><\/li>\n<\/ul>\n<h2><b>\u01afU \u0110I\u1ec2M C\u1ee6A DEFOAM-P02<\/b><\/h2>\n<ul>\n<li style=\"font-weight: 400;\" aria-level=\"1\"><span style=\"font-weight: 400;\">Cho kh\u1ea3 n\u0103ng ph\u00e1 b\u1ecdt r\u1ea5t cao<\/span><\/li>\n<li style=\"font-weight: 400;\" aria-level=\"1\"><span style=\"font-weight: 400;\">T\u01b0\u01a1ng th\u00edch v\u1edbi ph\u1ee5 gia PCE t\u1ed1t, tan trong n\u01b0\u1edbc v\u00f4 h\u1ea1n<\/span><\/li>\n<li style=\"font-weight: 400;\" aria-level=\"1\"><span style=\"font-weight: 400;\">Kh\u00f4ng b\u1ecb \u0111\u1ee5c v\u00e0 ph\u00e2n t\u00e1c<\/span><\/li>\n<li style=\"font-weight: 400;\" aria-level=\"1\"><span style=\"font-weight: 400;\">C\u00f3 t\u00ednh \u1ed5n \u0111\u1ecbnh l\u00e2u d\u00e0i, k\u1ec3 c\u1ea3 khi b\u1ea3o qu\u1ea3n \u1edf nhi\u1ec7t \u0111\u1ed9 cao<\/span><\/li>\n<li style=\"font-weight: 400;\" aria-level=\"1\"><span style=\"font-weight: 400;\">Hi\u1ec7u qu\u1ea3 kh\u1eed b\u1ecdt l\u00e2u<\/span><\/li>\n<li style=\"font-weight: 400;\" aria-level=\"1\"><span style=\"font-weight: 400;\">C\u1ea3i thi\u1ec7n t\u1ed1t d\u00f2ng ch\u1ea3y c\u1ee7a s\u1ea3n ph\u1ea9m<\/span><\/li>\n<li style=\"font-weight: 400;\" aria-level=\"1\"><span style=\"font-weight: 400;\">C\u00f3 th\u1ec3 th\u00eam v\u00e0o quy tr\u00ecnh s\u1ea3n xu\u1ea5t b\u1ea5t k\u00ec l\u00fac n\u00e0o m\u00e0 kh\u00f4ng b\u1ecb gi\u1ea3m \u0111i t\u00ednh n\u0103ng<\/span><\/li>\n<\/ul>\n<h2><b>TH\u00d4NG S\u1ed0 K\u1ef8 THU\u1eacT<\/b><\/h2>\n<table>\n<tbody>\n<tr>\n<td><span style=\"font-weight: 400;\">T\u1ec9 tr\u1ecdng 20<\/span><span style=\"font-weight: 400;\">0<\/span><span style=\"font-weight: 400;\">C, g\/cm<\/span><span style=\"font-weight: 400;\">3<\/span><\/td>\n<td><span style=\"font-weight: 400;\">1.1\u00b10.05 g\/ml<\/span><\/td>\n<\/tr>\n<tr>\n<td><span style=\"font-weight: 400;\">\u0110\u1ed9 pH<\/span><\/td>\n<td><span style=\"font-weight: 400;\">4 \u00f7 7<\/span><\/td>\n<\/tr>\n<tr>\n<td><span style=\"font-weight: 400;\">M\u00e0u s\u1eafc\/ngo\u1ea1i quan<\/span><\/td>\n<td><span style=\"font-weight: 400;\">Ch\u1ea5t l\u1ecfng, trong su\u1ed1t<\/span><\/td>\n<\/tr>\n<tr>\n<td><span style=\"font-weight: 400;\">Kh\u1ea3 n\u0103ng h\u00f2a tan<\/span><\/td>\n<td><span style=\"font-weight: 400;\">T\u1ed1t trong n\u01b0\u1edbc v\u00e0 ch\u1ea5t l\u00e0m d\u1ebbo b\u00ea t\u00f4ng<\/span><\/td>\n<\/tr>\n<\/tbody>\n<\/table>\n<p><b>\u00a0<\/b><\/p>\n<h2><b>\u0110\u00d3NG G\u00d3I V\u00c0 L\u01afU TR\u1eee<\/b><\/h2>\n<p><span style=\"font-weight: 400;\">DEFOAM-P02 \u0111\u00f3ng g\u00f3i trong phi nh\u1ef1a 230 Kg, b\u1ed3n 1100kg\/ IBC ho\u1eb7c theo y\u00eau c\u1ea7u c\u1ee7a kh\u00e1ch h\u00e0ng;<\/span><\/p>\n<p><span style=\"font-weight: 400;\">B\u1ea3o qu\u1ea3n \u1edf nhi\u1ec7t \u0111\u1ed9 10-35<\/span><span style=\"font-weight: 400;\">o<\/span><span style=\"font-weight: 400;\">C, tr\u00e1nh \u00e1nh s\u00e1ng m\u1eb7t tr\u1eddi tr\u1ef1c ti\u1ebfp;<\/span><\/p>\n<p><span style=\"font-weight: 400;\">12 th\u00e1ng k\u1ec3 t\u1eeb ng\u00e0y s\u1ea3n xu\u1ea5t (ch\u01b0a m\u1edf bao b\u00ec).<\/span><\/p>\n<p><span style=\"font-weight: 400;\">Vi\u1ec7c b\u1ea3o qu\u1ea3n ho\u1eb7c v\u1eadn chuy\u1ec3n \u1edf nhi\u1ec7t \u0111\u1ed9 d\u01b0\u1edbi 10\u00b0C c\u00f3 th\u1ec3 l\u00e0m ph\u1ee5 gia b\u1ecb \u0111\u1ee5c l\u1ea1i, tuy nhi\u00ean vi\u1ec7c n\u00e0y kh\u00f4ng \u1ea3nh h\u01b0\u1edfng \u0111\u1ebfn hi\u1ec7u qu\u1ea3 s\u1eed d\u1ee5ng c\u1ee7a s\u1ea3n ph\u1ea9m<\/span><\/p>\n<h2><b>C\u00c1CH S\u1eec D\u1ee4NG<\/b><\/h2>\n<p><span style=\"font-weight: 400;\">S\u1ea3n ph\u1ea9m n\u00e0y c\u00f3 th\u1ec3 \u0111\u01b0\u1ee3c k\u1ebft h\u1ee3p v\u1edbi ph\u1ee5 gia si\u00eau d\u1ebbo PCE, ch\u1ea5t l\u00e0m ch\u1eadm ninh k\u1ebft, ch\u1ea5t ph\u00e1 b\u1ecdt, ch\u1ea5t cu\u1ed1n kh\u00ed v\u00e0 ch\u1ea5t di\u1ec7t khu\u1ea9n.<\/span><\/p>\n<p><span style=\"font-weight: 400;\">DEFOAM-P02 \u0111\u01b0\u1ee3c cung c\u1ea5p d\u01b0\u1edbi d\u1ea1ng s\u1ea3n ph\u1ea9m nh\u0169 t\u01b0\u01a1ng. Kh\u00f4ng n\u00ean s\u1eed d\u1ee5ng c\u00e1c s\u1ea3n ph\u1ea9m polycarboxylate tr\u1ef1c ti\u1ebfp trong b\u00ea t\u00f4ng ho\u1eb7c c\u00e1c v\u1eadt li\u1ec7u kh\u00e1c m\u00e0 kh\u00f4ng pha tr\u1ed9n theo c\u00f4ng th\u1ee9c. S\u1ea3n ph\u1ea9m n\u00e0y c\u00f3 kh\u1ea3 n\u0103ng t\u01b0\u01a1ng th\u00edch t\u1ed1t h\u01a1n v\u1edbi c\u00e1c lo\u1ea1i xi m\u0103ng, , x\u1ec9 l\u00f2 cao, tro bay v\u00e0 c\u00e1c lo\u1ea1i b\u1ed9t m\u1ecbn kh\u00e1c. T\u1ec9 l\u1ec7 s\u1eed d\u1ee5ng n\u00ean \u0111\u01b0\u1ee3c x\u00e1c \u0111\u1ecbnh th\u00f4ng qua c\u00e1c th\u00ed nghi\u1ec7m hi\u1ec7n tr\u01b0\u1eddng v\u00e0 d\u1ef1a tr\u00ean c\u00f4ng ngh\u1ec7 thi c\u00f4ng c\u1ee7a ng\u01b0\u1eddi d\u00f9ng.<\/span><\/p>\n<p>&nbsp;<\/p>","protected":false},"excerpt":{"rendered":"<p>DEFOAM-P02 l\u00e0 s\u1ea3n ph\u1ea9m ph\u1ee5 gia ph\u00e1 b\u1ecdt d\u1ea1ng l\u1ecfng cao c\u1ea5p, th\u00e0nh ph\u1ea7n polymer, kh\u00f4ng c\u00f3 VOA, \u1ee9ng d\u1ee5ng cho ng\u00e0nh s\u1ea3n xu\u1ea5t ph\u1ee5 gia b\u00ea t\u00f4ng d\u1ea1ng l\u1ecfng, d\u00f9ng d\u00f9ng \u0111\u1ec3 k\u1ebft h\u1ee3p v\u1edbi ph\u1ee5 gia gi\u1ea3m n\u01b0\u1edbc PCE (Polycarboxylate ethers). \u1ee8NG D\u1ee4NG C\u1ee6A DEFOAM-P02 Gi\u1ea3m b\u1ecdt trong qu\u00e1 tr\u00ecnh khu\u1ea5y tr\u1ed9n ph\u1ee5 [&hellip;]<\/p>","protected":false},"featured_media":9192,"comment_status":"closed","ping_status":"closed","template":"","meta":[],"yst_prominent_words":[],"acf":[],"_links":{"self":[{"href":"https:\/\/pcecatlam.vn\/en\/wp-json\/wp\/v2\/product\/8683"}],"collection":[{"href":"https:\/\/pcecatlam.vn\/en\/wp-json\/wp\/v2\/product"}],"about":[{"href":"https:\/\/pcecatlam.vn\/en\/wp-json\/wp\/v2\/types\/product"}],"replies":[{"embeddable":true,"href":"https:\/\/pcecatlam.vn\/en\/wp-json\/wp\/v2\/comments?post=8683"}],"wp:featuredmedia":[{"embeddable":true,"href":"https:\/\/pcecatlam.vn\/en\/wp-json\/wp\/v2\/media\/9192"}],"wp:attachment":[{"href":"https:\/\/pcecatlam.vn\/en\/wp-json\/wp\/v2\/media?parent=8683"}],"wp:term":[{"taxonomy":"yst_prominent_words","embeddable":true,"href":"https:\/\/pcecatlam.vn\/en\/wp-json\/wp\/v2\/yst_prominent_words?post=8683"}],"curies":[{"name":"wp","href":"https:\/\/api.w.org\/{rel}","templated":true}]}}