{"id":8664,"date":"2023-08-15T14:40:24","date_gmt":"2023-08-15T07:40:24","guid":{"rendered":"https:\/\/pcecatlam.vn\/?post_type=product&#038;p=8664"},"modified":"2023-11-24T15:45:14","modified_gmt":"2023-11-24T08:45:14","slug":"phu-gia-pce-dong-lo-hyb-h650","status":"publish","type":"product","link":"https:\/\/pcecatlam.vn\/en\/product\/phu-gia-pce-dong-lo-hyb-h650\/","title":{"rendered":"HYB-H650 series PCE additive"},"content":{"rendered":"<p><span style=\"font-weight: 400;\"><a href=\"https:\/\/pcecatlam.vn\/product\/phu-gia-pce-dong-lo-hyb-h650\/\"><strong>HYB-H650<\/strong><\/a> l\u00e0 d\u00f2ng ph\u1ee5 gia si\u00eau d\u1ebbo k\u1ebft h\u1ee3p polycarboxylate ether (PCE) c\u1ea3i ti\u1ebfn, nguy\u00ean li\u1ec7u \u0111\u1ec3 s\u1ea3n xu\u1ea5t ph\u1ee5 gia b\u00ea t\u00f4ng, \u0111\u1eb7c bi\u1ec7t l\u00e0 ph\u1ee5 gia cho b\u00ea t\u00f4ng t\u01b0\u01a1i. HYB-H650 l\u00e0 d\u00f2ng Hybrid cho kh\u1ea3 n\u0103ng gi\u1ea3m n\u01b0\u1edbc v\u00e0 t\u00ednh duy tr\u00ec, t\u00ednh c\u00f4ng t\u00e1c l\u00e2u, gi\u00fap gi\u1eef \u0111\u1ed9 s\u1ee5t l\u00e2u trong th\u1eddi gian d\u00e0i m\u00e0 kh\u00f4ng b\u1ecb t\u00e1ch n\u01b0\u1edbc ho\u1eb7c ph\u00e2n t\u1ea7ng v\u1eadt li\u1ec7u. Th\u00edch h\u1ee3p cho ph\u1ee5 gia b\u00ea t\u00f4ng c\u1ea7n c\u00f3 t\u00ednh duy tr\u00ec t\u00ednh c\u00f4ng t\u00e1c.<\/span><\/p>\n<h2><b>\u1ee8NG D\u1ee4NG C\u1ee6A HYB-H650<\/b><\/h2>\n<ul>\n<li style=\"font-weight: 400;\" aria-level=\"1\"><span style=\"font-weight: 400;\">D\u00f9ng s\u1ea3n xu\u1ea5t ph\u1ee5 gia cho b\u00ea t\u00f4ng t\u01b0\u01a1i, v\u1eadn chuy\u1ec3n \u0111\u01b0\u1eddng xa, thi c\u00f4ng l\u00e2u, b\u00ea t\u00f4ng kh\u1ed1i l\u1edbn<\/span><\/li>\n<li style=\"font-weight: 400;\" aria-level=\"1\"><span style=\"font-weight: 400;\">B\u00ea t\u00f4ng ch\u1ea5t l\u01b0\u1ee3ng cao, b\u00ea t\u00f4ng ch\u1ea3y, t\u1ef1 l\u00e8n<\/span><\/li>\n<li style=\"font-weight: 400;\" aria-level=\"1\"><span style=\"font-weight: 400;\">T\u0103ng kh\u1ea3 n\u0103ng ch\u1ea3y c\u1ee7a b\u00ea t\u00f4ng m\u00e0 kh\u00f4ng t\u0103ng t\u1ec9 l\u1ec7 N\/X.<\/span><\/li>\n<li style=\"font-weight: 400;\" aria-level=\"1\"><span style=\"font-weight: 400;\">C\u00e1c lo\u1ea1i b\u00ea t\u00f4ng b\u01a1m.<\/span><\/li>\n<\/ul>\n<h2><strong>\u01afU \u0110I\u1ec2M C\u1ee6A HYB-H650<\/strong><\/h2>\n<p><span style=\"font-weight: 400;\">S\u1ea3n ph\u1ea9m n\u00e0y c\u00f3 nh\u1eefng \u01b0u \u0111i\u1ec3m n\u1ed5i b\u1eadt sau:<\/span><\/p>\n<ul>\n<li style=\"font-weight: 400;\" aria-level=\"1\"><span style=\"font-weight: 400;\">Gi\u1ea3m n\u01b0\u1edbc \u1edf m\u1ee9c trung;<\/span><\/li>\n<li style=\"font-weight: 400;\" aria-level=\"1\"><span style=\"font-weight: 400;\">C\u1ea3i thi\u1ec7n \u0111\u00e1ng k\u1ec3 kh\u1ea3 n\u0103ng ch\u1ea3y c\u1ee7a b\u00ea t\u00f4ng;<\/span><\/li>\n<li style=\"font-weight: 400;\" aria-level=\"1\"><span style=\"font-weight: 400;\">Kh\u1ea3 n\u0103ng duy tr\u00ec \u0111\u1ed9 s\u1ee5t cao;<\/span><\/li>\n<li style=\"font-weight: 400;\" aria-level=\"1\"><span style=\"font-weight: 400;\">C\u1ea3i thi\u1ec7n \u0111\u00e1ng k\u1ec3 c\u01b0\u1eddng \u0111\u1ed9 ch\u1ecbu n\u00e9n c\u1ee7a b\u00ea t\u00f4ng;<\/span><\/li>\n<li style=\"font-weight: 400;\" aria-level=\"1\"><span style=\"font-weight: 400;\">B\u00ea t\u00f4ng duy tr\u00ec \u0111\u1ed9 s\u1ee5t l\u00e2u m\u00e0 kh\u00f4ng b\u1ecb ph\u00e2n t\u1ea7ng ho\u1eb7c t\u00e1ch n\u01b0\u1edbc;<\/span><\/li>\n<li style=\"font-weight: 400;\" aria-level=\"1\"><span style=\"font-weight: 400;\">C\u00e1c lo\u1ea1i b\u00ea t\u00f4ng s\u1eed d\u1ee5ng v\u00e0 v\u1eadn chuy\u1ec3n trong \u0111i\u1ec1u ki\u1ec7n nhi\u1ec7t \u0111\u1ed9 cao;<\/span><\/li>\n<li style=\"font-weight: 400;\" aria-level=\"1\"><span style=\"font-weight: 400;\">Ph\u00f9 h\u1ee3p cho c\u00e1c c\u00f4ng tr\u00ecnh y\u00eau c\u1ea7u v\u1eadn chuy\u1ec3n trong th\u1eddi gian d\u00e0i ho\u1eb7c t\u1eafc \u0111\u01b0\u1eddng;<\/span><\/li>\n<li style=\"font-weight: 400;\" aria-level=\"1\"><span style=\"font-weight: 400;\">Ph\u00e1t tri\u1ec3n c\u01b0\u1eddng \u0111\u1ed9 s\u1edbm v\u00e0 tr\u1ec5 cho b\u00ea t\u00f4ng;<\/span><\/li>\n<li style=\"font-weight: 400;\" aria-level=\"1\"><span style=\"font-weight: 400;\">Gi\u1ea3m co ng\u00f3t v\u00e0 n\u1ee9t b\u00ea t\u00f4ng;<\/span><\/li>\n<li style=\"font-weight: 400;\" aria-level=\"1\"><span style=\"font-weight: 400;\">Ch\u1ed1ng th\u1ea5m cao<\/span><\/li>\n<\/ul>\n<h2><b>TH\u00d4NG S\u1ed0 K\u1ef8 THU\u1eacT<\/b><\/h2>\n<table>\n<tbody>\n<tr>\n<td><span style=\"font-weight: 400;\">Ngo\u1ea1i quan \/ m\u00e0u s\u1eafc<\/span><\/td>\n<td><span style=\"font-weight: 400;\">Ch\u1ea5t l\u1ecfng trong su\u1ed1t &#8211; m\u00e0u v\u00e0ng nh\u1ea1t<\/span><\/td>\n<\/tr>\n<tr>\n<td><span style=\"font-weight: 400;\">H\u00e0m l\u01b0\u1ee3ng ch\u1ea5t r\u1eafn, %<\/span><\/td>\n<td><span style=\"font-weight: 400;\">49,0 \u00b1 1,0<\/span><\/td>\n<\/tr>\n<tr>\n<td><span style=\"font-weight: 400;\">T\u1ec9 tr\u1ecdng 25<\/span><span style=\"font-weight: 400;\">0<\/span><span style=\"font-weight: 400;\">C, g\/cm<\/span><span style=\"font-weight: 400;\">3<\/span><\/td>\n<td><span style=\"font-weight: 400;\">1,1 \u00b1 0,05<\/span><\/td>\n<\/tr>\n<tr>\n<td><span style=\"font-weight: 400;\">\u0110\u1ed9 pH<\/span><\/td>\n<td><span style=\"font-weight: 400;\">3 \u00f7 5<\/span><\/td>\n<\/tr>\n<\/tbody>\n<\/table>\n<h2><b>\u0110\u00d3NG G\u00d3I V\u00c0 L\u01afU TR\u1eee<\/b><\/h2>\n<p><span style=\"font-weight: 400;\">HYB-H650 \u0111\u01b0\u1ee3c \u0111\u00f3ng g\u00f3i trong phi nh\u1ef1a 230 Kg, b\u1ed3n 1100 Kg\/ IBC ho\u1eb7c theo y\u00eau c\u1ea7u c\u1ee7a kh\u00e1ch h\u00e0ng;<\/span><\/p>\n<p><span style=\"font-weight: 400;\">B\u1ea3o qu\u1ea3n \u1edf nhi\u1ec7t \u0111\u1ed9 10-35<\/span><span style=\"font-weight: 400;\">o<\/span><span style=\"font-weight: 400;\">C, \u0111\u1ec3 tr\u00e1nh \u00e1nh s\u00e1ng m\u1eb7t tr\u1eddi tr\u1ef1c ti\u1ebfp;<\/span><\/p>\n<p><span style=\"font-weight: 400;\">12 th\u00e1ng k\u1ec3 t\u1eeb ng\u00e0y s\u1ea3n xu\u1ea5t (ch\u01b0a m\u1edf bao b\u00ec).<\/span><\/p>\n<h2><b>C\u00c1CH S\u1eec D\u1ee4NG<\/b><\/h2>\n<p><span style=\"font-weight: 400;\">Ph\u1ee5 gia HYB-H650 \u0111\u01b0\u1ee3c khuy\u1ebfn ngh\u1ecb s\u1eed d\u1ee5ng k\u1ebft h\u1ee3p v\u1edbi c\u00e1c lo\u1ea1i PCE gi\u1ea3m n\u01b0\u1edbc kh\u00e1c. \u0110\u1ed1i v\u1edbi c\u00f4ng tr\u00ecnh c\u1ea7n \u0111\u1ed9 s\u1ee5t l\u00e2u h\u01a1n, n\u00ean s\u1eed d\u1ee5ng v\u1edbi li\u1ec1u cao h\u01a1n.<\/span><\/p>\n<p><span style=\"font-weight: 400;\">S\u1ea3n ph\u1ea9m n\u00e0y c\u00f3 th\u1ec3 \u0111\u01b0\u1ee3c k\u1ebft h\u1ee3p v\u1edbi ch\u1ea5t l\u00e0m ch\u1eadm ninh k\u1ebft, ch\u1ea5t ph\u00e1 b\u1ecdt, ch\u1ea5t cu\u1ed1n kh\u00ed v\u00e0 ligno sulfonate, \u2026.\u00a0 kh\u00f4ng th\u1ec3 s\u1eed d\u1ee5ng c\u00f9ng naphthalene; n\u00ean k\u1ebft h\u1ee3p v\u1edbi t\u1ec9 l\u1ec7 th\u00edch h\u1ee3p c\u00f9ng c\u00e1c d\u00f2ng ph\u1ee5 gia PCE kh\u00e1c \u0111\u1ec3 \u0111\u1ea1t \u0111\u01b0\u1ee3c t\u00ednh ch\u1ea5t nh\u01b0 mong mu\u1ed1n. N\u00ean k\u1ebft h\u1ee3p v\u1edbi c\u00e1c d\u00f2ng ph\u1ee5 gia c\u00f9ng h\u00e3ng \u0111\u1ec3 \u0111\u1ea1t \u0111\u01b0\u1ee3c s\u1ef1 t\u01b0\u01a1ng th\u00edch t\u1ed1t nh\u1ea5t.<\/span><\/p>\n<p><span style=\"font-weight: 400;\">HYB-H650 \u0111\u01b0\u1ee3c cung c\u1ea5p d\u01b0\u1edbi d\u1ea1ng s\u1ea3n ph\u1ea9m ch\u1ea5t l\u1ecfng \u0111\u1ed3ng nh\u1ea5t. Kh\u00f4ng n\u00ean s\u1eed d\u1ee5ng c\u00e1c s\u1ea3n ph\u1ea9m polycarboxylate tr\u1ef1c ti\u1ebfp trong b\u00ea t\u00f4ng ho\u1eb7c c\u00e1c v\u1eadt li\u1ec7u kh\u00e1c m\u00e0 kh\u00f4ng pha tr\u1ed9n theo c\u00f4ng th\u1ee9c. S\u1ea3n ph\u1ea9m n\u00e0y c\u00f3 kh\u1ea3 n\u0103ng t\u01b0\u01a1ng th\u00edch t\u1ed1t h\u01a1n v\u1edbi c\u00e1c lo\u1ea1i xi m\u0103ng, , x\u1ec9 l\u00f2 cao, tro bay v\u00e0 c\u00e1c lo\u1ea1i b\u1ed9t m\u1ecbn kh\u00e1c. T\u1ec9 l\u1ec7 s\u1eed d\u1ee5ng n\u00ean \u0111\u01b0\u1ee3c x\u00e1c \u0111\u1ecbnh th\u00f4ng qua c\u00e1c th\u00ed nghi\u1ec7m hi\u1ec7n tr\u01b0\u1eddng v\u00e0 d\u1ef1a tr\u00ean c\u00f4ng ngh\u1ec7 thi c\u00f4ng c\u1ee7a ng\u01b0\u1eddi d\u00f9ng.<\/span><\/p>","protected":false},"excerpt":{"rendered":"<p>HYB-H650 l\u00e0 d\u00f2ng ph\u1ee5 gia si\u00eau d\u1ebbo k\u1ebft h\u1ee3p polycarboxylate ether (PCE) c\u1ea3i ti\u1ebfn, nguy\u00ean li\u1ec7u \u0111\u1ec3 s\u1ea3n xu\u1ea5t ph\u1ee5 gia b\u00ea t\u00f4ng, \u0111\u1eb7c bi\u1ec7t l\u00e0 ph\u1ee5 gia cho b\u00ea t\u00f4ng t\u01b0\u01a1i. HYB-H650 l\u00e0 d\u00f2ng Hybrid cho kh\u1ea3 n\u0103ng gi\u1ea3m n\u01b0\u1edbc v\u00e0 t\u00ednh duy tr\u00ec, t\u00ednh c\u00f4ng t\u00e1c l\u00e2u, gi\u00fap gi\u1eef \u0111\u1ed9 s\u1ee5t l\u00e2u trong [&hellip;]<\/p>","protected":false},"featured_media":9184,"comment_status":"closed","ping_status":"closed","template":"","meta":[],"yst_prominent_words":[],"acf":[],"_links":{"self":[{"href":"https:\/\/pcecatlam.vn\/en\/wp-json\/wp\/v2\/product\/8664"}],"collection":[{"href":"https:\/\/pcecatlam.vn\/en\/wp-json\/wp\/v2\/product"}],"about":[{"href":"https:\/\/pcecatlam.vn\/en\/wp-json\/wp\/v2\/types\/product"}],"replies":[{"embeddable":true,"href":"https:\/\/pcecatlam.vn\/en\/wp-json\/wp\/v2\/comments?post=8664"}],"wp:featuredmedia":[{"embeddable":true,"href":"https:\/\/pcecatlam.vn\/en\/wp-json\/wp\/v2\/media\/9184"}],"wp:attachment":[{"href":"https:\/\/pcecatlam.vn\/en\/wp-json\/wp\/v2\/media?parent=8664"}],"wp:term":[{"taxonomy":"yst_prominent_words","embeddable":true,"href":"https:\/\/pcecatlam.vn\/en\/wp-json\/wp\/v2\/yst_prominent_words?post=8664"}],"curies":[{"name":"wp","href":"https:\/\/api.w.org\/{rel}","templated":true}]}}