{"id":8660,"date":"2023-08-15T14:14:35","date_gmt":"2023-08-15T07:14:35","guid":{"rendered":"https:\/\/pcecatlam.vn\/?post_type=product&#038;p=8660"},"modified":"2023-11-24T15:46:36","modified_gmt":"2023-11-24T08:46:36","slug":"phu-gia-pce-giam-nuoc-w750","status":"publish","type":"product","link":"https:\/\/pcecatlam.vn\/en\/product\/phu-gia-pce-giam-nuoc-w750\/","title":{"rendered":"PCE water reducing additive W750"},"content":{"rendered":"<p><span style=\"font-weight: 400;\"><a href=\"https:\/\/pcecatlam.vn\/product\/phu-gia-pce-giam-nuoc-w750\/\"><strong>WR-W750<\/strong><\/a> l\u00e0 d\u00f2ng ph\u1ee5 gia si\u00eau d\u1ebbo Polycarboxylate ether (PCE) cho kh\u1ea3 n\u0103ng gi\u1ea3m n\u01b0\u1edbc v\u00e0 c\u01b0\u1eddng \u0111\u1ed9 s\u1edbm cao, l\u00e0 nguy\u00ean li\u1ec7u s\u1ea3n xu\u1ea5t c\u00e1c lo\u1ea1i ph\u1ee5 gia b\u00ea t\u00f4ng, \u0111\u1eb7t bi\u1ec7t l\u00e0 s\u1ea3n xu\u1ea5t c\u00e1c d\u00f2ng ph\u1ee5 gia b\u00ea t\u00f4ng cho c\u1ea5u ki\u1ec7n \u0111\u00fac s\u1eb5n.<\/span><\/p>\n<h2><strong>\u1ee8NG D\u1ee4NG C\u1ee6A WR-W750<\/strong><\/h2>\n<ul>\n<li style=\"font-weight: 400;\" aria-level=\"1\"><span style=\"font-weight: 400;\">D\u00f9ng s\u1ea3n xu\u1ea5t ph\u1ee5 gia cho b\u00ea t\u00f4ng hi\u1ec7u su\u1ea5t cao v\u00e0 b\u00ea t\u00f4ng c\u01b0\u1eddng \u0111\u1ed9 cao;<\/span><\/li>\n<li style=\"font-weight: 400;\" aria-level=\"1\"><span style=\"font-weight: 400;\">B\u00ea t\u00f4ng y\u00eau c\u1ea7u tu\u1ed5i th\u1ecd cao, ch\u1ed1ng th\u1ea5m, ch\u1ecbu t\u1ea3i cao v\u00e0 b\u1ec1n b\u0103ng gi\u00e1<\/span><\/li>\n<li style=\"font-weight: 400;\" aria-level=\"1\"><span style=\"font-weight: 400;\">B\u00ea t\u00f4ng c\u00f3 \u0111\u1ed9 ch\u1ea3y cao, b\u00ea t\u00f4ng t\u1ef1 l\u00e8n<\/span><\/li>\n<li style=\"font-weight: 400;\" aria-level=\"1\"><span style=\"font-weight: 400;\">B\u00ea t\u00f4ng y\u00eau c\u1ea7u t\u1ec9 l\u1ec7 N\/X th\u1ea5p, c\u01b0\u1eddng \u0111\u1ed9 s\u1edbm cao<\/span><\/li>\n<li style=\"font-weight: 400;\" aria-level=\"1\"><span style=\"font-weight: 400;\">C\u00e1c lo\u1ea1i b\u00ea t\u00f4ng b\u01a1m<\/span><\/li>\n<\/ul>\n<h2><strong>\u01afU \u0110I\u1ec2M C\u1ee6A WR-W750<\/strong><\/h2>\n<p><span style=\"font-weight: 400;\">S\u1ea3n ph\u1ea9m n\u00e0y c\u00f3 nh\u1eefng \u01b0u \u0111i\u1ec3m n\u1ed5i b\u1eadt sau:<\/span><\/p>\n<ul>\n<li style=\"font-weight: 400;\" aria-level=\"1\"><span style=\"font-weight: 400;\">Gi\u1ea3m n\u01b0\u1edbc m\u1ea1nh; t\u1ef7 l\u1ec7 n\u01b0\u1edbc\/xi m\u0103ng th\u1ea5p;<\/span><\/li>\n<li style=\"font-weight: 400;\" aria-level=\"1\"><span style=\"font-weight: 400;\">C\u1ea3i thi\u1ec7n \u0111\u00e1ng k\u1ec3 \u0111\u1ed9 ch\u1ea3y c\u1ee7a b\u00ea t\u00f4ng;<\/span><\/li>\n<li style=\"font-weight: 400;\" aria-level=\"1\"><span style=\"font-weight: 400;\">C\u1ea3i thi\u1ec7n \u0111\u00e1ng k\u1ec3 c\u01b0\u1eddng \u0111\u1ed9 n\u00e9n c\u1ee7a b\u00ea t\u00f4ng, \u0111\u1eb7c bi\u1ec7t l\u00e0 c\u01b0\u1eddng \u0111\u1ed9 s\u1edbm;<\/span><\/li>\n<li style=\"font-weight: 400;\" aria-level=\"1\"><span style=\"font-weight: 400;\">Gi\u1ea3m co ng\u00f3t v\u00e0 n\u1ee9t b\u00ea t\u00f4ng;<\/span><\/li>\n<\/ul>\n<h2><b>TH\u00d4NG S\u1ed0 K\u1ef8 THU\u1eacT<\/b><\/h2>\n<table>\n<tbody>\n<tr>\n<td><span style=\"font-weight: 400;\">Ngo\u1ea1i quan \/ m\u00e0u s\u1eafc<\/span><\/td>\n<td><span style=\"font-weight: 400;\">Ch\u1ea5t l\u1ecfng m\u00e0u v\u00e0ng &#8211; n\u00e2u s\u1eadm<\/span><\/td>\n<\/tr>\n<tr>\n<td><span style=\"font-weight: 400;\">H\u00e0m l\u01b0\u1ee3ng ch\u1ea5t r\u1eafn, %<\/span><\/td>\n<td><span style=\"font-weight: 400;\">49,0 \u00b1 1,0<\/span><\/td>\n<\/tr>\n<tr>\n<td><span style=\"font-weight: 400;\">T\u1ec9 tr\u1ecdng 25<\/span><span style=\"font-weight: 400;\">0<\/span><span style=\"font-weight: 400;\">C, g\/cm<\/span><span style=\"font-weight: 400;\">3<\/span><\/td>\n<td><span style=\"font-weight: 400;\">1,1 \u00b1 0,05<\/span><\/td>\n<\/tr>\n<tr>\n<td><span style=\"font-weight: 400;\">\u0110\u1ed9 pH<\/span><\/td>\n<td><span style=\"font-weight: 400;\">3 \u00f7 5<\/span><\/td>\n<\/tr>\n<\/tbody>\n<\/table>\n<p><b>\u00a0<\/b><\/p>\n<h2><b>\u0110\u00d3NG G\u00d3I V\u00c0 L\u01afU TR\u1eee<\/b><\/h2>\n<p><span style=\"font-weight: 400;\">WR-W750 \u0111\u01b0\u1ee3c \u0111\u00f3ng g\u00f3i trong phi nh\u1ef1a 230 Kg, b\u1ed3n 1100kg\/ IBC ho\u1eb7c theo y\u00eau c\u1ea7u c\u1ee7a kh\u00e1ch h\u00e0ng;<\/span><\/p>\n<p><span style=\"font-weight: 400;\">B\u1ea3o qu\u1ea3n \u1edf nhi\u1ec7t \u0111\u1ed9 10-35<\/span><span style=\"font-weight: 400;\">o<\/span><span style=\"font-weight: 400;\">C, tr\u00e1nh \u00e1nh s\u00e1ng m\u1eb7t tr\u1eddi tr\u1ef1c ti\u1ebfp;<\/span><\/p>\n<p><span style=\"font-weight: 400;\">12 th\u00e1ng k\u1ec3 t\u1eeb ng\u00e0y s\u1ea3n xu\u1ea5t (ch\u01b0a m\u1edf bao b\u00ec).<\/span><\/p>\n<p><b>\u00a0<\/b><\/p>\n<h2><strong>C\u00c1CH S\u1eec D\u1ee4NG C\u1ee6A WR-W750<\/strong><\/h2>\n<p><span style=\"font-weight: 400;\">S\u1ea3n ph\u1ea9m n\u00e0y c\u00f3 th\u1ec3 \u0111\u01b0\u1ee3c k\u1ebft h\u1ee3p v\u1edbi ch\u1ea5t l\u00e0m ch\u1eadm ninh k\u1ebft, ch\u1ea5t ph\u00e1 b\u1ecdt, ch\u1ea5t cu\u1ed1n kh\u00ed v\u00e0 ligno sulfonate, \u2026.\u00a0 kh\u00f4ng th\u1ec3 s\u1eed d\u1ee5ng c\u00f9ng naphthalene;<\/span><\/p>\n<p><span style=\"font-weight: 400;\">WR-W750 \u0111\u01b0\u1ee3c cung c\u1ea5p d\u01b0\u1edbi d\u1ea1ng s\u1ea3n ph\u1ea9m nh\u0169 t\u01b0\u01a1ng. Kh\u00f4ng n\u00ean s\u1eed d\u1ee5ng c\u00e1c s\u1ea3n ph\u1ea9m polycarboxylate tr\u1ef1c ti\u1ebfp trong b\u00ea t\u00f4ng ho\u1eb7c c\u00e1c v\u1eadt li\u1ec7u kh\u00e1c m\u00e0 kh\u00f4ng pha tr\u1ed9n theo c\u00f4ng th\u1ee9c. S\u1ea3n ph\u1ea9m n\u00e0y c\u00f3 kh\u1ea3 n\u0103ng t\u01b0\u01a1ng th\u00edch t\u1ed1t h\u01a1n v\u1edbi c\u00e1c lo\u1ea1i xi m\u0103ng, , x\u1ec9 l\u00f2 cao, tro bay v\u00e0 c\u00e1c lo\u1ea1i b\u1ed9t m\u1ecbn kh\u00e1c. T\u1ec9 l\u1ec7 s\u1eed d\u1ee5ng n\u00ean \u0111\u01b0\u1ee3c x\u00e1c \u0111\u1ecbnh th\u00f4ng qua c\u00e1c th\u00ed nghi\u1ec7m hi\u1ec7n tr\u01b0\u1eddng v\u00e0 d\u1ef1a tr\u00ean c\u00f4ng ngh\u1ec7 thi c\u00f4ng c\u1ee7a ng\u01b0\u1eddi d\u00f9ng.<\/span><\/p>","protected":false},"excerpt":{"rendered":"<p>WR-W750 l\u00e0 d\u00f2ng ph\u1ee5 gia si\u00eau d\u1ebbo Polycarboxylate ether (PCE) cho kh\u1ea3 n\u0103ng gi\u1ea3m n\u01b0\u1edbc v\u00e0 c\u01b0\u1eddng \u0111\u1ed9 s\u1edbm cao, l\u00e0 nguy\u00ean li\u1ec7u s\u1ea3n xu\u1ea5t c\u00e1c lo\u1ea1i ph\u1ee5 gia b\u00ea t\u00f4ng, \u0111\u1eb7t bi\u1ec7t l\u00e0 s\u1ea3n xu\u1ea5t c\u00e1c d\u00f2ng ph\u1ee5 gia b\u00ea t\u00f4ng cho c\u1ea5u ki\u1ec7n \u0111\u00fac s\u1eb5n. \u1ee8NG D\u1ee4NG C\u1ee6A WR-W750 D\u00f9ng s\u1ea3n xu\u1ea5t ph\u1ee5 [&hellip;]<\/p>","protected":false},"featured_media":9185,"comment_status":"closed","ping_status":"closed","template":"","meta":[],"yst_prominent_words":[],"acf":[],"_links":{"self":[{"href":"https:\/\/pcecatlam.vn\/en\/wp-json\/wp\/v2\/product\/8660"}],"collection":[{"href":"https:\/\/pcecatlam.vn\/en\/wp-json\/wp\/v2\/product"}],"about":[{"href":"https:\/\/pcecatlam.vn\/en\/wp-json\/wp\/v2\/types\/product"}],"replies":[{"embeddable":true,"href":"https:\/\/pcecatlam.vn\/en\/wp-json\/wp\/v2\/comments?post=8660"}],"wp:featuredmedia":[{"embeddable":true,"href":"https:\/\/pcecatlam.vn\/en\/wp-json\/wp\/v2\/media\/9185"}],"wp:attachment":[{"href":"https:\/\/pcecatlam.vn\/en\/wp-json\/wp\/v2\/media?parent=8660"}],"wp:term":[{"taxonomy":"yst_prominent_words","embeddable":true,"href":"https:\/\/pcecatlam.vn\/en\/wp-json\/wp\/v2\/yst_prominent_words?post=8660"}],"curies":[{"name":"wp","href":"https:\/\/api.w.org\/{rel}","templated":true}]}}