{"id":8652,"date":"2023-08-14T16:02:24","date_gmt":"2023-08-14T09:02:24","guid":{"rendered":"https:\/\/pcecatlam.vn\/?post_type=product&#038;p=8652"},"modified":"2023-11-24T15:47:39","modified_gmt":"2023-11-24T08:47:39","slug":"phu-gia-pce-giam-nuoc-w850","status":"publish","type":"product","link":"https:\/\/pcecatlam.vn\/en\/product\/phu-gia-pce-giam-nuoc-w850\/","title":{"rendered":"PCE water reducing additive W850"},"content":{"rendered":"<p><strong>PCE W850<\/strong> l\u00e0 m\u1ed9t lo\u1ea1i ch\u1ea5t ph\u1ee5 gia trong ng\u00e0nh x\u00e2y d\u1ef1ng, c\u1ee5 th\u1ec3 l\u00e0 thu\u1ed9c nh\u00f3m Polycarboxylate Ether (PCE). \u0110\u01b0\u1ee3c s\u1eed d\u1ee5ng r\u1ed9ng r\u00e3i trong c\u00f4ng ngh\u1ec7 b\u00ea t\u00f4ng, PCE W850 l\u00e0 m\u1ed9t ph\u1ee5 gia ch\u1ea5t l\u01b0\u1ee3ng cao \u0111\u01b0\u1ee3c th\u00eam v\u00e0o h\u1ed7n h\u1ee3p b\u00ea t\u00f4ng \u0111\u1ec3 gi\u1ea3m l\u01b0\u1ee3ng n\u01b0\u1edbc c\u1ea7n thi\u1ebft cho qu\u00e1 tr\u00ecnh tr\u1ed9n v\u00e0 \u0111\u00fac, t\u1eeb \u0111\u00f3 c\u1ea3i thi\u1ec7n t\u00ednh ch\u1ea5t v\u00e0 hi\u1ec7u su\u1ea5t c\u1ee7a b\u00ea t\u00f4ng.<\/p>\n<h2><strong>\u0110\u1eb7c t\u00ednh c\u1ee7a Ph\u1ee5 gia PCE gi\u1ea3m n\u01b0\u1edbc W850<\/strong><\/h2>\n<p>&#8211; PCE W850 c\u00f3 kh\u1ea3 n\u0103ng gi\u1ea3m l\u01b0\u1ee3ng n\u01b0\u1edbc c\u1ea7n thi\u1ebft cho h\u1ed7n h\u1ee3p b\u00ea t\u00f4ng m\u00e0 kh\u00f4ng \u1ea3nh h\u01b0\u1edfng \u0111\u1ebfn kh\u1ea3 n\u0103ng tr\u1ea3i \u0111\u1ec1u v\u00e0 x\u1eed l\u00fd.<\/p>\n<p>&#8211; Ph\u1ee5 gia n\u00e0y gi\u00fap t\u0103ng c\u01b0\u1eddng \u0111\u1ed9 b\u1ec1n c\u01a1 h\u1ecdc c\u1ee7a b\u00ea t\u00f4ng sau khi \u0111\u00e3 kh\u00f4 v\u00e0 \u0111\u00f4ng k\u1ebft, bao g\u1ed3m c\u1ea3 \u0111\u1ed9 b\u1ec1n n\u00e9n, u\u1ed1n v\u00e0 k\u00e9o.<\/p>\n<p>&#8211; PCE W850 t\u1ea1o ra h\u1ed7n h\u1ee3p b\u00ea t\u00f4ng linh ho\u1ea1t, d\u1ec5 d\u00e0ng x\u1eed l\u00fd v\u00e0 d\u1ebbo dai, t\u1eeb \u0111\u00f3 gi\u00fap gi\u1ea3m nguy c\u01a1 n\u1ee9t n\u1ebb v\u00e0 c\u1ea3i thi\u1ec7n t\u00ednh ch\u1ea5t l\u00e0m vi\u1ec7c v\u1edbi b\u00ea t\u00f4ng.<\/p>\n<p>&#8211; \u0110\u1eb7c t\u00ednh ph\u00e2n t\u00e1n c\u1ee7a PCE gi\u00fap gi\u1ea3m \u0111\u00e1ng k\u1ec3 l\u01b0\u1ee3ng n\u01b0\u1edbc c\u1ea7n thi\u1ebft cho qu\u00e1 tr\u00ecnh tr\u1ed9n b\u00ea t\u00f4ng, \u0111\u1ed3ng th\u1eddi duy tr\u00ec t\u00ednh ch\u1ea5t l\u00e0m vi\u1ec7c t\u1ed1t cho h\u1ed7n h\u1ee3p.<\/p>\n<p>&#8211;\u00a0PCE W850 c\u00f3 kh\u1ea3 n\u0103ng ki\u1ec3m so\u00e1t qu\u00e1 tr\u00ecnh co ng\u00f3t c\u1ee7a b\u00ea t\u00f4ng sau khi kh\u00f4 v\u00e0 \u0111\u00f4ng k\u1ebft, gi\u00fap h\u1ea1n ch\u1ebf t\u00ecnh tr\u1ea1ng n\u1ee9t v\u00e0 c\u1ea3i thi\u1ec7n t\u00ednh b\u1ec1n c\u1ee7a s\u1ea3n ph\u1ea9m.<\/p>\n<p>&#8211; Ph\u1ee5 gia n\u00e0y ph\u00f9 h\u1ee3p cho nhi\u1ec1u lo\u1ea1i b\u00ea t\u00f4ng v\u00e0 \u1ee9ng d\u1ee5ng kh\u00e1c nhau, bao g\u1ed3m c\u1ea3 b\u00ea t\u00f4ng th\u00f4ng th\u01b0\u1eddng v\u00e0 b\u00ea t\u00f4ng cao c\u01b0\u1eddng \u0111\u1ed9.<\/p>\n<p>&#8211; Gi\u00fap t\u1ea1o ra m\u1ed9t h\u1ed7n h\u1ee3p b\u00ea t\u00f4ng c\u00f3 \u0111\u1ed9 \u0111\u1ed3ng nh\u1ea5t cao, gi\u1ea3m s\u1ef1 ph\u00e2n t\u00e1ch v\u00e0 c\u1ea3i thi\u1ec7n kh\u1ea3 n\u0103ng tr\u1ea3i \u0111\u1ec1u c\u1ee7a b\u00ea t\u00f4ng.<\/p>\n<h2><strong>\u1ee8ng d\u1ee5ng c\u1ee7a Ph\u1ee5 gia PCE gi\u1ea3m n\u01b0\u1edbc W850<\/strong><\/h2>\n<p>&#8211; PCE W850 th\u01b0\u1eddng \u0111\u01b0\u1ee3c s\u1eed d\u1ee5ng trong vi\u1ec7c s\u1ea3n xu\u1ea5t b\u00ea t\u00f4ng th\u00f4ng th\u01b0\u1eddng, nh\u01b0 b\u00ea t\u00f4ng d\u00f9ng trong x\u00e2y d\u1ef1ng c\u00e1c c\u00f4ng tr\u00ecnh d\u00e2n d\u1ee5ng nh\u01b0 nh\u00e0 \u1edf, c\u1ea7u \u0111\u01b0\u1eddng v\u00e0 c\u00f4ng tr\u00ecnh c\u00f4ng nghi\u1ec7p nh\u01b0 nh\u00e0 m\u00e1y.<\/p>\n<p>&#8211; Ph\u1ee5 gia n\u00e0y c\u0169ng \u0111\u01b0\u1ee3c s\u1eed d\u1ee5ng \u0111\u1ec3 s\u1ea3n xu\u1ea5t b\u00ea t\u00f4ng cao c\u01b0\u1eddng \u0111\u1ed9, b\u00ea t\u00f4ng ch\u1ecbu nhi\u1ec7t, b\u00ea t\u00f4ng t\u1ef1 b\u1ea3o v\u1ec7, v\u00e0 c\u00e1c lo\u1ea1i b\u00ea t\u00f4ng c\u00f3 t\u00ednh ch\u1ea5t \u0111\u1eb7c bi\u1ec7t kh\u00e1c.<\/p>\n<p>&#8211; PCE W850 th\u01b0\u1eddng \u0111\u01b0\u1ee3c \u00e1p d\u1ee5ng trong x\u00e2y d\u1ef1ng c\u00e1c c\u00f4ng tr\u00ecnh d\u00e2n d\u1ee5ng nh\u01b0 nh\u00e0 \u1edf, v\u0103n ph\u00f2ng, v\u00e0 c\u00e1c c\u01a1 s\u1edf h\u1ea1 t\u1ea7ng kh\u00e1c \u0111\u1ec3 c\u1ea3i thi\u1ec7n ch\u1ea5t l\u01b0\u1ee3ng v\u00e0 t\u00ednh b\u1ec1n c\u1ee7a b\u00ea t\u00f4ng.<\/p>\n<p>&#8211;\u00a0 Trong c\u00e1c ng\u00e0nh c\u00f4ng nghi\u1ec7p nh\u01b0 x\u00e2y d\u1ef1ng nh\u00e0 m\u00e1y, kho l\u1ea1nh, v\u00e0 nh\u1eefng c\u00f4ng tr\u00ecnh c\u00f3 y\u00eau c\u1ea7u kh\u1eaft khe v\u1ec1 t\u00ednh ch\u1ea5t b\u00ea t\u00f4ng, PCE W850 c\u00f3 th\u1ec3 \u0111\u01b0\u1ee3c s\u1eed d\u1ee5ng \u0111\u1ec3 t\u0103ng c\u01b0\u1eddng hi\u1ec7u su\u1ea5t v\u00e0 \u0111\u1ed9 b\u1ec1n c\u1ee7a s\u1ea3n ph\u1ea9m.<\/p>\n<p>&#8211; Ph\u1ee5 gia n\u00e0y c\u0169ng th\u01b0\u1eddng \u0111\u01b0\u1ee3c s\u1eed d\u1ee5ng trong c\u00e1c c\u00f4ng tr\u00ecnh h\u1ea1 t\u1ea7ng quan tr\u1ecdng nh\u01b0 c\u1ea7u, \u0111\u01b0\u1eddng, s\u00e2n bay, v\u00e0 c\u01a1 s\u1edf h\u1ea1 t\u1ea7ng kh\u00e1c \u0111\u1ec3 t\u0103ng c\u01b0\u1eddng t\u00ednh b\u1ec1n v\u00e0 kh\u1ea3 n\u0103ng ch\u1ecbu t\u1ea3i c\u1ee7a b\u00ea t\u00f4ng.<\/p>\n<p>&#8211; Trong c\u00e1c c\u00f4ng tr\u00ecnh \u0111\u00f2i h\u1ecfi s\u1ef1 linh ho\u1ea1t, t\u00ednh ch\u1ea5t \u0111\u1eb7c bi\u1ec7t, ho\u1eb7c y\u00eau c\u1ea7u \u0111\u1ed9 b\u1ec1n v\u00e0 t\u00ednh linh ho\u1ea1t cao, PCE W850 c\u00f3 th\u1ec3 \u0111\u01b0\u1ee3c s\u1eed d\u1ee5ng \u0111\u1ec3 t\u1ea1o ra b\u00ea t\u00f4ng \u0111\u00e1p \u1ee9ng c\u00e1c y\u00eau c\u1ea7u \u0111\u00f3.<\/p>","protected":false},"excerpt":{"rendered":"<p>PCE W850 l\u00e0 m\u1ed9t lo\u1ea1i ch\u1ea5t ph\u1ee5 gia trong ng\u00e0nh x\u00e2y d\u1ef1ng, c\u1ee5 th\u1ec3 l\u00e0 thu\u1ed9c nh\u00f3m Polycarboxylate Ether (PCE). \u0110\u01b0\u1ee3c s\u1eed d\u1ee5ng r\u1ed9ng r\u00e3i trong c\u00f4ng ngh\u1ec7 b\u00ea t\u00f4ng, PCE W850 l\u00e0 m\u1ed9t ph\u1ee5 gia ch\u1ea5t l\u01b0\u1ee3ng cao \u0111\u01b0\u1ee3c th\u00eam v\u00e0o h\u1ed7n h\u1ee3p b\u00ea t\u00f4ng \u0111\u1ec3 gi\u1ea3m l\u01b0\u1ee3ng n\u01b0\u1edbc c\u1ea7n thi\u1ebft cho qu\u00e1 tr\u00ecnh [&hellip;]<\/p>","protected":false},"featured_media":9186,"comment_status":"closed","ping_status":"closed","template":"","meta":[],"yst_prominent_words":[],"acf":[],"_links":{"self":[{"href":"https:\/\/pcecatlam.vn\/en\/wp-json\/wp\/v2\/product\/8652"}],"collection":[{"href":"https:\/\/pcecatlam.vn\/en\/wp-json\/wp\/v2\/product"}],"about":[{"href":"https:\/\/pcecatlam.vn\/en\/wp-json\/wp\/v2\/types\/product"}],"replies":[{"embeddable":true,"href":"https:\/\/pcecatlam.vn\/en\/wp-json\/wp\/v2\/comments?post=8652"}],"wp:featuredmedia":[{"embeddable":true,"href":"https:\/\/pcecatlam.vn\/en\/wp-json\/wp\/v2\/media\/9186"}],"wp:attachment":[{"href":"https:\/\/pcecatlam.vn\/en\/wp-json\/wp\/v2\/media?parent=8652"}],"wp:term":[{"taxonomy":"yst_prominent_words","embeddable":true,"href":"https:\/\/pcecatlam.vn\/en\/wp-json\/wp\/v2\/yst_prominent_words?post=8652"}],"curies":[{"name":"wp","href":"https:\/\/api.w.org\/{rel}","templated":true}]}}