{"id":8632,"date":"2023-08-11T17:33:14","date_gmt":"2023-08-11T10:33:14","guid":{"rendered":"https:\/\/pcecatlam.vn\/?post_type=product&#038;p=8632"},"modified":"2023-12-07T16:55:28","modified_gmt":"2023-12-07T09:55:28","slug":"phu-gia-tang-duy-tri-sodium-gluconate-sg","status":"publish","type":"product","link":"https:\/\/pcecatlam.vn\/en\/product\/phu-gia-tang-duy-tri-sodium-gluconate-sg\/","title":{"rendered":"Sodium gluconate SG maintenance additive"},"content":{"rendered":"<p><b>T\u00ean s\u1ea3n ph\u1ea9m:<\/b><strong> Sodium Gluconate<\/strong><\/p>\n<p><b>C\u00f4ng th\u1ee9c h\u00f3a h\u1ecdc:<\/b><span style=\"font-weight: 400;\"> C6H11O7Na<\/span><\/p>\n<p><b>Kh\u1ed1i l\u01b0\u1ee3ng ph\u00e2n t\u1eed:<\/b><span style=\"font-weight: 400;\"> 218,14 g\/mol<\/span><\/p>\n<p><b>T\u00ean g\u1ecdi kh\u00e1c:<\/b><span style=\"font-weight: 400;\"> Natri Gluconate; Gluconic Acid Sodium Salt; Mu\u1ed1i Natri Gluconate; Natriumgluconat (De);\u2026<\/span><\/p>\n<p><b>Xu\u1ea5t x\u1ee9:<\/b><span style=\"font-weight: 400;\"> Trung Qu\u1ed1c<\/span><\/p>\n<p><span style=\"font-weight: 400;\">&#8211; Quy c\u00e1ch \u0111\u00f3ng g\u00f3i: 25kg\/bao<\/span><\/p>\n<p><b>Ngo\u1ea1i quan:<\/b><\/p>\n<p><span style=\"font-weight: 400;\">D\u1ea1ng b\u1ed9t tinh th\u1ec3 m\u00e0u tr\u1eafng ho\u1eb7c h\u01a1i ng\u00e0 v\u00e0ng.<\/span><\/p>\n<p><b>T\u00ednh tan:<\/b><\/p>\n<p><span style=\"font-weight: 400;\">D\u1ec5 h\u00f2a tan trong n\u01b0\u1edbc. (\u0110\u1ed9 h\u00f2a tan: 58g\/100mL)<\/span><\/p>\n<p><b>\u0110\u1eb7c t\u00ednh n\u1ed5i b\u1eadt:<\/b><\/p>\n<p><span style=\"font-weight: 400;\">Kh\u00f4ng \u0103n m\u00f2n, kh\u00f4ng \u0111\u1ed9c h\u1ea1i v\u00e0 d\u1ec5 d\u00e0ng ph\u00e2n h\u1ee7y sinh h\u1ecdc (98% sau 2 ng\u00e0y).<\/span><\/p>\n<h2><b>Gi\u1edbi thi\u1ec7u chung:<\/b><\/h2>\n<p><a href=\"http:\/\/trantienchemicals.com\/vi\/hoa-chat\/255\/-sodium-gluconate.html\"><span style=\"font-weight: 400;\">Sodium Gluconate<\/span><\/a><span style=\"font-weight: 400;\"> l\u00e0 m\u1ed9t h\u1ee3p ch\u1ea5t h\u1eefu c\u01a1 c\u00f3 c\u00f4ng th\u1ee9c h\u00f3a h\u1ecdc l\u00e0 C6H11O7Na. L\u00e0 m\u1ed9t d\u1ea1ng mu\u1ed1i natri c\u1ee7a axit h\u1eefu c\u01a1 c\u00f3 t\u00ean g\u1ecdi h\u00f3a h\u1ecdc l\u00e0 axit gluconic.<\/span><\/p>\n<p><span style=\"font-weight: 400;\">Sodium Gluconate \u0111\u01b0\u1ee3c t\u1ea1o ra b\u1eb1ng c\u00e1ch l\u00ean men \u0111\u01b0\u1eddng glucose, thu h\u1ed3i axit v\u00e0 t\u1ea1o mu\u1ed1i m\u00e0u tr\u1eafng, t\u1ed3n t\u1ea1i \u1edf tr\u1ea1ng th\u00e1i b\u1ed9t tinh th\u1ec3.<\/span><\/p>\n<p><span style=\"font-weight: 400;\">Sodium Gluconate l\u00e0 m\u1ed9t h\u1ee3p ch\u1ea5t h\u00f3a h\u1ecdc ho\u00e0n to\u00e0n v\u00f4 h\u1ea1i khi s\u1eed d\u1ee5ng \u0111\u1ed1i v\u1edbi con ng\u01b0\u1eddi c\u0169ng nh\u01b0 v\u00f4 h\u1ea1i \u0111\u1ed1i v\u1edbi m\u00f4i tr\u01b0\u1eddng v\u00ec th\u1eddi gian ph\u00e2n h\u1ee7y c\u1ee7a n\u00f3 r\u1ea5t nhanh, kh\u00f4ng c\u00f3 kh\u1ea3 n\u0103ng t\u00edch t\u1ee5, \u0103n m\u00f2n g\u00e2y n\u00ean \u0111\u1ed9c t\u1ed1 cho m\u00f4i tr\u01b0\u1eddng.<\/span><\/p>\n<h2><b><i>\u1ee8ng d\u1ee5ng:<\/i><\/b><\/h2>\n<ul>\n<li style=\"font-weight: 400;\" aria-level=\"1\"><span style=\"font-weight: 400;\">Trong l\u0129nh v\u1ef1c x\u00e2y d\u1ef1ng, Sodium Gluconate \u0111\u01b0\u1ee3c s\u1eed d\u1ee5ng r\u1ed9ng r\u00e3i l\u00e0 m\u1ed9t ph\u1ee5 gia gi\u1ea3m n\u01b0\u1edbc, l\u00e0m nh\u00e3o, k\u00e9o d\u00e0i th\u1eddi gian l\u1eafng v\u00e0 v\u00f3n c\u1ee5c trong n\u01b0\u1edbc cho vi\u1ec7c s\u1ea3n xu\u1ea5t b\u00ea t\u00f4ng, v\u1eefa, th\u1ea1ch cao m\u00e0 kh\u00f4ng \u1ea3nh h\u01b0\u1edfng \u0111\u1ebfn ch\u1ea5t l\u01b0\u1ee3ng, c\u01b0\u1eddng \u0111\u1ed9 b\u00ea t\u00f4ng.<\/span><\/li>\n<li style=\"font-weight: 400;\" aria-level=\"1\"><span style=\"font-weight: 400;\">L\u00e0m ch\u1ea5t ph\u1ee5 gia t\u1ea9y r\u1eeda chai l\u1ecd th\u1ee7y tinh, chai nh\u1ef1a. Hi\u1ec7u qu\u1ea3 cao trong vi\u1ec7c l\u00e0m s\u1ea1ch b\u1ec1 m\u1eb7t kim lo\u1ea1i (\u0111\u1eb7c bi\u1ec7t l\u00e0 th\u00e9p).<\/span><\/li>\n<li style=\"font-weight: 400;\" aria-level=\"1\"><span style=\"font-weight: 400;\">Trong <\/span><span style=\"font-weight: 400;\">ng\u00e0nh y d\u01b0\u1ee3c, mu\u1ed1i Sodium Gluconate c\u00f2n \u0111\u01b0\u1ee3c d\u00f9ng \u0111\u1ec3: ch\u0103m s\u00f3c r\u0103ng mi\u1ec7ng, ch\u0103m s\u00f3c da.<\/span><\/li>\n<li style=\"font-weight: 400;\" aria-level=\"1\"><span style=\"font-weight: 400;\">\u0110\u01b0\u1ee3c \u1ee9ng d\u1ee5ng trong l\u0129nh v\u1ef1c luy\u1ec7n kim, h\u00e0n, xi m\u1ea1 nh\u01b0 m\u1ed9t ch\u1ea5t x\u1eed l\u00fd b\u1ec1 m\u1eb7t.<\/span><\/li>\n<li style=\"font-weight: 400;\" aria-level=\"1\"><span style=\"font-weight: 400;\">\u0110\u1ed1i v\u1edbi ng\u00e0nh c\u00f4ng nghi\u1ec7p th\u1ef1c ph\u1ea9m, Sodium Glucanate c\u00f2n \u0111\u00f3ng vai tr\u00f2 quan tr\u1ecdng l\u00e0 m\u1ed9t ph\u1ee5 gia t\u1ea1o v\u1ecb \u0111\u1ec3 h\u1ea1n ch\u1ebf tr\u1ea1ng th\u00e1i \u0111\u1eafng v\u00e0 cay trong m\u1ed9t s\u1ed1 lo\u1ea1i th\u1ef1c ph\u1ea9m. Ngo\u00e0i ra, n\u00f3 c\u00f2n \u0111\u00f3ng g\u00f3p trong th\u1ef1c ph\u1ea9m khi b\u1ed5 sung dinh d\u01b0\u1ee1ng, ch\u1ea5t b\u1ea3o qu\u1ea3n th\u1ef1c ph\u1ea9m,\u2026<\/span><\/li>\n<li style=\"font-weight: 400;\" aria-level=\"1\"><span style=\"font-weight: 400;\">L\u00e0 m\u1ed9t h\u00f3a ch\u1ea5t \u0111\u01b0\u1ee3c \u0111\u1ec1 cao s\u1eed d\u1ee5ng trong ng\u00e0nh d\u1ec7t nhu\u1ed9m, v\u00ec n\u00f3 c\u00f3 th\u1ec3 gi\u00fap m\u00e0u nhu\u1ed9m b\u00e1m d\u00ednh v\u00e0o b\u1ec1 m\u1eb7t v\u1eadt li\u1ec7u t\u1ed1t h\u01a1n, \u1ed5n \u0111inh \u0111\u1ed3ng \u0111\u1ec1u v\u1ec1 m\u00e0u h\u01a1n. \u0110\u1ed3ng th\u1eddi, Sodium Gluconate c\u00f2n s\u1eed d\u1ee5ng \u0111\u1ec3 l\u00e0m s\u1ea1ch v\u00e0 t\u1ea9y nh\u1eddn s\u1ee3i, th\u1edb; c\u1ea3i thi\u1ec7n hi\u1ec7u qu\u1ea3 hi\u1ec7u \u1ee9ng t\u1ea9y tr\u1eafng c\u1ee7a b\u1ed9t t\u1ea9y.<\/span><\/li>\n<li style=\"font-weight: 400;\" aria-level=\"1\"><span style=\"font-weight: 400;\">\u0110\u1ed1i v\u1edbi <\/span><span style=\"font-weight: 400;\">ng\u00e0nh c\u00f4ng nghi\u1ec7p d\u1ea7u m\u1ecf, n\u00f3 c\u00f3 th\u1ec3 \u0111\u01b0\u1ee3c s\u1eed d\u1ee5ng \u0111\u1ec3 s\u1ea3n xu\u1ea5t c\u00e1c s\u1ea3n ph\u1ea9m d\u1ea7u m\u1ecf v\u00e0 b\u00f9n khoan m\u1ecf d\u1ea7u.<\/span><\/li>\n<li style=\"font-weight: 400;\" aria-level=\"1\"><span style=\"font-weight: 400;\">Trong l\u0129nh v\u1ef1c in \u1ea5n, Sodium Gluconate \u0111\u01b0\u1ee3c s\u1eed d\u1ee5ng \u0111\u1ec3 gia c\u00f4ng b\u1ec1 m\u1eb7t c\u1ee7a s\u1ea3n ph\u1ea9m, c\u00e1c chi ti\u1ebft in nh\u1edd v\u00e0o t\u00e1c d\u1ee5ng c\u1ee7a kim lo\u1ea1i.<\/span><\/li>\n<\/ul>\n<p><span style=\"font-weight: 400;\">Ngo\u00e0i ra, <\/span><a href=\"http:\/\/hoachatthanhhoa.vn\/San-pham\/1096274\/2150985\/CALCIUM-GLUCONATE-CANXI-GLUCONAT-C12H22CAO14.html\"><span style=\"font-weight: 400;\">Sodium Gluconate<\/span><\/a><span style=\"font-weight: 400;\"> c\u00f2n \u0111\u01b0\u1ee3c \u1ee9ng d\u1ee5ng r\u1ed9ng r\u00e3i trong c\u00e1c ng\u00e0nh n\u00f4ng nghi\u1ec7p, ng\u00e0nh s\u01a1n, ng\u00e0nh gi\u1ea5y, ph\u1ee5 tr\u1ee3 d\u1ec7t may, x\u1eed l\u00fd n\u01b0\u1edbc,\u2026<\/span><\/p>\n<h2><b><i>\u0110\u00f3ng g\u00f3i v\u00e0 b\u1ea3o qu\u1ea3n:<\/i><\/b><\/h2>\n<p><span style=\"font-weight: 400;\">B\u1ea3o qu\u1ea3n n\u01a1i kh\u00f4 r\u00e1o v\u00e0 tho\u00e1ng m\u00e1t.<\/span><\/p>\n<p><span style=\"font-weight: 400;\">Tr\u00e1nh b\u1ea3o qu\u1ea3n v\u00e0 x\u1eed l\u00fd b\u1eb1ng acid v\u00e0 c\u00e1c ch\u1ea5t oxi h\u00f3a.<\/span><\/p>","protected":false},"excerpt":{"rendered":"<p>T\u00ean s\u1ea3n ph\u1ea9m: Sodium Gluconate C\u00f4ng th\u1ee9c h\u00f3a h\u1ecdc: C6H11O7Na Kh\u1ed1i l\u01b0\u1ee3ng ph\u00e2n t\u1eed: 218,14 g\/mol T\u00ean g\u1ecdi kh\u00e1c: Natri Gluconate; Gluconic Acid Sodium Salt; Mu\u1ed1i Natri Gluconate; Natriumgluconat (De);\u2026 Xu\u1ea5t x\u1ee9: Trung Qu\u1ed1c &#8211; Quy c\u00e1ch \u0111\u00f3ng g\u00f3i: 25kg\/bao Ngo\u1ea1i quan: D\u1ea1ng b\u1ed9t tinh th\u1ec3 m\u00e0u tr\u1eafng ho\u1eb7c h\u01a1i ng\u00e0 v\u00e0ng. T\u00ednh tan: D\u1ec5 [&hellip;]<\/p>","protected":false},"featured_media":9244,"comment_status":"closed","ping_status":"closed","template":"","meta":[],"yst_prominent_words":[],"acf":[],"_links":{"self":[{"href":"https:\/\/pcecatlam.vn\/en\/wp-json\/wp\/v2\/product\/8632"}],"collection":[{"href":"https:\/\/pcecatlam.vn\/en\/wp-json\/wp\/v2\/product"}],"about":[{"href":"https:\/\/pcecatlam.vn\/en\/wp-json\/wp\/v2\/types\/product"}],"replies":[{"embeddable":true,"href":"https:\/\/pcecatlam.vn\/en\/wp-json\/wp\/v2\/comments?post=8632"}],"wp:featuredmedia":[{"embeddable":true,"href":"https:\/\/pcecatlam.vn\/en\/wp-json\/wp\/v2\/media\/9244"}],"wp:attachment":[{"href":"https:\/\/pcecatlam.vn\/en\/wp-json\/wp\/v2\/media?parent=8632"}],"wp:term":[{"taxonomy":"yst_prominent_words","embeddable":true,"href":"https:\/\/pcecatlam.vn\/en\/wp-json\/wp\/v2\/yst_prominent_words?post=8632"}],"curies":[{"name":"wp","href":"https:\/\/api.w.org\/{rel}","templated":true}]}}