{"id":8628,"date":"2023-08-11T16:58:15","date_gmt":"2023-08-11T09:58:15","guid":{"rendered":"https:\/\/pcecatlam.vn\/?post_type=product&#038;p=8628"},"modified":"2023-12-07T16:55:50","modified_gmt":"2023-12-07T09:55:50","slug":"phu-gia-tang-duy-tri-tartaric-acid-l","status":"publish","type":"product","link":"https:\/\/pcecatlam.vn\/en\/product\/phu-gia-tang-duy-tri-tartaric-acid-l\/","title":{"rendered":"Tartaric Acid L+ retention additive"},"content":{"rendered":"<h2><b>Acid Tartaric l\u00e0 g\u00ec?<\/b><\/h2>\n<p><span style=\"font-weight: 400;\">Acid Tartaric hay Tartaric Acid l\u00e0 m\u1ed9t acid h\u1eefu c\u01a1 d\u1ea1ng tinh th\u1ec3 m\u00e0u tr\u1eafng c\u00f3 trong nhi\u1ec1u lo\u1ea1i th\u1ef1c v\u1eadt v\u00e0 \u0111\u1eb7c bi\u1ec7t quan tr\u1ecdng l\u00e0 nho v\u00e0 me. Acid Tartaric t\u1ed3n t\u1ea1i \u1edf d\u1ea1ng acid t\u1ef1 do ho\u1eb7c t\u00edch h\u1ee3p v\u1edbi mu\u1ed1i kali, canxi v\u00e0 magi\u00ea.<\/span><\/p>\n<h2><b>T\u00ednh ch\u1ea5t c\u1ee7a Tartaric Acid L+<\/b><\/h2>\n<p><span style=\"font-weight: 400;\">&#8211; \u0110\u1eb7c \u0111i\u1ec3m: Tinh th\u1ec3 kh\u00f4ng m\u00e0u ho\u1eb7c d\u1ea1ng b\u1ed9t tr\u1eafng, kh\u00f4ng m\u00f9i, v\u1ecb chua, b\u1ec1n trong kh\u00f4ng kh\u00ed.<\/span><\/p>\n<p><span style=\"font-weight: 400;\">&#8211; Tr\u1ecdng l\u01b0\u1ee3ng ri\u00eang: 1.697 g\/ml<\/span><\/p>\n<p><span style=\"font-weight: 400;\">&#8211; \u0110i\u1ec3m n\u00f3ng ch\u1ea3y: 200 \u2013 206 \u00b0C<\/span><\/p>\n<p><span style=\"font-weight: 400;\">&#8211; pH (1.5g \/l trong n\u01b0\u1edbc): 2.2<\/span><\/p>\n<h2><b>\u1ee8ng d\u1ee5ng c\u1ee7a Tartaric Acid L+<\/b><\/h2>\n<p><span style=\"font-weight: 400;\">&#8211; Acid tartaric th\u01b0\u1eddng \u0111\u01b0\u1ee3c s\u1eed d\u1ee5ng trong ng\u00e0nh trong th\u1ef1c ph\u1ea9m, y h\u1ecdc, c\u00f4ng nghi\u1ec7p h\u00f3a ch\u1ea5t v\u00e0 c\u00f4ng nghi\u1ec7p nh\u1eb9, v.v v\u1edbi vai tr\u00f2 ch\u1ea5t acid h\u00f3a, ch\u1ea5t ch\u1ed1ng oxy h\u00f3a, h\u01b0\u01a1ng li\u1ec7u, ch\u1ea5t t\u1ea1o chelat .<\/span><\/p>\n<p><span style=\"font-weight: 400;\">&#8211; <\/span><span style=\"font-weight: 400;\">Acid tartaric c\u0169ng \u0111\u01b0\u1ee3c \u1ee9ng d\u1ee5ng l\u00e0m ch\u1ea5t ch\u1ed1ng oxi h\u00f3a, ch\u1ea5t t\u1ea1o \u0111\u1ed9 m\u1ec1m v\u00e0 d\u1ebbo, ch\u1ea5t kh\u1eed m\u00f9i.<\/span><\/p>\n<p><span style=\"font-weight: 400;\">&#8211; <\/span><span style=\"font-weight: 400;\">Acid tartaric c\u00f2n l\u00e0 ch\u1ea5t \u0111\u1ec3 ch\u1ec9nh \u0111\u1ed9 pH.<\/span><\/p>\n<p><span style=\"font-weight: 400;\">\u00a0<\/span><\/p>\n<p>&nbsp;<\/p>","protected":false},"excerpt":{"rendered":"<p>Acid Tartaric l\u00e0 g\u00ec? Acid Tartaric hay Tartaric Acid l\u00e0 m\u1ed9t acid h\u1eefu c\u01a1 d\u1ea1ng tinh th\u1ec3 m\u00e0u tr\u1eafng c\u00f3 trong nhi\u1ec1u lo\u1ea1i th\u1ef1c v\u1eadt v\u00e0 \u0111\u1eb7c bi\u1ec7t quan tr\u1ecdng l\u00e0 nho v\u00e0 me. Acid Tartaric t\u1ed3n t\u1ea1i \u1edf d\u1ea1ng acid t\u1ef1 do ho\u1eb7c t\u00edch h\u1ee3p v\u1edbi mu\u1ed1i kali, canxi v\u00e0 magi\u00ea. T\u00ednh ch\u1ea5t c\u1ee7a [&hellip;]<\/p>","protected":false},"featured_media":9245,"comment_status":"closed","ping_status":"closed","template":"","meta":[],"yst_prominent_words":[],"acf":[],"_links":{"self":[{"href":"https:\/\/pcecatlam.vn\/en\/wp-json\/wp\/v2\/product\/8628"}],"collection":[{"href":"https:\/\/pcecatlam.vn\/en\/wp-json\/wp\/v2\/product"}],"about":[{"href":"https:\/\/pcecatlam.vn\/en\/wp-json\/wp\/v2\/types\/product"}],"replies":[{"embeddable":true,"href":"https:\/\/pcecatlam.vn\/en\/wp-json\/wp\/v2\/comments?post=8628"}],"wp:featuredmedia":[{"embeddable":true,"href":"https:\/\/pcecatlam.vn\/en\/wp-json\/wp\/v2\/media\/9245"}],"wp:attachment":[{"href":"https:\/\/pcecatlam.vn\/en\/wp-json\/wp\/v2\/media?parent=8628"}],"wp:term":[{"taxonomy":"yst_prominent_words","embeddable":true,"href":"https:\/\/pcecatlam.vn\/en\/wp-json\/wp\/v2\/yst_prominent_words?post=8628"}],"curies":[{"name":"wp","href":"https:\/\/api.w.org\/{rel}","templated":true}]}}