{"id":8616,"date":"2023-08-08T18:10:05","date_gmt":"2023-08-08T11:10:05","guid":{"rendered":"https:\/\/pcecatlam.vn\/?post_type=product&#038;p=8616"},"modified":"2023-11-22T10:25:14","modified_gmt":"2023-11-22T03:25:14","slug":"phu-gia-giam-nut-giam-co-ngot-csa-expan-k","status":"publish","type":"product","link":"https:\/\/pcecatlam.vn\/en\/product\/phu-gia-giam-nut-giam-co-ngot-csa-expan-k\/","title":{"rendered":"Crack and shrinkage reducing additive CSA Expan K"},"content":{"rendered":"<p><strong>CSA Expan K<\/strong> l\u00e0 m\u1ed9t lo\u1ea1i ch\u1ea5t ph\u1ee5 gia \u0111\u01b0\u1ee3c s\u1eed d\u1ee5ng \u0111\u1ec3 ki\u1ec3m so\u00e1t qu\u00e1 tr\u00ecnh co ng\u00f3t v\u00e0 v\u1eefa trong qu\u00e1 tr\u00ecnh kh\u00f4 v\u00e0 \u0111\u00f4ng k\u1ebft. CSA Expan K th\u01b0\u1eddng \u0111\u01b0\u1ee3c s\u1eed d\u1ee5ng trong ng\u00e0nh x\u00e2y d\u1ef1ng. \u0110\u1ec3 c\u1ea3i thi\u1ec7n t\u00ednh ch\u1ea5t v\u1eadt l\u00fd c\u1ee7a c\u00e1c s\u1ea3n ph\u1ea9m x\u00e2y d\u1ef1ng.<\/p>\n<h2><strong>\u0110\u1eb7c t\u00ednh c\u1ee7a Ph\u1ee5 gia gi\u1ea3m n\u1ee9t gi\u1ea3m co ng\u00f3t CSA Expan K <\/strong><\/h2>\n<p>&#8211; CSA Expan K \u0111\u01b0\u1ee3c thi\u1ebft k\u1ebf \u0111\u1ec3 ki\u1ec3m so\u00e1t qu\u00e1 tr\u00ecnh co ng\u00f3t v\u00e0 v\u1eefa sau khi ch\u00fang kh\u00f4 v\u00e0 \u0111\u00f4ng k\u1ebft. \u0110i\u1ec1u n\u00e0y gi\u00fap gi\u1ea3m nguy c\u01a1 xu\u1ea5t hi\u1ec7n c\u00e1c n\u1ee9t ngang v\u00e0 n\u1ee9t r\u1ed9ng trong b\u1ec1 m\u1eb7t s\u1ea3n ph\u1ea9m x\u00e2y d\u1ef1ng.<\/p>\n<p>&#8211; Ph\u1ee5 gia n\u00e0y t\u1ea1o ra m\u1ed9t qu\u00e1 tr\u00ecnh m\u1edf r\u1ed9ng nh\u1eb9 v\u00e0 \u0111i\u1ec1u ch\u1ec9nh khi b\u00ea t\u00f4ng v\u00e0 v\u1eefa tr\u1ea3i qua giai \u0111o\u1ea1n kh\u00f4 v\u00e0 \u0111\u00f4ng k\u1ebft. S\u1ef1 m\u1edf r\u1ed9ng n\u00e0y gi\u00fap h\u1ea1n ch\u1ebf s\u1ef1 co ng\u00f3t m\u1ea1nh v\u00e0 gi\u1ea3m t\u00ecnh tr\u1ea1ng n\u1ee9t.<\/p>\n<p>&#8211; Expan K t\u0103ng c\u01b0\u1eddng t\u00ednh linh ho\u1ea1t c\u1ee7a s\u1ea3n ph\u1ea9m b\u00ea t\u00f4ng v\u00e0 v\u1eefa. Gi\u00fap ch\u00fang ch\u1ecbu \u0111\u01b0\u1ee3c s\u1ef1 bi\u1ebfn \u0111\u1ed5i v\u00e0 bi\u1ebfn d\u1ea1ng m\u00e0 kh\u00f4ng g\u00e2y ra c\u00e1c n\u1ee9t kh\u00f4ng mong mu\u1ed1n.<\/p>\n<p>&#8211; B\u1eb1ng c\u00e1ch ki\u1ec3m so\u00e1t qu\u00e1 tr\u00ecnh co ng\u00f3t v\u00e0 ng\u1ee9a. Ph\u1ee5 gia n\u00e0y c\u1ea3i thi\u1ec7n \u0111\u1ed9 b\u1ec1n c\u1ee7a b\u00ea t\u00f4ng v\u00e0 v\u1eefa l\u00e0m t\u0103ng kh\u1ea3 n\u0103ng ch\u1ecbu t\u1ea3i v\u00e0 k\u00e9o d\u00e0i tu\u1ed5i th\u1ecd c\u1ee7a s\u1ea3n ph\u1ea9m.<\/p>\n<p>&#8211; Expan K c\u00f3 th\u1ec3 d\u1ec5 d\u00e0ng th\u00eam v\u00e0o h\u1ed7n h\u1ee3p b\u00ea t\u00f4ng ho\u1eb7c v\u1eefa.<\/p>\n<h2><strong>\u1ee8ng d\u1ee5ng c\u1ee7a Ph\u1ee5 gia gi\u1ea3m n\u1ee9t gi\u1ea3m co ng\u00f3t CSA Expan K<\/strong><\/h2>\n<p>&#8211; Ph\u1ee5 gia n\u00e0y th\u01b0\u1eddng \u0111\u01b0\u1ee3c s\u1eed d\u1ee5ng trong qu\u00e1 tr\u00ecnh s\u1ea3n xu\u1ea5t b\u00ea t\u00f4ng \u0111\u1ec3 ki\u1ec3m so\u00e1t qu\u00e1 tr\u00ecnh co ng\u00f3t v\u00e0 ng\u1ee9a. \u0110i\u1ec1u n\u00e0y gi\u00fap ng\u0103n ch\u1eb7n t\u00ecnh tr\u1ea1ng xu\u1ea5t hi\u1ec7n n\u1ee9t ngang. V\u00e0 n\u1ee9t r\u1ed9ng trong b\u1ec1 m\u1eb7t b\u00ea t\u00f4ng sau khi kh\u00f4 v\u00e0 \u0111\u00f4ng k\u1ebft.<\/p>\n<p>&#8211; Trong qu\u00e1 tr\u00ecnh s\u1ea3n xu\u1ea5t v\u1eefa. CSA Expan K c\u0169ng \u0111\u01b0\u1ee3c s\u1eed d\u1ee5ng \u0111\u1ec3 gi\u1ea3m thi\u1ec3u t\u00ecnh tr\u1ea1ng co ng\u00f3t v\u00e0 n\u1ee9t. \u0110i\u1ec1u n\u00e0y c\u1ea3i thi\u1ec7n t\u00ednh ch\u1ea5t c\u1ee7a v\u1eefa v\u00e0 gi\u00fap t\u0103ng c\u01b0\u1eddng \u0111\u1ed9 b\u1ec1n c\u1ee7a c\u00e1c s\u1ea3n ph\u1ea9m x\u00e2y d\u1ef1ng.<\/p>\n<p>&#8211; Ph\u1ee5 gia gi\u1ea3m n\u1ee9t gi\u1ea3m co ng\u00f3t n\u00e0y th\u01b0\u1eddng \u0111\u01b0\u1ee3c s\u1eed d\u1ee5ng trong x\u00e2y d\u1ef1ng c\u00e1c c\u00f4ng tr\u00ecnh d\u00e2n d\u1ee5ng v\u00e0 c\u00f4ng nghi\u1ec7p. \u0110\u1ec3 c\u1ea3i thi\u1ec7n t\u00ednh ch\u1ea5t v\u00e0 hi\u1ec7u su\u1ea5t c\u1ee7a c\u00e1c v\u1eadt li\u1ec7u x\u00e2y d\u1ef1ng. \u0110\u1eb7c bi\u1ec7t l\u00e0 trong c\u00e1c k\u1ebft c\u1ea5u c\u1ea7n \u0111\u1ed9 b\u1ec1n v\u00e0 t\u00ednh linh ho\u1ea1t.<\/p>\n<p>&#8211; Trong c\u00e1c c\u00f4ng tr\u00ecnh giao th\u00f4ng nh\u01b0 c\u1ea7u v\u00e0 \u0111\u01b0\u1eddng cao t\u1ed1c. CSA Expan K c\u00f3 th\u1ec3 \u0111\u01b0\u1ee3c s\u1eed d\u1ee5ng \u0111\u1ec3 gi\u1ea3m t\u00ecnh tr\u1ea1ng n\u1ee9t do bi\u1ebfn d\u1ea1ng do t\u1ea3i tr\u1ecdng v\u00e0 c\u00e1c y\u1ebfu t\u1ed1 m\u00f4i tr\u01b0\u1eddng.<\/p>\n<p>&#8211; Trong tr\u01b0\u1eddng h\u1ee3p c\u1ea7n t\u1ea1o ra c\u00e1c s\u1ea3n ph\u1ea9m b\u00ea t\u00f4ng. \u0110\u1eb7c bi\u1ec7t nh\u01b0 v\u1eadt li\u1ec7u c\u00e1ch \u00e2m, c\u00e1ch nhi\u1ec7t ho\u1eb7c c\u00f3 t\u00ednh n\u0103ng ch\u1ed1ng ch\u00e1y. Ph\u1ee5 gia n\u00e0y c\u00f3 th\u1ec3 gi\u00fap t\u1ed1i \u01b0u h\u00f3a t\u00ednh ch\u1ea5t c\u1ee7a s\u1ea3n ph\u1ea9m.<\/p>\n<p>&#8211; Trong c\u00e1c c\u00f4ng tr\u00ecnh li\u00ean quan \u0111\u1ebfn m\u00f4i tr\u01b0\u1eddng n\u01b0\u1edbc. <a href=\"https:\/\/pcecatlam.vn\/product\/phu-gia-giam-nut-giam-co-ngot-csa-expan-k\/\">CSA Expan K<\/a> c\u00f3 th\u1ec3 \u0111\u01b0\u1ee3c s\u1eed d\u1ee5ng \u0111\u1ec3 gi\u1ea3m t\u00ecnh tr\u1ea1ng n\u1ee9t v\u00e0 co ng\u00f3t do t\u00e1c \u0111\u1ed9ng c\u1ee7a n\u01b0\u1edbc.<\/p>","protected":false},"excerpt":{"rendered":"<p>CSA Expan K l\u00e0 m\u1ed9t lo\u1ea1i ch\u1ea5t ph\u1ee5 gia \u0111\u01b0\u1ee3c s\u1eed d\u1ee5ng \u0111\u1ec3 ki\u1ec3m so\u00e1t qu\u00e1 tr\u00ecnh co ng\u00f3t v\u00e0 v\u1eefa trong qu\u00e1 tr\u00ecnh kh\u00f4 v\u00e0 \u0111\u00f4ng k\u1ebft. CSA Expan K th\u01b0\u1eddng \u0111\u01b0\u1ee3c s\u1eed d\u1ee5ng trong ng\u00e0nh x\u00e2y d\u1ef1ng. \u0110\u1ec3 c\u1ea3i thi\u1ec7n t\u00ednh ch\u1ea5t v\u1eadt l\u00fd c\u1ee7a c\u00e1c s\u1ea3n ph\u1ea9m x\u00e2y d\u1ef1ng. \u0110\u1eb7c t\u00ednh c\u1ee7a [&hellip;]<\/p>","protected":false},"featured_media":9142,"comment_status":"closed","ping_status":"closed","template":"","meta":[],"yst_prominent_words":[],"acf":[],"_links":{"self":[{"href":"https:\/\/pcecatlam.vn\/en\/wp-json\/wp\/v2\/product\/8616"}],"collection":[{"href":"https:\/\/pcecatlam.vn\/en\/wp-json\/wp\/v2\/product"}],"about":[{"href":"https:\/\/pcecatlam.vn\/en\/wp-json\/wp\/v2\/types\/product"}],"replies":[{"embeddable":true,"href":"https:\/\/pcecatlam.vn\/en\/wp-json\/wp\/v2\/comments?post=8616"}],"wp:featuredmedia":[{"embeddable":true,"href":"https:\/\/pcecatlam.vn\/en\/wp-json\/wp\/v2\/media\/9142"}],"wp:attachment":[{"href":"https:\/\/pcecatlam.vn\/en\/wp-json\/wp\/v2\/media?parent=8616"}],"wp:term":[{"taxonomy":"yst_prominent_words","embeddable":true,"href":"https:\/\/pcecatlam.vn\/en\/wp-json\/wp\/v2\/yst_prominent_words?post=8616"}],"curies":[{"name":"wp","href":"https:\/\/api.w.org\/{rel}","templated":true}]}}