{"id":8613,"date":"2023-08-08T17:07:48","date_gmt":"2023-08-08T10:07:48","guid":{"rendered":"https:\/\/pcecatlam.vn\/?post_type=product&#038;p=8613"},"modified":"2024-07-01T15:18:06","modified_gmt":"2024-07-01T08:18:06","slug":"phu-gia-pha-bot-khu-bot-df300","status":"publish","type":"product","link":"https:\/\/pcecatlam.vn\/en\/product\/phu-gia-pha-bot-khu-bot-df300\/","title":{"rendered":"Defoaming and defoaming additive DF300"},"content":{"rendered":"<p><strong>Ph\u1ee5 gia ph\u00e1 b\u1ecdt<\/strong> l\u00e0 nh\u1eefng ch\u1ea5t ph\u1ee5 gia h\u00f3a h\u1ecdc \u0111\u01b0\u1ee3c s\u1eed d\u1ee5ng \u0111\u1ec3 lo\u1ea1i b\u1ecf ho\u1eb7c gi\u1ea3m thi\u1ec3u s\u1ef1 h\u00ecnh th\u00e0nh c\u1ee7a b\u1ecdt kh\u00ed trong c\u00e1c h\u1ed7n h\u1ee3p ch\u1ea5t l\u1ecfng. Ch\u1eb3ng h\u1ea1n nh\u01b0 n\u01b0\u1edbc, d\u1ea7u ho\u1eb7c dung d\u1ecbch h\u00f3a ch\u1ea5t. \u0110i\u1ec1u n\u00e0y gi\u00fap t\u0103ng c\u01b0\u1eddng hi\u1ec7u qu\u1ea3 v\u00e0 t\u00ednh \u1ed5n \u0111\u1ecbnh c\u1ee7a c\u00e1c quy tr\u00ecnh s\u1ea3n xu\u1ea5t v\u00e0 \u1ee9ng d\u1ee5ng kh\u00e1c nhau.<\/p>\n<h2><strong>\u0110\u1eb7c t\u00ednh\u00a0<\/strong><\/h2>\n<p>&#8211; \u0110\u1eb7c t\u00ednh ch\u00ednh c\u1ee7a ph\u1ee5 gia ph\u00e1 b\u1ecdt l\u00e0 kh\u1ea3 n\u0103ng gi\u1ea3m b\u1ecdt kh\u00ed, l\u00e0m cho ch\u00fang n\u1ed5 v\u00e0o ch\u1ea5t l\u1ecfng xung quanh. \u0110i\u1ec1u n\u00e0y gi\u00fap ng\u0103n ch\u1eb7n s\u1ef1 t\u00edch t\u1ee5 c\u1ee7a b\u1ecdt kh\u00ed trong quy tr\u00ecnh s\u1ea3n xu\u1ea5t v\u00e0 \u1ee9ng d\u1ee5ng.<\/p>\n<p>&#8211; Ph\u1ee5 gia ph\u00e1 b\u1ecdt gi\u00fap t\u1ed1i \u01b0u h\u00f3a quy tr\u00ecnh s\u1ea3n xu\u1ea5t v\u00e0 x\u1eed l\u00fd b\u1eb1ng c\u00e1ch lo\u1ea1i b\u1ecf b\u1ecdt kh\u00ed. \u0110i\u1ec1u n\u00e0y c\u1ea3i thi\u1ec7n hi\u1ec7u su\u1ea5t quy tr\u00ecnh, gi\u1ea3m nguy c\u01a1 ngh\u1eb9t \u1ed1ng v\u00e0 gi\u00fap duy tr\u00ec t\u00ednh \u1ed5n \u0111\u1ecbnh trong qu\u00e1 tr\u00ecnh.<\/p>\n<p>&#8211; S\u1ef1 c\u00f3 m\u1eb7t c\u1ee7a b\u1ecdt kh\u00ed c\u00f3 th\u1ec3 \u1ea3nh h\u01b0\u1edfng \u0111\u1ebfn ch\u1ea5t l\u01b0\u1ee3ng s\u1ea3n ph\u1ea9m. \u0110\u1eb7c bi\u1ec7t trong ng\u00e0nh th\u1ef1c ph\u1ea9m v\u00e0 \u0111\u1ed3 u\u1ed1ng. Ph\u1ee5 gia ph\u00e1 b\u1ecdt gi\u00fap \u0111\u1ea3m b\u1ea3o r\u1eb1ng s\u1ea3n ph\u1ea9m kh\u00f4ng b\u1ecb \u1ea3nh h\u01b0\u1edfng b\u1edfi b\u1ecdt kh\u00ed.<\/p>\n<p>&#8211; Ph\u1ee5 gia ph\u00e1 b\u1ecdt l\u00e0m gi\u1ea3m c\u0103ng th\u1eb3ng b\u1ec1 m\u1eb7t c\u1ee7a b\u1ecdt kh\u00ed. Gi\u00fap ch\u00fang d\u1ec5 d\u00e0ng n\u1ed5 v\u1ee1 ho\u1eb7c h\u00f2a tan. \u0110i\u1ec1u n\u00e0y gi\u00fap gi\u1ea3m \u00e1p l\u1ef1c b\u1ecdt, ng\u0103n ch\u00fang t\u1ee5 t\u1eadp v\u00e0 t\u1ea1o ra c\u00e1c t\u00ecnh hu\u1ed1ng g\u00e2y tr\u1edf ng\u1ea1i.<\/p>\n<p>&#8211; Ph\u1ee5 gia ph\u00e1 b\u1ecdt gi\u00fap duy tr\u00ec t\u00ednh \u1ed5n \u0111\u1ecbnh c\u1ee7a h\u1ec7 th\u1ed1ng b\u1eb1ng c\u00e1ch ng\u0103n ch\u1eb7n s\u1ef1 t\u00edch t\u1ee5 b\u1ecdt kh\u00ed. \u0110i\u1ec1u n\u00e0y \u0111\u1eb7c bi\u1ec7t quan tr\u1ecdng trong c\u00e1c h\u1ec7 th\u1ed1ng \u1ed1ng v\u00e0 quy tr\u00ecnh li\u00ean quan \u0111\u1ebfn d\u00f2ng ch\u1ea3y ch\u1ea5t l\u1ecfng.<\/p>\n<h2><strong>\u1ee8ng d\u1ee5ng\u00a0<\/strong><\/h2>\n<p>&#8211; Trong ng\u00e0nh d\u1ea7u kh\u00ed, b\u1ecdt kh\u00ed c\u00f3 th\u1ec3 g\u00e2y ra c\u00e1c v\u1ea5n \u0111\u1ec1 nh\u01b0 ngh\u1eb9t \u1ed1ng v\u00e0 gi\u1ea3m hi\u1ec7u su\u1ea5t quy tr\u00ecnh. Ph\u1ee5 gia \u0111\u01b0\u1ee3c s\u1eed d\u1ee5ng trong qu\u00e1 tr\u00ecnh khoan. Khai th\u00e1c v\u00e0 v\u1eadn chuy\u1ec3n d\u1ea7u v\u00e0 kh\u00ed \u0111\u1ed1t \u0111\u1ec3 gi\u1ea3m thi\u1ec3u s\u1ef1 h\u00ecnh th\u00e0nh v\u00e0 t\u00edch t\u1ee5 c\u1ee7a b\u1ecdt kh\u00ed.<\/p>\n<p>&#8211; Trong ng\u00e0nh th\u1ef1c ph\u1ea9m v\u00e0 \u0111\u1ed3 u\u1ed1ng. S\u1ef1 h\u00ecnh th\u00e0nh b\u1ecdt kh\u00ed c\u00f3 th\u1ec3 \u1ea3nh h\u01b0\u1edfng \u0111\u1ebfn ch\u1ea5t l\u01b0\u1ee3ng s\u1ea3n ph\u1ea9m. G\u00e2y ra s\u1ef1 b\u1ea5t \u1ed5n trong quy tr\u00ecnh s\u1ea3n xu\u1ea5t v\u00e0 l\u00e0m gi\u1ea3m \u0111\u1ed9 b\u1ec1n c\u1ee7a s\u1ea3n ph\u1ea9m. Ph\u1ee5 gia ph\u00e1 b\u1ecdt \u0111\u01b0\u1ee3c s\u1eed d\u1ee5ng \u0111\u1ec3 gi\u1ea3m b\u1ecdt trong c\u00e1c quy tr\u00ecnh s\u1ea3n xu\u1ea5t th\u1ef1c ph\u1ea9m v\u00e0 \u0111\u1ed3 u\u1ed1ng.<\/p>\n<p>&#8211; Trong s\u1ea3n xu\u1ea5t h\u00f3a ch\u1ea5t. S\u1ef1 h\u00ecnh th\u00e0nh b\u1ecdt kh\u00ed c\u00f3 th\u1ec3 l\u00e0m gi\u1ea3m hi\u1ec7u su\u1ea5t quy tr\u00ecnh v\u00e0 t\u1ea1o ra c\u00e1c t\u00ecnh hu\u1ed1ng kh\u00f4ng mong mu\u1ed1n. Ph\u1ee5 gia \u0111\u01b0\u1ee3c s\u1eed d\u1ee5ng \u0111\u1ec3 c\u1ea3i thi\u1ec7n hi\u1ec7u su\u1ea5t\u00a0 trong c\u00e1c quy tr\u00ecnh s\u1ea3n xu\u1ea5t h\u00f3a ch\u1ea5t.<\/p>\n<p>&#8211; Trong c\u00e1c quy tr\u00ecnh x\u1eed l\u00fd n\u01b0\u1edbc th\u1ea3i v\u00e0 n\u01b0\u1edbc c\u1ea5p. S\u1ef1 h\u00ecnh th\u00e0nh b\u1ecdt kh\u00ed c\u00f3 th\u1ec3 g\u00e2y ra s\u1ef1 c\u1ea3n tr\u1edf v\u00e0 ngh\u1eb9t trong c\u00e1c h\u1ec7 th\u1ed1ng \u1ed1ng. Ph\u1ee5 gia ph\u00e1 b\u1ecdt \u0111\u01b0\u1ee3c s\u1eed d\u1ee5ng \u0111\u1ec3 lo\u1ea1i b\u1ecf b\u1ecdt kh\u00ed c\u1ee7a h\u1ec7 th\u1ed1ng x\u1eed l\u00fd n\u01b0\u1edbc.<\/p>\n<p>&#8211; Trong ng\u00e0nh s\u1ea3n xu\u1ea5t gi\u1ea5y. B\u1ecdt kh\u00ed c\u00f3 th\u1ec3 g\u00e2y ra c\u00e1c v\u1ea5n \u0111\u1ec1 nh\u01b0 gi\u1ea3m hi\u1ec7u su\u1ea5t m\u00e1y. T\u1ea1o b\u1ec1 m\u1eb7t gi\u1ea5y kh\u00f4ng \u0111\u1ec1u v\u00e0 \u1ea3nh h\u01b0\u1edfng \u0111\u1ebfn ch\u1ea5t l\u01b0\u1ee3ng s\u1ea3n ph\u1ea9m. Ph\u1ee5 gia \u0111\u01b0\u1ee3c s\u1eed d\u1ee5ng \u0111\u1ec3 gi\u1ea3m b\u1ecdt trong qu\u00e1 tr\u00ecnh s\u1ea3n xu\u1ea5t gi\u1ea5y.<\/p>\n<p>&#8211; Trong c\u00e1c quy tr\u00ecnh ch\u1ebf bi\u1ebfn kim lo\u1ea1i. B\u1ecdt kh\u00ed c\u00f3 th\u1ec3 g\u00e2y ra s\u1ef1 tr\u01b0\u1ee3t c\u1ee7a ch\u1ea5t l\u1ecfng v\u00e0 g\u00e2y tr\u1edf ng\u1ea1i cho quy tr\u00ecnh. Ph\u1ee5 gia gi\u00fap t\u1ed1i \u01b0u h\u00f3a quy tr\u00ecnh s\u1ea3n xu\u1ea5t kim lo\u1ea1i.<\/p>","protected":false},"excerpt":{"rendered":"<p>Ph\u1ee5 gia ph\u00e1 b\u1ecdt l\u00e0 nh\u1eefng ch\u1ea5t ph\u1ee5 gia h\u00f3a h\u1ecdc \u0111\u01b0\u1ee3c s\u1eed d\u1ee5ng \u0111\u1ec3 lo\u1ea1i b\u1ecf ho\u1eb7c gi\u1ea3m thi\u1ec3u s\u1ef1 h\u00ecnh th\u00e0nh c\u1ee7a b\u1ecdt kh\u00ed trong c\u00e1c h\u1ed7n h\u1ee3p ch\u1ea5t l\u1ecfng. Ch\u1eb3ng h\u1ea1n nh\u01b0 n\u01b0\u1edbc, d\u1ea7u ho\u1eb7c dung d\u1ecbch h\u00f3a ch\u1ea5t. \u0110i\u1ec1u n\u00e0y gi\u00fap t\u0103ng c\u01b0\u1eddng hi\u1ec7u qu\u1ea3 v\u00e0 t\u00ednh \u1ed5n \u0111\u1ecbnh c\u1ee7a c\u00e1c [&hellip;]<\/p>","protected":false},"featured_media":9437,"comment_status":"closed","ping_status":"closed","template":"","meta":[],"yst_prominent_words":[],"acf":[],"_links":{"self":[{"href":"https:\/\/pcecatlam.vn\/en\/wp-json\/wp\/v2\/product\/8613"}],"collection":[{"href":"https:\/\/pcecatlam.vn\/en\/wp-json\/wp\/v2\/product"}],"about":[{"href":"https:\/\/pcecatlam.vn\/en\/wp-json\/wp\/v2\/types\/product"}],"replies":[{"embeddable":true,"href":"https:\/\/pcecatlam.vn\/en\/wp-json\/wp\/v2\/comments?post=8613"}],"wp:featuredmedia":[{"embeddable":true,"href":"https:\/\/pcecatlam.vn\/en\/wp-json\/wp\/v2\/media\/9437"}],"wp:attachment":[{"href":"https:\/\/pcecatlam.vn\/en\/wp-json\/wp\/v2\/media?parent=8613"}],"wp:term":[{"taxonomy":"yst_prominent_words","embeddable":true,"href":"https:\/\/pcecatlam.vn\/en\/wp-json\/wp\/v2\/yst_prominent_words?post=8613"}],"curies":[{"name":"wp","href":"https:\/\/api.w.org\/{rel}","templated":true}]}}