{"id":8608,"date":"2023-08-08T14:53:18","date_gmt":"2023-08-08T07:53:18","guid":{"rendered":"https:\/\/pcecatlam.vn\/?post_type=product&#038;p=8608"},"modified":"2023-12-07T16:54:35","modified_gmt":"2023-12-07T09:54:35","slug":"phu-gia-sieu-deo-pce-bot","status":"publish","type":"product","link":"https:\/\/pcecatlam.vn\/en\/product\/phu-gia-sieu-deo-pce-bot\/","title":{"rendered":"Superplasticizer PCE powder"},"content":{"rendered":"<p><strong>Superplasticizer PCE powder<\/strong> l\u00e0 m\u1ed9t lo\u1ea1i ph\u1ee5 gia \u0111\u01b0\u1ee3c s\u1eed d\u1ee5ng trong ng\u00e0nh x\u00e2y d\u1ef1ng. V\u00e0 \u0111\u1ec3 c\u1ea3i thi\u1ec7n t\u00ednh ch\u1ea5t c\u1ee7a v\u1eefa, b\u00ea t\u00f4ng v\u00e0 s\u01a1n. \u0110\u00e2y l\u00e0 m\u1ed9t ch\u1ea5t ph\u1ee5 gia h\u00f3a h\u1ecdc hi\u1ec7u qu\u1ea3. Gi\u00fap c\u1ea3i thi\u1ec7n kh\u1ea3 n\u0103ng b\u01a1m, b\u1ea3o qu\u1ea3n n\u01b0\u1edbc v\u00e0 \u0111\u1ed9 b\u1ec1n c\u1ee7a c\u00e1c s\u1ea3n ph\u1ea9m x\u00e2y d\u1ef1ng.<\/p>\n<h2><strong>\u0110\u1eb7c t\u00ednh c\u1ee7a Ph\u1ee5 gia si\u00eau d\u1ebbo PCE b\u1ed9t (Polycarboxylate Ether)<\/strong><\/h2>\n<p>&#8211; Ph\u1ee5 gia si\u00eau d\u1ebbo PCE b\u1ed9t l\u00e0 m\u1ed9t lo\u1ea1i ph\u1ee5 gia c\u00f3 t\u00ednh si\u00eau d\u1ebbo. C\u00f3 kh\u1ea3 n\u0103ng gi\u00fap t\u0103ng c\u01b0\u1eddng t\u00ednh linh ho\u1ea1t v\u00e0 \u0111\u1ed9 co gi\u00e3n c\u1ee7a v\u1eadt li\u1ec7u x\u00e2y d\u1ef1ng. \u0110i\u1ec1u n\u00e0y gi\u00fap s\u1ea3n ph\u1ea9m ch\u1ecbu nhi\u1ec7t \u0111\u1ed9 v\u00e0 t\u1ea3i tr\u1ecdng cao m\u00e0 v\u1eabn duy tr\u00ec \u0111\u1ed9 b\u1ec1n v\u00e0 t\u00ednh \u1ed5n \u0111\u1ecbnh.<\/p>\n<p>&#8211; PCE b\u1ed9t gi\u00fap c\u1ea3i thi\u1ec7n t\u00ednh ch\u1ea5t b\u01a1m c\u1ee7a b\u00ea t\u00f4ng v\u00e0 v\u1eefa. L\u00e0m cho qu\u00e1 tr\u00ecnh tr\u1ea3i b\u00ea t\u00f4ng v\u00e0o c\u00e1c k\u1ebft c\u1ea5u ph\u1ee9c t\u1ea1p v\u00e0 xa x\u00f4i tr\u1edf n\u00ean d\u1ec5 d\u00e0ng h\u01a1n. \u0110i\u1ec1u n\u00e0y gi\u00fap t\u1ed1i \u01b0u h\u00f3a hi\u1ec7u su\u1ea5t c\u00f4ng vi\u1ec7c v\u00e0 gi\u1ea3m th\u1eddi gian ho\u00e0n th\u00e0nh.<\/p>\n<p>&#8211; S\u1ea3n ph\u1ea9m n\u00e0y c\u1ea3i thi\u1ec7n t\u00ednh ch\u1ea5t ch\u1ed1ng th\u1ea5m n\u01b0\u1edbc c\u1ee7a b\u00ea t\u00f4ng v\u00e0 v\u1eefa. Gi\u00fap c\u1ea3i thi\u1ec7n kh\u1ea3 n\u0103ng ch\u1ecbu n\u01b0\u1edbc v\u00e0 t\u0103ng c\u01b0\u1eddng \u0111\u1ed9 b\u1ec1n c\u1ee7a c\u00f4ng tr\u00ecnh x\u00e2y d\u1ef1ng trong \u0111i\u1ec1u ki\u1ec7n \u1ea9m \u01b0\u1edbt ho\u1eb7c th\u1eddi ti\u1ebft kh\u1eafc nghi\u1ec7t.<\/p>\n<p>&#8211; PCE b\u1ed9t gi\u00fap gi\u1ea3m th\u1eddi gian tr\u00f4i tr\u1ea3i c\u1ee7a b\u00ea t\u00f4ng v\u00e0 v\u1eefa. Gi\u1ea3m t\u1ed1i \u0111a s\u1ef1 m\u1ea5t n\u01b0\u1edbc qua b\u1ec1 m\u1eb7t tr\u00f4i tr\u1ea3i v\u00e0 gi\u00fap t\u1ed1i \u01b0u h\u00f3a qu\u00e1 tr\u00ecnh c\u00f4ng vi\u1ec7c.<\/p>\n<p>&#8211; T\u00ednh ch\u1ea5t d\u1ebbo v\u00e0 t\u0103ng c\u01b0\u1eddng hi\u1ec7u su\u1ea5t c\u1ee7a PCE b\u1ed9t gi\u00fap gi\u1ea3m hao ph\u00ed v\u1eadt li\u1ec7u v\u00e0 n\u01b0\u1edbc trong qu\u00e1 tr\u00ecnh s\u1ea3n xu\u1ea5t.<\/p>\n<p>&#8211; Ph\u1ee5 gia si\u00eau d\u1ebbo PCE b\u1ed9t c\u00f3 t\u00ednh hi\u1ec7u su\u1ea5t cao. Gi\u00fap c\u1ea3i thi\u1ec7n t\u00ednh ch\u1ea5t v\u00e0 \u0111\u00e1p \u1ee9ng nhanh ch\u00f3ng y\u00eau c\u1ea7u c\u1ee7a c\u00e1c c\u00f4ng tr\u00ecnh x\u00e2y d\u1ef1ng.<\/p>\n<p>&#8211; PCE b\u1ed9t gi\u00fap c\u1ea3i thi\u1ec7n t\u00ednh \u1ed5n \u0111\u1ecbnh c\u1ee7a h\u1ed7n h\u1ee3p v\u00e0 \u0111\u1ea3m b\u1ea3o s\u1ef1 ph\u00e2n t\u00e1n \u0111\u1ed3ng \u0111\u1ec1u c\u1ee7a c\u00e1c th\u00e0nh ph\u1ea7n. Gi\u1ea3m thi\u1ec3u hao ph\u00ed n\u0103ng l\u01b0\u1ee3ng v\u00e0 gi\u1ea3m t\u00e1c \u0111\u1ed9ng ti\u00eau th\u1ee5 nguy\u00ean li\u1ec7u.<\/p>\n<p>&#8211; Ph\u1ee5 gia n\u00e0y kh\u00f4ng \u0111\u1ed9c h\u1ea1i v\u00e0 kh\u00f4ng g\u00e2y d\u1ecb \u1ee9ng, \u0111\u00e1ng tin c\u1eady v\u00e0 an to\u00e0n cho ng\u01b0\u1eddi s\u1eed d\u1ee5ng.<\/p>\n<h2><strong>\u1ee8ng d\u1ee5ng c\u1ee7a Ph\u1ee5 gia si\u00eau d\u1ebbo PCE b\u1ed9t (Polycarboxylate Ether)<\/strong><\/h2>\n<p>&#8211; Ph\u1ee5 gia PCE b\u1ed9t th\u01b0\u1eddng \u0111\u01b0\u1ee3c s\u1eed d\u1ee5ng \u0111\u1ec3 s\u1ea3n xu\u1ea5t b\u00ea t\u00f4ng t\u1ef1 tr\u00f4i. B\u00ea t\u00f4ng t\u1ef1 tr\u00f4i \u0111\u01b0\u1ee3c s\u1eed d\u1ee5ng trong c\u00e1c c\u00f4ng tr\u00ecnh x\u00e2y d\u1ef1ng l\u1edbn ho\u1eb7c ph\u1ee9c t\u1ea1p. N\u01a1i c\u1ea7n \u0111\u1ea3m b\u1ea3o t\u00ednh ch\u00ednh x\u00e1c v\u00e0 \u0111\u1ed3ng nh\u1ea5t trong vi\u1ec7c tr\u1ea3i b\u00ea t\u00f4ng l\u00ean c\u00e1c k\u1ebft c\u1ea5u kh\u00f3 ti\u1ebfp c\u1eadn.<\/p>\n<p>&#8211; PCE b\u1ed9t \u0111\u01b0\u1ee3c s\u1eed d\u1ee5ng nh\u01b0 m\u1ed9t ph\u1ee5 gia gi\u00fap t\u0103ng c\u01b0\u1eddng t\u00ednh ch\u1ea5t b\u00e1m d\u00ednh v\u00e0 \u0111\u1ed9 co gi\u00e3n c\u1ee7a b\u00ea t\u00f4ng. \u0110i\u1ec1u n\u00e0y gi\u00fap c\u1ea3i thi\u1ec7n t\u00ednh \u0111\u00e0n h\u1ed3i v\u00e0 kh\u1ea3 n\u0103ng ch\u1ed1ng n\u1ee9t c\u1ee7a b\u1ec1 m\u1eb7t nh\u1ef1a \u0111\u01b0\u1eddng.<\/p>\n<p>&#8211; Ph\u1ee5 gia si\u00eau d\u1ebbo PCE b\u1ed9t \u0111\u01b0\u1ee3c s\u1eed d\u1ee5ng \u0111\u1ec3 s\u1ea3n xu\u1ea5t v\u1eefa c\u01b0\u1eddng \u0111\u1ed9 cao. \u0110\u01b0\u1ee3c s\u1eed d\u1ee5ng trong x\u00e2y d\u1ef1ng c\u00e1c c\u00f4ng tr\u00ecnh y\u00eau c\u1ea7u kh\u1ea3 n\u0103ng ch\u1ecbu l\u1ef1c v\u00e0 \u0111\u1ed9 b\u1ec1n cao.<\/p>\n<p>&#8211; PCE b\u1ed9t gi\u00fap c\u1ea3i thi\u1ec7n t\u00ednh ch\u1ea5t b\u00e1m d\u00ednh c\u1ee7a keo d\u00e1n g\u1ea1ch v\u00e0 g\u1ea1ch kh\u00f4ng nung. Gi\u00fap t\u0103ng c\u01b0\u1eddng kh\u1ea3 n\u0103ng k\u1ebft n\u1ed1i v\u00e0 b\u00e1m d\u00ednh v\u1edbi c\u00e1c b\u1ec1 m\u1eb7t x\u00e2y d\u1ef1ng.<\/p>\n<p>&#8211; Trong c\u00e1c \u1ee9ng d\u1ee5ng v\u1eefa b\u01a1m, v\u1eefa ch\u1eefa ch\u00e1y v\u00e0 v\u1eefa ch\u1eefa khe n\u1ee9t. <a href=\"https:\/\/pcecatlam.vn\/\">PCE<\/a> b\u1ed9t gi\u00fap t\u0103ng c\u01b0\u1eddng t\u00ednh ch\u1ea5t b\u01a1m v\u00e0 \u0111\u1ed9 nh\u1edbt, gi\u00fap vi\u1ec7c \u1ee9ng d\u1ee5ng v\u00e0 ch\u1eefa tr\u1ecb d\u1ec5 d\u00e0ng h\u01a1n.<\/p>\n<p>&#8211; PCE b\u1ed9t \u0111\u01b0\u1ee3c s\u1eed d\u1ee5ng l\u00e0m ph\u1ee5 gia t\u1ea1o \u0111\u1ed9 nh\u1edbt v\u00e0 \u0111\u1ed9 d\u1ebbo cho s\u01a1n n\u01b0\u1edbc v\u00e0 s\u01a1n l\u00f3t. \u0110i\u1ec1u n\u00e0y gi\u00fap c\u1ea3i thi\u1ec7n t\u00ednh ch\u1ea5t b\u00e1m d\u00ednh v\u00e0 kh\u1ea3 n\u0103ng ch\u1ed1ng th\u1ea5m n\u01b0\u1edbc c\u1ee7a s\u01a1n.<\/p>\n<p>&nbsp;<\/p>","protected":false},"excerpt":{"rendered":"<p>Ph\u1ee5 gia si\u00eau d\u1ebbo PCE b\u1ed9t l\u00e0 m\u1ed9t lo\u1ea1i ph\u1ee5 gia \u0111\u01b0\u1ee3c s\u1eed d\u1ee5ng trong ng\u00e0nh x\u00e2y d\u1ef1ng. V\u00e0 \u0111\u1ec3 c\u1ea3i thi\u1ec7n t\u00ednh ch\u1ea5t c\u1ee7a v\u1eefa, b\u00ea t\u00f4ng v\u00e0 s\u01a1n. \u0110\u00e2y l\u00e0 m\u1ed9t ch\u1ea5t ph\u1ee5 gia h\u00f3a h\u1ecdc hi\u1ec7u qu\u1ea3. Gi\u00fap c\u1ea3i thi\u1ec7n kh\u1ea3 n\u0103ng b\u01a1m, b\u1ea3o qu\u1ea3n n\u01b0\u1edbc v\u00e0 \u0111\u1ed9 b\u1ec1n c\u1ee7a c\u00e1c s\u1ea3n [&hellip;]<\/p>","protected":false},"featured_media":9242,"comment_status":"closed","ping_status":"closed","template":"","meta":[],"yst_prominent_words":[],"acf":[],"_links":{"self":[{"href":"https:\/\/pcecatlam.vn\/en\/wp-json\/wp\/v2\/product\/8608"}],"collection":[{"href":"https:\/\/pcecatlam.vn\/en\/wp-json\/wp\/v2\/product"}],"about":[{"href":"https:\/\/pcecatlam.vn\/en\/wp-json\/wp\/v2\/types\/product"}],"replies":[{"embeddable":true,"href":"https:\/\/pcecatlam.vn\/en\/wp-json\/wp\/v2\/comments?post=8608"}],"wp:featuredmedia":[{"embeddable":true,"href":"https:\/\/pcecatlam.vn\/en\/wp-json\/wp\/v2\/media\/9242"}],"wp:attachment":[{"href":"https:\/\/pcecatlam.vn\/en\/wp-json\/wp\/v2\/media?parent=8608"}],"wp:term":[{"taxonomy":"yst_prominent_words","embeddable":true,"href":"https:\/\/pcecatlam.vn\/en\/wp-json\/wp\/v2\/yst_prominent_words?post=8608"}],"curies":[{"name":"wp","href":"https:\/\/api.w.org\/{rel}","templated":true}]}}