{"id":8335,"date":"2023-06-30T15:45:29","date_gmt":"2023-06-30T08:45:29","guid":{"rendered":"https:\/\/pcecatlam.vn\/?post_type=product&#038;p=8335"},"modified":"2023-11-21T10:01:51","modified_gmt":"2023-11-21T03:01:51","slug":"phu-gia-tao-dac-hpmc-pl70d","status":"publish","type":"product","link":"https:\/\/pcecatlam.vn\/en\/product\/phu-gia-tao-dac-hpmc-pl70d\/","title":{"rendered":"Thickener additive HPMC PL70D"},"content":{"rendered":"<p><strong>HPMC PL70D<\/strong> (Hydroxypropyl Methyl Cellulose PL70D) l\u00e0 m\u1ed9t lo\u1ea1i cellulose methyl h\u00f3a v\u00e0 hydroxypropyl h\u00f3a. N\u00f3 l\u00e0 m\u1ed9t ch\u1ea5t b\u1ed9t m\u1ecbn m\u00e0u tr\u1eafng v\u00e0 kh\u00f4ng m\u00f9i.<\/p>\n<h2><strong>\u0110\u1eb7c t\u00ednh<\/strong><\/h2>\n<p>&#8211; HPMC PL70D c\u00f3 \u0111\u1ed9 nh\u1edbt cao, l\u00e0m cho n\u00f3 tr\u1edf th\u00e0nh m\u1ed9t ch\u1ea5t ph\u1ee5 gia t\u1ea1o \u0111\u1ed9 nh\u1edbt v\u00e0 \u1ed5n \u0111\u1ecbnh trong nhi\u1ec1u \u1ee9ng d\u1ee5ng. D\u1ec5 d\u00e0ng h\u00f2a tan trong n\u01b0\u1edbc, t\u1ea1o th\u00e0nh dung d\u1ecbch trong su\u1ed1t v\u00e0 kh\u00f4ng g\u00e2y \u0111\u1ee5c.<\/p>\n<p>&#8211; T\u00ednh h\u00f2a tan t\u1ed1t gi\u00fap d\u1ec5 d\u00e0ng pha tr\u1ed9n v\u00e0 k\u1ebft h\u1ee3p v\u1edbi c\u00e1c th\u00e0nh ph\u1ea7n kh\u00e1c trong c\u00f4ng th\u1ee9c.<\/p>\n<p>&#8211; HPMC PL70D c\u00f3 kh\u1ea3 n\u0103ng ch\u1ecbu nhi\u1ec7t \u0111\u1ed9 cao, kh\u00f4ng b\u1ecb ph\u00e2n h\u1ee7y hay m\u1ea5t t\u00ednh ch\u1ea5t trong qu\u00e1 tr\u00ecnh nhi\u1ec7t \u0111\u1ed9 cao.<\/p>\n<p>&#8211; C\u00f3 kh\u1ea3 n\u0103ng kh\u00e1ng khu\u1ea9n, gi\u00fap ng\u0103n ch\u1eb7n s\u1ef1 ph\u00e1t tri\u1ec3n c\u1ee7a vi khu\u1ea9n v\u00e0 n\u1ea5m g\u00e2y h\u1ea1i trong s\u1ea3n ph\u1ea9m.<\/p>\n<p>&#8211; C\u00f3 t\u00ednh \u1ed5n \u0111\u1ecbnh cao, kh\u00f4ng d\u1ec5 b\u1ecb \u1ea3nh h\u01b0\u1edfng b\u1edfi \u00e1nh s\u00e1ng, nhi\u1ec7t \u0111\u1ed9 v\u00e0 oxy. \u0110i\u1ec1u n\u00e0y gi\u00fap s\u1ea3n ph\u1ea9m cu\u1ed1i c\u00f9ng duy tr\u00ec t\u00ednh ch\u1ea5t \u1ed5n \u0111\u1ecbnh trong th\u1eddi gian d\u00e0i.<\/p>\n<p>&#8211; T\u1ea1o \u0111\u1eb7c, gi\u1eef n\u01b0\u1edbc, c\u1ea3i thi\u1ec7n t\u00ednh ch\u1ea5t v\u1eadt l\u00fd, t\u0103ng b\u00e1m d\u00ednh v\u00e0 t\u0103ng kh\u1ea3 n\u0103ng thi c\u00f4ng c\u1ee7a v\u1eefa x\u00e2y d\u1ef1ng<\/p>\n<p>&#8211; Ch\u1ed1ng th\u1ea5m, ch\u1ed1ng n\u1ee9t v\u00e0 t\u0103ng c\u01b0\u1eddng \u0111\u1ed9 b\u1ec1n c\u01a1 h\u1ecdc Keo d\u00e1n g\u1ea1ch, v\u1eefa b\u00e1m d\u00ednh<\/p>\n<h2><strong>\u1ee8ng d\u1ee5ng c\u1ee7a HPMC PL70D<\/strong><\/h2>\n<p>&#8211; HPMC PL70D \u0111\u01b0\u1ee3c s\u1eed d\u1ee5ng trong s\u1ea3n xu\u1ea5t v\u1eefa, s\u01a1n, v\u00e0 keo d\u00e1n g\u1ea1ch. C\u1ea3i thi\u1ec7n t\u00ednh ch\u1ea5t b\u00e1m d\u00ednh, \u0111\u1ed9 co gi\u00e3n v\u00e0 ch\u1ed1ng th\u1ea5m n\u01b0\u1edbc c\u1ee7a c\u00e1c v\u1eadt li\u1ec7u x\u00e2y d\u1ef1ng. Gi\u00fap t\u0103ng c\u01b0\u1eddng hi\u1ec7u su\u1ea5t c\u1ee7a c\u00f4ng tr\u00ecnh x\u00e2y d\u1ef1ng.<\/p>\n<p>&#8211; \u0110\u01b0\u1ee3c s\u1eed d\u1ee5ng l\u00e0m ch\u1ea5t k\u1ebft d\u00ednh trong c\u00e1c s\u1ea3n ph\u1ea9m s\u01a1n n\u01b0\u1edbc, ch\u1ea5t tr\u00e1m, ch\u1ea5t ch\u1ed1ng th\u1ea5m, v\u00e0 ch\u1ea5t l\u00e0m k\u00edn kh\u00e1c. Gi\u00fap t\u0103ng c\u01b0\u1eddng t\u00ednh ch\u1ea5t ch\u1ed1ng th\u1ea5m v\u00e0 b\u00e1m d\u00ednh c\u1ee7a c\u00e1c s\u1ea3n ph\u1ea9m n\u00e0y.<\/p>\n<p>&#8211; Trong ng\u00e0nh d\u1ec7t may, HPMC PL70D \u0111\u01b0\u1ee3c s\u1eed d\u1ee5ng nh\u01b0 ch\u1ea5t t\u1ea1o \u0111\u1ed9 b\u1ec1n cho s\u1ee3i v\u00e0 v\u1ea3i. N\u00f3 c\u1ea3i thi\u1ec7n t\u00ednh n\u0103ng c\u01a1 h\u1ecdc v\u00e0 ch\u1ecbu nhi\u1ec7t c\u1ee7a c\u00e1c s\u1ea3n ph\u1ea9m d\u1ec7t may.<\/p>\n<p>&#8211; HPMC PL70D c\u00f3 th\u1ec3 \u0111\u01b0\u1ee3c s\u1eed d\u1ee5ng nh\u01b0 ch\u1ea5t l\u00e0m d\u00e0y, ch\u1ea5t t\u1ea1o \u0111\u1ed9 nh\u1edbt v\u00e0 ch\u1ea5t t\u1ea1o k\u1ebft c\u1ea5u trong c\u00e1c s\u1ea3n ph\u1ea9m nh\u01b0 s\u1ed1t, n\u01b0\u1edbc ch\u1ea5m, kem, v\u00e0 \u0111\u1ed3 h\u1ed9p.<\/p>\n<p>&#8211; Trong ng\u00e0nh d\u01b0\u1ee3c ph\u1ea9m \u0111\u01b0\u1ee3c s\u1eed d\u1ee5ng nh\u01b0 m\u1ed9t ch\u1ea5t ch\u1ed1ng th\u1eddi gian tan v\u00e0 t\u1ea1o \u0111\u1ed9 nh\u0169 ho\u00e1 cho c\u00e1c lo\u1ea1i vi\u00ean n\u00e9n, vi\u00ean bao phim v\u00e0 c\u00e1c d\u1ea1ng d\u01b0\u1ee3c ph\u1ea9m kh\u00e1c.<\/p>\n<p>&#8211; S\u1ea3n ph\u1ea9m h\u00f3a ch\u1ea5t c\u00f4ng nghi\u1ec7p c\u0169ng c\u00f3 th\u1ec3 \u0111\u01b0\u1ee3c s\u1eed d\u1ee5ng nh\u01b0 ch\u1ea5t ph\u1ee5 gia trong s\u1ea3n xu\u1ea5t ch\u1ea5t t\u1ea1o \u0111\u1ed9 b\u1ec1n, ch\u1ea5t ch\u1ed1ng th\u1ea5m, v\u00e0 ch\u1ea5t trung h\u00f2a pH.<\/p>","protected":false},"excerpt":{"rendered":"<ul>\n<li>Th\u01b0\u01a1ng hi\u1ec7u : Pankey<\/li>\n<li>Nh\u00e0 ph\u00e2n ph\u1ed1i : C\u00d4NG TY TNHH PCE C\u00c1T L\u00c2M<\/li>\n<li>Lo\u1ea1i s\u1ea3n ph\u1ea9m : D\u1ea1ng b\u1ed9t m\u00e0u tr\u1eafngHPMC PL70D<\/li>\n<li>\u0110\u00f3ng g\u00f3i : Bao 25kg<\/li>\n<\/ul>","protected":false},"featured_media":9133,"comment_status":"closed","ping_status":"closed","template":"","meta":[],"yst_prominent_words":[],"acf":[],"_links":{"self":[{"href":"https:\/\/pcecatlam.vn\/en\/wp-json\/wp\/v2\/product\/8335"}],"collection":[{"href":"https:\/\/pcecatlam.vn\/en\/wp-json\/wp\/v2\/product"}],"about":[{"href":"https:\/\/pcecatlam.vn\/en\/wp-json\/wp\/v2\/types\/product"}],"replies":[{"embeddable":true,"href":"https:\/\/pcecatlam.vn\/en\/wp-json\/wp\/v2\/comments?post=8335"}],"wp:featuredmedia":[{"embeddable":true,"href":"https:\/\/pcecatlam.vn\/en\/wp-json\/wp\/v2\/media\/9133"}],"wp:attachment":[{"href":"https:\/\/pcecatlam.vn\/en\/wp-json\/wp\/v2\/media?parent=8335"}],"wp:term":[{"taxonomy":"yst_prominent_words","embeddable":true,"href":"https:\/\/pcecatlam.vn\/en\/wp-json\/wp\/v2\/yst_prominent_words?post=8335"}],"curies":[{"name":"wp","href":"https:\/\/api.w.org\/{rel}","templated":true}]}}