{"id":8307,"date":"2023-06-29T16:46:50","date_gmt":"2023-06-29T09:46:50","guid":{"rendered":"https:\/\/pcecatlam.vn\/?post_type=product&#038;p=8307"},"modified":"2023-11-21T10:03:31","modified_gmt":"2023-11-21T03:03:31","slug":"phu-gia-giu-nuoc-hpmc-sc200","status":"publish","type":"product","link":"https:\/\/pcecatlam.vn\/en\/product\/phu-gia-giu-nuoc-hpmc-sc200\/","title":{"rendered":"HPMC SC200 water retention additive"},"content":{"rendered":"<p style=\"text-align: justify;\">Ph\u1ee5 gia HPMC SC200 l\u00e0 m\u1ed9t lo\u1ea1i ch\u1ea5t ph\u1ee5 gia t\u1ed5ng h\u1ee3p \u0111\u01b0\u1ee3c s\u1eed d\u1ee5ng r\u1ed9ng r\u00e3i trong ng\u00e0nh x\u00e2y d\u1ef1ng. SC200 &#8220;Surface Coating 200&#8221;, \u0111\u01b0\u1ee3c \u1ee9ng d\u1ee5ng ch\u1ee7 y\u1ebfu trong c\u00e1c c\u00f4ng tr\u00ecnh s\u01a1n v\u00e0 ch\u1ea5t ph\u1ee7 b\u1ec1 m\u1eb7t.<\/p>\n<h2 style=\"text-align: justify;\"><strong>\u0110\u1eb7c t\u00ednh\u00a0<\/strong><\/h2>\n<p style=\"text-align: justify;\">&#8211; Ph\u1ee5 gia HPMC SC200 gi\u00fap t\u0103ng c\u01b0\u1eddng \u0111\u1ed9 nh\u1edbt c\u1ee7a h\u1ec7 th\u1ed1ng s\u01a1n v\u00e0 ch\u1ea5t ph\u1ee7. \u0110i\u1ec1u n\u00e0y gi\u00fap ki\u1ec3m so\u00e1t l\u01b0u l\u01b0\u1ee3ng ch\u1ea3y v\u00e0 \u0111\u1ed9 nh\u1edbt. \u0110\u1ed3ng th\u1eddi c\u1ea3i thi\u1ec7n kh\u1ea3 n\u0103ng ph\u1ee7 l\u00ean b\u1ec1 m\u1eb7t v\u00e0 ki\u1ec3m so\u00e1t d\u00f2ng ch\u1ea3y c\u1ee7a s\u1ea3n ph\u1ea9m.<\/p>\n<p style=\"text-align: justify;\">&#8211; HPMC SC200 c\u00f3 kh\u1ea3 n\u0103ng t\u1ea1o m\u00e0ng ch\u1eafn b\u1ec1n v\u1eefng tr\u00ean b\u1ec1 m\u1eb7t \u0111\u01b0\u1ee3c ph\u1ee7, t\u1ea1o ra m\u1ed9t l\u1edbp b\u1ea3o v\u1ec7 ch\u1ea5t l\u01b0\u1ee3ng cao. M\u00e0ng t\u1ea1o ra c\u00f3 t\u00ednh linh ho\u1ea1t, \u0111\u1ed9 b\u00f3ng v\u00e0 \u0111\u1ed9 d\u00e0y \u0111i\u1ec1u ch\u1ec9nh. T\u0103ng c\u01b0\u1eddng t\u00ednh th\u1ea9m m\u1ef9 v\u00e0 \u0111\u1ed9 b\u1ec1n c\u1ee7a b\u1ec1 m\u1eb7t.<\/p>\n<p style=\"text-align: justify;\">&#8211; Ph\u1ee5 gia SC200 c\u00f3 t\u00ednh kh\u00e1ng n\u01b0\u1edbc cao. N\u00f3 cung c\u1ea5p kh\u1ea3 n\u0103ng ch\u1ed1ng th\u1ea5m t\u1ed1t cho c\u00e1c s\u1ea3n ph\u1ea9m s\u01a1n v\u00e0 ch\u1ea5t ph\u1ee7. N\u00f3 ng\u0103n ng\u1eeba th\u1ea5m n\u01b0\u1edbc v\u00e0 c\u00e1c ch\u1ea5t l\u1ecfng kh\u00e1c x\u00e2m nh\u1eadp v\u00e0o b\u1ec1 m\u1eb7t. B\u1ea3o v\u1ec7 c\u00f4ng tr\u00ecnh x\u00e2y d\u1ef1ng kh\u1ecfi s\u1ef1 \u1ea3nh h\u01b0\u1edfng c\u1ee7a m\u00f4i tr\u01b0\u1eddng.<\/p>\n<p style=\"text-align: justify;\">&#8211; HPMC SC200 gi\u00fap c\u1ea3i thi\u1ec7n t\u00ednh \u1ed5n \u0111\u1ecbnh v\u00e0 tu\u1ed5i th\u1ecd c\u1ee7a s\u01a1n v\u00e0 ch\u1ea5t ph\u1ee7. N\u00f3 ng\u0103n ch\u1eb7n t\u00e1ch l\u1edbp, ph\u00e2n t\u00e1ch v\u00e0 ch\u1ea3y trong qu\u00e1 tr\u00ecnh s\u1eed d\u1ee5ng. Nh\u1eb1m \u0111\u1ea3m b\u1ea3o s\u1ef1 \u0111\u1ed3ng nh\u1ea5t v\u00e0 hi\u1ec7u qu\u1ea3 c\u1ee7a s\u1ea3n ph\u1ea9m.<\/p>\n<h2 style=\"text-align: justify;\"><strong>\u1ee8ng d\u1ee5ng c\u1ee7a ph\u1ee5 gia HPMC SC200<\/strong><\/h2>\n<p style=\"text-align: justify;\">&#8211; Ph\u1ee5 gia n\u00e0y \u0111\u01b0\u1ee3c s\u1eed d\u1ee5ng trong s\u1ea3n xu\u1ea5t s\u01a1n ngo\u1ea1i th\u1ea5t v\u00e0 n\u1ed9i th\u1ea5t, ch\u1ea5t ph\u1ee7 b\u1ec1 m\u1eb7t v\u00e0 v\u1eefa.<\/p>\n<p style=\"text-align: justify;\">&#8211; Ph\u1ee5 gia HPMC SC200 c\u00f2n \u0111\u00f3ng vai tr\u00f2 quan tr\u1ecdng trong vi\u1ec7c c\u1ea3i thi\u1ec7n t\u00ednh ch\u1ea5t m\u00e0u s\u1eafc v\u00e0 \u0111\u1ed9 m\u1edd c\u1ee7a s\u1ea3n ph\u1ea9m.<\/p>\n<p style=\"text-align: justify;\">&#8211; Ngo\u00e0i ra, n\u00f3 c\u00f2n gi\u00fap che gi\u1ea5u c\u00e1c khuy\u1ebft \u0111i\u1ec3m b\u1ec1 m\u1eb7t v\u00e0 t\u1ea1o \u0111\u1ed9 m\u1ecbn m\u00e0ng cho b\u1ec1 m\u1eb7t \u0111\u01b0\u1ee3c ph\u1ee7.<\/p>","protected":false},"excerpt":{"rendered":"<ul class=\"list-unstyled\">\n<li class=\"infos mt1x\"><strong>Th\u01b0\u01a1ng hi\u1ec7u\u00a0 \u00a0\u00a0<\/strong>: LANDERCOLL \u2013 SC200<\/li>\n<li class=\"infos mt1x\"><strong>Xu\u1ea5t x\u1ee9\u00a0 \u00a0 \u00a0 \u00a0 \u00a0 \u00a0 \u00a0<\/strong>: TRUNG QU\u1ed0C<\/li>\n<li><strong>Nh\u00e0 ph\u00e2n ph\u1ed1i<\/strong>\u00a0: C\u00d4NG TY TNHH PCE C\u00c1T L\u00c2M<\/li>\n<li class=\"infos mt1x\"><strong>Lo\u1ea1i s\u1ea3n ph\u1ea9m\u00a0<\/strong>: D\u1ea1ng b\u1ed9t m\u00e0u tr\u1eafng<\/li>\n<li><strong>Pack\u00a0 \u00a0 \u00a0 \u00a0 \u00a0 \u00a0<\/strong>: Bao 25kg<\/li>\n<\/ul>","protected":false},"featured_media":9135,"comment_status":"closed","ping_status":"closed","template":"","meta":[],"yst_prominent_words":[],"acf":[],"_links":{"self":[{"href":"https:\/\/pcecatlam.vn\/en\/wp-json\/wp\/v2\/product\/8307"}],"collection":[{"href":"https:\/\/pcecatlam.vn\/en\/wp-json\/wp\/v2\/product"}],"about":[{"href":"https:\/\/pcecatlam.vn\/en\/wp-json\/wp\/v2\/types\/product"}],"replies":[{"embeddable":true,"href":"https:\/\/pcecatlam.vn\/en\/wp-json\/wp\/v2\/comments?post=8307"}],"wp:featuredmedia":[{"embeddable":true,"href":"https:\/\/pcecatlam.vn\/en\/wp-json\/wp\/v2\/media\/9135"}],"wp:attachment":[{"href":"https:\/\/pcecatlam.vn\/en\/wp-json\/wp\/v2\/media?parent=8307"}],"wp:term":[{"taxonomy":"yst_prominent_words","embeddable":true,"href":"https:\/\/pcecatlam.vn\/en\/wp-json\/wp\/v2\/yst_prominent_words?post=8307"}],"curies":[{"name":"wp","href":"https:\/\/api.w.org\/{rel}","templated":true}]}}