{"id":8297,"date":"2023-06-28T16:56:34","date_gmt":"2023-06-28T09:56:34","guid":{"rendered":"https:\/\/pcecatlam.vn\/?post_type=product&#038;p=8297"},"modified":"2024-10-16T10:17:29","modified_gmt":"2024-10-16T03:17:29","slug":"vinnapas-5044n","status":"publish","type":"product","link":"https:\/\/pcecatlam.vn\/en\/product\/vinnapas-5044n\/","title":{"rendered":"Vinnapas 5044N adhesion-abrasion-increasing polymer"},"content":{"rendered":"<p><em>Vinnapas \u0111\u00e3 tr\u1edf th\u00e0nh m\u1ed9t gi\u1ea3i ph\u00e1p l\u00fd t\u01b0\u1edfng, gi\u00fap t\u1ed1i \u01b0u h\u00f3a hi\u1ec7u su\u1ea5t c\u1ee7a c\u00e1c s\u1ea3n ph\u1ea9m nh\u01b0 v\u1eefa, keo d\u00e1n g\u1ea1ch, v\u00e0 s\u01a1n. N\u1ebfu b\u1ea1n ch\u01b0a bi\u1ebft v\u1ec1 s\u1ea3n ph\u1ea9m n\u00e0y, h\u00e3y c\u00f9ng <a href=\"https:\/\/pcecatlam.vn\/\">PCE C\u00e1t L\u00e2m<\/a> kh\u00e1m ph\u00e1 nh\u1eefng \u0111\u1eb7c \u0111i\u1ec3m n\u1ed5i b\u1eadt v\u00e0 \u1ee9ng d\u1ee5ng th\u1ef1c t\u1ebf c\u1ee7a polymer t\u0103ng b\u00e1m d\u00ednh, m\u00e0i m\u00f2n <a href=\"https:\/\/pcecatlam.vn\/product\/polymer-tang-bam-dinh-mai-mon-vinnapas-5044n\/\" target=\"_blank\" rel=\"noopener\">Vinnapas 5044N<\/a> nh\u00e9.<\/em><\/p>\n<h2><strong>Vinnapas 5044N l\u00e0 g\u00ec? T\u00ecm hi\u1ec3u v\u1ec1 polymer t\u0103ng b\u00e1m d\u00ednh, m\u00e0i m\u00f2n<\/strong><\/h2>\n<p>Vinnapas 5044N l\u00e0 m\u1ed9t lo\u1ea1i b\u1ed9t polymer ph\u00e2n t\u00e1n, \u0111\u01b0\u1ee3c d\u00f9ng cho v\u1eefa tr\u1ed9n kh\u00f4, keo d\u00e1n g\u1ea1ch v\u00e0 s\u01a1n trang tr\u00ed.<\/p>\n<p><a href=\"https:\/\/vi.wikipedia.org\/wiki\/Polymer\">Polymer<\/a> n\u00e0y c\u00f3 vai tr\u00f2 quan tr\u1ecdng trong vi\u1ec7c l\u00e0m m\u1ed1i li\u00ean k\u1ebft v\u1eefng ch\u1eafc gi\u1eefa c\u00e1c v\u1eadt li\u1ec7u v\u1edbi nhau, gi\u00fap ch\u00fang c\u00f3 \u0111\u1ed9 b\u1ec1n cao h\u01a1n, kh\u1ea3 n\u0103ng ch\u1ed1ng n\u1ee9t t\u1ed1t h\u01a1n v\u00e0 ch\u1ecbu \u0111\u01b0\u1ee3c c\u00e1c t\u00e1c \u0111\u1ed9ng c\u01a1 h\u1ecdc m\u1ed9t c\u00e1ch hi\u1ec7u qu\u1ea3.<\/p>\n<div id=\"attachment_9605\" style=\"width: 810px\" class=\"wp-caption aligncenter\"><img aria-describedby=\"caption-attachment-9605\" decoding=\"async\" loading=\"lazy\" class=\"wp-image-9605 size-full\" src=\"https:\/\/pcecatlam.vn\/wp-content\/uploads\/2023\/06\/vinnapas-5044N5.jpg\" alt=\"Vinnapas 5044N\" width=\"800\" height=\"591\" srcset=\"https:\/\/pcecatlam.vn\/wp-content\/uploads\/2023\/06\/vinnapas-5044N5.jpg 800w, https:\/\/pcecatlam.vn\/wp-content\/uploads\/2023\/06\/vinnapas-5044N5-300x222.jpg 300w, https:\/\/pcecatlam.vn\/wp-content\/uploads\/2023\/06\/vinnapas-5044N5-768x567.jpg 768w, https:\/\/pcecatlam.vn\/wp-content\/uploads\/2023\/06\/vinnapas-5044N5-16x12.jpg 16w, https:\/\/pcecatlam.vn\/wp-content\/uploads\/2023\/06\/vinnapas-5044N5-600x443.jpg 600w\" sizes=\"(max-width: 800px) 100vw, 800px\" \/><p id=\"caption-attachment-9605\" class=\"wp-caption-text\">Lo\u1ea1i vinnapas n\u00e0y kh\u00e1 ph\u1ed5 bi\u1ebfn v\u1edbi nhi\u1ec1u nh\u00e0 cung \u1ee9ng c\u00f9ng gi\u00e1 th\u00e0nh kh\u00e1c nhau<\/p><\/div>\n<p>V\u1edbi t\u00ednh linh ho\u1ea1t trong vi\u1ec7c thi c\u00f4ng, \u0111\u00e2y l\u00e0 m\u1ed9t s\u1ea3n ph\u1ea9m l\u00fd t\u01b0\u1edfng cho c\u00e1c c\u00f4ng tr\u00ecnh y\u00eau c\u1ea7u cao v\u1ec1 t\u00ednh \u1ed5n \u0111\u1ecbnh v\u00e0 \u0111\u1ed9 b\u1ec1n.<\/p>\n<blockquote><p>Xem th\u00eam: <a href=\"https:\/\/pcecatlam.vn\/product-category\/polymer-vinnapas\/\" target=\"_blank\" rel=\"noopener\">S\u1ea3n ph\u1ea9m polymer Vinnapas c\u00e1c lo\u1ea1i t\u1ea1i PCE C\u00e1t L\u00e2m<\/a><\/p><\/blockquote>\n<h2><strong>\u0110\u1eb7c t\u00ednh n\u1ed5i b\u1eadt c\u1ee7a b\u1ed9t polymer Vinnapas 5044N mang l\u1ea1i hi\u1ec7u qu\u1ea3 t\u1ed1i \u01b0u<\/strong><\/h2>\n<p>\u0110\u1eb7c t\u00ednh n\u1ed5i b\u1eadt c\u1ee7a Vinnapas 5044N ch\u00ednh l\u00e0 s\u1ef1 k\u1ebft h\u1ee3p ho\u00e0n h\u1ea3o gi\u1eefa kh\u1ea3 n\u0103ng t\u0103ng b\u00e1m d\u00ednh v\u00e0 ch\u1ed1ng m\u00e0i m\u00f2n.<\/p>\n<p>V\u1edbi t\u00ednh ch\u1ea5t co d\u00e3n v\u00e0 \u0111\u00e0n h\u1ed3i, cho ph\u00e9p n\u00f3 ch\u1ecbu \u0111\u01b0\u1ee3c bi\u1ebfn d\u1ea1ng v\u00e0 \u0111\u1ecbnh h\u00ecnh tr\u00ean nhi\u1ec1u b\u1ec1 m\u1eb7t kh\u00e1c nhau nh\u01b0: g\u1ed7, g\u1ea1ch men, b\u00ea t\u00f4ng, v\u00e0 th\u1eadm ch\u00ed c\u1ea3 b\u1ec1 m\u1eb7t kim lo\u1ea1i.<\/p>\n<p>V\u1edbi \u0111\u1eb7c t\u00ednh ch\u1ed1ng th\u1ea5m n\u01b0\u1edbc t\u1ed1t, lo\u1ea1i b\u1ed9t polymer n\u00e0y gi\u00fap ng\u0103n ng\u1eeba c\u00e1c ch\u1ea5t l\u1ecfng kh\u00e1c x\u00e2m nh\u1eadp v\u00e0o b\u1ec1 m\u1eb7t \u0111\u01b0\u1ee3c b\u1ea3o v\u1ec7, gi\u00fap k\u00e9o d\u00e0i tu\u1ed5i th\u1ecd cho c\u00e1c c\u00f4ng tr\u00ecnh ngo\u00e0i tr\u1eddi ho\u1eb7c \u1edf nh\u1eefng khu v\u1ef1c c\u00f3 \u0111\u1ed9 \u1ea9m cao.<\/p>\n<div id=\"attachment_9604\" style=\"width: 810px\" class=\"wp-caption aligncenter\"><img aria-describedby=\"caption-attachment-9604\" decoding=\"async\" loading=\"lazy\" class=\"wp-image-9604 size-full\" src=\"https:\/\/pcecatlam.vn\/wp-content\/uploads\/2023\/06\/vinnapas-5044N3.jpg\" alt=\"Vinnapas 5044N\" width=\"800\" height=\"800\" srcset=\"https:\/\/pcecatlam.vn\/wp-content\/uploads\/2023\/06\/vinnapas-5044N3.jpg 800w, https:\/\/pcecatlam.vn\/wp-content\/uploads\/2023\/06\/vinnapas-5044N3-300x300.jpg 300w, https:\/\/pcecatlam.vn\/wp-content\/uploads\/2023\/06\/vinnapas-5044N3-150x150.jpg 150w, https:\/\/pcecatlam.vn\/wp-content\/uploads\/2023\/06\/vinnapas-5044N3-768x768.jpg 768w, https:\/\/pcecatlam.vn\/wp-content\/uploads\/2023\/06\/vinnapas-5044N3-12x12.jpg 12w, https:\/\/pcecatlam.vn\/wp-content\/uploads\/2023\/06\/vinnapas-5044N3-600x600.jpg 600w, https:\/\/pcecatlam.vn\/wp-content\/uploads\/2023\/06\/vinnapas-5044N3-100x100.jpg 100w\" sizes=\"(max-width: 800px) 100vw, 800px\" \/><p id=\"caption-attachment-9604\" class=\"wp-caption-text\">S\u1ea3n ph\u1ea9m n\u00e0y c\u00f3 c\u00e1c \u0111\u1eb7c \u0111i\u1ec3m v\u01b0\u1ee3t tr\u1ed9i \u0111\u1ec3 \u1ee9ng d\u1ee5ng trong x\u00e2y d\u1ef1ng<\/p><\/div>\n<p>Tuy ch\u1ed1ng th\u1ea5m n\u01b0\u1edbc nh\u01b0ng s\u1ea3n ph\u1ea9m n\u00e0y l\u1ea1i c\u00f3 kh\u1ea3 n\u0103ng pha lo\u00e3ng d\u1ec5 d\u00e0ng v\u1edbi n\u01b0\u1edbc v\u00e0 h\u00f2a tan trong c\u00e1c dung m\u00f4i ph\u00f9 h\u1ee3p, ti\u1ec7n l\u1ee3i trong x\u00e2y d\u1ef1ng.<\/p>\n<p>Nh\u1edd kh\u1ea3 n\u0103ng ch\u1ecbu \u0111\u01b0\u1ee3c c\u00e1c \u0111i\u1ec1u ki\u1ec7n kh\u1eafc nghi\u1ec7t nh\u01b0 nhi\u1ec7t \u0111\u1ed9 cao, \u00e1nh s\u00e1ng m\u1eb7t tr\u1eddi v\u00e0 c\u00e1c y\u1ebfu t\u1ed1 m\u00f4i tr\u01b0\u1eddng kh\u00e1c, Vinnapas 5044N c\u00f3 kh\u1ea3 n\u0103ng ch\u1ed1ng m\u00e0i m\u00f2n c\u1ef1c t\u1ed1t.<\/p>\n<h2>C\u00e1c \u1ee9ng d\u1ee5ng \u0111a n\u0103ng c\u1ee7a b\u1ed9t Polymer Vinnapas 5044N<\/h2>\n<p>D\u01b0\u1edbi \u0111\u00e2y l\u00e0 c\u00e1c \u1ee9ng d\u1ee5ng \u0111a n\u0103ng m\u00e0 b\u1ea1n c\u1ea7n bi\u1ebft \u0111\u1ec3 t\u1eadn d\u1ee5ng t\u1ed1i \u0111a s\u1ea3n ph\u1ea9m n\u00e0y.<\/p>\n<h3>\u1ee8ng d\u1ee5ng trong v\u1eefa kh\u00f4 tr\u1ed9n s\u1eb5n<\/h3>\n<p>M\u1ed9t trong nh\u1eefng \u1ee9ng d\u1ee5ng ph\u1ed5 bi\u1ebfn c\u1ee7a lo\u1ea1i polymer n\u00e0y l\u00e0 trong c\u00e1c lo\u1ea1i v\u1eefa kh\u00f4 tr\u1ed9n s\u1eb5n. B\u1ed9t polymer n\u00e0y gi\u00fap t\u0103ng c\u01b0\u1eddng \u0111\u1ed9 b\u00e1m d\u00ednh, kh\u1ea3 n\u0103ng ch\u1ed1ng n\u1ee9t, v\u00e0 c\u1ea3i thi\u1ec7n t\u00ednh \u0111\u00e0n h\u1ed3i c\u1ee7a v\u1eefa.<\/p>\n<p>\u0110\u1eb7c bi\u1ec7t, s\u1ea3n ph\u1ea9m n\u00e0y gi\u00fap v\u1eefa b\u00e1m d\u00ednh t\u1ed1t h\u01a1n l\u00ean c\u00e1c b\u1ec1 m\u1eb7t kh\u00e1c nhau, t\u1eeb b\u00ea t\u00f4ng, g\u1ea1ch men, \u0111\u1ebfn th\u1ea1ch cao, l\u00e0m t\u0103ng \u0111\u1ed9 b\u1ec1n v\u00e0 tu\u1ed5i th\u1ecd c\u1ee7a c\u00e1c c\u00f4ng tr\u00ecnh x\u00e2y d\u1ef1ng.<\/p>\n<h3>S\u1eed d\u1ee5ng trong s\u1ea3n xu\u1ea5t keo d\u00e1n g\u1ea1ch<\/h3>\n<p>Keo d\u00e1n g\u1ea1ch l\u00e0 m\u1ed9t trong nh\u1eefng s\u1ea3n ph\u1ea9m kh\u00f4ng th\u1ec3 thi\u1ebfu trong ng\u00e0nh x\u00e2y d\u1ef1ng hi\u1ec7n nay, \u0111\u1eb7c bi\u1ec7t l\u00e0 trong c\u00e1c c\u00f4ng tr\u00ecnh y\u00eau c\u1ea7u \u0111\u1ed9 b\u00e1m d\u00ednh cao.<\/p>\n<p>Vinnapas 5044N gi\u00fap t\u0103ng kh\u1ea3 n\u0103ng k\u1ebft d\u00ednh c\u1ee7a keo d\u00e1n g\u1ea1ch, \u0111\u1ed3ng th\u1eddi c\u1ea3i thi\u1ec7n \u0111\u1ed9 linh ho\u1ea1t, gi\u00fap g\u1ea1ch d\u00ednh ch\u1eafc v\u00e0o b\u1ec1 m\u1eb7t n\u1ec1n m\u00e0 kh\u00f4ng b\u1ecb bong tr\u00f3c hay n\u1ee9t v\u1ee1.<\/p>\n<blockquote><p>Xem th\u00eam: <a href=\"https:\/\/pcecatlam.vn\/keo-dan-gach\/\" target=\"_blank\" rel=\"noopener\">Keo d\u00e1n g\u1ea1ch l\u00e0 g\u00ec? C\u00e1c ch\u1ec9 ti\u00eau \u0111\u00e1nh gi\u00e1 keo d\u00e1n g\u1ea1ch chu\u1ea9n<\/a><\/p><\/blockquote>\n<h3>L\u00e0m ch\u1ea5t k\u1ebft d\u00ednh trong s\u01a1n ch\u1ed1ng th\u1ea5m<\/h3>\n<p>Polymer Vinnapas 5044N c\u00f2n \u0111\u01b0\u1ee3c s\u1eed d\u1ee5ng r\u1ed9ng r\u00e3i trong s\u01a1n ch\u1ed1ng th\u1ea5m. V\u1edbi \u0111\u1eb7c t\u00ednh t\u0103ng c\u01b0\u1eddng kh\u1ea3 n\u0103ng b\u00e1m d\u00ednh v\u00e0 ch\u1ed1ng m\u00e0i m\u00f2n, s\u1ea3n ph\u1ea9m n\u00e0y gi\u00fap t\u0103ng \u0111\u1ed9 b\u1ec1n v\u00e0 kh\u1ea3 n\u0103ng b\u1ea3o v\u1ec7 c\u1ee7a s\u01a1n ch\u1ed1ng th\u1ea5m tr\u00ean c\u00e1c b\u1ec1 m\u1eb7t t\u01b0\u1eddng, m\u00e1i, v\u00e0 c\u00e1c c\u00f4ng tr\u00ecnh ngo\u1ea1i th\u1ea5t.<\/p>\n<div id=\"attachment_9606\" style=\"width: 810px\" class=\"wp-caption aligncenter\"><img aria-describedby=\"caption-attachment-9606\" decoding=\"async\" loading=\"lazy\" class=\"wp-image-9606 size-full\" src=\"https:\/\/pcecatlam.vn\/wp-content\/uploads\/2023\/06\/vinnapas-5044N4.jpg\" alt=\"Vinnapas 5044N\" width=\"800\" height=\"600\" srcset=\"https:\/\/pcecatlam.vn\/wp-content\/uploads\/2023\/06\/vinnapas-5044N4.jpg 800w, https:\/\/pcecatlam.vn\/wp-content\/uploads\/2023\/06\/vinnapas-5044N4-300x225.jpg 300w, https:\/\/pcecatlam.vn\/wp-content\/uploads\/2023\/06\/vinnapas-5044N4-768x576.jpg 768w, https:\/\/pcecatlam.vn\/wp-content\/uploads\/2023\/06\/vinnapas-5044N4-16x12.jpg 16w, https:\/\/pcecatlam.vn\/wp-content\/uploads\/2023\/06\/vinnapas-5044N4-600x450.jpg 600w\" sizes=\"(max-width: 800px) 100vw, 800px\" \/><p id=\"caption-attachment-9606\" class=\"wp-caption-text\">T\u0103ng \u0111\u1ed9 b\u1ec1n c\u1ee7a l\u1edbp s\u01a1n ch\u1ed1ng th\u1ea5m v\u1edbi b\u1ed9t polymer<\/p><\/div>\n<p>\u0110i\u1ec1u n\u00e0y gi\u00fap c\u00f4ng tr\u00ecnh ch\u1ecbu \u0111\u01b0\u1ee3c t\u00e1c \u0111\u1ed9ng t\u1eeb th\u1eddi ti\u1ebft kh\u1eafc nghi\u1ec7t nh\u01b0 m\u01b0a l\u1edbn, n\u1eafng g\u1eaft, v\u00e0 gi\u00f3 m\u1ea1nh.<\/p>\n<h3>L\u00e0m ch\u1ea5t ph\u1ee5 gia trong s\u1ea3n xu\u1ea5t b\u00ea t\u00f4ng<\/h3>\n<p>M\u1ed9t \u1ee9ng d\u1ee5ng kh\u00e1c c\u1ee7a s\u1ea3n ph\u1ea9m l\u00e0 l\u00e0m ph\u1ee5 gia cho b\u00ea t\u00f4ng, gi\u00fap t\u0103ng \u0111\u1ed9 linh ho\u1ea1t v\u00e0 kh\u1ea3 n\u0103ng ch\u1ed1ng n\u1ee9t.<\/p>\n<p>Khi th\u00eam polymer n\u00e0y v\u00e0o h\u1ed7n h\u1ee3p b\u00ea t\u00f4ng, c\u00e1c c\u1ea5u tr\u00fac b\u00ea t\u00f4ng s\u1ebd c\u00f3 \u0111\u1ed9 b\u1ec1n cao h\u01a1n, kh\u1ea3 n\u0103ng ch\u1ecbu m\u00e0i m\u00f2n t\u1ed1t h\u01a1n, v\u00e0 ch\u1ed1ng l\u1ea1i s\u1ef1 co ng\u00f3t ho\u1eb7c gi\u00e3n n\u1edf do thay \u0111\u1ed5i nhi\u1ec7t \u0111\u1ed9.<\/p>\n<p>\u0110i\u1ec1u n\u00e0y \u0111\u1eb7c bi\u1ec7t h\u1eefu \u00edch trong c\u00e1c c\u00f4ng tr\u00ecnh y\u00eau c\u1ea7u \u0111\u1ed9 b\u1ec1n d\u00e0i h\u1ea1n nh\u01b0 c\u1ea7u \u0111\u01b0\u1eddng, nh\u00e0 x\u01b0\u1edfng, v\u00e0 c\u00e1c c\u00f4ng tr\u00ecnh h\u1ea1 t\u1ea7ng.<\/p>\n<h3>\u1ee8ng d\u1ee5ng s\u1ea3n xu\u1ea5t v\u1eadt li\u1ec7u c\u00e1ch nhi\u1ec7t<\/h3>\n<p>Vinnapas 5044N c\u0169ng c\u00f3 \u1ee9ng d\u1ee5ng trong s\u1ea3n xu\u1ea5t c\u00e1c lo\u1ea1i v\u1eadt li\u1ec7u c\u00e1ch nhi\u1ec7t, \u0111\u1eb7c bi\u1ec7t l\u00e0 c\u00e1c lo\u1ea1i v\u1eefa c\u00e1ch nhi\u1ec7t v\u00e0 l\u1edbp ph\u1ee7 b\u1ea3o v\u1ec7.<\/p>\n<p>Nh\u1edd \u0111\u1eb7c t\u00ednh t\u0103ng b\u00e1m d\u00ednh v\u00e0 ch\u1ed1ng m\u00e0i m\u00f2n, s\u1ea3n ph\u1ea9m gi\u00fap c\u1ea3i thi\u1ec7n kh\u1ea3 n\u0103ng ch\u1ecbu nhi\u1ec7t v\u00e0 b\u1ea3o v\u1ec7 b\u1ec1 m\u1eb7t c\u1ee7a v\u1eadt li\u1ec7u c\u00e1ch nhi\u1ec7t tr\u01b0\u1edbc c\u00e1c y\u1ebfu t\u1ed1 m\u00f4i tr\u01b0\u1eddng, t\u0103ng hi\u1ec7u qu\u1ea3 c\u00e1ch nhi\u1ec7t v\u00e0 gi\u1ea3m t\u1ed5n th\u1ea5t n\u0103ng l\u01b0\u1ee3ng.<\/p>\n<h3>T\u0103ng c\u01b0\u1eddng trong c\u00e1c h\u1ec7 th\u1ed1ng tr\u00e1m khe<\/h3>\n<p>Trong c\u00e1c h\u1ec7 th\u1ed1ng tr\u00e1m khe v\u00e0 ch\u1ed1ng th\u1ea5m, s\u1ea3n ph\u1ea9m gi\u00fap t\u0103ng c\u01b0\u1eddng kh\u1ea3 n\u0103ng li\u00ean k\u1ebft gi\u1eefa v\u1eadt li\u1ec7u tr\u00e1m v\u00e0 b\u1ec1 m\u1eb7t c\u1ea7n x\u1eed l\u00fd.<\/p>\n<p>\u0110i\u1ec1u n\u00e0y gi\u00fap b\u1ea3o v\u1ec7 c\u00e1c khe n\u1ed1i kh\u1ecfi t\u00e1c \u0111\u1ed9ng c\u1ee7a n\u01b0\u1edbc, h\u00f3a ch\u1ea5t, v\u00e0 c\u00e1c t\u00e1c nh\u00e2n g\u00e2y m\u00e0i m\u00f2n, \u0111\u1eb7c bi\u1ec7t trong c\u00e1c c\u00f4ng tr\u00ecnh ngo\u00e0i tr\u1eddi ho\u1eb7c nh\u1eefng khu v\u1ef1c th\u01b0\u1eddng xuy\u00ean ti\u1ebfp x\u00fac v\u1edbi n\u01b0\u1edbc.<\/p>\n<h2>Th\u00f4ng s\u1ed1 k\u1ef9 thu\u1eadt c\u1ee7a b\u1ed9t polymer t\u0103ng b\u00e1m d\u00ednh &#8211; m\u00e0i m\u00f2n Vinnapas 5044N<\/h2>\n<p>\u0110\u1ec3 \u0111\u1ea3m b\u1ea3o vi\u1ec7c s\u1eed d\u1ee5ng s\u1ea3n ph\u1ea9m \u0111\u1ea1t hi\u1ec7u qu\u1ea3 cao nh\u1ea5t, c\u00e1c th\u00f4ng s\u1ed1 k\u1ef9 thu\u1eadt c\u1ee7a s\u1ea3n ph\u1ea9m c\u1ea7n \u0111\u01b0\u1ee3c n\u1eafm v\u1eefng. D\u01b0\u1edbi \u0111\u00e2y l\u00e0 m\u1ed9t s\u1ed1 th\u00f4ng tin quan tr\u1ecdng:<\/p>\n<table>\n<tbody>\n<tr>\n<td>\n<p style=\"text-align: center;\">Ch\u1ec9 ti\u00eau k\u1ef9 thu\u1eadt<\/p>\n<\/td>\n<td style=\"text-align: center;\">Ph\u01b0\u01a1ng ph\u00e1p th\u1eed<\/td>\n<td>\n<p style=\"text-align: center;\">Gi\u00e1 tr\u1ecb<\/p>\n<\/td>\n<\/tr>\n<tr>\n<td>H\u00e0m l\u01b0\u1ee3ng ch\u1ea5t r\u1eafn<\/td>\n<td>DIN EN ISO 3251<\/td>\n<td>min.98%<\/td>\n<\/tr>\n<tr>\n<td>H\u00e0m l\u01b0\u1ee3ng tro (1000C)<\/td>\n<td>Specific method<\/td>\n<td>max.12%<\/td>\n<\/tr>\n<tr>\n<td>M\u1eadt \u0111\u1ed9<\/td>\n<td>DIN EN ISO 60<\/td>\n<td>400-550 kg\/m3<\/td>\n<\/tr>\n<tr>\n<td>K\u00edch c\u1ee1 h\u1ea1t<\/td>\n<td>DIN EN ISO 4610<\/td>\n<td>max.4% tr\u00ean s\u00e0ng 400m<\/td>\n<\/tr>\n<tr>\n<td>\n<p style=\"text-align: center;\">\u0110\u1eb7c \u0111i\u1ec3m chung \u0111i\u1ec3n h\u00ecnh<\/p>\n<\/td>\n<td style=\"text-align: center;\">Ph\u01b0\u01a1ng ph\u00e1p ki\u1ec3m tra<\/td>\n<td>\n<p style=\"text-align: center;\">Gi\u00e1 tr\u1ecb<\/p>\n<\/td>\n<\/tr>\n<tr>\n<td>Ngo\u1ea1i quan<\/td>\n<td>Tr\u1ef1c quan<\/td>\n<td>B\u1ed9t m\u00e0u tr\u1eafng s\u00e1ng \u0111\u1ebfn m\u00e0u tr\u1eafng be nh\u1ea1t<\/td>\n<\/tr>\n<tr>\n<td>H\u1ec7 keo\/nh\u0169 h\u00f3a b\u1ea3o v\u1ec7<\/td>\n<td><\/td>\n<td>Polyvinyl alcohol<\/td>\n<\/tr>\n<tr>\n<td>Nhi\u1ec7t \u0111\u1ed9 t\u1ea1o m\u00e0ng nh\u1ecf nh\u1ea5t<\/td>\n<td>DIN EN ISO 2115<\/td>\n<td>0C<\/td>\n<\/tr>\n<\/tbody>\n<\/table>\n<h2>Nh\u01b0\u1ee3c \u0111i\u1ec3m v\u00e0 c\u00e1c l\u01b0u \u00fd khi ch\u1ecdn mua b\u1ed9t polymer Vinnapas 5044N c\u00e1c lo\u1ea1i<\/h2>\n<p>Vinnapas 5044N thu\u1ed9c d\u00f2ng polymer ch\u1ea5t l\u01b0\u1ee3ng cao, do \u0111\u00f3 gi\u00e1 th\u00e0nh c\u1ee7a n\u00f3 cao h\u01a1n so v\u1edbi c\u00e1c lo\u1ea1i polymer kh\u00e1c. \u0110i\u1ec1u n\u00e0y c\u00f3 th\u1ec3 \u1ea3nh h\u01b0\u1edfng \u0111\u1ebfn t\u1ed5ng chi ph\u00ed c\u1ee7a d\u1ef1 \u00e1n, \u0111\u1eb7c bi\u1ec7t \u0111\u1ed1i v\u1edbi nh\u1eefng c\u00f4ng tr\u00ecnh l\u1edbn y\u00eau c\u1ea7u kh\u1ed1i l\u01b0\u1ee3ng l\u1edbn v\u1eadt li\u1ec7u.<\/p>\n<div id=\"attachment_9602\" style=\"width: 810px\" class=\"wp-caption aligncenter\"><img aria-describedby=\"caption-attachment-9602\" decoding=\"async\" loading=\"lazy\" class=\"wp-image-9602 size-full\" src=\"https:\/\/pcecatlam.vn\/wp-content\/uploads\/2023\/06\/vinnapas-5044N1.jpg\" alt=\"Vinnapas 5044N\" width=\"800\" height=\"1067\" srcset=\"https:\/\/pcecatlam.vn\/wp-content\/uploads\/2023\/06\/vinnapas-5044N1.jpg 800w, https:\/\/pcecatlam.vn\/wp-content\/uploads\/2023\/06\/vinnapas-5044N1-225x300.jpg 225w, https:\/\/pcecatlam.vn\/wp-content\/uploads\/2023\/06\/vinnapas-5044N1-768x1024.jpg 768w, https:\/\/pcecatlam.vn\/wp-content\/uploads\/2023\/06\/vinnapas-5044N1-9x12.jpg 9w, https:\/\/pcecatlam.vn\/wp-content\/uploads\/2023\/06\/vinnapas-5044N1-300x400.jpg 300w, https:\/\/pcecatlam.vn\/wp-content\/uploads\/2023\/06\/vinnapas-5044N1-600x800.jpg 600w\" sizes=\"(max-width: 800px) 100vw, 800px\" \/><p id=\"caption-attachment-9602\" class=\"wp-caption-text\">S\u1ea3n ph\u1ea9m Vinnapas c\u00e1c lo\u1ea1i c\u00f3 gi\u00e1 th\u00e0nh kh\u00e1 cao<\/p><\/div>\n<p>Vi\u1ec7c s\u1eed d\u1ee5ng \u0111\u00fang c\u00e1ch \u0111\u00f2i h\u1ecfi s\u1ef1 am hi\u1ec3u v\u1ec1 c\u00e1c th\u00f4ng s\u1ed1 k\u1ef9 thu\u1eadt v\u00e0 quy tr\u00ecnh pha tr\u1ed9n v\u1eadt li\u1ec7u. N\u1ebfu kh\u00f4ng \u0111\u01b0\u1ee3c s\u1eed d\u1ee5ng \u0111\u00fang c\u00e1ch, polymer n\u00e0y c\u00f3 th\u1ec3 kh\u00f4ng ph\u00e1t huy t\u1ed1i \u0111a hi\u1ec7u qu\u1ea3 c\u1ee7a m\u00ecnh, g\u00e2y l\u00e3ng ph\u00ed v\u00e0 gi\u1ea3m ch\u1ea5t l\u01b0\u1ee3ng c\u00f4ng tr\u00ecnh.<\/p>\n<h3>C\u00e1c l\u01b0u \u00fd khi ch\u1ecdn mua s\u1ea3n ph\u1ea9m b\u1ed9t polymer Vinnapas c\u00e1c lo\u1ea1i<\/h3>\n<ul>\n<li aria-level=\"1\">L\u1ef1a ch\u1ecdn nh\u00e0 cung c\u1ea5p uy t\u00edn: C\u00e1c s\u1ea3n ph\u1ea9m polymer th\u01b0\u1eddng d\u1ec5 b\u1ecb l\u00e0m gi\u1ea3, do \u0111\u00f3 b\u1ea1n n\u00ean c\u1ea3nh gi\u00e1c v\u1edbi nh\u1eefng ngu\u1ed3n cung c\u1ea5p c\u00f3 gi\u00e1 qu\u00e1 r\u1ebb ho\u1eb7c kh\u00f4ng r\u00f5 xu\u1ea5t x\u1ee9.<\/li>\n<li aria-level=\"1\">Ki\u1ec3m tra k\u1ef9 th\u00f4ng s\u1ed1 k\u1ef9 thu\u1eadt: \u0110i\u1ec1u n\u00e0y gi\u00fap b\u1ea1n \u0111\u1ea3m b\u1ea3o s\u1ea3n ph\u1ea9m ph\u00f9 h\u1ee3p v\u1edbi y\u00eau c\u1ea7u c\u1ee5 th\u1ec3 c\u1ee7a c\u00f4ng tr\u00ecnh v\u00e0 t\u1ed1i \u01b0u h\u00f3a hi\u1ec7u qu\u1ea3 thi c\u00f4ng.<\/li>\n<li aria-level=\"1\">Ch\u00fa \u00fd h\u1ea1n s\u1eed d\u1ee5ng: Vinnapas 5044N c\u1ea7n \u0111\u01b0\u1ee3c b\u1ea3o qu\u1ea3n trong \u0111i\u1ec1u ki\u1ec7n kh\u00f4 r\u00e1o, tr\u00e1nh \u1ea9m \u01b0\u1edbt v\u00e0 \u00e1nh n\u1eafng m\u1eb7t tr\u1eddi. \u0110\u1eb7c bi\u1ec7t, sau khi m\u1edf bao b\u00ec, c\u1ea7n \u0111\u1eady k\u00edn \u0111\u1ec3 tr\u00e1nh kh\u00f4ng kh\u00ed v\u00e0 h\u01a1i \u1ea9m x\u00e2m nh\u1eadp, g\u00e2y \u1ea3nh h\u01b0\u1edfng \u0111\u1ebfn ch\u1ea5t l\u01b0\u1ee3ng s\u1ea3n ph\u1ea9m.<\/li>\n<\/ul>\n<h2>C\u00e1ch b\u1ea3o qu\u1ea3n Vinnapas 5044N \u0111\u00fang c\u00e1ch \u0111\u1ec3 gi\u1eef hi\u1ec7u qu\u1ea3 t\u1ed1i \u0111a<\/h2>\n<p>Polymer Vinnapas 5044N c\u00f3 k\u1ebft c\u1ea5u d\u1ea1ng b\u1ed9t m\u00e0u tr\u1eafng, \u0111\u01b0\u1ee3c \u0111\u00f3ng g\u00f3i th\u00e0nh nh\u1eefng bao c\u00f3 kh\u1ed1i l\u01b0\u1ee3ng 25kg.<\/p>\n<p>C\u1ea7n l\u01b0u \u00fd qu\u00e1 tr\u00ecnh b\u1ea3o qu\u1ea3n \u0111\u1ec3 \u0111\u1ea3m b\u1ea3o s\u1ea3n ph\u1ea9m ph\u00e1t huy t\u00e1c d\u1ee5ng cao nh\u1ea5t. C\u1ea7n b\u1ea3o v\u1ec7 b\u1ed9t ch\u1ed1ng th\u1ea5m Vinnapas 5044N trong \u0111i\u1ec1u ki\u1ec7n nhi\u1ec7t \u0111\u1ed9 tr\u00ean 30\u00b0C, tr\u00e1nh ti\u1ebfp x\u00fac v\u1edbi h\u01a1i \u1ea9m.<\/p>\n<p>B\u1ea3o qu\u1ea3n s\u1ea3n ph\u1ea9m trong nh\u00e0 kho c\u00f3 \u0111i\u1ec1u ki\u1ec7n kh\u00f4 r\u00e1o v\u00e0 tho\u00e1ng m\u00e1t. Kh\u00f4ng l\u01b0u tr\u1eef qu\u00e1 s\u00e1u th\u00e1ng, k\u1ec3 t\u1eeb ng\u00e0y nh\u1eadn \u0111\u01b0\u1ee3c s\u1ea3n ph\u1ea9m, tr\u1eeb khi Gi\u1ea5y ch\u1ee9ng nh\u1eadn ph\u00e2n t\u00edch c\u00f3 ghi ng\u00e0y kh\u00e1c th\u00ec s\u1ebd \u0111\u01b0\u1ee3c \u01b0u ti\u00ean h\u01a1n.<\/p>\n<div id=\"attachment_9603\" style=\"width: 810px\" class=\"wp-caption aligncenter\"><img aria-describedby=\"caption-attachment-9603\" decoding=\"async\" loading=\"lazy\" class=\"wp-image-9603 size-full\" src=\"https:\/\/pcecatlam.vn\/wp-content\/uploads\/2023\/06\/vinnapas-5044N2.jpg\" alt=\"Vinnapas 5044N\" width=\"800\" height=\"1067\" srcset=\"https:\/\/pcecatlam.vn\/wp-content\/uploads\/2023\/06\/vinnapas-5044N2.jpg 800w, https:\/\/pcecatlam.vn\/wp-content\/uploads\/2023\/06\/vinnapas-5044N2-225x300.jpg 225w, https:\/\/pcecatlam.vn\/wp-content\/uploads\/2023\/06\/vinnapas-5044N2-768x1024.jpg 768w, https:\/\/pcecatlam.vn\/wp-content\/uploads\/2023\/06\/vinnapas-5044N2-9x12.jpg 9w, https:\/\/pcecatlam.vn\/wp-content\/uploads\/2023\/06\/vinnapas-5044N2-300x400.jpg 300w, https:\/\/pcecatlam.vn\/wp-content\/uploads\/2023\/06\/vinnapas-5044N2-600x800.jpg 600w\" sizes=\"(max-width: 800px) 100vw, 800px\" \/><p id=\"caption-attachment-9603\" class=\"wp-caption-text\">C\u1ea7n b\u1ea3o qu\u1ea3n s\u1ea3n ph\u1ea9m \u1edf c\u00e1c kho kh\u00f4 tho\u00e1ng<\/p><\/div>\n<p>S\u1ea3n ph\u1ea9m \u0111\u01b0\u1ee3c l\u01b0u tr\u1eef l\u00e2u h\u01a1n khuy\u1ebfn ngh\u1ecb v\u1eabn c\u00f3 th\u1ec3 \u0111\u01b0\u1ee3c s\u1eed d\u1ee5ng \u0111\u01b0\u1ee3c nh\u01b0ng ng\u01b0\u1eddi d\u00f9ng n\u00ean c\u00e2n nh\u1eafc, x\u00e1c minh c\u00e1c \u0111\u1eb7c t\u00ednh c\u1ea7n thi\u1ebft cho m\u1ee5c \u0111\u00edch s\u1eed d\u1ee5ng.<\/p>\n<h2>\u0110\u1ecba ch\u1ec9 mua b\u1ed9t polymer Vinnapas 5044N uy t\u00edn v\u00e0 ch\u1ea5t l\u01b0\u1ee3ng<\/h2>\n<p>Khi l\u1ef1a ch\u1ecdn nh\u00e0 cung c\u1ea5p cho s\u1ea3n ph\u1ea9m Vinnapas 5044N, \u0111i\u1ec1u quan tr\u1ecdng l\u00e0 b\u1ea1n n\u00ean \u01b0u ti\u00ean nh\u1eefng \u0111\u01a1n v\u1ecb c\u00f3 uy t\u00edn, \u0111\u1eb7c bi\u1ec7t l\u00e0 nh\u1eefng nh\u00e0 cung c\u1ea5p l\u1edbn v\u00e0 c\u00f3 nhi\u1ec1u n\u0103m kinh nghi\u1ec7m trong ng\u00e0nh v\u1eadt li\u1ec7u x\u00e2y d\u1ef1ng.<\/p>\n<p>PCE C\u00e1t L\u00e2m l\u00e0 c\u00f4ng ty TNHH ph\u00e2n ph\u1ed1i c\u00e1c s\u1ea3n ph\u1ea9m chuy\u00ean d\u1ee5ng, nguy\u00ean v\u1eadt li\u1ec7u, h\u00f3a ch\u1ea5t ng\u00e0nh x\u00e2y d\u1ef1ng uy t\u00edn, ch\u1ea5t l\u01b0\u1ee3ng.<\/p>\n<p>V\u1edbi m\u1ea1ng l\u01b0\u1edbi ph\u00e2n ph\u1ed1i r\u1ed9ng kh\u1eafp c\u00e1c t\u1ec9nh th\u00e0nh, b\u1ed9t polymer Vinnapas 5044N t\u1ea1i PCE C\u00e1t L\u00e2m ch\u1ea5t l\u01b0\u1ee3ng lu\u00f4n \u0111\u01b0\u1ee3c \u0111\u1ea3m b\u1ea3o khi \u0111\u1ebfn tay kh\u00e1ch h\u00e0ng.<\/p>\n<p>B\u1ed9t polymer Vinnapas 5044N t\u0103ng b\u00e1m d\u00ednh &#8211; m\u00e0i m\u00f2n l\u00e0 s\u1ea3n ph\u1ea9m l\u00fd t\u01b0\u1edfng mang l\u1ea1i nhi\u1ec1u l\u1ee3i \u00edch v\u01b0\u1ee3t tr\u1ed9i cho c\u00e1c c\u00f4ng tr\u00ecnh x\u00e2y d\u1ef1ng v\u00e0 ho\u00e0n thi\u1ec7n.<\/p>\n<p>T\u1eeb kh\u1ea3 n\u0103ng b\u00e1m d\u00ednh, ch\u1ed1ng m\u00e0i m\u00f2n, \u0111\u1ebfn ch\u1ed1ng th\u1ea5m v\u00e0 t\u0103ng \u0111\u1ed9 b\u1ec1n c\u01a1 h\u1ecdc, s\u1ea3n ph\u1ea9m n\u00e0y gi\u00fap n\u00e2ng cao ch\u1ea5t l\u01b0\u1ee3ng v\u00e0 \u0111\u1ed9 b\u1ec1n c\u1ee7a c\u00e1c c\u00f4ng tr\u00ecnh.<\/p>\n<p>H\u00e3y li\u00ean h\u1ec7 ngay v\u1edbi PCE C\u00e1t L\u00e2m qua <strong>hotline: 0918 268 637<\/strong> \u0111\u1ec3 \u0111\u01b0\u1ee3c t\u01b0 v\u1ea5n chi ti\u1ebft h\u01a1n v\u1ec1 s\u1ea3n ph\u1ea9m b\u1ed9t polymer Vinnapas 5044N nh\u00e9.<\/p>","protected":false},"excerpt":{"rendered":"<p>Vinnapas \u0111\u00e3 tr\u1edf th\u00e0nh m\u1ed9t gi\u1ea3i ph\u00e1p l\u00fd t\u01b0\u1edfng, gi\u00fap t\u1ed1i \u01b0u h\u00f3a hi\u1ec7u su\u1ea5t c\u1ee7a c\u00e1c s\u1ea3n ph\u1ea9m nh\u01b0 v\u1eefa, keo d\u00e1n g\u1ea1ch, v\u00e0 s\u01a1n. N\u1ebfu b\u1ea1n ch\u01b0a bi\u1ebft v\u1ec1 s\u1ea3n ph\u1ea9m n\u00e0y, h\u00e3y c\u00f9ng PCE C\u00e1t L\u00e2m kh\u00e1m ph\u00e1 nh\u1eefng \u0111\u1eb7c \u0111i\u1ec3m n\u1ed5i b\u1eadt v\u00e0 \u1ee9ng d\u1ee5ng th\u1ef1c t\u1ebf c\u1ee7a polymer t\u0103ng b\u00e1m [&hellip;]<\/p>","protected":false},"featured_media":9607,"comment_status":"closed","ping_status":"closed","template":"","meta":[],"yst_prominent_words":[],"acf":[],"_links":{"self":[{"href":"https:\/\/pcecatlam.vn\/en\/wp-json\/wp\/v2\/product\/8297"}],"collection":[{"href":"https:\/\/pcecatlam.vn\/en\/wp-json\/wp\/v2\/product"}],"about":[{"href":"https:\/\/pcecatlam.vn\/en\/wp-json\/wp\/v2\/types\/product"}],"replies":[{"embeddable":true,"href":"https:\/\/pcecatlam.vn\/en\/wp-json\/wp\/v2\/comments?post=8297"}],"wp:featuredmedia":[{"embeddable":true,"href":"https:\/\/pcecatlam.vn\/en\/wp-json\/wp\/v2\/media\/9607"}],"wp:attachment":[{"href":"https:\/\/pcecatlam.vn\/en\/wp-json\/wp\/v2\/media?parent=8297"}],"wp:term":[{"taxonomy":"yst_prominent_words","embeddable":true,"href":"https:\/\/pcecatlam.vn\/en\/wp-json\/wp\/v2\/yst_prominent_words?post=8297"}],"curies":[{"name":"wp","href":"https:\/\/api.w.org\/{rel}","templated":true}]}}