{"id":7969,"date":"2023-03-07T16:59:03","date_gmt":"2023-03-07T09:59:03","guid":{"rendered":"https:\/\/pcecatlam.vn\/?post_type=product&#038;p=7969"},"modified":"2026-03-14T09:41:18","modified_gmt":"2026-03-14T02:41:18","slug":"polymer-chong-tham-vinnapas-8034h","status":"publish","type":"product","link":"https:\/\/pcecatlam.vn\/en\/product\/polymer-chong-tham-vinnapas-8034h\/","title":{"rendered":"Vinnapas 8034H waterproofing polymer"},"content":{"rendered":"<p><i><span style=\"font-weight: 400;\">Khi nh\u1eafc \u0111\u1ebfn m\u1ed9t lo\u1ea1i v\u1eadt li\u1ec7u x\u00e2y d\u1ef1ng c\u00f3 kh\u1ea3 n\u0103ng ch\u1ed1ng th\u1ea5m hi\u1ec7u qu\u1ea3 cho c\u00e1c c\u00f4ng tr\u00ecnh x\u00e2y d\u1ef1ng, kh\u00f4ng th\u1ec3 kh\u00f4ng k\u1ec3 \u0111\u1ebfn polymer Vinnapas 8034H. S\u1ea3n ph\u1ea9m \u0111\u01b0\u1ee3c \u0111\u00e1nh gi\u00e1 cao v\u1ec1 t\u00ednh ch\u1ed1ng n\u01b0\u1edbc v\u00e0 b\u00e1m d\u00ednh. N\u1ebfu b\u1ea1n ch\u01b0a bi\u1ebft v\u1ec1 s\u1ea3n ph\u1ea9m n\u00e0y, h\u00e3y c\u00f9ng <\/span><\/i><a href=\"https:\/\/pcecatlam.vn\/\"><i><span style=\"font-weight: 400;\">PCE C\u00e1t L\u00e2m<\/span><\/i><\/a><i><span style=\"font-weight: 400;\"> kh\u00e1m ph\u00e1 nh\u1eefng \u0111\u1eb7c \u0111i\u1ec3m n\u1ed5i b\u1eadt v\u00e0 \u1ee9ng d\u1ee5ng th\u1ef1c t\u1ebf c\u1ee7a <\/span><\/i><a href=\"https:\/\/pcecatlam.vn\/product\/polymer-chong-tham-vinnapas-8034h\/\"><b><i>polymer ch\u1ed1ng th\u1ea5m Vinnapas 8034H<\/i><\/b><\/a><i><span style=\"font-weight: 400;\"> \u0111\u1ec3 l\u1ef1a ch\u1ecdn v\u1eadt li\u1ec7u ph\u00f9 h\u1ee3p cho c\u00f4ng tr\u00ecnh c\u1ee7a m\u00ecnh!<\/span><\/i><\/p>\n<h2><b>Gi\u1edbi thi\u1ec7u v\u1ec1 s\u1ea3n ph\u1ea9m polymer ch\u1ed1ng th\u1ea5m Vinnapas 8034H<\/b><\/h2>\n<p>Vinnapas 8034H waterproofing polymer<span style=\"font-weight: 400;\"> l\u00e0 m\u1ed9t lo\u1ea1i b\u1ed9t <\/span><a href=\"https:\/\/vi.wikipedia.org\/wiki\/Polymer\"><span style=\"font-weight: 400;\">polymer<\/span><\/a><span style=\"font-weight: 400;\"> t\u00e1i ph\u00e2n t\u00e1n k\u1ef5 n\u01b0\u1edbc r\u1ea5t m\u1ea1nh thu\u1ed9c lo\u1ea1i s\u1ea3n ph\u1ea9m VINNAPAS\u00ae H n\u00ean c\u00f3 hi\u1ec7u \u1ee9ng k\u1ef5 n\u01b0\u1edbc \u0111\u00e1ng k\u1ec3.\u00a0<\/span><\/p>\n<p><span style=\"font-weight: 400;\">S\u1ea3n ph\u1ea9m d\u00f9ng cho v\u1eefa h\u1ed7n h\u1ee3p kh\u00f4, \u0111\u1eb7c bi\u1ec7t ph\u00f9 h\u1ee3p cho v\u1eefa l\u00e1t g\u1ea1ch, v\u1eefa tr\u00e1t v\u00e0 v\u1eefa tr\u00e1t, b\u1ed9t tr\u00e9t t\u01b0\u1eddng. Kh\u00f4ng ch\u1ec9 c\u00f3 kh\u1ea3 n\u0103ng b\u00e1m d\u00ednh cao m\u00e0 Vinnapas 8034H c\u00f2n c\u00f3 kh\u1ea3 n\u0103ng ch\u1ed1ng th\u1ea5m n\u01b0\u1edbc tuy\u1ec7t v\u1eddi.<\/span><\/p>\n<div id=\"attachment_9711\" style=\"width: 810px\" class=\"wp-caption aligncenter\"><img aria-describedby=\"caption-attachment-9711\" decoding=\"async\" loading=\"lazy\" class=\"wp-image-9711 size-full\" src=\"https:\/\/pcecatlam.vn\/wp-content\/uploads\/2023\/03\/polymer-chong-tham-vinnapas-8034h.jpg\" alt=\"Polymer ch\u1ed1ng th\u1ea5m Vinnapas 8034H\" width=\"800\" height=\"600\" srcset=\"https:\/\/pcecatlam.vn\/wp-content\/uploads\/2023\/03\/polymer-chong-tham-vinnapas-8034h.jpg 800w, https:\/\/pcecatlam.vn\/wp-content\/uploads\/2023\/03\/polymer-chong-tham-vinnapas-8034h-300x225.jpg 300w, https:\/\/pcecatlam.vn\/wp-content\/uploads\/2023\/03\/polymer-chong-tham-vinnapas-8034h-768x576.jpg 768w, https:\/\/pcecatlam.vn\/wp-content\/uploads\/2023\/03\/polymer-chong-tham-vinnapas-8034h-16x12.jpg 16w, https:\/\/pcecatlam.vn\/wp-content\/uploads\/2023\/03\/polymer-chong-tham-vinnapas-8034h-600x450.jpg 600w\" sizes=\"(max-width: 800px) 100vw, 800px\" \/><p id=\"caption-attachment-9711\" class=\"wp-caption-text\">Polymer ch\u1ed1ng th\u1ea5m Vinnapas 8034H c\u00f3 kh\u1ea3 n\u0103ng b\u00e1m d\u00ednh v\u00e0 ch\u1ed1ng n\u01b0\u1edbc cao<\/p><\/div>\n<h2><b>\u0110\u1eb7c t\u00ednh c\u1ee7a s\u1ea3n ph\u1ea9m polymer ch\u1ed1ng th\u1ea5m n\u01b0\u1edbc Vinnapas 8034H<\/b><\/h2>\n<p><span style=\"font-weight: 400;\">Polymer Vinnapas 8034H \u0111\u01b0\u1ee3c s\u1ea3n xu\u1ea5t b\u1edfi h\u00e3ng Wacker c\u1ee7a \u0110\u1ee9c \u0111\u00e3 kh\u1eb3ng \u0111\u1ecbnh v\u1ecb th\u1ebf l\u00e0 m\u1ed9t trong nh\u1eefng ph\u1ee5 gia x\u00e2y d\u1ef1ng h\u00e0ng \u0111\u1ea7u nh\u1edd c\u00f3 \u0111\u1eb7c t\u00ednh n\u1ed5i tr\u1ed9i.<\/span><\/p>\n<p><span style=\"font-weight: 400;\">Vinnapas 8034H l\u00e0 m\u1ed9t lo\u1ea1i b\u1ed9t terpolymer k\u1ef5 n\u01b0\u1edbc c\u1ee7a etylen, vinyl laurate v\u00e0 vinyl clorua.<\/span><\/p>\n<p><span style=\"font-weight: 400;\">S\u1ea3n ph\u1ea9m c\u00f3 kh\u1ea3 n\u0103ng ph\u00e2n t\u00e1n trong n\u01b0\u1edbc gi\u00fap ho\u1ea1t \u0111\u1ed9ng nh\u01b0 ch\u1ea5t k\u1ebft d\u00ednh v\u00e0 ch\u1ed1ng th\u1ea5m n\u01b0\u1edbc tr\u00ean di\u1ec7n r\u1ed9ng hi\u1ec7u qu\u1ea3 v\u00e0 l\u00e2u d\u00e0i. Kh\u1ea3 n\u0103ng ch\u1ed1ng th\u1ea5m n\u01b0\u1edbc t\u1ed1i \u01b0u c\u00f3 th\u1ec3 \u0111\u1ea1t \u0111\u1ed9 pH &gt; 7.5.<\/span><\/p>\n<p><span style=\"font-weight: 400;\">C\u00e1c c\u00f4ng tr\u00ecnh s\u1eed d\u1ee5ng <\/span><b>ph\u1ee5 gia t\u0103ng b\u00e1m d\u00ednh Vinnapas 8034H <\/b><span style=\"font-weight: 400;\">gi\u00fap t\u1ea1o m\u1ed9t l\u1edbp m\u00e0ng v\u1eefng ch\u1eafc tr\u00ean b\u1ec1 m\u1eb7t s\u1ea3n ph\u1ea9m, tr\u00e1nh c\u00e1c tr\u01b0\u1eddng h\u1ee3p n\u1ee9t v\u1ee1 hay \u1ea9m m\u1ed1c.<\/span><\/p>\n<p><span style=\"font-weight: 400;\">Vinnapas 8034H l\u00e0 ch\u1ea5t li\u1ec7u ph\u00f9 h\u1ee3p \u0111\u1ec3 t\u1ea1o ra v\u1eadt li\u1ec7u x\u00e2y d\u1ef1ng c\u00f3 \u0111\u1ed9 b\u1ec1n cao v\u00e0 kh\u1ea3 n\u0103ng ch\u1ed1ng va \u0111\u1eadp t\u1ed1t. \u0110\u00e2y th\u1ef1c s\u1ef1 l\u00e0 l\u1ef1a ch\u1ecdn ho\u00e0n h\u1ea3o \u0111\u1ec3 s\u1ea3n xu\u1ea5t c\u00e1c s\u1ea3n ph\u1ea9m g\u1ea1ch ng\u00f3i v\u00e0 nhi\u1ec1u s\u1ea3n ph\u1ea9m b\u00ea t\u00f4ng kh\u00e1c.<\/span><\/p>\n<p><span style=\"font-weight: 400;\">Nh\u1edd kh\u1ea3 n\u0103ng t\u01b0\u01a1ng th\u00edch cao v\u1edbi c\u00e1c ch\u1ea5t ph\u1ee5 gia kh\u00e1c n\u00ean <\/span><b>ph\u1ee5 gia Vinnapas 8034H<\/b><span style=\"font-weight: 400;\"> c\u00f3 th\u1ec3 \u0111\u00e1p \u1ee9ng \u0111a d\u1ea1ng nhu c\u1ea7u cho ng\u00e0nh c\u00f4ng nghi\u1ec7p x\u00e2y d\u1ef1ng.<\/span><\/p>\n<h2><b>\u1ee8ng d\u1ee5ng th\u1ef1c t\u1ebf c\u1ee7a ph\u1ee5 gia Vinnapas 8034H trong s\u1ea3n xu\u1ea5t v\u1eadt li\u1ec7u x\u00e2y d\u1ef1ng<\/b><\/h2>\n<p><span style=\"font-weight: 400;\">Nh\u1edd t\u00ednh k\u1ebft d\u00ednh v\u00e0 ch\u1ed1ng th\u1ea5m n\u01b0\u1edbc hi\u1ec7u qu\u1ea3 n\u00ean Vinnapas 8034H l\u00e0 th\u00e0nh ph\u1ea7n kh\u00f4ng th\u1ec3 thi\u1ebfu trong c\u00f4ng ngh\u1ec7 s\u1ea3n xu\u1ea5t xi m\u0103ng, s\u01a1n v\u00e0 ch\u1ea5t ch\u1ed1ng th\u1ea5m.<\/span><\/p>\n<h3><b>\u1ee8ng d\u1ee5ng polymer ch\u1ed1ng th\u1ea5m Vinnapas 8034H s\u1ea3n xu\u1ea5t v\u1eefa s\u1eeda ch\u1eefa, v\u1eefa x\u00e2y t\u00f4, v\u1eefa t\u1ef1 san<\/b><\/h3>\n<p><span style=\"font-weight: 400;\">Khi tr\u1ed9n <\/span><b>b\u1ed9t polymer Vinnapas 8034H <\/b><span style=\"font-weight: 400;\">c\u00f9ng c\u00e1c nguy\u00ean li\u1ec7u s\u1ea3n xu\u1ea5t v\u1eefa, ch\u1ea5t l\u01b0\u1ee3ng v\u1eefa s\u1ebd \u0111\u01b0\u1ee3c gia t\u0103ng t\u00ednh b\u00e1m d\u00ednh, \u0111\u1ed9 b\u1ec1n, t\u0103ng kh\u1ea3 n\u0103ng ch\u1ed1ng m\u00e0i m\u00f2n tr\u01b0\u1edbc t\u00e1c \u0111\u1ed9ng c\u1ee7a m\u00f4i tr\u01b0\u1eddng.<\/span><\/p>\n<p><span style=\"font-weight: 400;\">B\u00ean c\u1ea1nh \u0111\u00f3, ph\u1ee5 gia n\u00e0y c\u0169ng gi\u00fap qu\u00e1 tr\u00ecnh tr\u00e1t v\u1eefa \u0111\u01b0\u1ee3c ph\u00e2n ph\u1ed1i \u0111\u1ed3ng \u0111\u1ec1u, kh\u00f4ng b\u1ecb ch\u1ea3y, \u0110\u1ea3m b\u1ea3o b\u1ec1 m\u1eb7t ph\u1eb3ng v\u00e0 ch\u1eafc ch\u1eafn, gi\u00fap ti\u1ebft ki\u1ec7m th\u1eddi gian thi c\u00f4ng v\u00e0 \u0111\u1ea1t \u0111\u01b0\u1ee3c hi\u1ec7u qu\u1ea3 t\u1ed1i \u01b0u.<\/span><\/p>\n<div id=\"attachment_9712\" style=\"width: 810px\" class=\"wp-caption aligncenter\"><img aria-describedby=\"caption-attachment-9712\" decoding=\"async\" loading=\"lazy\" class=\"size-full wp-image-9712\" src=\"https:\/\/pcecatlam.vn\/wp-content\/uploads\/2023\/03\/polymer-chong-tham-vinnapas-8034h-1.jpg\" alt=\"Polymer ch\u1ed1ng th\u1ea5m Vinnapas 8034H\" width=\"800\" height=\"533\" srcset=\"https:\/\/pcecatlam.vn\/wp-content\/uploads\/2023\/03\/polymer-chong-tham-vinnapas-8034h-1.jpg 800w, https:\/\/pcecatlam.vn\/wp-content\/uploads\/2023\/03\/polymer-chong-tham-vinnapas-8034h-1-300x200.jpg 300w, https:\/\/pcecatlam.vn\/wp-content\/uploads\/2023\/03\/polymer-chong-tham-vinnapas-8034h-1-768x512.jpg 768w, https:\/\/pcecatlam.vn\/wp-content\/uploads\/2023\/03\/polymer-chong-tham-vinnapas-8034h-1-18x12.jpg 18w, https:\/\/pcecatlam.vn\/wp-content\/uploads\/2023\/03\/polymer-chong-tham-vinnapas-8034h-1-600x400.jpg 600w\" sizes=\"(max-width: 800px) 100vw, 800px\" \/><p id=\"caption-attachment-9712\" class=\"wp-caption-text\">Ph\u1ee5 gia ch\u1ed1ng th\u1ea5m Vinnapas 8034H tr\u1ed9n c\u00f9ng v\u1eefa s\u1ebd gia t\u0103ng t\u00ednh b\u00e1m d\u00ednh, \u0111\u1ed9 b\u1ec1n, t\u0103ng kh\u1ea3 n\u0103ng ch\u1ed1ng m\u00e0i m\u00f2n<\/p><\/div>\n<blockquote><p><span style=\"font-weight: 400;\">Xem th\u00eam: <\/span><a href=\"https:\/\/pcecatlam.vn\/vi-sao-su-dung-vua-tu-san-thay-cho-cac-loai-vua-truyen-thong\/\"><span style=\"font-weight: 400;\">V\u00ec sao s\u1eed d\u1ee5ng v\u1eefa t\u1ef1 san thay cho c\u00e1c lo\u1ea1i v\u1eefa truy\u1ec1n th\u1ed1ng?<\/span><\/a><\/p><\/blockquote>\n<h3><b>L\u00e0 ph\u1ee5 gia ho\u00e0n h\u1ea3o \u0111\u1ec3 s\u1ea3n xu\u1ea5t v\u1eefa ch\u1ed1ng th\u1ea5m v\u1edbi kh\u1ea3 n\u0103ng ch\u1ed1ng n\u01b0\u1edbc hi\u1ec7u qu\u1ea3, tr\u00e1nh t\u00ecnh tr\u1ea1ng \u1ea9m m\u1ed1c<\/b><\/h3>\n<p><span style=\"font-weight: 400;\">Vinnapas 8034H n\u1ed5i b\u1eadt v\u1edbi kh\u1ea3 n\u0103ng ch\u1ed1ng th\u1ea5m tuy\u1ec7t v\u1eddi. V\u00ec th\u1ebf \u0111\u00e2y l\u00e0 nguy\u00ean li\u1ec7u tuy\u1ec7t v\u1eddi \u0111\u1ec3 \u1ee9ng d\u1ee5ng trong s\u1ea3n xu\u1ea5t v\u1eefa ch\u1ed1ng th\u1ea5m.\u00a0<\/span><\/p>\n<p><span style=\"font-weight: 400;\">\u0110i\u1ec1u n\u00e0y gi\u00fap t\u1ea1o ra c\u00e1c h\u1ee3p ch\u1ea5t ch\u1ed1ng th\u1ea5m, \u0111\u1ea3m b\u1ea3o kh\u1ea3 n\u0103ng ch\u1ed1ng th\u1ea5m n\u01b0\u1edbc t\u1ed1i \u01b0u, \u0111\u1eb7c bi\u1ec7t trong c\u00e1c m\u00f4i tr\u01b0\u1eddng c\u00f3 \u0111\u1ed9 \u1ea9m cao ho\u1eb7c ti\u1ebfp x\u00fac v\u1edbi n\u01b0\u1edbc th\u01b0\u1eddng xuy\u00ean.<\/span><\/p>\n<h3><b>Ph\u1ee5 gia t\u0103ng b\u00e1m d\u00ednh Vinnapas 8034H l\u00e0 nguy\u00ean li\u1ec7u s\u1ea3n xu\u1ea5t keo d\u00e1n g\u1ea1ch<\/b><span style=\"font-weight: 400;\">\u00a0<\/span><\/h3>\n<p>Vinnapas 8034H waterproofing polymer <span style=\"font-weight: 400;\">c\u00f3 \u0111\u1eb7c t\u00ednh b\u00e1m d\u00ednh cao, v\u00ec v\u1eady \u0111\u01b0\u1ee3c \u01b0u ti\u00ean s\u1eed d\u1ee5ng \u0111\u1ec3 l\u00e0m ch\u1ea5t ph\u1ee5 gia s\u1ea3n xu\u1ea5t keo d\u00e1n g\u1ea1ch. S\u1ea3n ph\u1ea9m gi\u00fap keo d\u00e1n c\u00f3 \u0111\u1ed9 linh ho\u1ea1t cao h\u01a1n, ch\u1ecbu \u0111\u01b0\u1ee3c c\u00e1c t\u00e1c \u0111\u1ed9ng v\u00e0 bi\u1ebfn d\u1ea1ng m\u00e0 kh\u00f4ng b\u1ecb n\u1ee9t ho\u1eb7c bong tr\u00f3c.<\/span><\/p>\n<p><span style=\"font-weight: 400;\">C\u00e1c lo\u1ea1i keo d\u00e1n g\u1ea1ch s\u1eed d\u1ee5ng Vinnapas 8034H c\u1ea3i thi\u1ec7n \u0111\u00e1ng k\u1ec3 kh\u1ea3 n\u0103ng b\u00e1m d\u00ednh c\u1ee7a keo d\u00e1n g\u1ea1ch tr\u00ean nhi\u1ec1u b\u1ec1 m\u1eb7t kh\u00e1c nhau nh\u01b0 g\u1ea1ch, \u0111\u00e1, b\u00ea t\u00f4ng v\u00e0 c\u00e1c v\u1eadt li\u1ec7u x\u00e2y d\u1ef1ng kh\u00e1c.<\/span><\/p>\n<div id=\"attachment_9713\" style=\"width: 810px\" class=\"wp-caption aligncenter\"><img aria-describedby=\"caption-attachment-9713\" decoding=\"async\" loading=\"lazy\" class=\"size-full wp-image-9713\" src=\"https:\/\/pcecatlam.vn\/wp-content\/uploads\/2023\/03\/polymer-chong-tham-vinnapas-8034h-3.jpg\" alt=\"Polymer ch\u1ed1ng th\u1ea5m Vinnapas 8034H\" width=\"800\" height=\"531\" srcset=\"https:\/\/pcecatlam.vn\/wp-content\/uploads\/2023\/03\/polymer-chong-tham-vinnapas-8034h-3.jpg 800w, https:\/\/pcecatlam.vn\/wp-content\/uploads\/2023\/03\/polymer-chong-tham-vinnapas-8034h-3-300x199.jpg 300w, https:\/\/pcecatlam.vn\/wp-content\/uploads\/2023\/03\/polymer-chong-tham-vinnapas-8034h-3-768x510.jpg 768w, https:\/\/pcecatlam.vn\/wp-content\/uploads\/2023\/03\/polymer-chong-tham-vinnapas-8034h-3-18x12.jpg 18w, https:\/\/pcecatlam.vn\/wp-content\/uploads\/2023\/03\/polymer-chong-tham-vinnapas-8034h-3-600x398.jpg 600w\" sizes=\"(max-width: 800px) 100vw, 800px\" \/><p id=\"caption-attachment-9713\" class=\"wp-caption-text\">Polymer Vinnapas 8034H gi\u00fap kh\u1ea3 n\u0103ng b\u00e1m d\u00ednh c\u1ee7a keo d\u00e1n g\u1ea1ch tr\u00ean nhi\u1ec1u b\u1ec1 m\u1eb7t kh\u00e1c nhau<\/p><\/div>\n<h3><b>S\u1ea3n ph\u1ea9m \u0111\u01b0\u1ee3c \u1ee9ng d\u1ee5ng trong t\u1ea1o ra nh\u1ef1a kh\u00f4ng th\u1ea5m n\u01b0\u1edbc<\/b><\/h3>\n<p><span style=\"font-weight: 400;\">Vinnapas 8034H gi\u00fap c\u1ea3i thi\u1ec7n kh\u1ea3 n\u0103ng ch\u1ed1ng th\u1ea5m n\u01b0\u1edbc c\u1ee7a nh\u1ef1a, t\u1ea1o ra l\u1edbp b\u1ea3o v\u1ec7 hi\u1ec7u qu\u1ea3 ch\u1ed1ng l\u1ea1i s\u1ef1 th\u1ea9m th\u1ea5u c\u1ee7a n\u01b0\u1edbc v\u00e0 \u1ea9m \u01b0\u1edbt.\u00a0<\/span><\/p>\n<p><span style=\"font-weight: 400;\">Nh\u1ef1a kh\u00f4ng th\u1ea5m n\u01b0\u1edbc c\u00f3 ch\u1ee9a Vinnapas 8034H th\u01b0\u1eddng c\u00f3 \u0111\u1ed9 b\u1ec1n u\u1ed1n cao h\u01a1n, kh\u1ea3 n\u0103ng ch\u1ed1ng m\u00e0i m\u00f2n t\u1ed1t, b\u1ea3o v\u1ec7 nh\u1ef1a kh\u1ecfi c\u00e1c t\u00e1c \u0111\u1ed9ng c\u01a1 h\u1ecdc v\u00e0 h\u00f3a h\u1ecdc. \u0110i\u1ec1u n\u00e0y gi\u00fap k\u00e9o d\u00e0i tu\u1ed5i th\u1ecd cho c\u00e1c s\u1ea3n ph\u1ea9m v\u00e0 c\u00f4ng tr\u00ecnh.<\/span><\/p>\n<p><span style=\"font-weight: 400;\">Ngo\u00e0i ra, lo\u1ea1i <\/span><b>b\u1ed9t polyme ph\u00e2n t\u00e1n k\u1ef5 n\u01b0\u1edbc <\/b><span style=\"font-weight: 400;\">n\u00e0y c\u00f2n \u0111\u01b0\u1ee3c s\u1eed d\u1ee5ng nhi\u1ec1u trong quy tr\u00ecnh s\u1ea3n xu\u1ea5t th\u1ea1ch cao, g\u1ea1ch l\u00e1t n\u1ec1n,&#8230;<\/span><\/p>\n<h3><b>C\u00e1c v\u1eadt li\u1ec7u x\u00e2y d\u1ef1ng s\u1eed d\u1ee5ng Vinapas 8034H \u0111\u01b0\u1ee3c \u1ee9ng d\u1ee5ng nhi\u1ec1u trong c\u00e1c c\u00f4ng tr\u00ecnh x\u00e2y d\u1ef1ng<\/b><\/h3>\n<p><span style=\"font-weight: 400;\">Vinnapas 8034H \u0111\u01b0\u1ee3c s\u1eed d\u1ee5ng r\u1ed9ng r\u00e3i trong c\u00e1c c\u00f4ng tr\u00ecnh x\u00e2y d\u1ef1ng d\u00e2n d\u1ee5ng nh\u01b0 nh\u00e0 \u1edf, bi\u1ec7t th\u1ef1, v\u00e0 chung c\u01b0. S\u1ea3n ph\u1ea9m n\u00e0y gi\u00fap ng\u0103n ng\u1eeba s\u1ef1 x\u00e2m nh\u1eadp c\u1ee7a n\u01b0\u1edbc, b\u1ea3o v\u1ec7 c\u00e1c khu v\u1ef1c nh\u01b0 t\u1ea7ng h\u1ea7m, m\u00e1i nh\u00e0 v\u00e0 t\u01b0\u1eddng, gi\u00fap c\u1ea5u tr\u00fac c\u00f4ng tr\u00ecnh b\u1ec1n b\u1ec9, gi\u1ea3m kh\u1ea3 n\u0103ng b\u00e0o m\u00f2n c\u1ee7a th\u1eddi ti\u1ebft.<\/span><\/p>\n<p><span style=\"font-weight: 400;\">Nh\u1edd t\u00ednh ch\u1ed1ng th\u1ea5m v\u00e0 ch\u1ed1ng n\u01b0\u1edbc hi\u1ec7u qu\u1ea3 n\u00ean s\u1ea3n ph\u1ea9m \u0111\u01b0\u1ee3c s\u1eed d\u1ee5ng trong nh\u1eefng c\u00f4ng tr\u00ecnh kho b\u00e3i nh\u00e0 x\u01b0\u1edfng nh\u1eb1m h\u1ea1n ch\u1ebf, ng\u0103n ch\u1eb7n s\u1ef1 \u1ea9m m\u1ed1c, b\u1ea3o v\u1ec7 t\u1ed1t c\u00e1c thi\u1ebft b\u1ecb v\u00e0 h\u00e0ng h\u00f3a an to\u00e0n.<\/span><\/p>\n<p><span style=\"font-weight: 400;\">Vinnapas 8034H kh\u00f4ng ch\u1ec9 ph\u00f9 h\u1ee3p cho c\u00e1c c\u00f4ng tr\u00ecnh m\u1edbi m\u00e0 c\u00f2n l\u00e0 l\u1ef1a ch\u1ecdn l\u00fd t\u01b0\u1edfng cho vi\u1ec7c s\u1eeda ch\u1eefa v\u00e0 b\u1ea3o tr\u00ec c\u00e1c c\u00f4ng tr\u00ecnh \u0111\u00e3 x\u00e2y d\u1ef1ng. C\u00e1c s\u1ea3n ph\u1ea9m ch\u1ee9a <\/span><b>ph\u1ee5 gia x\u00e2y d\u1ef1ng Vinnapas 8034H<\/b><span style=\"font-weight: 400;\"> v\u1edbi \u0111\u1ed9 b\u00e1m d\u00ednh cao c\u00f3 th\u1ec3 gi\u00fap kh\u00f4i ph\u1ee5c kh\u1ea3 n\u0103ng ch\u1ed1ng th\u1ea5m cho c\u00e1c b\u1ec1 m\u1eb7t \u0111\u00e3 b\u1ecb xu\u1ed1ng c\u1ea5p.<\/span><\/p>\n<h2><b>Bao b\u00ec v\u00e0 c\u00e1ch b\u1ea3o qu\u1ea3n polymer ch\u1ed1ng th\u1ea5m Vinnapas 8034H<\/b><\/h2>\n<p><span style=\"font-weight: 400;\">Polymer Vinnapas 8034H c\u00f3 k\u1ebft c\u1ea5u d\u1ea1ng b\u1ed9t m\u00e0u tr\u1eafng, \u0111\u01b0\u1ee3c \u0111\u00f3ng g\u00f3i th\u00e0nh nh\u1eefng bao c\u00f3 kh\u1ed1i l\u01b0\u1ee3ng 25kg.<\/span><\/p>\n<div id=\"attachment_9714\" style=\"width: 810px\" class=\"wp-caption aligncenter\"><img aria-describedby=\"caption-attachment-9714\" decoding=\"async\" loading=\"lazy\" class=\"size-full wp-image-9714\" src=\"https:\/\/pcecatlam.vn\/wp-content\/uploads\/2023\/03\/polymer-chong-tham-vinnapas-8034h-2.jpg\" alt=\"Polymer ch\u1ed1ng th\u1ea5m Vinnapas 8034H\" width=\"800\" height=\"600\" srcset=\"https:\/\/pcecatlam.vn\/wp-content\/uploads\/2023\/03\/polymer-chong-tham-vinnapas-8034h-2.jpg 800w, https:\/\/pcecatlam.vn\/wp-content\/uploads\/2023\/03\/polymer-chong-tham-vinnapas-8034h-2-300x225.jpg 300w, https:\/\/pcecatlam.vn\/wp-content\/uploads\/2023\/03\/polymer-chong-tham-vinnapas-8034h-2-768x576.jpg 768w, https:\/\/pcecatlam.vn\/wp-content\/uploads\/2023\/03\/polymer-chong-tham-vinnapas-8034h-2-16x12.jpg 16w, https:\/\/pcecatlam.vn\/wp-content\/uploads\/2023\/03\/polymer-chong-tham-vinnapas-8034h-2-600x450.jpg 600w\" sizes=\"(max-width: 800px) 100vw, 800px\" \/><p id=\"caption-attachment-9714\" class=\"wp-caption-text\">Polymer ch\u1ed1ng th\u1ea5m Vinnapas 8034H v\u1edbi k\u1ebft c\u1ea5u d\u1ea1ng b\u1ed9t tr\u1eafng<\/p><\/div>\n<p><span style=\"font-weight: 400;\">C\u1ea7n l\u01b0u \u00fd qu\u00e1 tr\u00ecnh b\u1ea3o qu\u1ea3n \u0111\u1ec3 \u0111\u1ea3m b\u1ea3o s\u1ea3n ph\u1ea9m ph\u00e1t huy t\u00e1c d\u1ee5ng cao nh\u1ea5t. C\u1ea7n b\u1ea3o v\u1ec7 <\/span><b>b\u1ed9t ch\u1ed1ng th\u1ea5m Vinnapas 8034H <\/b><span style=\"font-weight: 400;\">trong \u0111i\u1ec1u ki\u1ec7n nhi\u1ec7t \u0111\u1ed9 tr\u00ean 30\u00b0C, tr\u00e1nh ti\u1ebfp x\u00fac v\u1edbi h\u01a1i \u1ea9m.<\/span><\/p>\n<p><span style=\"font-weight: 400;\">B\u1ea3o qu\u1ea3n s\u1ea3n ph\u1ea9m trong nh\u00e0 kho c\u00f3 \u0111i\u1ec1u ki\u1ec7n kh\u00f4 r\u00e1o v\u00e0 tho\u00e1ng m\u00e1t. Kh\u00f4ng l\u01b0u tr\u1eef qu\u00e1 s\u00e1u th\u00e1ng, k\u1ec3 t\u1eeb ng\u00e0y nh\u1eadn \u0111\u01b0\u1ee3c s\u1ea3n ph\u1ea9m, tr\u1eeb khi Gi\u1ea5y ch\u1ee9ng nh\u1eadn ph\u00e2n t\u00edch c\u00f3 ghi ng\u00e0y kh\u00e1c th\u00ec s\u1ebd \u0111\u01b0\u1ee3c \u01b0u ti\u00ean h\u01a1n.<\/span><\/p>\n<p><span style=\"font-weight: 400;\">S\u1ea3n ph\u1ea9m \u0111\u01b0\u1ee3c l\u01b0u tr\u1eef l\u00e2u h\u01a1n khuy\u1ebfn ngh\u1ecb v\u1eabn c\u00f3 th\u1ec3 \u0111\u01b0\u1ee3c s\u1eed d\u1ee5ng \u0111\u01b0\u1ee3c nh\u01b0ng ng\u01b0\u1eddi d\u00f9ng n\u00ean c\u00e2n nh\u1eafc, x\u00e1c minh c\u00e1c \u0111\u1eb7c t\u00ednh c\u1ea7n thi\u1ebft cho m\u1ee5c \u0111\u00edch s\u1eed d\u1ee5ng.<\/span><\/p>\n<h2><b>PCE C\u00e1t L\u00e2m ph\u00e2n ph\u1ed1i s\u1ea3n ph\u1ea9m Polymer ch\u1ed1ng th\u1ea5m Vinnapas 8034H v\u1edbi ch\u1ea5t l\u01b0\u1ee3ng h\u00e0ng \u0111\u1ea7u<\/b><\/h2>\n<p><span style=\"font-weight: 400;\">PCE C\u00e1t L\u00e2m t\u1ef1 h\u00e0o l\u00e0 \u0111\u01a1n v\u1ecb chuy\u00ean ph\u00e2n ph\u1ed1i c\u00e1c s\u1ea3n ph\u1ea9m chuy\u00ean d\u1ee5ng, nguy\u00ean v\u1eadt li\u1ec7u, h\u00f3a ch\u1ea5t ng\u00e0nh x\u00e2y d\u1ef1ng ch\u1ea5t l\u01b0\u1ee3ng cao, mang \u0111\u1ebfn gi\u00e1 tr\u1ecb cho th\u1ecb tr\u01b0\u1eddng th\u00f4ng qua \u0111\u1ed9i ng\u0169 gi\u00e0u kinh nghi\u1ec7m trong l\u0129nh v\u1ef1c v\u1eefa kh\u00f4 v\u00e0 ph\u1ee5 gia b\u00ea t\u00f4ng.\u00a0<\/span><\/p>\n<p><span style=\"font-weight: 400;\">Hi\u1ec7n t\u1ea1i PCE C\u00e1t L\u00e2m \u0111ang cung c\u1ea5p s\u1ea3n ph\u1ea9m ph\u1ee5 gia b\u00ea t\u00f4ng Vinnapas 8034H cao c\u1ea5p t\u1eeb th\u01b0\u01a1ng hi\u1ec7u Wacker c\u1ee7a \u0110\u1ee9c. Kh\u00e1ch h\u00e0ng \u0111\u1ebfn v\u1edbi ch\u00fang t\u00f4i c\u00f3 th\u1ec3 ho\u00e0n to\u00e0n y\u00ean t\u00e2m b\u1edfi:<\/span><\/p>\n<p><span style=\"font-weight: 400;\">PCE C\u00e1t L\u00e2m s\u1edf h\u1eefu m\u1ed9t \u0111\u1ed9i ng\u0169 gi\u00e0u kinh nghi\u1ec7m trong l\u0129nh v\u1ef1c v\u1eefa kh\u00f4 v\u00e0 ph\u1ee5 gia, t\u1ea1o d\u1ef1ng \u0111\u01b0\u1ee3c n\u1ec1n t\u1ea3ng t\u1ed1t \u0111\u1ec3 tr\u1edf th\u00e0nh nh\u00e0 ph\u00e2n ph\u1ed1i h\u00e0ng \u0111\u1ea7u trong ng\u00e0nh h\u00f3a ch\u1ea5t x\u00e2y d\u1ef1ng.<\/span><\/p>\n<p><span style=\"font-weight: 400;\">L\u00e0 \u0111\u1ed1i t\u00e1c chi\u1ebfn l\u01b0\u1ee3c c\u1ee7a LAS 635 &#8211; Ph\u00f2ng th\u00ed nghi\u1ec7m trang b\u1ecb \u0111\u1ea7y \u0111\u1ee7 trang thi\u1ebft b\u1ecb. V\u00ec v\u1eady, c\u00f4ng ty cam k\u1ebft \u0111\u01b0a ra nh\u1eefng gi\u1ea3i ph\u00e1p t\u01b0 v\u1ea5n k\u1ecbp th\u1eddi \u0111\u1ebfn cho kh\u00e1ch h\u00e0ng c\u0169ng nh\u01b0 kh\u00f4ng ng\u1eebng c\u1ea3i ti\u1ebfn v\u00e0 n\u00e2ng cao ch\u1ea5t l\u01b0\u1ee3ng s\u1ea3n ph\u1ea9m.<\/span><\/p>\n<p><span style=\"font-weight: 400;\">Ch\u00fang t\u00f4i c\u00f3 th\u1ec3 x\u1eed l\u00fd c\u1ea3 kh\u00e1ch h\u00e0ng B2B v\u00e0 B2C d\u1ef1a tr\u00ean m\u1ea1ng l\u01b0\u1edbi th\u1ecb tr\u01b0\u1eddng \u0111\u00e3 t\u1ea1o d\u1ef1ng.<\/span><\/p>\n<p><span style=\"font-weight: 400;\">PCE C\u00e1t L\u00e2m cung c\u1ea5p \u0111a d\u1ea1ng c\u00e1c lo\u1ea1i s\u1ea3n ph\u1ea9m cho ng\u00e0nh h\u00f3a ch\u1ea5t x\u00e2y d\u1ef1ng v\u1edbi ch\u1ea5t l\u01b0\u1ee3ng t\u1ed1t nh\u1ea5t, cam k\u1ebft ch\u00ednh h\u00e3ng 100%.<\/span><\/p>\n<p><span style=\"font-weight: 400;\">\u0110\u1ebfn v\u1edbi ch\u00fang t\u00f4i, kh\u00e1ch h\u00e0ng s\u1ebd h\u01b0\u1edfng m\u1ee9c <\/span><b>gi\u00e1 polymer ch\u1ed1ng th\u1ea5m Vinnapas 8034H <\/b><span style=\"font-weight: 400;\">t\u1ed1t nh\u1ea5t th\u1ecb tr\u01b0\u1eddng.<\/span><\/p>\n<blockquote><p><span style=\"font-weight: 400;\">Xem th\u00eam: <\/span><a href=\"https:\/\/pcecatlam.vn\/san-pham\/#\"><span style=\"font-weight: 400;\">PCE C\u00e1t L\u00e2m cung c\u1ea5p c\u00e1c s\u1ea3n ph\u1ea9m ph\u1ee5 gia x\u00e2y d\u1ef1ng ch\u1ea5t l\u01b0\u1ee3ng cao<\/span><\/a><\/p><\/blockquote>\n<p><span style=\"font-weight: 400;\">B\u00e0i vi\u1ebft tr\u00ean \u0111\u00e3 gi\u1edbi thi\u1ec7u \u0111\u1ebfn m\u1ecdi ng\u01b0\u1eddi v\u1ec1 <\/span><b>polymer ch\u1ed1ng th\u1ea5m Vinnapas 8034H<\/b><span style=\"font-weight: 400;\">, m\u1ed9t lo\u1ea1i ph\u1ee5 gia x\u00e2y d\u1ef1ng c\u00f3 kh\u1ea3 n\u0103ng ch\u1ed1ng th\u1ea5m v\u00e0 b\u00e1m d\u00ednh tuy\u1ec7t v\u1eddi. \u0110\u1ec3 t\u00ecm ki\u1ebfm m\u1ed9t gi\u1ea3i ph\u00e1p gi\u00fap b\u1ea3o v\u1ec7 c\u1ea5u tr\u00fac c\u00f4ng tr\u00ecnh c\u1ee7a b\u1ea1n b\u1ec1n b\u1ec9 theo th\u1eddi gian, h\u00e3y li\u00ean h\u1ec7 v\u1edbi PCE C\u00e1t L\u00e2m qua <\/span><b>hotline 0918 268 637 <\/b><span style=\"font-weight: 400;\">\u0111\u1ec3 nh\u1eadn \u0111\u01b0\u1ee3c t\u01b0 v\u1ea5n t\u1eadn t\u00ecnh.<\/span><\/p>","protected":false},"excerpt":{"rendered":"<ul class=\"list-unstyled\">\n<li class=\"infos mt1x\"><strong>Th\u01b0\u01a1ng hi\u1ec7u\u00a0 \u00a0 <\/strong>: WACKER &#8211; VINNAPAS<\/li>\n<li class=\"infos mt1x\"><strong>Xu\u1ea5t x\u1ee9\u00a0 \u00a0 \u00a0 \u00a0 \u00a0 \u00a0 \u00a0<\/strong>: \u0110\u1ee8C<\/li>\n<li><strong>Nh\u00e0 ph\u00e2n ph\u1ed1i<\/strong> : C\u00d4NG TY TNHH PCE C\u00c1T L\u00c2M<\/li>\n<li class=\"infos mt1x\"><strong>Lo\u1ea1i s\u1ea3n ph\u1ea9m <\/strong>: D\u1ea1ng b\u1ed9t m\u00e0u tr\u1eafng<\/li>\n<li><strong>Pack\u00a0 \u00a0 \u00a0 \u00a0 \u00a0 \u00a0<\/strong>: Bao 25kg<\/li>\n<li><strong>T\u00ednh n\u0103ng<\/strong>\u00a0 \u00a0 \u00a0 \u00a0 \u00a0 :<\/li>\n<\/ul>\n<p>&#8211; Kh\u1ea3 n\u0103ng b\u00e1m d\u00ednh, \u0111\u1ed9 d\u1ebbo cao cho s\u1ea3n ph\u1ea9m.<\/p>\n<p>&#8211; Kh\u1ea3 n\u0103ng ch\u1ed1ng th\u1ea5m n\u01b0\u1edbc tuy\u1ec7t v\u1eddi nh\u1edd hi\u1ec7u \u1ee9ng l\u00e1 sen.<\/p>","protected":false},"featured_media":9181,"comment_status":"open","ping_status":"closed","template":"","meta":[],"yst_prominent_words":[],"acf":[],"_links":{"self":[{"href":"https:\/\/pcecatlam.vn\/en\/wp-json\/wp\/v2\/product\/7969"}],"collection":[{"href":"https:\/\/pcecatlam.vn\/en\/wp-json\/wp\/v2\/product"}],"about":[{"href":"https:\/\/pcecatlam.vn\/en\/wp-json\/wp\/v2\/types\/product"}],"replies":[{"embeddable":true,"href":"https:\/\/pcecatlam.vn\/en\/wp-json\/wp\/v2\/comments?post=7969"}],"wp:featuredmedia":[{"embeddable":true,"href":"https:\/\/pcecatlam.vn\/en\/wp-json\/wp\/v2\/media\/9181"}],"wp:attachment":[{"href":"https:\/\/pcecatlam.vn\/en\/wp-json\/wp\/v2\/media?parent=7969"}],"wp:term":[{"taxonomy":"yst_prominent_words","embeddable":true,"href":"https:\/\/pcecatlam.vn\/en\/wp-json\/wp\/v2\/yst_prominent_words?post=7969"}],"curies":[{"name":"wp","href":"https:\/\/api.w.org\/{rel}","templated":true}]}}