{"id":2618,"date":"2015-08-06T01:34:29","date_gmt":"2015-08-06T01:34:29","guid":{"rendered":"http:\/\/demo.genietheme.net\/bonnie\/?page_id=2599"},"modified":"2023-09-18T15:18:32","modified_gmt":"2023-09-18T08:18:32","slug":"gioi-thieu","status":"publish","type":"page","link":"https:\/\/pcecatlam.vn\/en\/gioi-thieu\/","title":{"rendered":"Introduce"},"content":{"rendered":"<div data-vc-full-width=\"true\" data-vc-full-width-init=\"false\" data-vc-stretch-content=\"true\" class=\"vc_row wpb_row vc_row-fluid vc_custom_1695025109083\"><div class=\"container\"><div class=\"vc_row\"><div class=\"wpb_column vc_column_container vc_col-sm-12\"><div class=\"vc_column-inner\"><div class=\"wpb_wrapper\">\n\t\t\t<!-- START Slider Home 1 GT REVOLUTION SLIDER 6.2.2 --><p class=\"rs-p-wp-fix\"><\/p>\n\t\t\t<rs-module-wrap id=\"rev_slider_4_1_wrapper\" data-source=\"gallery\" style=\"background:transparent;padding:0;margin:0px auto;margin-top:0;margin-bottom:0;max-width:900px\">\n\t\t\t\t<rs-module id=\"rev_slider_4_1\" class=\"rs-ov-hidden\" style=\"display:none;\" data-version=\"6.2.2\">\n\t\t\t\t\t<rs-slides>\n\t\t\t\t\t\t<rs-slide data-key=\"rs-13\" data-title=\"Slide\" data-anim=\"ei:d,d,d,d,d,d,d,d,d,d,d,d,d,d,d,d,d,d,d,d,d,d,d,d,d,d;eo:d,d,d,d,d,d,d,d,d,d,d,d,d,d,d,d,d,d,d,d,d,d,d,d,d,d;s:d,d,d,d,d,d,d,d,d,d,d,d,d,d,d,d,d,d,d,d,d,d,d,d,d,d,d;r:0,0,0,0,0,0,0,0,0,0,0,0,0,0,0,0,0,0,0,0,0,0,0,0,0,0;t:boxslide,slotslide-horizontal,slotslide-vertical,boxfade,slotfade-horizontal,slotfade-vertical,scaledownfromright,scaledownfromleft,scaledownfromtop,scaledownfrombottom,zoomout,zoomin,slotzoom-horizontal,slotzoom-vertical,curtain-1,curtain-2,curtain-3,3dcurtain-horizontal,3dcurtain-vertical,cube,cube-horizontal,incube,incube-horizontal,turnoff,turnoff-vertical,papercut,flyin;sl:d,d,d,d,d,d,d,d,d,d,d,d,d,d,d,d,d,d,d,d,d,d,d,d,d,d,d;\" data-firstanim=\"t:crossfade;s:300;sl:7;\">\n\t\t\t\t\t\t\t<img src=\"\/\/pcecatlam.vn\/wp-content\/plugins\/revslider\/public\/assets\/assets\/dummy.png\" title=\"h\u00ecnh TVC3\" width=\"1280\" height=\"960\" data-lazyload=\"\/\/pcecatlam.vn\/wp-content\/uploads\/2016\/01\/hinh-TVC3.jpg\" data-parallax=\"off\" data-panzoom=\"d:10000;ss:120;se:100;os:-500\/0;oe:1000\/-350;\" class=\"rev-slidebg\" data-no-retina>\n<!--\n\t\t\t\t\t\t\t--><rs-layer\n\t\t\t\t\t\t\t\tid=\"slider-4-slide-13-layer-2\" \n\t\t\t\t\t\t\t\tdata-type=\"text\"\n\t\t\t\t\t\t\t\tdata-color=\"rgba(255,255,255,1)\"\n\t\t\t\t\t\t\t\tdata-tsh=\"h:5px;v:3px;\"\n\t\t\t\t\t\t\t\tdata-rsp_ch=\"on\"\n\t\t\t\t\t\t\t\tdata-xy=\"x:71px;y:194px;\"\n\t\t\t\t\t\t\t\tdata-text=\"s:40;l:57;ls:2px;fw:700;\"\n\t\t\t\t\t\t\t\tdata-frame_0=\"x:right;o:1;skX:-85px;tp:600;\"\n\t\t\t\t\t\t\t\tdata-frame_1=\"tp:600;e:power2.inOut;st:500;\"\n\t\t\t\t\t\t\t\tdata-frame_999=\"o:0;tp:600;e:nothing;st:w;\"\n\t\t\t\t\t\t\t\tstyle=\"z-index:5;font-family:Roboto;text-transform:uppercase;\"\n\t\t\t\t\t\t\t>Welcome to PCECATLAM \n\t\t\t\t\t\t\t<\/rs-layer><!--\n\n\t\t\t\t\t\t\t--><rs-layer\n\t\t\t\t\t\t\t\tid=\"slider-4-slide-13-layer-3\" \n\t\t\t\t\t\t\t\tdata-type=\"text\"\n\t\t\t\t\t\t\t\tdata-color=\"#59ff6f\"\n\t\t\t\t\t\t\t\tdata-tsh=\"h:5px;v:3px;\"\n\t\t\t\t\t\t\t\tdata-rsp_ch=\"on\"\n\t\t\t\t\t\t\t\tdata-xy=\"x:560px;y:105px;\"\n\t\t\t\t\t\t\t\tdata-text=\"w:normal;s:50;l:50;fw:500;a:center;\"\n\t\t\t\t\t\t\t\tdata-dim=\"w:467px;h:800px;\"\n\t\t\t\t\t\t\t\tdata-frame_0=\"x:right;o:1;skX:-85px;tp:600;\"\n\t\t\t\t\t\t\t\tdata-frame_1=\"tp:600;e:power2.inOut;st:800;\"\n\t\t\t\t\t\t\t\tdata-frame_999=\"o:0;tp:600;e:nothing;st:w;\"\n\t\t\t\t\t\t\t\tstyle=\"z-index:9;font-family:Roboto;\"\n\t\t\t\t\t\t\t> \n\t\t\t\t\t\t\t<\/rs-layer><!--\n\n\t\t\t\t\t\t\t--><rs-layer\n\t\t\t\t\t\t\t\tid=\"slider-4-slide-13-layer-7\" \n\t\t\t\t\t\t\t\tdata-type=\"text\"\n\t\t\t\t\t\t\t\tdata-color=\"rgba(255,255,255,1)\"\n\t\t\t\t\t\t\t\tdata-rsp_ch=\"on\"\n\t\t\t\t\t\t\t\tdata-xy=\"x:c;y:b;yo:25px;\"\n\t\t\t\t\t\t\t\tdata-text=\"l:22;\"\n\t\t\t\t\t\t\t\tdata-frame_0=\"x:50px;tp:600;\"\n\t\t\t\t\t\t\t\tdata-frame_1=\"tp:600;e:power2.inOut;st:1500;\"\n\t\t\t\t\t\t\t\tdata-frame_999=\"o:0;tp:600;e:nothing;st:w;\"\n\t\t\t\t\t\t\t\tstyle=\"z-index:12;background-color:#007aff;font-family:Roboto;\"\n\t\t\t\t\t\t\t><a href=\"\" class=\"btn-slider\">Watch now<\/a> \n\t\t\t\t\t\t\t<\/rs-layer><!--\n-->\t\t\t\t\t\t<\/rs-slide>\n\t\t\t\t\t<\/rs-slides>\n\t\t\t\t\t<rs-progress class=\"rs-bottom\" style=\"visibility: hidden !important;\"><\/rs-progress>\n\t\t\t\t<\/rs-module>\n\t\t\t\t<script type=\"text\/javascript\">\n\t\t\t\t\tsetREVStartSize({c: 'rev_slider_4_1',rl:[1240,1024,778,480],el:[452],gw:[900],gh:[452],type:'standard',justify:'',layout:'fullwidth',mh:\"0\"});\n\t\t\t\t\tvar\trevapi4,\n\t\t\t\t\t\ttpj;\n\t\t\t\t\tjQuery(function() {\n\t\t\t\t\t\ttpj = jQuery;\n\t\t\t\t\t\tif(tpj(\"#rev_slider_4_1\").revolution == undefined){\n\t\t\t\t\t\t\trevslider_showDoubleJqueryError(\"#rev_slider_4_1\");\n\t\t\t\t\t\t}else{\n\t\t\t\t\t\t\trevapi4 = tpj(\"#rev_slider_4_1\").show().revolution({\n\t\t\t\t\t\t\t\tjsFileLocation:\"\/\/pcecatlam.vn\/wp-content\/plugins\/revslider\/public\/assets\/js\/\",\n\t\t\t\t\t\t\t\tduration:5000,\n\t\t\t\t\t\t\t\tvisibilityLevels:\"1240,1024,778,480\",\n\t\t\t\t\t\t\t\tgridwidth:900,\n\t\t\t\t\t\t\t\tgridheight:452,\n\t\t\t\t\t\t\t\tlazyType:\"smart\",\n\t\t\t\t\t\t\t\teditorheight:\"452,600,500,400\",\n\t\t\t\t\t\t\t\tresponsiveLevels:\"1240,1024,778,480\",\n\t\t\t\t\t\t\t\tdisableProgressBar:\"on\",\n\t\t\t\t\t\t\t\tnavigation: {\n\t\t\t\t\t\t\t\t\tmouseScrollNavigation:false,\n\t\t\t\t\t\t\t\t\tonHoverStop:false,\n\t\t\t\t\t\t\t\t\ttouch: {\n\t\t\t\t\t\t\t\t\t\ttouchenabled:true,\n\t\t\t\t\t\t\t\t\t\tswipe_min_touches:50\n\t\t\t\t\t\t\t\t\t}\n\t\t\t\t\t\t\t\t},\n\t\t\t\t\t\t\t\tparallax: {\n\t\t\t\t\t\t\t\t\tlevels:[2,3,4,5,6,7,12,16,10,50,47,48,49,50,51,55],\n\t\t\t\t\t\t\t\t\ttype:\"mouse\",\n\t\t\t\t\t\t\t\t\torigo:\"slidercenter\",\n\t\t\t\t\t\t\t\t\tspeed:2000\n\t\t\t\t\t\t\t\t},\n\t\t\t\t\t\t\t\tfallbacks: {\n\t\t\t\t\t\t\t\t\tallowHTML5AutoPlayOnAndroid:true\n\t\t\t\t\t\t\t\t},\n\t\t\t\t\t\t\t});\n\t\t\t\t\t\t}\n\t\t\t\t\t\t\n\t\t\t\t\t});\n\t\t\t\t<\/script>\n\t\t\t<\/rs-module-wrap>\n\t\t\t<!-- END REVOLUTION SLIDER -->\n<\/div><\/div><\/div><\/div><\/div><\/div><div class=\"vc_row-full-width vc_clearfix\"><\/div><div class=\"vc_row wpb_row vc_row-fluid\"><div class=\"container\"><div class=\"vc_row\"><div class=\"wpb_column vc_column_container vc_col-sm-12\"><div class=\"vc_column-inner\"><div class=\"wpb_wrapper\">\n\t<div class=\"wpb_text_column wpb_content_element\" >\n\t\t<div class=\"wpb_wrapper\">\n\t\t\t<p style=\"text-align: left;\"><strong>Jilin PCE Co., Ltd<\/strong> was established with the purpose of distributing specialized products, raw materials, and chemicals for the construction industry.<\/p>\n<p style=\"text-align: left;\">We are an experienced team and have a strong foundation to become a leading distributor in the construction chemical industry.<\/p>\n<h2 style=\"text-align: left;\"><strong>Vision:<\/strong><\/h2>\n<p style=\"text-align: left;\">Sustainable growth and becoming the leading distributor of construction chemicals in Vietnam<\/p>\n<h2 style=\"text-align: left;\"><strong>Mission:<\/strong><\/h2>\n<p style=\"text-align: left;\">Providing quality solutions and services for the construction chemical industry.<\/p>\n<p style=\"text-align: left;\">Create the best working environment for the company&#039;s employees to promote their own abilities.<\/p>\n<p style=\"text-align: left;\">Build solid trust with customers.<\/p>\n<h2 style=\"text-align: left;\"><strong>Value:<\/strong><\/h2>\n<p style=\"text-align: left;\">Our company model is fast and direct from Enterprise to Enterprise, bringing value to the market through our experienced team in the field of dry mortar and concrete admixtures.<\/p>\n<p style=\"text-align: left;\">Our company is a strategic partner of LAS 635 - A fully equipped laboratory. So we always provide timely consulting solutions to customers as well as continuously improve product quality.<\/p>\n<p style=\"text-align: left;\">Having an existing customer network spanning provinces and cities and understanding the Vietnamese market. This is the foundation for the future development of PCE Jilin.<\/p>\n<p style=\"text-align: left;\">We can handle both B2B and B2C customers based on the established market network.<\/p>\n<p style=\"text-align: left;\">Core business activities:<\/p>\n<p style=\"text-align: left;\">Providing products for the construction chemical industry:<\/p>\n<p style=\"text-align: left;\">Polycarboxylate, sodium gluconate, sodium napthelene, Ligno sulphonate<\/p>\n<p style=\"text-align: left;\">Mixing and foaming agent, increasing concrete mixture viscosity, early concrete strength promoter<\/p>\n<p style=\"text-align: left;\">OPC gray cement, white cement, dry sand, silica fume, Aluminum powder, Starch ether, methyl cellulose, fibers (PE, steel, glass), Expan (Anti-shrink powder), grinding aids (TIPA, DEG, DEIPA, TEA)<\/p>\n\n\t\t<\/div>\n\t<\/div>\n<\/div><\/div><\/div><\/div><\/div><\/div>","protected":false},"excerpt":{"rendered":"Ch\u00e0o m\u1eebng b\u1ea1n \u0111\u1ebfn v\u1edbi PCECATLAM Xem ngay C\u00f4ng ty TNHH PCE C\u00e1t L\u00e2m \u0111\u01b0\u1ee3c th\u00e0nh l\u1eadp v\u1edbi m\u1ee5c \u0111\u00edch ph\u00e2n ph\u1ed1i c\u00e1c s\u1ea3n ph\u1ea9m chuy\u00ean d\u1ee5ng, nguy\u00ean v\u1eadt li\u1ec7u, h\u00f3a ch\u1ea5t ng\u00e0nh x\u00e2y d\u1ef1ng. Ch\u00fang t\u00f4i l\u00e0 m\u1ed9t \u0111\u1ed9i ng\u0169 gi\u00e0u kinh nghi\u1ec7m v\u00e0 t\u1ea1o d\u1ef1ng \u0111\u01b0\u1ee3c n\u1ec1n t\u1ea3ng t\u1ed1t \u0111\u1ec3 tr\u1edf th\u00e0nh nh\u00e0 [...]","protected":false},"author":2,"featured_media":0,"parent":0,"menu_order":0,"comment_status":"open","ping_status":"closed","template":"page-templates\/about-page.php","meta":[],"yst_prominent_words":[],"acf":[],"_links":{"self":[{"href":"https:\/\/pcecatlam.vn\/en\/wp-json\/wp\/v2\/pages\/2618"}],"collection":[{"href":"https:\/\/pcecatlam.vn\/en\/wp-json\/wp\/v2\/pages"}],"about":[{"href":"https:\/\/pcecatlam.vn\/en\/wp-json\/wp\/v2\/types\/page"}],"author":[{"embeddable":true,"href":"https:\/\/pcecatlam.vn\/en\/wp-json\/wp\/v2\/users\/2"}],"replies":[{"embeddable":true,"href":"https:\/\/pcecatlam.vn\/en\/wp-json\/wp\/v2\/comments?post=2618"}],"version-history":[{"count":15,"href":"https:\/\/pcecatlam.vn\/en\/wp-json\/wp\/v2\/pages\/2618\/revisions"}],"predecessor-version":[{"id":9023,"href":"https:\/\/pcecatlam.vn\/en\/wp-json\/wp\/v2\/pages\/2618\/revisions\/9023"}],"wp:attachment":[{"href":"https:\/\/pcecatlam.vn\/en\/wp-json\/wp\/v2\/media?parent=2618"}],"wp:term":[{"taxonomy":"yst_prominent_words","embeddable":true,"href":"https:\/\/pcecatlam.vn\/en\/wp-json\/wp\/v2\/yst_prominent_words?post=2618"}],"curies":[{"name":"wp","href":"https:\/\/api.w.org\/{rel}","templated":true}]}}